{"id":12535,"date":"2024-09-02T05:25:18","date_gmt":"2024-09-02T05:25:18","guid":{"rendered":"https:\/\/etnyre.com\/venta-de-equipos-de-revestimiento\/"},"modified":"2025-05-28T06:12:32","modified_gmt":"2025-05-28T06:12:32","slug":"venta-de-equipos-de-revestimiento","status":"publish","type":"page","link":"https:\/\/etnyre.com\/es\/venta-de-equipos-de-revestimiento\/","title":{"rendered":"Venta de equipos de revestimiento"},"content":{"rendered":"<h3>Consigue el equipo de sellado que necesita tu empresa con Etnyre<\/h3>\n<p>Con la edad, el tiempo y el uso regular, las carreteras de asfalto se deterioran, lo que puede causar graves problemas a quienes circulan por ellas. Como contratista de mantenimiento de carreteras, puedes ayudar a prolongar la vida de las carreteras para tus clientes. <a href=\"https:\/\/etnyre.com\/es\/sobre-nosotros\/\">ED Etnyre &amp; Co.<\/a> ofrece <a href=\"https:\/\/etnyre.com\/es\/venta-de-equipos-de-revestimiento-de-asfalto\/\">equipos de sellado<\/a> en venta. Si a\u00f1ades la impermeabilizaci\u00f3n a tus servicios, ofrecer\u00e1s a tus clientes una valiosa opci\u00f3n de mantenimiento y conservaci\u00f3n del asfalto. Y los equipos de Etnyre te garantizan que dispones del mejor equipo que necesitas para que tu negocio funcione sin problemas.   <\/p>\n<h3>Por qu\u00e9 deber\u00edas ofrecer sellado<\/h3>\n<p><a href=\"https:\/\/etnyre.com\/es\/sellado-de-asfalto\/\">El sellado<\/a> lo solicitan a menudo clientes que comprenden lo importante que es proteger sus lotes y calles de asfalto. De hecho, el sellado no s\u00f3lo es r\u00e1pido y eficaz, sino que es un trabajo que debe repetirse cada dos o tres a\u00f1os, lo que te mantiene invertido en el cuidado del asfalto de un cliente. Es tan eficaz por lo siguiente  <\/p>\n<ul>\n<li><strong>Prolonga la vida de las calzadas<\/strong> &#8211; El sellado asf\u00e1ltico rellena grietas y otras imperfecciones. Tambi\u00e9n a\u00f1ade una capa protectora que evita los da\u00f1os causados por los rayos UV, los l\u00edquidos de los veh\u00edculos y las inclemencias del tiempo. <\/li>\n<li><strong>Mejora la est\u00e9tica <\/strong>&#8211; La luz del sol y las inclemencias del tiempo pueden hacer que tu asfalto se estropee y se vuelva opaco. El sellado restaura el color del pavimento y crea una superficie nueva para las l\u00edneas de se\u00f1alizaci\u00f3n y centrales. <\/li>\n<li><strong>Ahorra costes a tus clientes <\/strong>: reparar o sustituir carreteras y terrenos deteriorados cuesta mucho dinero. El sellado permite a tus clientes adelantarse a estos problemas protegiendo regularmente el asfalto. <\/li>\n<\/ul>\n<p>Con los equipos de sellado de Etnyre, est\u00e1s aportando una opci\u00f3n r\u00e1pida y eficaz a tu negocio de asfalto. Nuestras m\u00e1quinas incluyen <a href=\"https:\/\/etnyre.com\/es\/pavementsaver\/\">las Pavement Savers<\/a>, que hemos desarrollado para superar en velocidad, duraci\u00f3n y rendimiento a otras m\u00e1quinas de revestimiento de sellado del mercado. Estos buggies son estupendos para trabajos peque\u00f1os y precisos y ofrecen opciones de personalizaci\u00f3n del equipo. Por su parte, la <a href=\"https:\/\/etnyre.com\/bc502sc\/\">BC502SC<\/a> se enfrenta a largos tramos de carretera y grandes terrenos. Y nuestra <a href=\"https:\/\/etnyre.com\/es\/raynpro-serie-t\/\">RaynPro<\/a> es el mismo equipo en forma de remolque. Independientemente de lo que busques en tu b\u00fasqueda de equipos de recubrimiento de juntas en venta, tenemos la m\u00e1quina adecuada para mejorar la oferta de tu negocio de asfalto.     <\/p>\n<h3>Sobre Etnyre<\/h3>\n<p><a href=\"https:\/\/etnyre.com\/es\/sobre-nosotros\/\">ED Etnyre &amp; Co.<\/a> es un l\u00edder consolidado en la industria del asfalto de Estados Unidos desde 1898. Desde los comienzos tanto de nuestra empresa como del negocio del asfalto, nuestro objetivo ha sido desarrollar equipos de fabricaci\u00f3n de la m\u00e1xima calidad para los equipos de construcci\u00f3n de asfalto. Nos hemos hecho un nombre desarrollando los equipos de mayor calidad, fiabilidad y rendimiento del mercado. Adem\u00e1s, ofrecemos una asistencia sin igual y soluciones personalizadas para nuestros clientes. Ver\u00e1s r\u00e1pidamente por qu\u00e9 ED Etnyre &amp; Co. es el nombre en el que confiar.    <\/p>\n<div class=\"left-img\"><img loading=\"lazy\" decoding=\"async\" class=\"alignnone\" src=\"https:\/\/etnyre.com\/wp-content\/uploads\/2024\/09\/blacktop-paving-road-with-paver-and-dump-truck.jpg\" alt=\"Etnyre ofrece equipos de revestimiento de sellado en venta, as\u00ed como todo el equipo de asfalto que necesitas para realizar un trabajo bien hecho\" width=\"500\" height=\"350\" title=\"\"><\/div>\n<h3>Contacta con ED Etnyre &amp; Co. Hoy <\/h3>\n<p>Encuentra los mejores equipos de sellado en venta de ED Etnyre &amp; Co. Con Etnyre a tu lado, tu empresa de asfalto siempre ofrecer\u00e1 un servicio r\u00e1pido, eficaz y fiable a tus clientes. <a href=\"https:\/\/etnyre.com\/es\/contactenos\/\">Ponte en contacto con nosotros hoy mismo<\/a> en <a href=\"tel:8157322116\">el 815-732-2116<\/a> para obtener m\u00e1s informaci\u00f3n. <\/p>\n","protected":false},"excerpt":{"rendered":"<p>Consigue el equipo de sellado que necesita tu empresa con Etnyre Con la edad, el tiempo y el uso regular, las carreteras de asfalto se deterioran, lo que puede causar graves problemas a quienes circulan por ellas. Como contratista de mantenimiento de carreteras, puedes ayudar a prolongar la vida de las carreteras para tus clientes. &hellip; <a href=\"https:\/\/etnyre.com\/es\/venta-de-equipos-de-revestimiento\/\" class=\"more-link\">Continue reading <span class=\"screen-reader-text\">Venta de equipos de revestimiento<\/span><\/a><\/p>\n","protected":false},"author":1,"featured_media":8529,"parent":0,"menu_order":0,"comment_status":"closed","ping_status":"closed","template":"","meta":{"_acf_changed":false,"footnotes":""},"class_list":["post-12535","page","type-page","status-publish","has-post-thumbnail","hentry"],"acf":[],"_links":{"self":[{"href":"https:\/\/etnyre.com\/es\/wp-json\/wp\/v2\/pages\/12535","targetHints":{"allow":["GET"]}}],"collection":[{"href":"https:\/\/etnyre.com\/es\/wp-json\/wp\/v2\/pages"}],"about":[{"href":"https:\/\/etnyre.com\/es\/wp-json\/wp\/v2\/types\/page"}],"author":[{"embeddable":true,"href":"https:\/\/etnyre.com\/es\/wp-json\/wp\/v2\/users\/1"}],"replies":[{"embeddable":true,"href":"https:\/\/etnyre.com\/es\/wp-json\/wp\/v2\/comments?post=12535"}],"version-history":[{"count":2,"href":"https:\/\/etnyre.com\/es\/wp-json\/wp\/v2\/pages\/12535\/revisions"}],"predecessor-version":[{"id":13821,"href":"https:\/\/etnyre.com\/es\/wp-json\/wp\/v2\/pages\/12535\/revisions\/13821"}],"wp:featuredmedia":[{"embeddable":true,"href":"https:\/\/etnyre.com\/es\/wp-json\/wp\/v2\/media\/8529"}],"wp:attachment":[{"href":"https:\/\/etnyre.com\/es\/wp-json\/wp\/v2\/media?parent=12535"}],"curies":[{"name":"wp","href":"https:\/\/api.w.org\/{rel}","templated":true}]}}