{"id":12536,"date":"2024-09-02T05:25:19","date_gmt":"2024-09-02T05:25:19","guid":{"rendered":"https:\/\/etnyre.com\/equipos-de-revestimiento-tennessee\/"},"modified":"2025-05-28T06:12:31","modified_gmt":"2025-05-28T06:12:31","slug":"equipos-de-revestimiento-tennessee","status":"publish","type":"page","link":"https:\/\/etnyre.com\/es\/equipos-de-revestimiento-tennessee\/","title":{"rendered":"Equipos de revestimiento Tennessee"},"content":{"rendered":"<h3>Consigue equipos fiables de revestimiento de Etnyre<\/h3>\n<p>Con el tiempo, las carreteras de asfalto se deterioran debido a la edad, el tiempo y el uso habitual, lo que supone riesgos importantes para los viajeros. Como contratista de mantenimiento de carreteras, puedes ayudar a prolongar la vida \u00fatil de las carreteras para tus clientes. <a href=\"https:\/\/etnyre.com\/es\/sobre-nosotros\/\">ED Etnyre &amp; Co.<\/a> ofrece equipos de <a href=\"https:\/\/etnyre.com\/es\/sellado-de-asfalto\/\">sellado de<\/a> alta calidad en Tennessee que te permiten a\u00f1adir un valioso servicio de mantenimiento del asfalto a tu oferta. Con los fiables equipos de Etnyre, tendr\u00e1s todo lo que necesitas para que tu negocio funcione con eficacia y las carreteras de tus clientes est\u00e9n en excelentes condiciones.  <\/p>\n<h3>A\u00f1ade la impermeabilizaci\u00f3n a tu oferta de mantenimiento de carreteras<\/h3>\n<p>Los clientes que comprenden la importancia de proteger sus lotes y calles de asfalto solicitan con frecuencia <a href=\"https:\/\/etnyre.com\/es\/equipo-de-revestimiento-sellador-minnesota\/\">el sellado<\/a>. Este proceso no s\u00f3lo es r\u00e1pido y eficaz, sino que adem\u00e1s debe repetirse cada dos o tres a\u00f1os, garantizando el cuidado continuo del asfalto de tus clientes. El sellado es muy eficaz por varias razones:  <\/p>\n<ul>\n<li><strong>Prolonga la vida \u00fatil de la calzada<\/strong> &#8211; El sellado rellena grietas e imperfecciones al tiempo que a\u00f1ade una capa protectora que protege el asfalto de los rayos UV, los l\u00edquidos de los veh\u00edculos y los da\u00f1os relacionados con el clima.<\/li>\n<li><strong>Mejora la est\u00e9tica<\/strong> &#8211; Con el tiempo, la luz del sol y las inclemencias del tiempo pueden hacer que el asfalto se estropee y se decolore. El sellado restaura el color intenso del pavimento y proporciona una superficie fresca para las l\u00edneas de se\u00f1alizaci\u00f3n y centrales. <\/li>\n<li><strong>Ahorra costes a los clientes<\/strong> &#8211; Las carreteras y solares descuidados pueden ser caros de reparar o sustituir. El sellado regular ayuda a tus clientes a evitar estos elevados costes manteniendo y protegiendo su asfalto. <\/li>\n<\/ul>\n<p>Con los equipos de sellado de Etnyre, puedes ofrecer un servicio r\u00e1pido y eficaz que mejore tu negocio de asfalto. Para equipos de recubrimiento de juntas en Tennessee, tenemos varias opciones entre las que elegir. Nuestras m\u00e1quinas, incluidas las <a href=\"https:\/\/etnyre.com\/es\/pavementsaver\/\">Pavement Savers<\/a>, est\u00e1n dise\u00f1adas para superar a otros equipos de sellado del mercado. Estos buggies son ideales para trabajos peque\u00f1os y precisos, y pueden personalizarse para satisfacer tus necesidades. Para proyectos m\u00e1s grandes, la <a href=\"https:\/\/etnyre.com\/bc502sc\/\">BC502SC<\/a> es perfecta para cubrir largos tramos de carretera y solares amplios, mientras que la <a href=\"https:\/\/etnyre.com\/es\/raynpro-serie-t\/\">RaynPro<\/a> ofrece las mismas capacidades en forma de remolque. Sean cuales sean tus necesidades, Etnyre tiene el equipo de sellado adecuado para elevar tus servicios de asfaltado.     <\/p>\n<h3>Historia de Etnyre<\/h3>\n<p><a href=\"https:\/\/etnyre.com\/es\/sobre-nosotros\/\">ED Etnyre &amp; Co.<\/a> es un l\u00edder de confianza en la industria del asfalto de EE.UU. desde 1898. Desde los primeros d\u00edas de nuestra empresa y del negocio del asfalto, nuestra misi\u00f3n ha sido crear equipos de fabricaci\u00f3n de la m\u00e1xima calidad para los equipos de construcci\u00f3n de asfalto. Nos hemos ganado nuestra reputaci\u00f3n produciendo equipos fiables y de alto rendimiento que destacan en el mercado. Adem\u00e1s de nuestros productos superiores, ofrecemos una asistencia inigualable y soluciones personalizadas para nuestros clientes. Es f\u00e1cil ver por qu\u00e9 ED Etnyre &amp; Co. es el nombre en el que puedes confiar.    <\/p>\n<div class=\"left-img\"><img loading=\"lazy\" decoding=\"async\" class=\"alignnone\" src=\"https:\/\/etnyre.com\/wp-content\/uploads\/2024\/09\/road-service-repairs-the-highway.jpg\" alt=\"Etnyre construye los mejores equipos de revestimiento en Tennessee\" width=\"500\" height=\"350\" title=\"\"><\/div>\n<h3>Contacta con ED Etnyre &amp; Co. Hoy <\/h3>\n<p>Encuentra en ED Etnyre &amp; Co. equipos de impermeabilizaci\u00f3n Tennessee y todos los <a href=\"https:\/\/etnyre.com\/es\/equipos-de-mantenimiento-de-carreteras\/\">equipos de mantenimiento de carreteras<\/a> que necesites. Con nuestro equipo, cumplir\u00e1s f\u00e1cilmente tus requisitos de reparaci\u00f3n de grietas en el asfalto. <a href=\"https:\/\/etnyre.com\/es\/contactenos\/\">Ponte en contacto con nosotros<\/a> hoy mismo en <a href=\"tel:8157322116\">el 815-732-2116<\/a> para obtener m\u00e1s informaci\u00f3n.<\/p>\n","protected":false},"excerpt":{"rendered":"<p>Consigue equipos fiables de revestimiento de Etnyre Con el tiempo, las carreteras de asfalto se deterioran debido a la edad, el tiempo y el uso habitual, lo que supone riesgos importantes para los viajeros. Como contratista de mantenimiento de carreteras, puedes ayudar a prolongar la vida \u00fatil de las carreteras para tus clientes. ED Etnyre &hellip; <a href=\"https:\/\/etnyre.com\/es\/equipos-de-revestimiento-tennessee\/\" class=\"more-link\">Continue reading <span class=\"screen-reader-text\">Equipos de revestimiento Tennessee<\/span><\/a><\/p>\n","protected":false},"author":1,"featured_media":10011,"parent":0,"menu_order":0,"comment_status":"closed","ping_status":"closed","template":"","meta":{"_acf_changed":false,"footnotes":""},"class_list":["post-12536","page","type-page","status-publish","has-post-thumbnail","hentry"],"acf":[],"_links":{"self":[{"href":"https:\/\/etnyre.com\/es\/wp-json\/wp\/v2\/pages\/12536","targetHints":{"allow":["GET"]}}],"collection":[{"href":"https:\/\/etnyre.com\/es\/wp-json\/wp\/v2\/pages"}],"about":[{"href":"https:\/\/etnyre.com\/es\/wp-json\/wp\/v2\/types\/page"}],"author":[{"embeddable":true,"href":"https:\/\/etnyre.com\/es\/wp-json\/wp\/v2\/users\/1"}],"replies":[{"embeddable":true,"href":"https:\/\/etnyre.com\/es\/wp-json\/wp\/v2\/comments?post=12536"}],"version-history":[{"count":2,"href":"https:\/\/etnyre.com\/es\/wp-json\/wp\/v2\/pages\/12536\/revisions"}],"predecessor-version":[{"id":13742,"href":"https:\/\/etnyre.com\/es\/wp-json\/wp\/v2\/pages\/12536\/revisions\/13742"}],"wp:featuredmedia":[{"embeddable":true,"href":"https:\/\/etnyre.com\/es\/wp-json\/wp\/v2\/media\/10011"}],"wp:attachment":[{"href":"https:\/\/etnyre.com\/es\/wp-json\/wp\/v2\/media?parent=12536"}],"curies":[{"name":"wp","href":"https:\/\/api.w.org\/{rel}","templated":true}]}}