{"id":12558,"date":"2024-09-10T04:43:20","date_gmt":"2024-09-10T04:43:20","guid":{"rendered":"https:\/\/etnyre.com\/sealcoating-remolques-illinois\/"},"modified":"2025-05-28T06:12:36","modified_gmt":"2025-05-28T06:12:36","slug":"sealcoating-remolques-illinois","status":"publish","type":"page","link":"https:\/\/etnyre.com\/es\/sealcoating-remolques-illinois\/","title":{"rendered":"Sealcoating Remolques Illinois"},"content":{"rendered":"<h3>Simplifica los servicios de impermeabilizaci\u00f3n con los remolques para impermeabilizaci\u00f3n en Illinois<\/h3>\n<p>El sellado es un servicio popular entre los contratistas de asfalto. Es una forma eficaz de conservar el pavimento y ofrece una opci\u00f3n r\u00e1pida y rentable tanto para los contratistas como para los propietarios. Sin embargo, si tu empresa carece de las herramientas adecuadas para ofrecer servicios de sellado, \u00a1te lo est\u00e1s perdiendo! Los contratistas de asfalto interesados pueden encontrar el equipo de sellado necesario gracias a E.D. Etnyre &amp; Co. Etnyre suministra <a href=\"https:\/\/etnyre.com\/best-sealcoating-trailers\/\">remolques de sellado<\/a> de alta calidad a contratistas de Illinois y empresas de asfalto de todo el pa\u00eds. Obt\u00e9n m\u00e1s informaci\u00f3n sobre c\u00f3mo mejorar tus operaciones de recubrimiento con los <a href=\"https:\/\/etnyre.com\/es\/raynpro-serie-t\/\">remolques de recubrimiento RaynPro Serie T<\/a> de Etnyre.     <\/p>\n<h3>\u00bfCu\u00e1les son las ventajas de sellar los remolques?<\/h3>\n<p>Los remolques de sellado son s\u00f3lo un tipo de equipo disponible para el sellado. Adem\u00e1s de nuestros remolques, Etnyre tambi\u00e9n fabrica <a href=\"https:\/\/etnyre.com\/es\/camiones-sealcoat\/\">camiones<\/a> y <a href=\"https:\/\/etnyre.com\/es\/buggies-sealcoat\/\">buggies<\/a> de sellado. Sin embargo, en funci\u00f3n de las necesidades espec\u00edficas de tu empresa, un remolque de sellado podr\u00eda ser la opci\u00f3n m\u00e1s adecuada. He aqu\u00ed algunas razones por las que podr\u00edas elegir un remolque de sellado en lugar de un cami\u00f3n o un buggy:   <\/p>\n<ul>\n<li><strong>M\u00e1s opciones de personalizaci\u00f3n<\/strong>\n<ul>\n<li>Aunque todos los productos de impermeabilizaci\u00f3n de Etnyre ofrecen cierto grado de personalizaci\u00f3n, la <a href=\"https:\/\/etnyre.com\/es\/raynpro-serie-t\/\">Serie T de RaynPro<\/a> destaca por tener las opciones m\u00e1s personalizables. Ayudamos a los contratistas a elegir las caracter\u00edsticas del sistema de rociado de asfalto que mejoran la productividad y la satisfacci\u00f3n del cliente. Si te preocupa que nuestros otros productos de recubrimiento de juntas no satisfagan tus necesidades espec\u00edficas, considera la posibilidad de optar por nuestros remolques.  <\/li>\n<\/ul>\n<\/li>\n<li><strong>Mayor comodidad<\/strong>\n<ul>\n<li>Configurar nuestros remolques sealcoat es r\u00e1pido y f\u00e1cil. Con un cami\u00f3n que tenga los enganches de remolque adecuados, puedes conectar sin esfuerzo cualquier unidad RaynPro de la Serie T. Nuestros remolques de recubrimiento son m\u00e1s compactos que nuestros camiones de recubrimiento, ofreciendo mayor maniobrabilidad y comodidad para tareas de recubrimiento m\u00e1s peque\u00f1as y precisas.  <\/li>\n<\/ul>\n<\/li>\n<li><strong>Mejor ahorro de costes<\/strong>\n<ul>\n<li>Aunque el objetivo de Etnyre es ofrecer equipos de recubrimiento de juntas a precios competitivos, la compra de maquinaria nueva puede ser una inversi\u00f3n importante para tu negocio. Afortunadamente, nuestros remolques de recubrimiento de juntas se encuentran entre nuestras opciones m\u00e1s rentables. Sin necesidad de cabina de cami\u00f3n ni motor, estos remolques son m\u00e1s asequibles, lo que los hace ideales para contratistas con un presupuesto ajustado.  <\/li>\n<\/ul>\n<\/li>\n<\/ul>\n<h3>Selecciona el mejor equipo de revestimiento<\/h3>\n<p>Adem\u00e1s de nuestros remolques de revestimiento de sellado, Etnyre dise\u00f1a y fabrica maquinaria de asfalto de primera calidad para contratistas de todo EE.UU. Durante a\u00f1os, hemos desarrollado equipos eficientes y de alta calidad que permiten a los contratistas mejorar sus servicios de protecci\u00f3n, mantenimiento y repavimentaci\u00f3n del asfalto. Nuestra oferta de productos tambi\u00e9n incluye:  <\/p>\n<ul class=\"col-3\">\n<li><a href=\"https:\/\/etnyre.com\/es\/esparcidores-de-chips\/\">Esparcidores de virutas<\/a><\/li>\n<li><a href=\"https:\/\/etnyre.com\/es\/distribuidores-de-asfalto\/\">Distribuidores de asfalto<\/a><\/li>\n<li><a href=\"https:\/\/etnyre.com\/es\/caja-de-escobas-scrub-seal\/\">Caja de escobas Scrub Seal<\/a><\/li>\n<li><a href=\"https:\/\/etnyre.com\/lowboy-trailers\/\">Remolques Lowboy<\/a><\/li>\n<li><a href=\"https:\/\/etnyre.com\/es\/transportes-de-asfalto\/\">Transportes asf\u00e1lticos<\/a><\/li>\n<li><a href=\"https:\/\/etnyre.com\/sales\/live-bottom-trailers\/\">Remolques inferiores vivos<\/a><\/li>\n<li><a href=\"https:\/\/etnyre.com\/es\/selladores-de-grietas\/\">Selladores de grietas<\/a><\/li>\n<li><a href=\"https:\/\/etnyre.com\/es\/selladoras-de-lodos\/\">Selladoras de lodos<\/a><\/li>\n<li><a href=\"https:\/\/etnyre.com\/es\/sealcoating-trucks-illinois\/\">Camiones de revestimiento<\/a><\/li>\n<li><a href=\"https:\/\/etnyre.com\/es\/sellado-de-buggies-illinois\/\">Revestimiento de Buggies<\/a><\/li>\n<\/ul>\n<div class=\"left-img\"><img loading=\"lazy\" decoding=\"async\" class=\"alignnone\" src=\"https:\/\/etnyre.com\/wp-content\/uploads\/2024\/09\/Sealcoating-Trailers-Illinois-2-500x350.jpg\" alt=\"La parte trasera de los remolques de revestimiento en Illinois fabricados por Etnyre\" width=\"500\" height=\"350\" title=\"\"><\/div>\n<h3>Llama a Etnyre<\/h3>\n<p>Puedes mejorar o ampliar significativamente tus servicios de revestimiento con remolques de revestimiento de primer nivel, asequibles y personalizables en Illinois. Ponte en contacto con E.D. Etnyre &amp; Co. en <a href=\"tel:8157322116\">el 815-732-2116<\/a> para obtener m\u00e1s informaci\u00f3n sobre nuestros productos de asfalto o solicitar un presupuesto. Estamos orgullosos de servir a clientes de <a href=\"https:\/\/etnyre.com\/es\/equipo-sealcoat-arizona\/\">Arizona<\/a>, <a href=\"https:\/\/etnyre.com\/es\/equipos-de-revestimiento-tennessee\/\">Tennessee<\/a>, <a href=\"https:\/\/etnyre.com\/es\/equipo-sealcoat-texas\/\">Texas<\/a>, <a href=\"https:\/\/etnyre.com\/es\/equipos-de-revestimiento-de-juntas-illinois\/\">Illinois<\/a> y de todo Estados Unidos.  <\/p>\n","protected":false},"excerpt":{"rendered":"<p>Simplifica los servicios de impermeabilizaci\u00f3n con los remolques para impermeabilizaci\u00f3n en Illinois El sellado es un servicio popular entre los contratistas de asfalto. Es una forma eficaz de conservar el pavimento y ofrece una opci\u00f3n r\u00e1pida y rentable tanto para los contratistas como para los propietarios. Sin embargo, si tu empresa carece de las herramientas &hellip; <a href=\"https:\/\/etnyre.com\/es\/sealcoating-remolques-illinois\/\" class=\"more-link\">Continue reading <span class=\"screen-reader-text\">Sealcoating Remolques Illinois<\/span><\/a><\/p>\n","protected":false},"author":1,"featured_media":12554,"parent":0,"menu_order":0,"comment_status":"closed","ping_status":"closed","template":"","meta":{"_acf_changed":false,"footnotes":""},"class_list":["post-12558","page","type-page","status-publish","has-post-thumbnail","hentry"],"acf":[],"_links":{"self":[{"href":"https:\/\/etnyre.com\/es\/wp-json\/wp\/v2\/pages\/12558","targetHints":{"allow":["GET"]}}],"collection":[{"href":"https:\/\/etnyre.com\/es\/wp-json\/wp\/v2\/pages"}],"about":[{"href":"https:\/\/etnyre.com\/es\/wp-json\/wp\/v2\/types\/page"}],"author":[{"embeddable":true,"href":"https:\/\/etnyre.com\/es\/wp-json\/wp\/v2\/users\/1"}],"replies":[{"embeddable":true,"href":"https:\/\/etnyre.com\/es\/wp-json\/wp\/v2\/comments?post=12558"}],"version-history":[{"count":2,"href":"https:\/\/etnyre.com\/es\/wp-json\/wp\/v2\/pages\/12558\/revisions"}],"predecessor-version":[{"id":13819,"href":"https:\/\/etnyre.com\/es\/wp-json\/wp\/v2\/pages\/12558\/revisions\/13819"}],"wp:featuredmedia":[{"embeddable":true,"href":"https:\/\/etnyre.com\/es\/wp-json\/wp\/v2\/media\/12554"}],"wp:attachment":[{"href":"https:\/\/etnyre.com\/es\/wp-json\/wp\/v2\/media?parent=12558"}],"curies":[{"name":"wp","href":"https:\/\/api.w.org\/{rel}","templated":true}]}}