{"id":12624,"date":"2024-09-26T10:20:33","date_gmt":"2024-09-26T10:20:33","guid":{"rendered":"https:\/\/etnyre.com\/equipos-de-asfalto-kansas\/"},"modified":"2025-05-28T06:12:32","modified_gmt":"2025-05-28T06:12:32","slug":"equipos-de-asfalto-kansas","status":"publish","type":"page","link":"https:\/\/etnyre.com\/es\/equipos-de-asfalto-kansas\/","title":{"rendered":"Equipos de asfalto Kansas"},"content":{"rendered":"<h3>Mejorar el mantenimiento de las carreteras con equipos avanzados de asfaltado<\/h3>\n<p>El mantenimiento eficaz de las carreteras es crucial para garantizar un transporte seguro y fiable. Con la creciente demanda de mejores infraestructuras, la calidad del firme de las carreteras desempe\u00f1a un papel importante en la reducci\u00f3n de accidentes, la minimizaci\u00f3n del desgaste de los veh\u00edculos y la prolongaci\u00f3n de la vida \u00fatil de las carreteras. Una de las formas clave de mejorar la calidad de las carreteras es mediante el uso de <a href=\"https:\/\/etnyre.com\/es\/cuales-son-las-mejores-marcas-para-los-distribuidores-de-asfalto\/\">mejores equipos de asfalto<\/a>. La maquinaria de asfalto avanzada permite una construcci\u00f3n, reparaci\u00f3n y mantenimiento m\u00e1s eficaces de las carreteras, lo que se traduce en superficies m\u00e1s duraderas y menos interrupciones del tr\u00e1fico. Si buscas la mejor maquinaria para asfalto de Kansas, llama a Etnyre International al <a href=\"tel:8157322116\">815-732-2116<\/a>.    <\/p>\n<h3>La importancia de una maquinaria de asfalto de calidad<\/h3>\n<p>La durabilidad de las carreteras depende en gran medida del equipo utilizado para instalar y mantener las superficies de asfalto. Los m\u00e9todos tradicionales de mantenimiento de carreteras, aunque eficaces, a menudo se quedan cortos a la hora de proporcionar la longevidad y suavidad que exigen las condiciones de tr\u00e1fico modernas. Con el aumento de la carga de veh\u00edculos y los retos medioambientales, la necesidad de mejores materiales y equipos se ha vuelto esencial. Los equipos avanzados de asfalto est\u00e1n dise\u00f1ados para hacer frente a estos retos proporcionando un rendimiento superior en t\u00e9rminos de precisi\u00f3n de extendido, calidad de compactaci\u00f3n y eficacia. Las ventajas clave de nuestros equipos de asfalto de alta calidad incluyen:    <\/p>\n<ul>\n<li>Las extendedoras de asfalto de alta calidad est\u00e1n dise\u00f1adas para extender capas uniformes de asfalto con un control preciso del grosor y la compactaci\u00f3n. El resultado son superficies m\u00e1s lisas y con menos imperfecciones. La consistencia en la pavimentaci\u00f3n no s\u00f3lo garantiza una experiencia de conducci\u00f3n m\u00e1s suave, sino que tambi\u00e9n prolonga la vida de la carretera al reducir la necesidad de reparaciones frecuentes.  <\/li>\n<li>El tiempo es esencial cuando se trata de construir y reparar carreteras, sobre todo en autopistas y calles urbanas con mucho tr\u00e1fico. Nuestros avanzados equipos de asfaltado reducen el tiempo necesario tanto para colocar asfalto nuevo como para reparar las superficies existentes. Unos plazos de ejecuci\u00f3n m\u00e1s r\u00e1pidos suponen menos molestias para los viajeros y las empresas, y tambi\u00e9n reducen los costes de mano de obra para las constructoras.  <\/li>\n<li>Nuestro avanzado equipo de asfaltado permite aplicar capas de asfalto m\u00e1s gruesas y uniformes, lo que da lugar a carreteras m\u00e1s fuertes que soportan mejor las cargas pesadas y las condiciones meteorol\u00f3gicas extremas. La maquinaria moderna garantiza una compactaci\u00f3n \u00f3ptima, que es fundamental para evitar grietas, baches y otros problemas comunes que conducen a la degradaci\u00f3n de las carreteras. Una compactaci\u00f3n adecuada reduce el riesgo de infiltraci\u00f3n de agua y da\u00f1os por congelaci\u00f3n-descongelaci\u00f3n, que contribuyen en gran medida al deterioro de las carreteras.  <\/li>\n<\/ul>\n<div class=\"left-img\"><img loading=\"lazy\" decoding=\"async\" class=\"alignnone\" src=\"https:\/\/etnyre.com\/wp-content\/uploads\/2024\/09\/Asphalt-Equipment-Kansas-seo2.webp\" alt=\"El equipo de asfalto se ve. Etnyre International tiene los mejores equipos de asfalto de Kansas.\" width=\"500\" height=\"350\" title=\"\"><\/div>\n<h3>\u00bfQu\u00e9 equipos ofrece Etnyre?<\/h3>\n<p>Ofrecemos toda una l\u00ednea de equipos de asfalto, incluidos:<\/p>\n<ul class=\"col-2\">\n<li><a href=\"https:\/\/etnyre.com\/es\/los-mejores-esparcidores-de-virutas\/\">Esparcidores de virutas<\/a><\/li>\n<li><a href=\"https:\/\/etnyre.com\/es\/cuales-son-las-mejores-marcas-para-los-distribuidores-de-asfalto\/\">Distribuidores de asfalto<\/a><\/li>\n<li>Cajas de escobas para focas<\/li>\n<li><a href=\"https:\/\/etnyre.com\/lowboy-trailers\/\">Remolques Lowboy<\/a><\/li>\n<li><a href=\"https:\/\/etnyre.com\/es\/transportes-de-asfalto\/\">Equipos de transporte de asfalto<\/a><\/li>\n<li><a href=\"https:\/\/etnyre.com\/sales\/live-bottom-trailers\/\">Remolques de fondo vivo<\/a><\/li>\n<li><a href=\"https:\/\/etnyre.com\/es\/selladores-de-grietas\/\">Selladores de grietas<\/a><\/li>\n<li><a href=\"https:\/\/etnyre.com\/slurry-seal-machinery\">Selladoras de lodos<\/a><\/li>\n<li><a href=\"https:\/\/etnyre.com\/es\/sellado-de-asfalto\/\">Equipo de sellado<\/a><\/li>\n<li>Accesorios relacionados<\/li>\n<\/ul>\n<h3>\u00bfEst\u00e1s preparado para un mantenimiento de carreteras m\u00e1s f\u00e1cil y mejorado?<\/h3>\n<p>Para obtener la mejor maquinaria de asfalto de Kansas, ponte en contacto con Etnyre International llamando al <a href=\"tel:8157322116\">815-732-2116<\/a>.<\/p>\n","protected":false},"excerpt":{"rendered":"<p>Mejorar el mantenimiento de las carreteras con equipos avanzados de asfaltado El mantenimiento eficaz de las carreteras es crucial para garantizar un transporte seguro y fiable. Con la creciente demanda de mejores infraestructuras, la calidad del firme de las carreteras desempe\u00f1a un papel importante en la reducci\u00f3n de accidentes, la minimizaci\u00f3n del desgaste de los &hellip; <a href=\"https:\/\/etnyre.com\/es\/equipos-de-asfalto-kansas\/\" class=\"more-link\">Continue reading <span class=\"screen-reader-text\">Equipos de asfalto Kansas<\/span><\/a><\/p>\n","protected":false},"author":1,"featured_media":12618,"parent":0,"menu_order":0,"comment_status":"closed","ping_status":"closed","template":"","meta":{"_acf_changed":false,"footnotes":""},"class_list":["post-12624","page","type-page","status-publish","has-post-thumbnail","hentry"],"acf":[],"_links":{"self":[{"href":"https:\/\/etnyre.com\/es\/wp-json\/wp\/v2\/pages\/12624","targetHints":{"allow":["GET"]}}],"collection":[{"href":"https:\/\/etnyre.com\/es\/wp-json\/wp\/v2\/pages"}],"about":[{"href":"https:\/\/etnyre.com\/es\/wp-json\/wp\/v2\/types\/page"}],"author":[{"embeddable":true,"href":"https:\/\/etnyre.com\/es\/wp-json\/wp\/v2\/users\/1"}],"replies":[{"embeddable":true,"href":"https:\/\/etnyre.com\/es\/wp-json\/wp\/v2\/comments?post=12624"}],"version-history":[{"count":3,"href":"https:\/\/etnyre.com\/es\/wp-json\/wp\/v2\/pages\/12624\/revisions"}],"predecessor-version":[{"id":13825,"href":"https:\/\/etnyre.com\/es\/wp-json\/wp\/v2\/pages\/12624\/revisions\/13825"}],"wp:featuredmedia":[{"embeddable":true,"href":"https:\/\/etnyre.com\/es\/wp-json\/wp\/v2\/media\/12618"}],"wp:attachment":[{"href":"https:\/\/etnyre.com\/es\/wp-json\/wp\/v2\/media?parent=12624"}],"curies":[{"name":"wp","href":"https:\/\/api.w.org\/{rel}","templated":true}]}}