{"id":12627,"date":"2024-09-26T10:33:20","date_gmt":"2024-09-26T10:33:20","guid":{"rendered":"https:\/\/etnyre.com\/equipos-de-asfalto-nevada\/"},"modified":"2025-05-28T06:12:31","modified_gmt":"2025-05-28T06:12:31","slug":"equipos-de-asfalto-nevada","status":"publish","type":"page","link":"https:\/\/etnyre.com\/es\/equipos-de-asfalto-nevada\/","title":{"rendered":"Equipos de asfalto Nevada"},"content":{"rendered":"<h3>La Importancia De Un Equipo De Asfalto De Alta Calidad<\/h3>\n<p>El asfalto desempe\u00f1a un papel fundamental en las infraestructuras modernas, desde autopistas a aparcamientos y calles residenciales. Mantener la calidad y longevidad de estas superficies requiere las herramientas y la tecnolog\u00eda adecuadas, por lo que es esencial<a href=\"https:\/\/etnyre.com\/es\/los-mejores-equipos-de-asfalto\/\"> disponer de equipos de asfalto de alta calidad<\/a>. La maquinaria avanzada que ofrece Etnyre International no s\u00f3lo mejora la eficacia de la construcci\u00f3n y el mantenimiento de carreteras, sino que tambi\u00e9n aumenta la durabilidad, seguridad y sostenibilidad medioambiental del propio asfalto. Si buscas la mejor <a href=\"https:\/\/etnyre.com\/es\/equipos-de-mantenimiento-de-carreteras-nevada\/\">maquinaria para asfalto de Nevada<\/a>, ll\u00e1manos al <a href=\"tel:8157322116\">815-732-2116<\/a>.   <\/p>\n<h3>Por qu\u00e9 importa la calidad en los equipos de asfalto<\/h3>\n<p>La calidad de las carreteras asfaltadas afecta directamente a la seguridad, el confort y el rendimiento de los veh\u00edculos. Las carreteras mal construidas o mantenidas provocan reparaciones frecuentes, un aumento de los accidentes y costes m\u00e1s elevados con el paso del tiempo. Invertir en equipos de asfaltado de alta calidad es crucial para evitar estos problemas y garantizar que las carreteras sigan siendo lisas, seguras y duraderas.  <\/p>\n<h3>\u00bfQu\u00e9 beneficios obtienes con los equipos Etnyre?<\/h3>\n<p>Ya sea para nuevas construcciones, repavimentaciones o reparaciones, el uso de equipos de alta calidad garantiza una aplicaci\u00f3n precisa, una mejor compactaci\u00f3n y una reducci\u00f3n del desperdicio de material. Algunas de las ventajas de nuestros equipos son <\/p>\n<ul>\n<li>Una de las ventajas m\u00e1s significativas de utilizar equipos de asfalto de alta calidad es su precisi\u00f3n. Nuestro avanzado equipo de asfaltado est\u00e1 dise\u00f1ado para extender materiales con precisi\u00f3n, proporcion\u00e1ndote capas uniformes de asfalto y reduciendo la probabilidad de superficies irregulares, baches o grietas. Esta precisi\u00f3n da lugar a carreteras m\u00e1s lisas, aumentando la comodidad de conducci\u00f3n y reduciendo el desgaste de los veh\u00edculos.  <\/li>\n<li>El tiempo es un factor cr\u00edtico en la construcci\u00f3n de carreteras, especialmente en zonas de mucho tr\u00e1fico donde los retrasos causan interrupciones. Nuestros equipos de asfalto de alta calidad est\u00e1n dise\u00f1ados para ser r\u00e1pidos y eficientes, reduciendo el tiempo que se tarda en terminar un proyecto. Esto significa una finalizaci\u00f3n m\u00e1s r\u00e1pida del proyecto y menos molestias para los trabajadores y las empresas.  <\/li>\n<li>La aplicaci\u00f3n y compactaci\u00f3n adecuadas del asfalto son esenciales para garantizar la durabilidad de la carretera.<br \/>\nEl uso de equipos de primera categor\u00eda garantiza que el asfalto se coloque y compacte correctamente, evitando problemas comunes <\/li>\n<\/ul>\n<div class=\"left-img\"><img loading=\"lazy\" decoding=\"async\" class=\"alignnone\" src=\"https:\/\/etnyre.com\/wp-content\/uploads\/2024\/07\/Sealcoat-Trucks-Tennessee-2.jpg\" alt=\"El equipo de asfalto se ve. Etnyre International tiene el mejor equipo de asfalto de Nevada.\" width=\"500\" height=\"350\" title=\"\"><\/div>\n<h3>\u00bfQu\u00e9 equipos ofrece Etnyre?<\/h3>\n<p>Ofrecemos toda una l\u00ednea de equipos de asfalto, incluidos:<\/p>\n<ul class=\"col-2\">\n<li><a href=\"https:\/\/etnyre.com\/es\/los-mejores-esparcidores-de-virutas\/\">Esparcidores de virutas<\/a><\/li>\n<li><a href=\"https:\/\/etnyre.com\/es\/cuales-son-las-mejores-marcas-para-los-distribuidores-de-asfalto\/\">Distribuidores de asfalto<\/a><\/li>\n<li><a href=\"https:\/\/etnyre.com\/es\/caja-de-escobas-scrub-seal\/\">Cajas de escobas para focas<\/a><\/li>\n<li><a href=\"https:\/\/etnyre.com\/lowboy-trailers\/\">Remolques Lowboy<\/a><\/li>\n<li><a href=\"https:\/\/etnyre.com\/es\/como-se-transporta-el-asfalto-liquido\/\">Equipos de transporte de asfalto<\/a><\/li>\n<li><a href=\"https:\/\/etnyre.com\/es\/remolques-de-fondo-vivo-mejor-valorados\/\">Remolques de fondo vivo<\/a><\/li>\n<li><a href=\"https:\/\/etnyre.com\/es\/selladores-de-grietas-mejor-valorados\/\">Selladores de grietas<\/a><\/li>\n<li><a href=\"https:\/\/etnyre.com\/es\/las-mejores-selladoras-de-lodos\/\">Selladoras de lodos<\/a><\/li>\n<li><a href=\"https:\/\/etnyre.com\/es\/venta-de-equipos-de-revestimiento\/\">Equipo de sellado<\/a><\/li>\n<li>Accesorios relacionados<\/li>\n<\/ul>\n<h3>\u00bfEst\u00e1s preparado para invertir en la mejor maquinaria para asfalto?<\/h3>\n<p>Para obtener la mejor maquinaria de asfalto de Nevada, ponte en contacto con Etnyre International en <a href=\"tel:8157322116\">el 815-732-2116<\/a>.<\/p>\n","protected":false},"excerpt":{"rendered":"<p>La Importancia De Un Equipo De Asfalto De Alta Calidad El asfalto desempe\u00f1a un papel fundamental en las infraestructuras modernas, desde autopistas a aparcamientos y calles residenciales. Mantener la calidad y longevidad de estas superficies requiere las herramientas y la tecnolog\u00eda adecuadas, por lo que es esencial disponer de equipos de asfalto de alta calidad. &hellip; <a href=\"https:\/\/etnyre.com\/es\/equipos-de-asfalto-nevada\/\" class=\"more-link\">Continue reading <span class=\"screen-reader-text\">Equipos de asfalto Nevada<\/span><\/a><\/p>\n","protected":false},"author":1,"featured_media":8453,"parent":0,"menu_order":0,"comment_status":"closed","ping_status":"closed","template":"","meta":{"_acf_changed":false,"footnotes":""},"class_list":["post-12627","page","type-page","status-publish","has-post-thumbnail","hentry"],"acf":[],"_links":{"self":[{"href":"https:\/\/etnyre.com\/es\/wp-json\/wp\/v2\/pages\/12627","targetHints":{"allow":["GET"]}}],"collection":[{"href":"https:\/\/etnyre.com\/es\/wp-json\/wp\/v2\/pages"}],"about":[{"href":"https:\/\/etnyre.com\/es\/wp-json\/wp\/v2\/types\/page"}],"author":[{"embeddable":true,"href":"https:\/\/etnyre.com\/es\/wp-json\/wp\/v2\/users\/1"}],"replies":[{"embeddable":true,"href":"https:\/\/etnyre.com\/es\/wp-json\/wp\/v2\/comments?post=12627"}],"version-history":[{"count":4,"href":"https:\/\/etnyre.com\/es\/wp-json\/wp\/v2\/pages\/12627\/revisions"}],"predecessor-version":[{"id":14214,"href":"https:\/\/etnyre.com\/es\/wp-json\/wp\/v2\/pages\/12627\/revisions\/14214"}],"wp:featuredmedia":[{"embeddable":true,"href":"https:\/\/etnyre.com\/es\/wp-json\/wp\/v2\/media\/8453"}],"wp:attachment":[{"href":"https:\/\/etnyre.com\/es\/wp-json\/wp\/v2\/media?parent=12627"}],"curies":[{"name":"wp","href":"https:\/\/api.w.org\/{rel}","templated":true}]}}