{"id":12636,"date":"2024-09-26T10:52:20","date_gmt":"2024-09-26T10:52:20","guid":{"rendered":"https:\/\/etnyre.com\/equipo-de-asfaltado-kansas\/"},"modified":"2025-05-28T06:12:56","modified_gmt":"2025-05-28T06:12:56","slug":"equipo-de-asfaltado-kansas","status":"publish","type":"page","link":"https:\/\/etnyre.com\/es\/equipo-de-asfaltado-kansas\/","title":{"rendered":"Equipo de asfaltado Kansas"},"content":{"rendered":"<h3>Las ventajas de utilizar un equipo de asfaltado de alta calidad<\/h3>\n<p>El sellado de virutas es un <a href=\"https:\/\/etnyre.com\/es\/asfaltado\/\">m\u00e9todo muy eficaz para mantener y mejorar el firme de las carreteras<\/a>. Consiste en aplicar una capa de emulsi\u00f3n asf\u00e1ltica seguida de virutas de \u00e1ridos. A continuaci\u00f3n, la maquinaria compacta las virutas para crear una superficie duradera y antideslizante. El \u00e9xito y la longevidad de este proceso dependen en gran medida de la calidad del equipo utilizado. Un buen equipo de asfaltado garantiza que la aplicaci\u00f3n sea precisa, eficaz y duradera. \u00bfTe interesa utilizar la maquinaria de asfaltado de mayor calidad de Kansas? Ponte en contacto con Etnyre International hoy mismo en <a href=\"tel:8157322116\">el 815-732-2116<\/a>.      <\/p>\n<h3>Los equipos de calidad permiten una aplicaci\u00f3n precisa<\/h3>\n<p>La clave del \u00e9xito de una aplicaci\u00f3n de sellado de virutas es la precisi\u00f3n. Los equipos de sellado de virutas de alta calidad garantizan una aplicaci\u00f3n uniforme de la emulsi\u00f3n asf\u00e1ltica y el \u00e1rido en toda la superficie de la carretera. Esto evita problemas como la formaci\u00f3n de charcos, la distribuci\u00f3n desigual de los \u00e1ridos y el desgaste prematuro. Con un equipo de precisi\u00f3n, puedes controlar el grosor de la emulsi\u00f3n y la distribuci\u00f3n de las virutas de \u00e1rido hasta el m\u00e1s m\u00ednimo detalle, con lo que se consigue una calzada uniforme, lisa y duradera. He aqu\u00ed otras ventajas de utilizar equipos de sellado de virutas de alta calidad:    <\/p>\n<ul>\n<li>La construcci\u00f3n y el mantenimiento de carreteras a menudo conllevan plazos ajustados, sobre todo en autopistas y calles urbanas con mucho tr\u00e1fico. Los equipos de sellado de virutas de alta calidad est\u00e1n dise\u00f1ados para maximizar la eficacia, permitiendo una aplicaci\u00f3n m\u00e1s r\u00e1pida sin sacrificar la calidad. Las m\u00e1quinas avanzadas de asfaltado cuentan con dep\u00f3sitos de mayor capacidad, controles automatizados y sistemas sincronizados que permiten una aplicaci\u00f3n m\u00e1s r\u00e1pida y continua tanto del asfalto como del \u00e1rido.  <\/li>\n<li>El sellado de virutas ya es conocido por ser un m\u00e9todo rentable de mantener y prolongar la vida \u00fatil de las carreteras de asfalto. El uso de nuestra maquinaria de sellado de virutas de alta calidad aumenta a\u00fan m\u00e1s este ahorro. La maquinaria avanzada ayuda a reducir el desperdicio de material al garantizar que se utiliza la cantidad adecuada de emulsi\u00f3n asf\u00e1ltica y \u00e1rido en cada aplicaci\u00f3n. Esto reduce la necesidad de repasar o parchear, lo que conlleva menos gastos de mantenimiento a largo plazo.   <\/li>\n<li>Un proyecto de sellado de gravilla bien ejecutado puede prolongar significativamente la vida de la superficie de una carretera, evitando costosas reparaciones y mejorando las condiciones de conducci\u00f3n. Un equipo de sellado de virutas de alta calidad garantiza la aplicaci\u00f3n y compactaci\u00f3n adecuadas de los materiales, lo que da como resultado una superficie de carretera m\u00e1s duradera. Con una distribuci\u00f3n uniforme y una compactaci\u00f3n eficaz, la carretera se vuelve m\u00e1s resistente a las grietas, los baches y los da\u00f1os causados por el agua, que son problemas habituales en las carreteras mal mantenidas.  <\/li>\n<\/ul>\n<h3>Un sellado de virutas de calidad ahorra dinero con el tiempo<\/h3>\n<p>La mayor durabilidad que proporciona un buen equipamiento significa que las carreteras necesitar\u00e1n un mantenimiento menos frecuente, lo que ahorrar\u00e1 tiempo y dinero a los municipios y a los contratistas.<\/p>\n<h3>Etnyre Ofrece Una L\u00ednea Completa De Equipos De Asfaltado Y Sellado De Asfalto<\/h3>\n<p>Nuestra l\u00ednea de productos relacionados con el asfalto incluye:<\/p>\n<ul class=\"col-3\">\n<li><a href=\"https:\/\/etnyre.com\/es\/los-mejores-esparcidores-de-virutas\/\">Esparcidores de virutas<\/a><\/li>\n<li><a href=\"https:\/\/etnyre.com\/es\/los-mejores-distribuidores-de-asfalto\/\">Distribuidores de asfalto<\/a><\/li>\n<li><a href=\"https:\/\/etnyre.com\/es\/caja-de-escobas-scrub-seal\/\">Cajas de escobas para focas<\/a><\/li>\n<li><a href=\"https:\/\/etnyre.com\/lowboy-trailers\/\">Remolques Lowboy<\/a><\/li>\n<li><a href=\"https:\/\/etnyre.com\/es\/como-se-transporta-el-asfalto-liquido\/\">Equipos de transporte de asfalto<\/a><\/li>\n<li><a href=\"https:\/\/etnyre.com\/sales\/live-bottom-trailers\/\">Remolques de fondo vivo<\/a><\/li>\n<li><a href=\"https:\/\/etnyre.com\/es\/selladores-de-grietas-mejor-valorados\/\">Selladores de grietas<\/a><\/li>\n<li><a href=\"https:\/\/etnyre.com\/slurry-seal-machinery\">Selladoras de lodos<\/a><\/li>\n<li><a href=\"https:\/\/etnyre.com\/es\/venta-de-equipos-de-revestimiento\/\">Equipo de sellado<\/a><\/li>\n<li>Accesorios relacionados<\/li>\n<\/ul>\n<div class=\"left-img\"><img loading=\"lazy\" decoding=\"async\" class=\"alignnone\" src=\"https:\/\/etnyre.com\/wp-content\/uploads\/2024\/09\/Chip-Seal-Equipment-Kansas-seo2.webp\" alt=\"  El equipo de asfaltado se ve. Etnyre International tiene el mejor equipo de asfaltado de Kansas.  \" width=\"500\" height=\"350\" title=\"\"><\/div>\n<h3>\u00bfEst\u00e1s preparado para invertir en el mejor equipo de asfaltado?<\/h3>\n<p>Para obtener el mejor equipo de asfaltado de Kansas, ponte en contacto con Etnyre International en <a href=\"tel:8157322116\">el 815-732-2116<\/a>.<\/p>\n","protected":false},"excerpt":{"rendered":"<p>Las ventajas de utilizar un equipo de asfaltado de alta calidad El sellado de virutas es un m\u00e9todo muy eficaz para mantener y mejorar el firme de las carreteras. Consiste en aplicar una capa de emulsi\u00f3n asf\u00e1ltica seguida de virutas de \u00e1ridos. A continuaci\u00f3n, la maquinaria compacta las virutas para crear una superficie duradera y &hellip; <a href=\"https:\/\/etnyre.com\/es\/equipo-de-asfaltado-kansas\/\" class=\"more-link\">Continue reading <span class=\"screen-reader-text\">Equipo de asfaltado Kansas<\/span><\/a><\/p>\n","protected":false},"author":1,"featured_media":12630,"parent":0,"menu_order":0,"comment_status":"closed","ping_status":"closed","template":"","meta":{"_acf_changed":false,"footnotes":""},"class_list":["post-12636","page","type-page","status-publish","has-post-thumbnail","hentry"],"acf":[],"_links":{"self":[{"href":"https:\/\/etnyre.com\/es\/wp-json\/wp\/v2\/pages\/12636","targetHints":{"allow":["GET"]}}],"collection":[{"href":"https:\/\/etnyre.com\/es\/wp-json\/wp\/v2\/pages"}],"about":[{"href":"https:\/\/etnyre.com\/es\/wp-json\/wp\/v2\/types\/page"}],"author":[{"embeddable":true,"href":"https:\/\/etnyre.com\/es\/wp-json\/wp\/v2\/users\/1"}],"replies":[{"embeddable":true,"href":"https:\/\/etnyre.com\/es\/wp-json\/wp\/v2\/comments?post=12636"}],"version-history":[{"count":3,"href":"https:\/\/etnyre.com\/es\/wp-json\/wp\/v2\/pages\/12636\/revisions"}],"predecessor-version":[{"id":13820,"href":"https:\/\/etnyre.com\/es\/wp-json\/wp\/v2\/pages\/12636\/revisions\/13820"}],"wp:featuredmedia":[{"embeddable":true,"href":"https:\/\/etnyre.com\/es\/wp-json\/wp\/v2\/media\/12630"}],"wp:attachment":[{"href":"https:\/\/etnyre.com\/es\/wp-json\/wp\/v2\/media?parent=12636"}],"curies":[{"name":"wp","href":"https:\/\/api.w.org\/{rel}","templated":true}]}}