{"id":12651,"date":"2024-09-27T05:48:57","date_gmt":"2024-09-27T05:48:57","guid":{"rendered":"https:\/\/etnyre.com\/equipo-de-asfaltado-iowa\/"},"modified":"2025-05-28T06:12:50","modified_gmt":"2025-05-28T06:12:50","slug":"equipo-de-asfaltado-iowa","status":"publish","type":"page","link":"https:\/\/etnyre.com\/es\/equipo-de-asfaltado-iowa\/","title":{"rendered":"Equipo de asfaltado Iowa"},"content":{"rendered":"<h3>Elige el mejor nombre para equipos de asfalto: Etnyre<\/h3>\n<p>Cuando seleccionas productos para tus clientes, es crucial ofrecer una variedad de opciones manteniendo una calidad sobresaliente. El sellado de virutas es una opci\u00f3n popular por su asequibilidad, seguridad y durabilidad. Sea cual sea la opci\u00f3n que elijan tus clientes, querr\u00e1s ofrecerles lo mejor que haya disponible. Por eso <a href=\"https:\/\/etnyre.com\/es\/sobre-nosotros\/\">Etnyre<\/a> es el proveedor ideal. Ofrecemos los <a href=\"https:\/\/etnyre.com\/es\/los-mejores-equipos-de-asfaltado\/\">equipos de sellado de virutas<\/a> de mayor calidad de Iowa para un tratamiento excepcional de la superficie del pavimento.    <\/p>\n<h3>Por qu\u00e9 necesitas un equipo de asfaltado para tu empresa<\/h3>\n<p>El asfaltado es un m\u00e9todo asequible y eficaz para proteger y reparar las calzadas. El pavimento sellado ofrece resistencia al deslizamiento y propiedades antideslumbrantes, reduciendo la fatiga visual y evitando accidentes en diversas condiciones meteorol\u00f3gicas. Este proceso puede prolongar considerablemente la vida \u00fatil de carreteras y solares, a veces hasta 12 a\u00f1os. La rentabilidad del <a href=\"https:\/\/etnyre.com\/es\/maquinas-de-asfaltado\/\">sellado de ag<\/a> lomerado te permite ofrecer precios m\u00e1s bajos que la competencia, ya que el proceso requiere un m\u00ednimo de materiales y mano de obra, proporcionando a tus clientes un importante ahorro a largo plazo.   <\/p>\n<p>Las esparcidoras de gravilla Etnyre est\u00e1n dise\u00f1adas para aplicar con precisi\u00f3n y eficacia los \u00e1ridos a los firmes de las carreteras, gracias a nuestro avanzado sistema de transmisi\u00f3n hidrost\u00e1tica y a la tolva de esparcido de anchura variable. Estas caracter\u00edsticas permiten la aplicaci\u00f3n de m\u00faltiples tama\u00f1os de \u00e1ridos en una amplia gama de velocidades de desplazamiento y anchuras de esparcido. Nuestras esparcidoras de gravilla est\u00e1n disponibles en configuraciones de tracci\u00f3n delantera y tracci\u00f3n a las 4 ruedas, con compuertas individuales que facilitan el manejo de esquinas con radio. Accionadas por motores diesel turboalimentados de 260 CV, nuestras esparcidoras incorporan un control de velocidad y tasa de aplicaci\u00f3n controlado por ordenador para un funcionamiento preciso. La tolva fija o variable es s\u00f3lo una de las muchas caracter\u00edsticas que distinguen a los esparcidores de gravilla Etnyre de la competencia. Estamos seguros de que comprobar\u00e1s por qu\u00e9 ofrecemos el mejor equipo de aglomerado de Iowa.     <\/p>\n<h3>Sobre Etnyre<\/h3>\n<p>Fundada en 1898, <a href=\"https:\/\/etnyre.com\/es\/sobre-nosotros\/\">Etnyre<\/a> ha sido pionera en el sector de la construcci\u00f3n de carreteras de asfalto. Empezamos fabricando diversos equipos, como esparcidores de asfalto, esparcidores de gravilla, <a href=\"https:\/\/etnyre.com\/es\/cisternas-y-camiones-cisterna\/\">dep\u00f3sitos de almacenamiento<\/a> y <a href=\"https:\/\/etnyre.com\/es\/sealcoating-remolques-illinois\/\">remolques<\/a>. Desde el primer d\u00eda, hemos marcado la pauta en cuanto a fiabilidad y rendimiento. En la actualidad, seguimos construyendo sobre esos cimientos, fabricando cada pieza del equipo por encargo y proporcionando una asistencia excepcional a nuestros clientes en cada paso del camino.   <\/p>\n<div class=\"left-img\"><img loading=\"lazy\" decoding=\"async\" class=\"alignnone\" src=\"https:\/\/etnyre.com\/wp-content\/uploads\/2024\/09\/asphalt-higway-road-construction-site-heavy-industrial-machinery-at-roadworks-and-blue-sky.jpg\" alt=\"E.D. Etnyre &amp; Co. fabrica equipos de asfaltado para las carreteras de Iowa\" width=\"500\" height=\"350\" title=\"\"><\/div>\n<h3>Contacta con ED Etnyre &amp; Co.<\/h3>\n<p>Encuentra el mejor equipo de asfaltado de Iowa, adem\u00e1s de todas las herramientas de mantenimiento de carreteras que necesites, en ED Etnyre &amp; Co. Nuestros equipos de primer nivel te ayudar\u00e1n a gestionar eficazmente tus proyectos de reparaci\u00f3n de asfalto. <a href=\"https:\/\/etnyre.com\/es\/contactenos\/\">Ponte en contacto con nosotros<\/a> hoy mismo en <a href=\"tel:8157322116\">el 815-732-2116<\/a> para obtener m\u00e1s informaci\u00f3n. <\/p>\n","protected":false},"excerpt":{"rendered":"<p>Elige el mejor nombre para equipos de asfalto: Etnyre Cuando seleccionas productos para tus clientes, es crucial ofrecer una variedad de opciones manteniendo una calidad sobresaliente. El sellado de virutas es una opci\u00f3n popular por su asequibilidad, seguridad y durabilidad. Sea cual sea la opci\u00f3n que elijan tus clientes, querr\u00e1s ofrecerles lo mejor que haya &hellip; <a href=\"https:\/\/etnyre.com\/es\/equipo-de-asfaltado-iowa\/\" class=\"more-link\">Continue reading <span class=\"screen-reader-text\">Equipo de asfaltado Iowa<\/span><\/a><\/p>\n","protected":false},"author":1,"featured_media":8535,"parent":0,"menu_order":0,"comment_status":"closed","ping_status":"closed","template":"","meta":{"_acf_changed":false,"footnotes":""},"class_list":["post-12651","page","type-page","status-publish","has-post-thumbnail","hentry"],"acf":[],"_links":{"self":[{"href":"https:\/\/etnyre.com\/es\/wp-json\/wp\/v2\/pages\/12651","targetHints":{"allow":["GET"]}}],"collection":[{"href":"https:\/\/etnyre.com\/es\/wp-json\/wp\/v2\/pages"}],"about":[{"href":"https:\/\/etnyre.com\/es\/wp-json\/wp\/v2\/types\/page"}],"author":[{"embeddable":true,"href":"https:\/\/etnyre.com\/es\/wp-json\/wp\/v2\/users\/1"}],"replies":[{"embeddable":true,"href":"https:\/\/etnyre.com\/es\/wp-json\/wp\/v2\/comments?post=12651"}],"version-history":[{"count":2,"href":"https:\/\/etnyre.com\/es\/wp-json\/wp\/v2\/pages\/12651\/revisions"}],"predecessor-version":[{"id":13848,"href":"https:\/\/etnyre.com\/es\/wp-json\/wp\/v2\/pages\/12651\/revisions\/13848"}],"wp:featuredmedia":[{"embeddable":true,"href":"https:\/\/etnyre.com\/es\/wp-json\/wp\/v2\/media\/8535"}],"wp:attachment":[{"href":"https:\/\/etnyre.com\/es\/wp-json\/wp\/v2\/media?parent=12651"}],"curies":[{"name":"wp","href":"https:\/\/api.w.org\/{rel}","templated":true}]}}