{"id":12652,"date":"2024-09-27T05:49:06","date_gmt":"2024-09-27T05:49:06","guid":{"rendered":"https:\/\/etnyre.com\/equipos-de-asfalto-iowa\/"},"modified":"2025-05-28T06:12:53","modified_gmt":"2025-05-28T06:12:53","slug":"equipos-de-asfalto-iowa","status":"publish","type":"page","link":"https:\/\/etnyre.com\/es\/equipos-de-asfalto-iowa\/","title":{"rendered":"Equipos de asfalto Iowa"},"content":{"rendered":"<h3>Consigue el equipo de sellado que necesita tu empresa con Etnyre<\/h3>\n<p>En el sector de la construcci\u00f3n de carreteras, la fiabilidad es clave. Por eso, cuando buscan la mejor maquinaria para asfalto de Iowa, los equipos experimentados recurren a una empresa con un historial de innovaci\u00f3n demostrado. Con m\u00e1s de 125 a\u00f1os en el negocio, <a href=\"https:\/\/etnyre.com\/es\/sobre-nosotros\/\">Etnyre<\/a> ha desempe\u00f1ado con orgullo ese papel durante generaciones. Nuestra inigualable innovaci\u00f3n y adaptabilidad garantizan que tus operarios est\u00e9n seguros y dispongan de las herramientas que necesitan para hacer bien el trabajo. Tanto si buscas equipos para mantener tus carreteras y evitar reparaciones importantes, como si necesitas maquinaria para reconstruir completamente una calzada, Etnyre tiene las soluciones que necesitas.    <\/p>\n<h3>Por qu\u00e9 confiar en el nombre Etnyre<\/h3>\n<p>En Etnyre, nuestra tradici\u00f3n m\u00e1s orgullosa es la \u00abcarretera Etnyre\u00bb. Entendemos que las carreteras m\u00e1s fiables las utiliza todo el mundo. Y construirlas requiere la aportaci\u00f3n de un amplio abanico de expertos. Por eso nos comprometemos con la participaci\u00f3n del cliente, para asegurarnos de que siempre entendemos el rendimiento de nuestros equipos para quienes los utilizan a diario. Forjando s\u00f3lidas relaciones con nuestros clientes, nos hemos mantenido a la vanguardia de la innovaci\u00f3n durante 125 a\u00f1os. Esta comunicaci\u00f3n abierta no s\u00f3lo nos ayuda a dise\u00f1ar mejores equipos, sino que tambi\u00e9n garantiza que obtengas la maquinaria que mejor se adapta a tus necesidades espec\u00edficas.     <\/p>\n<p>Etnyre est\u00e1 preparada para ayudarte en todas las fases del mantenimiento de carreteras. Si necesitas <a href=\"https:\/\/etnyre.com\/sourcewell\/transports\">transporte de asfalto<\/a>, <a href=\"https:\/\/etnyre.com\/es\/remolques-bajos-illinois\/\">remolques de plataforma baja<\/a> o <a href=\"https:\/\/etnyre.com\/es\/los-mejores-remolques-de-fondo-vivo-illinois\/\">remolques de fondo vivo<\/a> para trasladar tus materiales, o equipos especializados para reparar las carreteras una vez que lleguen, te tenemos cubierto. Nuestras <a href=\"https:\/\/etnyre.com\/es\/los-mejores-esparcidores-de-virutas-de-illinois\/\">esparcidoras de gravilla<\/a>, <a href=\"https:\/\/etnyre.com\/es\/distribuidores-de-asfalto-illinois\/\">distribuidores de asfalto<\/a> y <a href=\"https:\/\/etnyre.com\/es\/los-mejores-selladores-de-grietas-de-illinois\/\">selladoras de grietas<\/a> vienen con caracter\u00edsticas personalizables dise\u00f1adas para maximizar su eficacia en tus proyectos. Y con Etnyre, puedes confiar en que el equipo en el que inviertas resistir\u00e1 el paso del tiempo, igual que nosotros. Para equipos de asfalto de la m\u00e1xima calidad en Iowa, elige Etnyre.    <\/p>\n<h3>Sobre Etnyre<\/h3>\n<p><a href=\"https:\/\/etnyre.com\/es\/sobre-nosotros\/\">ED Etnyre &amp; Co.<\/a> ha sido una fuerza l\u00edder en la industria estadounidense del asfalto desde 1898. Desde los primeros d\u00edas de nuestra empresa y del propio negocio del asfalto, nuestra misi\u00f3n ha sido dise\u00f1ar y fabricar los equipos de mayor calidad para los equipos de construcci\u00f3n de asfalto. Nos hemos forjado una s\u00f3lida reputaci\u00f3n suministrando sistem\u00e1ticamente los equipos m\u00e1s fiables y de mayor rendimiento del mercado. Adem\u00e1s, ofrecemos una asistencia inigualable y soluciones a medida para satisfacer las necesidades exclusivas de nuestros clientes. No es de extra\u00f1ar que ED Etnyre &amp; Co. sea el nombre en el que puedes confiar.    <\/p>\n<div class=\"left-img\"><img loading=\"lazy\" decoding=\"async\" class=\"alignnone\" src=\"https:\/\/etnyre.com\/wp-content\/uploads\/2024\/09\/vibratory-asphalt-roller-compactor-compacting-new-asphalt-pavement-road-service-repairs-the.jpg\" alt=\"Etnyre construye los mejores equipos de asfalto en Iowa\" width=\"500\" height=\"350\" title=\"\"><\/div>\n<h3>Contacta con ED Etnyre &amp; Co. Hoy <\/h3>\n<p>Elige la empresa que ofrece el mejor equipo de asfalto de Iowa: Etnyre. Con nosotros a tu lado, ofrecer\u00e1s un servicio r\u00e1pido, eficaz y fiable a tus clientes en todo momento. <a href=\"https:\/\/etnyre.com\/es\/contactenos\/\">Ponte en contacto con nosotros<\/a> hoy mismo en <a href=\"tel:8157322116\">el 815-732-2116<\/a> para obtener m\u00e1s informaci\u00f3n. <\/p>\n","protected":false},"excerpt":{"rendered":"<p>Consigue el equipo de sellado que necesita tu empresa con Etnyre En el sector de la construcci\u00f3n de carreteras, la fiabilidad es clave. Por eso, cuando buscan la mejor maquinaria para asfalto de Iowa, los equipos experimentados recurren a una empresa con un historial de innovaci\u00f3n demostrado. Con m\u00e1s de 125 a\u00f1os en el negocio, &hellip; <a href=\"https:\/\/etnyre.com\/es\/equipos-de-asfalto-iowa\/\" class=\"more-link\">Continue reading <span class=\"screen-reader-text\">Equipos de asfalto Iowa<\/span><\/a><\/p>\n","protected":false},"author":1,"featured_media":8471,"parent":0,"menu_order":0,"comment_status":"closed","ping_status":"closed","template":"","meta":{"_acf_changed":false,"footnotes":""},"class_list":["post-12652","page","type-page","status-publish","has-post-thumbnail","hentry"],"acf":[],"_links":{"self":[{"href":"https:\/\/etnyre.com\/es\/wp-json\/wp\/v2\/pages\/12652","targetHints":{"allow":["GET"]}}],"collection":[{"href":"https:\/\/etnyre.com\/es\/wp-json\/wp\/v2\/pages"}],"about":[{"href":"https:\/\/etnyre.com\/es\/wp-json\/wp\/v2\/types\/page"}],"author":[{"embeddable":true,"href":"https:\/\/etnyre.com\/es\/wp-json\/wp\/v2\/users\/1"}],"replies":[{"embeddable":true,"href":"https:\/\/etnyre.com\/es\/wp-json\/wp\/v2\/comments?post=12652"}],"version-history":[{"count":2,"href":"https:\/\/etnyre.com\/es\/wp-json\/wp\/v2\/pages\/12652\/revisions"}],"predecessor-version":[{"id":13845,"href":"https:\/\/etnyre.com\/es\/wp-json\/wp\/v2\/pages\/12652\/revisions\/13845"}],"wp:featuredmedia":[{"embeddable":true,"href":"https:\/\/etnyre.com\/es\/wp-json\/wp\/v2\/media\/8471"}],"wp:attachment":[{"href":"https:\/\/etnyre.com\/es\/wp-json\/wp\/v2\/media?parent=12652"}],"curies":[{"name":"wp","href":"https:\/\/api.w.org\/{rel}","templated":true}]}}