{"id":12653,"date":"2024-09-27T05:49:07","date_gmt":"2024-09-27T05:49:07","guid":{"rendered":"https:\/\/etnyre.com\/equipo-de-asfaltado-minnesota\/"},"modified":"2025-05-28T06:12:52","modified_gmt":"2025-05-28T06:12:52","slug":"equipo-de-asfaltado-minnesota","status":"publish","type":"page","link":"https:\/\/etnyre.com\/es\/equipo-de-asfaltado-minnesota\/","title":{"rendered":"Equipo de asfaltado Minnesota"},"content":{"rendered":"<h3>Consigue el equipo que necesitas para reparar el asfalto con Etnyre<\/h3>\n<p>A la hora de seleccionar los productos que ofrecer\u00e1s a tus clientes, es importante proporcionar una amplia gama de opciones sin comprometer la calidad. El sellado de virutas es una opci\u00f3n excelente para muchos debido a su asequibilidad, seguridad y durabilidad. Independientemente de la opci\u00f3n que prefieran tus clientes, quieres asegurarte de que ofreces lo mejor. Por eso elegir a <a href=\"https:\/\/etnyre.com\/es\/sobre-nosotros\/\">Etnyre<\/a> como proveedor es la decisi\u00f3n correcta. Proporcionamos los <a href=\"https:\/\/etnyre.com\/es\/los-mejores-equipos-de-asfaltado-en-venta\/\">equipos de sellado de virutas<\/a> de mayor calidad de Minnesota para un tratamiento superior de la superficie del pavimento.    <\/p>\n<h3>Por qu\u00e9 necesitas equipos de sellado de virutas<\/h3>\n<p>El sellado de virutas es una forma rentable y eficaz de proteger y reparar las calzadas. El pavimento sellado proporciona resistencia al deslizamiento y propiedades antideslumbrantes, reduciendo los accidentes y la fatiga visual en diversas condiciones meteorol\u00f3gicas. Este proceso puede prolongar la vida \u00fatil de carreteras y solares hasta 12 a\u00f1os. La asequibilidad del sellado de virutas te permite ofrecer precios m\u00e1s competitivos en comparaci\u00f3n con otras opciones de pavimentaci\u00f3n. Al requerir un m\u00ednimo de material y mano de obra, el sellado de virutas es una soluci\u00f3n sencilla que puede ahorrar a tus clientes mucho dinero con el tiempo.    <\/p>\n<p>Los esparcidores de gravilla Etnyre est\u00e1n dise\u00f1ados para una aplicaci\u00f3n precisa y eficaz de los \u00e1ridos, utilizando nuestro sistema de transmisi\u00f3n hidrost\u00e1tica y la tolva de esparcido de anchura variable. Estas caracter\u00edsticas permiten la aplicaci\u00f3n sin fisuras de m\u00faltiples tama\u00f1os de \u00e1ridos a distintas velocidades de desplazamiento y anchuras de esparcido. Nuestras <a href=\"https:\/\/etnyre.com\/es\/los-mejores-esparcidores-de-virutas\/\">esparcidoras de gravilla<\/a> est\u00e1n disponibles con tracci\u00f3n delantera o a las 4 ruedas, con compuertas individuales que facilitan el manejo de esquinas con radio. Propulsados por motores di\u00e9sel turboalimentados de 260 CV, ofrecen una tasa de aplicaci\u00f3n y un control de velocidad controlados por ordenador para un rendimiento \u00f3ptimo. La tolva fija o variable del esparcidor es s\u00f3lo una de las muchas caracter\u00edsticas que distinguen a los esparcidores de gravilla Etnyre. Descubre por qu\u00e9 ofrecemos el mejor equipo de aglomerado de Minnesota.     <\/p>\n<h3>Historia de Etnyre<\/h3>\n<p>Desde 1898, <a href=\"https:\/\/etnyre.com\/es\/sobre-nosotros\/\">Etnyre<\/a> es l\u00edder en el sector de la construcci\u00f3n de carreteras de asfalto. Empezamos fabricando una amplia gama de equipos, como esparcidores de asfalto, esparcidores de gravilla, dep\u00f3sitos de almacenamiento y <a href=\"https:\/\/etnyre.com\/es\/sealcoating-remolques-illinois\/\">remolques<\/a>. Desde el principio, hemos marcado la pauta en cuanto a rendimiento y fiabilidad. Sobre la base de ese legado, seguimos suministrando equipos fabricados a medida, respaldados por una asistencia al cliente inigualable, que garantiza que cada unidad cumpla las m\u00e1s altas expectativas.   <\/p>\n<div class=\"left-img\"><img loading=\"lazy\" decoding=\"async\" class=\"alignnone\" src=\"https:\/\/etnyre.com\/wp-content\/uploads\/2024\/09\/vibratory-asphalt-roller-compactor-compacting-new-asphalt-pavement-road-service-repairs-the-1.jpg\" alt=\"E.D. Etnyre &amp; Co. hace el a Equipo de asfaltado en Minnesota\" width=\"500\" height=\"350\" title=\"\"><\/div>\n<h3>Contacta con ED Etnyre &amp; Co. Hoy <\/h3>\n<p>Descubre el mejor equipo de asfaltado de Minnesota -y satisface todas tus necesidades de mantenimiento de carreteras- en ED Etnyre &amp; Co. Nuestros equipos de alta calidad facilitan la ejecuci\u00f3n de tus proyectos de reparaci\u00f3n de asfalto. <a href=\"https:\/\/etnyre.com\/es\/contactenos\/\">Ponte en contacto con nosotros<\/a> hoy mismo en el <a href=\"tel:8157322116\">815-732-2116<\/a> para obtener m\u00e1s informaci\u00f3n. <\/p>\n","protected":false},"excerpt":{"rendered":"<p>Consigue el equipo que necesitas para reparar el asfalto con Etnyre A la hora de seleccionar los productos que ofrecer\u00e1s a tus clientes, es importante proporcionar una amplia gama de opciones sin comprometer la calidad. El sellado de virutas es una opci\u00f3n excelente para muchos debido a su asequibilidad, seguridad y durabilidad. Independientemente de la &hellip; <a href=\"https:\/\/etnyre.com\/es\/equipo-de-asfaltado-minnesota\/\" class=\"more-link\">Continue reading <span class=\"screen-reader-text\">Equipo de asfaltado Minnesota<\/span><\/a><\/p>\n","protected":false},"author":1,"featured_media":12643,"parent":0,"menu_order":0,"comment_status":"closed","ping_status":"closed","template":"","meta":{"_acf_changed":false,"footnotes":""},"class_list":["post-12653","page","type-page","status-publish","has-post-thumbnail","hentry"],"acf":[],"_links":{"self":[{"href":"https:\/\/etnyre.com\/es\/wp-json\/wp\/v2\/pages\/12653","targetHints":{"allow":["GET"]}}],"collection":[{"href":"https:\/\/etnyre.com\/es\/wp-json\/wp\/v2\/pages"}],"about":[{"href":"https:\/\/etnyre.com\/es\/wp-json\/wp\/v2\/types\/page"}],"author":[{"embeddable":true,"href":"https:\/\/etnyre.com\/es\/wp-json\/wp\/v2\/users\/1"}],"replies":[{"embeddable":true,"href":"https:\/\/etnyre.com\/es\/wp-json\/wp\/v2\/comments?post=12653"}],"version-history":[{"count":2,"href":"https:\/\/etnyre.com\/es\/wp-json\/wp\/v2\/pages\/12653\/revisions"}],"predecessor-version":[{"id":13842,"href":"https:\/\/etnyre.com\/es\/wp-json\/wp\/v2\/pages\/12653\/revisions\/13842"}],"wp:featuredmedia":[{"embeddable":true,"href":"https:\/\/etnyre.com\/es\/wp-json\/wp\/v2\/media\/12643"}],"wp:attachment":[{"href":"https:\/\/etnyre.com\/es\/wp-json\/wp\/v2\/media?parent=12653"}],"curies":[{"name":"wp","href":"https:\/\/api.w.org\/{rel}","templated":true}]}}