{"id":12671,"date":"2024-09-30T06:05:59","date_gmt":"2024-09-30T06:05:59","guid":{"rendered":"https:\/\/etnyre.com\/sealcoat-buggies-texas\/"},"modified":"2025-05-28T06:12:49","modified_gmt":"2025-05-28T06:12:49","slug":"sealcoat-buggies-texas","status":"publish","type":"page","link":"https:\/\/etnyre.com\/es\/sealcoat-buggies-texas\/","title":{"rendered":"Sealcoat Buggies Texas"},"content":{"rendered":"<h3>Ofrece servicios excepcionales de impermeabilizaci\u00f3n con los veh\u00edculos Etnyre&#8217;s Sealcoat Buggies para contratistas de Texas<\/h3>\n<p>Los contratistas de asfalto necesitan equipos y sistemas de primera para reparar, mantener e instalar el asfalto con rapidez y eficacia. En E.D. Etnyre &amp; Co. nos dedicamos a crear maquinaria de alta calidad y rendimiento que supera todo lo que ofrecen nuestros competidores. Nuestros buggies sealcoat en Texas son un buen ejemplo de los productos duraderos y f\u00e1ciles de usar que fabricamos. Como <a href=\"https:\/\/etnyre.com\/es\/mejor-equipo-de-asfalto-de-texas\/\">contratista de asfalto<\/a>, \u00a1tener una carretilla de recubrimiento es esencial!   <\/p>\n<h3>\u00bfPor qu\u00e9 elegir Sealcoat Buggies?<\/h3>\n<p>Cada pieza del equipo de asfaltado tiene una funci\u00f3n distinta, y una carretilla para capa de sellado no es una excepci\u00f3n. Ya sea para el mantenimiento de una parcela privada o de una propiedad residencial, las carretillas para capa de sellado ahorran tiempo y dinero tanto a los contratistas como a los clientes. Los usos m\u00e1s eficaces de una carretilla de recubrimiento son:  <\/p>\n<ul>\n<li><strong>Proyectos peque\u00f1os y residenciales<\/strong>\n<ul>\n<li>Un <a href=\"https:\/\/etnyre.com\/es\/camiones-de-revestimiento-de-juntas-texas\/\">cami\u00f3n de recubrimiento de sellado<\/a> no es imprescindible para todos los proyectos. De hecho, los buggies de recubrimiento suelen ser m\u00e1s adecuados para terrenos peque\u00f1os o entradas de veh\u00edculos. Estos veh\u00edculos transportan una cantidad pr\u00e1ctica de pintura impermeabilizante, lo que permite una aplicaci\u00f3n r\u00e1pida en cualquier superficie asfaltada. Para trabajos residenciales y de revestimiento de propiedades privadas, un veh\u00edculo de revestimiento es la opci\u00f3n ideal.   <\/li>\n<\/ul>\n<\/li>\n<li><strong>Recubrimiento de juntas de alta precisi\u00f3n<\/strong>\n<ul>\n<li>Los buggies de impermeabilizaci\u00f3n de Etnyre ofrecen una maniobrabilidad sin igual. Nuestras m\u00e1quinas de revestimiento autopropulsadas recorren esquinas estrechas con facilidad, llegando a superficies que normalmente son de dif\u00edcil acceso. Equipadas con controles de joystick y barras de pulverizaci\u00f3n ajustables, las m\u00e1quinas de revestimiento de Etnyre garantizan precisi\u00f3n y exactitud. Donde los camiones de revestimiento se quedan cortos, nuestras PavementSavers sobresalen, cubriendo todas las zonas dif\u00edciles.   <\/li>\n<\/ul>\n<\/li>\n<li><strong>Finalizaci\u00f3n r\u00e1pida del trabajo<\/strong>\n<ul>\n<li>Cuando los plazos son ajustados y los trabajos de sellado deben realizarse r\u00e1pidamente, los buggies de sellado ofrecen la mejor soluci\u00f3n para un servicio r\u00e1pido. Los buggies de sellado de Etnyre arrancan r\u00e1pidamente, se calientan con rapidez y aplican el sellado de forma eficaz y precisa sobre el pavimento. A pesar de su velocidad, estos buggies proporcionan un sellado fiable del asfalto, garantizando que el pavimento de los clientes est\u00e9 bien protegido y minimizando el tiempo de mano de obra.  <\/li>\n<\/ul>\n<\/li>\n<\/ul>\n<h3>Las mejores caracter\u00edsticas de nuestro Buggy de Recubrimiento de Juntas<\/h3>\n<p>Los <a href=\"https:\/\/etnyre.com\/es\/pavementsaver\/\">PavementSaver II y III<\/a> de Etnyre destacan como algunos de <a href=\"https:\/\/etnyre.com\/es\/buggies-sealcoat\/\">los buggies de recubrimiento de sellado m\u00e1s duraderos y fiables del sector del asfalto<\/a>. Dise\u00f1adas para soportar presiones y tensiones extremas, nuestras m\u00e1quinas destacan por su longevidad y rendimiento, superando a todos los dem\u00e1s <a href=\"https:\/\/etnyre.com\/es\/equipo-sealcoat-texas\/\">equipos de recubrimiento de sellado<\/a>. Cada PavementSaver ofrece diversas opciones de tama\u00f1o del dep\u00f3sito, color, caracter\u00edsticas distintivas y otras personalizaciones. Las caracter\u00edsticas m\u00e1s destacadas de la PavementSaver incluyen:   <\/p>\n<ul class=\"col-2\">\n<li>Controles del operador con joystick<\/li>\n<li>Potentes componentes de accionamiento hidr\u00e1ulico<\/li>\n<li>Acero T-1 de alto rendimiento para mezcladoras y dep\u00f3sitos de gas\u00f3leo<\/li>\n<li>Agitador hidr\u00e1ulico de velocidad variable y accionamiento directo<\/li>\n<li>Barra pulverizadora de 8\u2032 con extensi\u00f3n de 12<\/li>\n<li>Opciones de capacidad del dep\u00f3sito entre 400 y 500+ galones<\/li>\n<\/ul>\n<div class=\"left-img\"><img loading=\"lazy\" decoding=\"async\" class=\"alignnone\" src=\"https:\/\/etnyre.com\/wp-content\/uploads\/2024\/09\/Sealcoat-Buggies-Texas-2-500x350.jpg\" alt=\"Buggies rojos Sealcoat en Texas, fabricados por Etnyre\" width=\"500\" height=\"350\" title=\"\"><\/div>\n<h3>Habla con nuestro equipo<\/h3>\n<p>Para peque\u00f1os trabajos residenciales y proyectos precisos de revestimiento de sellado, los contratistas de asfalto conf\u00edan en los eficientes buggies de revestimiento de sellado de alta calidad de E.D. Etnyre &amp; Co. en Texas. Para saber m\u00e1s sobre el PavementSaver o nuestros otros <a href=\"https:\/\/etnyre.com\/es\/mejor-equipo-de-asfalto-de-texas\/\">productos de asfalto<\/a>, ponte en contacto con nosotros hoy mismo en el <a href=\"tel:8157322116\">815-732-2116<\/a>. Estamos orgullosos de servir a clientes de <a href=\"https:\/\/etnyre.com\/es\/sealcoat-buggies-arizona\/\">Arizona<\/a>, <a href=\"https:\/\/etnyre.com\/es\/sealcoat-buggies-tennessee\/\">Tennessee<\/a>, <a href=\"https:\/\/etnyre.com\/es\/equipo-sealcoat-texas\/\">Texas<\/a>, <a href=\"https:\/\/etnyre.com\/es\/sellado-de-buggies-illinois\/\">Illinois<\/a> y de todo Estados Unidos.  <\/p>\n","protected":false},"excerpt":{"rendered":"<p>Ofrece servicios excepcionales de impermeabilizaci\u00f3n con los veh\u00edculos Etnyre&#8217;s Sealcoat Buggies para contratistas de Texas Los contratistas de asfalto necesitan equipos y sistemas de primera para reparar, mantener e instalar el asfalto con rapidez y eficacia. En E.D. Etnyre &amp; Co. nos dedicamos a crear maquinaria de alta calidad y rendimiento que supera todo lo &hellip; <a href=\"https:\/\/etnyre.com\/es\/sealcoat-buggies-texas\/\" class=\"more-link\">Continue reading <span class=\"screen-reader-text\">Sealcoat Buggies Texas<\/span><\/a><\/p>\n","protected":false},"author":1,"featured_media":12658,"parent":0,"menu_order":0,"comment_status":"closed","ping_status":"closed","template":"","meta":{"_acf_changed":false,"footnotes":""},"class_list":["post-12671","page","type-page","status-publish","has-post-thumbnail","hentry"],"acf":[],"_links":{"self":[{"href":"https:\/\/etnyre.com\/es\/wp-json\/wp\/v2\/pages\/12671","targetHints":{"allow":["GET"]}}],"collection":[{"href":"https:\/\/etnyre.com\/es\/wp-json\/wp\/v2\/pages"}],"about":[{"href":"https:\/\/etnyre.com\/es\/wp-json\/wp\/v2\/types\/page"}],"author":[{"embeddable":true,"href":"https:\/\/etnyre.com\/es\/wp-json\/wp\/v2\/users\/1"}],"replies":[{"embeddable":true,"href":"https:\/\/etnyre.com\/es\/wp-json\/wp\/v2\/comments?post=12671"}],"version-history":[{"count":1,"href":"https:\/\/etnyre.com\/es\/wp-json\/wp\/v2\/pages\/12671\/revisions"}],"predecessor-version":[{"id":13149,"href":"https:\/\/etnyre.com\/es\/wp-json\/wp\/v2\/pages\/12671\/revisions\/13149"}],"wp:featuredmedia":[{"embeddable":true,"href":"https:\/\/etnyre.com\/es\/wp-json\/wp\/v2\/media\/12658"}],"wp:attachment":[{"href":"https:\/\/etnyre.com\/es\/wp-json\/wp\/v2\/media?parent=12671"}],"curies":[{"name":"wp","href":"https:\/\/api.w.org\/{rel}","templated":true}]}}