{"id":12672,"date":"2024-09-30T06:07:34","date_gmt":"2024-09-30T06:07:34","guid":{"rendered":"https:\/\/etnyre.com\/equipos-de-asfalto-minnesota\/"},"modified":"2025-05-28T06:12:48","modified_gmt":"2025-05-28T06:12:48","slug":"equipos-de-asfalto-minnesota","status":"publish","type":"page","link":"https:\/\/etnyre.com\/es\/equipos-de-asfalto-minnesota\/","title":{"rendered":"Equipos de asfalto Minnesota"},"content":{"rendered":"<h3>Ayuda a tu empresa a despegar utilizando la mejor maquinaria para asfalto de Minnesota<\/h3>\n<p>Cada primavera y verano, la avalancha de proyectos de carreteras pone de manifiesto lo ocupados que est\u00e1n los contratistas de asfalto. Sin embargo, la necesidad de terminar a tiempo hace que sea crucial contar con el equipo adecuado. E.D. Etnyre &amp; Co. suministra <a href=\"https:\/\/etnyre.com\/asphalt-equipment-iowa\/\">equipos de asfalto<\/a> de primer nivel en Minnesota a los contratistas que los necesitan, lo que permite a tu empresa satisfacer las demandas de los clientes con eficacia y ofrecer servicios de pavimentaci\u00f3n superiores que eclipsan a la competencia. Ponte en contacto con Etnyre hoy mismo para saber m\u00e1s.   <\/p>\n<h3 class=\"clr\">Todo lo que necesitas para reparar, repavimentar y transportar asfalto<\/h3>\n<p>Tanto si tu objetivo es ampliar tus servicios de asfalto como mejorar tu flota con m\u00e1quinas y equipos nuevos, Etnyre te cubre las espaldas. Nuestra selecci\u00f3n de <a href=\"https:\/\/etnyre.com\/es\/maquinas-de-asfalto\/\">m\u00e1quinas<\/a> de asfalto de primera categor\u00eda est\u00e1 dise\u00f1ada para satisfacer y superar las necesidades de los contratistas de <a href=\"https:\/\/etnyre.com\/es\/reparacion-del-asfalto\/\">reparaci\u00f3n<\/a>, <a href=\"https:\/\/etnyre.com\/es\/reasfaltado\/\">repavimentaci\u00f3n<\/a> y transporte de asfalto en todo Estados Unidos. Algunos ejemplos de las principales funciones que desempe\u00f1a nuestra maquinaria son:  <\/p>\n<ul>\n<li><strong>Repare<\/strong>\n<ul>\n<li>Los contratistas necesitan equipos precisos para reparar eficazmente los lotes de asfalto y las calzadas. Por eso, los equipos de mantenimiento de carreteras conf\u00edan en las selladoras de grietas de Etnyre. Nuestros remolques de sellado de grietas est\u00e1n dise\u00f1ados para una r\u00e1pida puesta en marcha y un r\u00e1pido calentamiento, con capacidades de dep\u00f3sito adecuadas para cualquier tama\u00f1o de proyecto. Utilizar nuestras selladoras de grietas garantiza carreteras m\u00e1s seguras, prolonga la vida del pavimento y mantiene bajos los costes tanto para ti como para tus clientes.   <\/li>\n<\/ul>\n<\/li>\n<li><strong>Repavimentaci\u00f3n<\/strong>\n<ul>\n<li>Restaurar y repavimentar el pavimento s\u00f3lo es posible con la maquinaria adecuada. Etnyre proporciona a tu empresa ese equipo esencial. Nuestros esparcidores de gravilla y distribuidores de asfalto permiten a los contratistas ofrecer servicios de sellado de gravilla, un m\u00e9todo de primera para repavimentar. Con ChipSpreaders de alto rendimiento y distribuidores de asfalto capaces de transportar entre 1.000 y 4.500 galones de asfalto l\u00edquido, garantizamos un rendimiento de primer nivel.   <\/li>\n<\/ul>\n<\/li>\n<li><strong>Transporte<\/strong>\n<ul>\n<li>El transporte de equipos y materiales a las obras requiere remolques fiables. Afortunadamente, los remolques para asfalto de Etnyre ofrecen soluciones r\u00e1pidas y sencillas. Nuestros <a href=\"https:\/\/etnyre.com\/lowboy-trailers\/\">remolques bajos<\/a> permiten a los contratistas transportar sus equipos m\u00e1s grandes sin esfuerzo, mientras que nuestros remolques <a href=\"https:\/\/etnyre.com\/es\/los-mejores-remolques-de-fondo-vivo\/\">de fondo vivo<\/a> facilitan el transporte de \u00e1ridos asf\u00e1lticos y materias primas. Adem\u00e1s, nuestros <a href=\"https:\/\/etnyre.com\/es\/transportes-de-asfalto\/\">transportes de asfalto<\/a> son ideales para el transporte de larga distancia de asfalto caliente.   <\/li>\n<\/ul>\n<\/li>\n<\/ul>\n<h3>Lo mejor se encuentra en Etnyre<\/h3>\n<p>Desde 1898, E.D. Etnyre &amp; Co. se enorgullece de fabricar diversos equipos dise\u00f1ados para satisfacer las necesidades de los contratistas de asfalto y los equipos de <a href=\"https:\/\/etnyre.com\/es\/equipos-de-mantenimiento-de-carreteras\/\">mantenimiento de carreteras<\/a> de todo el pa\u00eds. Hemos establecido sistem\u00e1ticamente puntos de referencia en cuanto a rendimiento y fiabilidad. Nuestros equipos de asfalto en Minnesota, fabricados con componentes de la m\u00e1xima calidad y tecnolog\u00eda punta, ofrecen una ventaja competitiva inigualable a nuestros competidores.  <\/p>\n<div class=\"left-img\"><img loading=\"lazy\" decoding=\"async\" class=\"alignnone\" src=\"https:\/\/etnyre.com\/wp-content\/uploads\/2024\/09\/Asphalt-Equipment-Minnesota-2-500x350.jpg\" alt=\"Un distribuidor de asfalto, uno de los muchos equipos de asfalto de Minnesota vendidos por Etnyre\" width=\"500\" height=\"350\" title=\"\"><\/div>\n<h3>Llama hoy<\/h3>\n<p>\u00bfEst\u00e1s listo para invertir en <a href=\"https:\/\/etnyre.com\/asphalt-equipment-california\/\">equipos de asfalto<\/a> en Minnesota para tu empresa? Ponte en contacto con los expertos de Etnyre hoy mismo. Para obtener m\u00e1s informaci\u00f3n sobre nuestros productos o solicitar un presupuesto, ponte en contacto con nosotros en el <a href=\"tel:8157322116\">815-732-2116<\/a>. Nuestra sede est\u00e1 en 1333 Daysville Rd, Oreg\u00f3n, IL 61061. Etnyre atiende con orgullo a clientes de todo Estados Unidos.    <\/p>\n","protected":false},"excerpt":{"rendered":"<p>Ayuda a tu empresa a despegar utilizando la mejor maquinaria para asfalto de Minnesota Cada primavera y verano, la avalancha de proyectos de carreteras pone de manifiesto lo ocupados que est\u00e1n los contratistas de asfalto. Sin embargo, la necesidad de terminar a tiempo hace que sea crucial contar con el equipo adecuado. E.D. Etnyre &amp; &hellip; <a href=\"https:\/\/etnyre.com\/es\/equipos-de-asfalto-minnesota\/\" class=\"more-link\">Continue reading <span class=\"screen-reader-text\">Equipos de asfalto Minnesota<\/span><\/a><\/p>\n","protected":false},"author":1,"featured_media":12667,"parent":0,"menu_order":0,"comment_status":"closed","ping_status":"closed","template":"","meta":{"_acf_changed":false,"footnotes":""},"class_list":["post-12672","page","type-page","status-publish","has-post-thumbnail","hentry"],"acf":[],"_links":{"self":[{"href":"https:\/\/etnyre.com\/es\/wp-json\/wp\/v2\/pages\/12672","targetHints":{"allow":["GET"]}}],"collection":[{"href":"https:\/\/etnyre.com\/es\/wp-json\/wp\/v2\/pages"}],"about":[{"href":"https:\/\/etnyre.com\/es\/wp-json\/wp\/v2\/types\/page"}],"author":[{"embeddable":true,"href":"https:\/\/etnyre.com\/es\/wp-json\/wp\/v2\/users\/1"}],"replies":[{"embeddable":true,"href":"https:\/\/etnyre.com\/es\/wp-json\/wp\/v2\/comments?post=12672"}],"version-history":[{"count":3,"href":"https:\/\/etnyre.com\/es\/wp-json\/wp\/v2\/pages\/12672\/revisions"}],"predecessor-version":[{"id":13927,"href":"https:\/\/etnyre.com\/es\/wp-json\/wp\/v2\/pages\/12672\/revisions\/13927"}],"wp:featuredmedia":[{"embeddable":true,"href":"https:\/\/etnyre.com\/es\/wp-json\/wp\/v2\/media\/12667"}],"wp:attachment":[{"href":"https:\/\/etnyre.com\/es\/wp-json\/wp\/v2\/media?parent=12672"}],"curies":[{"name":"wp","href":"https:\/\/api.w.org\/{rel}","templated":true}]}}