{"id":13086,"date":"2024-12-02T05:19:27","date_gmt":"2024-12-02T05:19:27","guid":{"rendered":"https:\/\/etnyre.com\/selladores-de-grietas-iowa\/"},"modified":"2025-05-28T06:13:18","modified_gmt":"2025-05-28T06:13:18","slug":"selladores-de-grietas-iowa","status":"publish","type":"page","link":"https:\/\/etnyre.com\/es\/selladores-de-grietas-iowa\/","title":{"rendered":"Selladores de grietas Iowa"},"content":{"rendered":"<h3>Sella las carreteras de Iowa con confianza con los principales selladores de grietas de Etnyre<\/h3>\n<p>Las carreteras de asfalto soportan una paliza constante de tr\u00e1fico, tiempo y tiempo, lo que provoca grietas y baches inevitables. Para los equipos de mantenimiento de carreteras de todo Iowa, el reto es real, pero tambi\u00e9n lo es la soluci\u00f3n.<a href=\"https:\/\/etnyre.com\/es\/sobre-nosotros\/\"> ED Etnyre &amp; Co.<\/a> ofrece los <a href=\"https:\/\/etnyre.com\/es\/selladores-de-grietas-mejor-valorados\/\">selladores de grietas<\/a> m\u00e1s fiables de Iowa, dise\u00f1ados para proteger y prolongar la vida del pavimento. Con equipos de vanguardia e innovaci\u00f3n l\u00edder en el sector, Etnyre garantiza que cada trabajo de reparaci\u00f3n de carreteras se realice de forma eficiente y eficaz.  <\/p>\n<h3>Unas carreteras m\u00e1s seguras empiezan con Etnyre<\/h3>\n<p>Las grietas pueden empezar siendo peque\u00f1as, pero si no se controlan, pueden convertirse en costosos peligros para conductores y peatones. Los avanzados selladores de grietas de Etnyre detienen el da\u00f1o en seco, sellando la humedad y evitando un mayor deterioro. \u00bfEl resultado? Carreteras que permanecen intactas m\u00e1s tiempo, ofreciendo seguridad y tranquilidad a todos los que circulan.   <\/p>\n<p>Un <a href=\"https:\/\/etnyre.com\/es\/equipos-de-mantenimiento-de-carreteras\/\">mantenimiento constante de las carreteras<\/a> es la clave para alargar la vida del pavimento. Las inclemencias del tiempo, las cargas pesadas y la exposici\u00f3n a productos qu\u00edmicos pueden desgastar incluso las carreteras m\u00e1s resistentes. Las selladoras de grietas Etnyre est\u00e1n dise\u00f1adas para combatir frontalmente estas amenazas. Con controles f\u00e1ciles de usar, encendido autom\u00e1tico y un sistema de calentamiento controlado por caudal, nuestras m\u00e1quinas hacen que el sellado de grietas sea r\u00e1pido, fiable y rentable. Disponibles en capacidades de 250 \u00f3 400 galones, las selladoras de grietas de Etnyre hacen frente a los retos de mantenimiento de carreteras m\u00e1s dif\u00edciles de Iowa, garantizando una conducci\u00f3n m\u00e1s suave y menos reparaciones en el futuro. Si quieres las mejores selladoras de grietas de <a href=\"https:\/\/etnyre.com\/es\/equipos-de-mantenimiento-de-carreteras-iowa\/\">Iowa<\/a>, elige Etnyre.     <\/p>\n<h3>Sobre Etnyre<\/h3>\n<p>Durante m\u00e1s de un siglo, <a href=\"https:\/\/etnyre.com\/es\/sobre-nosotros\/\">ED Etnyre &amp; Co.<\/a> ha establecido el est\u00e1ndar de oro en la fabricaci\u00f3n de equipos de asfalto. Nuestro compromiso con la calidad, la fiabilidad y el rendimiento nos ha convertido en un nombre de confianza en la <a href=\"https:\/\/etnyre.com\/es\/equipo-de-construccion-de-carreteras\/\">construcci\u00f3n de carreteras<\/a>. Desde selladoras de grietas hasta soluciones completas de mantenimiento de carreteras, ofrecemos asistencia personalizada y tecnolog\u00eda de vanguardia dise\u00f1ada para mantener las carreteras de Estados Unidos en plena forma.  <\/p>\n<div class=\"left-img\"><img loading=\"lazy\" decoding=\"async\" class=\"alignnone\" src=\"https:\/\/etnyre.com\/wp-content\/uploads\/2024\/12\/worker-using-a-sealcoating-brush-during-asphalt-resurfacing-project.jpg\" alt=\"Un reparador de asfalto aborda un trabajo de reparaci\u00f3n. Adem\u00e1s de selladores de grietas en Iowa, E.D. Etnyre &amp; Co. proporciona equipos de reparaci\u00f3n de asfalto para empresas.\" width=\"500\" height=\"350\" title=\"\"><\/div>\n<h3>Contacta con ED Etnyre &amp; Co. Hoy <\/h3>\n<p>\u00bfPreparado para mejorar el mantenimiento de tus carreteras? Ponte en <a href=\"https:\/\/etnyre.com\/es\/contactenos\/\">contacto con ED Etnyre &amp; Co.<\/a> para obtener las mejores selladoras de grietas de Iowa y para todas tus necesidades de equipos de mantenimiento de carreteras. Ll\u00e1manos al <a href=\"tel:8157322116\">815-732-2116<\/a> para saber c\u00f3mo podemos ayudarte a afrontar los retos m\u00e1s dif\u00edciles de la reparaci\u00f3n de carreteras. <\/p>\n","protected":false},"excerpt":{"rendered":"<p>Sella las carreteras de Iowa con confianza con los principales selladores de grietas de Etnyre Las carreteras de asfalto soportan una paliza constante de tr\u00e1fico, tiempo y tiempo, lo que provoca grietas y baches inevitables. Para los equipos de mantenimiento de carreteras de todo Iowa, el reto es real, pero tambi\u00e9n lo es la soluci\u00f3n. &hellip; <a href=\"https:\/\/etnyre.com\/es\/selladores-de-grietas-iowa\/\" class=\"more-link\">Continue reading <span class=\"screen-reader-text\">Selladores de grietas Iowa<\/span><\/a><\/p>\n","protected":false},"author":1,"featured_media":8529,"parent":0,"menu_order":0,"comment_status":"closed","ping_status":"closed","template":"","meta":{"_acf_changed":false,"footnotes":""},"class_list":["post-13086","page","type-page","status-publish","has-post-thumbnail","hentry"],"acf":[],"_links":{"self":[{"href":"https:\/\/etnyre.com\/es\/wp-json\/wp\/v2\/pages\/13086","targetHints":{"allow":["GET"]}}],"collection":[{"href":"https:\/\/etnyre.com\/es\/wp-json\/wp\/v2\/pages"}],"about":[{"href":"https:\/\/etnyre.com\/es\/wp-json\/wp\/v2\/types\/page"}],"author":[{"embeddable":true,"href":"https:\/\/etnyre.com\/es\/wp-json\/wp\/v2\/users\/1"}],"replies":[{"embeddable":true,"href":"https:\/\/etnyre.com\/es\/wp-json\/wp\/v2\/comments?post=13086"}],"version-history":[{"count":3,"href":"https:\/\/etnyre.com\/es\/wp-json\/wp\/v2\/pages\/13086\/revisions"}],"predecessor-version":[{"id":14222,"href":"https:\/\/etnyre.com\/es\/wp-json\/wp\/v2\/pages\/13086\/revisions\/14222"}],"wp:featuredmedia":[{"embeddable":true,"href":"https:\/\/etnyre.com\/es\/wp-json\/wp\/v2\/media\/8529"}],"wp:attachment":[{"href":"https:\/\/etnyre.com\/es\/wp-json\/wp\/v2\/media?parent=13086"}],"curies":[{"name":"wp","href":"https:\/\/api.w.org\/{rel}","templated":true}]}}