{"id":13145,"date":"2024-12-17T10:37:19","date_gmt":"2024-12-17T10:37:19","guid":{"rendered":"https:\/\/etnyre.com\/selladores-de-grietas-minnesota\/"},"modified":"2025-05-28T06:13:23","modified_gmt":"2025-05-28T06:13:23","slug":"selladores-de-grietas-minnesota","status":"publish","type":"page","link":"https:\/\/etnyre.com\/es\/selladores-de-grietas-minnesota\/","title":{"rendered":"Selladores de grietas Minnesota"},"content":{"rendered":"<h3>Mantenimiento de carreteras m\u00e1s f\u00e1cil gracias a los selladores de grietas de Etnyre para Minnesota<\/h3>\n<p>\u00bfTu empresa contratista realiza trabajos importantes de construcci\u00f3n y mantenimiento de carreteras asfaltadas? Desde luego, en el Estado de la Estrella del Norte no faltan carreteras que requieren reparaci\u00f3n o actualizaci\u00f3n. Sin embargo, como contratistas de asfalto de tu zona, \u00bftienes todo lo que necesitas para prestar unos <a href=\"https:\/\/etnyre.com\/es\/reparacion-del-asfalto\/\">servicios excepcionales de reparaci\u00f3n y mantenimiento del asfalto<\/a>? Tu empresa necesita lo mejor en equipos esenciales, como las selladoras de grietas en Minnesota. Afortunadamente, con E.D. Etnyre &amp; Co., lo mejor es lo que obtienes con cada producto que dise\u00f1amos y fabricamos.     \u00a1Llama hoy para saber m\u00e1s!<\/p>\n<h3>La importancia del sellado de grietas<\/h3>\n<p>Aunque la repavimentaci\u00f3n del asfalto siempre es una opci\u00f3n para restaurar las calzadas deterioradas, se puede trabajar antes de que el asfalto llegue a tal estado. Los contratistas locales de asfalto siempre est\u00e1n buscando la maquinaria adecuada para ayudar a los clientes a mantener el asfalto sin necesidad de reparar, sustituir o repavimentar el pavimento. Ah\u00ed es donde <a href=\"https:\/\/etnyre.com\/es\/selladores-de-grietas-iowa\/\">las selladoras de<\/a> grietas benefician a los contratistas y a sus clientes. Gracias al uso de selladoras de grietas para el mantenimiento del asfalto, puedes esperar:   <\/p>\n<ul class=\"col-2\">\n<li>Protecci\u00f3n contra da\u00f1os por agua<\/li>\n<li>Prevenci\u00f3n de un mayor deterioro del pavimento<\/li>\n<li>Reparaciones menos costosas<\/li>\n<li>Mejora el atractivo est\u00e9tico del pavimento<\/li>\n<li>Aumenta la seguridad de conductores y peatones<\/li>\n<li>Restaura la integridad estructural del pavimento<\/li>\n<li>Soluci\u00f3n asequible para la reparaci\u00f3n del asfalto<\/li>\n<li>Mejora el drenaje de tus calzadas<\/li>\n<li>Cumplimiento de todas las normas reglamentarias<\/li>\n<\/ul>\n<h3>\u00a1Echa un vistazo al sellador de grietas Etnyre!<\/h3>\n<p>En cuanto a selladoras de grietas en Minnesota, hay pocas m\u00e1s r\u00e1pidas y eficaces que la Selladora de Grietas Etnyre. Nuestras m\u00e1quinas son de las mejores que existen, con sistemas de calefacci\u00f3n y circulaci\u00f3n de \u00faltima generaci\u00f3n que aceleran la velocidad de sellado, reduciendo a su vez el tiempo de inactividad de los contratistas. Como resultado, las empresas que invierten en selladoras de grietas Etnyre ven una mayor producci\u00f3n y un menor coste por turno en cada nuevo trabajo de sellado de grietas. Otras caracter\u00edsticas de nuestras selladoras de grietas son:   <\/p>\n<ul>\n<li>Controles f\u00e1ciles de usar que permiten el funcionamiento autom\u00e1tico o manual<\/li>\n<li>Un quemador de gas\u00f3leo de alta presi\u00f3n cerrado con encendido autom\u00e1tico<\/li>\n<li>Utilizaci\u00f3n de un sistema ecol\u00f3gico sin cisternas<\/li>\n<li>Dos puertas de carga de sellante permiten acceder f\u00e1cilmente a los sistemas de la selladora<\/li>\n<li>Un sistema de calefacci\u00f3n de aceite caliente de circuito cerrado y caudal controlado<\/li>\n<li>Opciones de capacidad del dep\u00f3sito de sellante de 250 \u00f3 400 galones<\/li>\n<\/ul>\n<h3>\u00bfQu\u00e9 m\u00e1s ofrecemos?<\/h3>\n<p>Por supuesto, \u00a1la oferta de m\u00e1quinas de Etnyre no se limita a las selladoras de grietas! Como fabricante preferido de equipos de mantenimiento del asfalto en Estados Unidos, suministramos varias m\u00e1quinas \u00fanicas para nuestros clientes. Cada m\u00e1quina es resistente, f\u00e1cil de controlar y garantiza una gran reducci\u00f3n de los tiempos y costes operativos de tus proyectos de asfalto m\u00e1s extensos. Algunos de nuestros equipos adicionales incluyen:   <\/p>\n<ul class=\"col-3\">\n<li><a href=\"https:\/\/etnyre.com\/es\/esparcidores-de-chips\/\">Esparcidores de chips<\/a><\/li>\n<li><a href=\"https:\/\/etnyre.com\/es\/distribuidores-de-asfalto\/\">Distribuidores de asfalto<\/a><\/li>\n<li><a href=\"https:\/\/etnyre.com\/es\/caja-de-escobas-scrub-seal\/\">Caja de escobas Scrub Seal<\/a><\/li>\n<li><a href=\"https:\/\/etnyre.com\/lowboy-trailers\/\">Remolques Lowboy<\/a><\/li>\n<li><a href=\"https:\/\/etnyre.com\/es\/transportes-de-asfalto\/\">Transportes asf\u00e1lticos<\/a><\/li>\n<li><a href=\"https:\/\/etnyre.com\/es\/venta-de-remolques-de-fondo-vivo\/\">Remolques inferiores vivos<\/a><\/li>\n<li><a href=\"https:\/\/etnyre.com\/es\/selladoras-de-lodos\/\">Selladoras de lodos<\/a><\/li>\n<li><a href=\"https:\/\/etnyre.com\/es\/venta-de-equipos-de-revestimiento\/\">Equipos de sellado<\/a><\/li>\n<li>Y m\u00e1s<\/li>\n<\/ul>\n<div class=\"left-img\"><img loading=\"lazy\" decoding=\"async\" class=\"alignnone\" src=\"https:\/\/etnyre.com\/wp-content\/uploads\/2024\/01\/IMG_0872-500x350.jpg\" alt=\"Selladores de grietas amarillos Minnesota fabricados por Etnyre\" width=\"500\" height=\"350\" title=\"\"><\/div>\n<h3>Comenta tus necesidades de maquinaria de asfalto con Etnyre<\/h3>\n<p>Si eres contratista de asfalto y necesitas maquinaria nueva para asfalto, como selladoras de grietas <a href=\"https:\/\/etnyre.com\/es\/equipo-de-revestimiento-sellador-minnesota\/\">en Minnesota<\/a>, \u00a1est\u00e1s de suerte! \u00a1E.D. Etnyre &amp; Co. ofrece la mejor maquinaria del mercado a un precio asequible! Si quieres saber m\u00e1s sobre Etnyre y nuestros camiones, remolques y distribuidores de asfalto de alta calidad, ponte en contacto con nosotros en el <a href=\"tel:8157322116\">815-732-2116<\/a>. Estamos orgullosos de servir a clientes de <a href=\"https:\/\/etnyre.com\/es\/selladores-de-grietas-arizona\/\">Arizona<\/a>, <a href=\"https:\/\/etnyre.com\/es\/selladores-de-grietas-kansas\/\">Kansas<\/a>, California, <a href=\"https:\/\/etnyre.com\/es\/selladores-de-grietas-texas\/\">Texas<\/a>, <a href=\"https:\/\/etnyre.com\/es\/selladores-de-grietas-illinois\/\">Illinois<\/a> y de todo Estados Unidos.   <\/p>\n","protected":false},"excerpt":{"rendered":"<p>Mantenimiento de carreteras m\u00e1s f\u00e1cil gracias a los selladores de grietas de Etnyre para Minnesota \u00bfTu empresa contratista realiza trabajos importantes de construcci\u00f3n y mantenimiento de carreteras asfaltadas? Desde luego, en el Estado de la Estrella del Norte no faltan carreteras que requieren reparaci\u00f3n o actualizaci\u00f3n. Sin embargo, como contratistas de asfalto de tu zona, &hellip; <a href=\"https:\/\/etnyre.com\/es\/selladores-de-grietas-minnesota\/\" class=\"more-link\">Continue reading <span class=\"screen-reader-text\">Selladores de grietas Minnesota<\/span><\/a><\/p>\n","protected":false},"author":1,"featured_media":13136,"parent":0,"menu_order":0,"comment_status":"closed","ping_status":"closed","template":"","meta":{"_acf_changed":false,"footnotes":""},"class_list":["post-13145","page","type-page","status-publish","has-post-thumbnail","hentry"],"acf":[],"_links":{"self":[{"href":"https:\/\/etnyre.com\/es\/wp-json\/wp\/v2\/pages\/13145","targetHints":{"allow":["GET"]}}],"collection":[{"href":"https:\/\/etnyre.com\/es\/wp-json\/wp\/v2\/pages"}],"about":[{"href":"https:\/\/etnyre.com\/es\/wp-json\/wp\/v2\/types\/page"}],"author":[{"embeddable":true,"href":"https:\/\/etnyre.com\/es\/wp-json\/wp\/v2\/users\/1"}],"replies":[{"embeddable":true,"href":"https:\/\/etnyre.com\/es\/wp-json\/wp\/v2\/comments?post=13145"}],"version-history":[{"count":2,"href":"https:\/\/etnyre.com\/es\/wp-json\/wp\/v2\/pages\/13145\/revisions"}],"predecessor-version":[{"id":13756,"href":"https:\/\/etnyre.com\/es\/wp-json\/wp\/v2\/pages\/13145\/revisions\/13756"}],"wp:featuredmedia":[{"embeddable":true,"href":"https:\/\/etnyre.com\/es\/wp-json\/wp\/v2\/media\/13136"}],"wp:attachment":[{"href":"https:\/\/etnyre.com\/es\/wp-json\/wp\/v2\/media?parent=13145"}],"curies":[{"name":"wp","href":"https:\/\/api.w.org\/{rel}","templated":true}]}}