{"id":13146,"date":"2024-12-17T10:38:34","date_gmt":"2024-12-17T10:38:34","guid":{"rendered":"https:\/\/etnyre.com\/selladores-de-grietas-nevada\/"},"modified":"2025-05-28T06:13:22","modified_gmt":"2025-05-28T06:13:22","slug":"selladores-de-grietas-nevada","status":"publish","type":"page","link":"https:\/\/etnyre.com\/es\/selladores-de-grietas-nevada\/","title":{"rendered":"Selladores de grietas Nevada"},"content":{"rendered":"<h3>Allana el camino hacia un mejor cuidado de las carreteras con los mejores selladores de grietas de Nevada<\/h3>\n<p>Como contratista de asfalto, siempre est\u00e1s buscando la mejor maquinaria de asfalto disponible. Sin embargo, puede ser dif\u00edcil encontrar maquinaria resistente, que funcione con rapidez, que sea f\u00e1cil de manejar para cualquiera y que tenga el precio adecuado. Afortunadamente, puedes recibir algunas de las <a href=\"https:\/\/etnyre.com\/es\/las-mejores-maquinas-de-asfalto\/\">mejores m\u00e1quinas de asfalto<\/a> de Estados Unidos sin arruinarte comprando a trav\u00e9s de E.D. Etnyre &amp; Co. Nuestra selecci\u00f3n de <a href=\"https:\/\/etnyre.com\/asphalt-equipment-nevada\/\">maquinaria<\/a> para asfalto es inigualable, incluidas nuestras selladoras de grietas para contratistas de Nevada. Si quieres m\u00e1s informaci\u00f3n, llama a Etnyre hoy mismo.    <\/p>\n<h3>A\u00f1ade selladores de grietas a tu flota de equipos de asfalto<\/h3>\n<p>Si a\u00fan no tienes selladoras de grietas, es una pieza esencial de la maquinaria en la que todo contratista de asfalto deber\u00eda invertir. Probablemente recibas muchas llamadas para el mantenimiento y la reparaci\u00f3n est\u00e1ndar del asfalto. Sin embargo, sin una selladora de grietas, no puedes aplicar el cuidado asf\u00e1ltico asequible que m\u00e1s desean tus clientes. Por ello, disponer de selladoras de grietas resulta esencial para las operaciones de cualquier contratista de asfalto. Gracias a los selladores de grietas, los contratistas y sus clientes pueden esperar:    <\/p>\n<ul class=\"col-2\">\n<li>Protecci\u00f3n eficaz contra los da\u00f1os causados por el agua<\/li>\n<li>Menor deterioro de las superficies pavimentadas<\/li>\n<li>Reducci\u00f3n de costosas reparaciones futuras<\/li>\n<li>Mejora el atractivo visual de tu pavimento<\/li>\n<li>Mayor seguridad para conductores y peatones<\/li>\n<li>Restauraci\u00f3n de la integridad estructural del pavimento<\/li>\n<li>M\u00e1s asequible que otras reparaciones y repavimentaciones de asfalto<\/li>\n<li>Promoci\u00f3n de un mejor drenaje de las calzadas<\/li>\n<li>Cumplimiento de todas las normas reglamentarias<\/li>\n<\/ul>\n<h3>Presentamos el Sellador de Grietas Etnyre<\/h3>\n<p>Gracias a las selladoras de grietas de \u00faltima generaci\u00f3n de Etnyre, se puede realizar el mantenimiento y sellado menor de cualquier calzada, camino de entrada, solar o superficie de pavimento asf\u00e1ltico en cuesti\u00f3n de horas. Nuestras m\u00e1quinas de calentamiento r\u00e1pido proporcionan un sellado r\u00e1pido, reduciendo las necesidades de mano de obra y los costes para contratistas y clientes. De hecho, la Selladora de Grietas Etnyre es uno de los sistemas de calentamiento y circulaci\u00f3n m\u00e1s r\u00e1pidos de m\u00e1quinas similares del mercado. Algunas de las caracter\u00edsticas adicionales de nuestras m\u00e1quinas son   <\/p>\n<ul>\n<li>Controles intuitivos con funcionamiento autom\u00e1tico y manual para mayor flexibilidad<\/li>\n<li>Quemador de gas\u00f3leo de alta presi\u00f3n con dise\u00f1o cerrado y encendido autom\u00e1tico para mayor seguridad y eficacia<\/li>\n<li>Sistema ecol\u00f3gico sin descarga para un funcionamiento sostenible<\/li>\n<li>Puertas dobles de carga de sellante para acceder c\u00f3modamente a los componentes de la selladora<\/li>\n<li>Avanzado sistema de calefacci\u00f3n de aceite caliente de circuito cerrado y flujo controlado para una gesti\u00f3n precisa de la temperatura<\/li>\n<li>Opciones de capacidad del dep\u00f3sito de sellante de 250 \u00f3 400 galones para adaptarse a diferentes necesidades<\/li>\n<\/ul>\n<h3>\u00bfQu\u00e9 m\u00e1s puede ofrecer Etnyre?<\/h3>\n<p><a href=\"https:\/\/etnyre.com\/es\/selladores-de-grietas-mejor-valorados\/\">Las selladoras de grietas<\/a> de <a href=\"https:\/\/etnyre.com\/es\/equipos-de-mantenimiento-de-carreteras-nevada\/\">Nevada<\/a> no son el \u00fanico equipo de asfalto que Etnyre dise\u00f1a y produce. Desde productos para la <a href=\"https:\/\/etnyre.com\/es\/esparcidores-de-virutas-nevada\/\">pavimentaci\u00f3n con sello de virutas<\/a> hasta <a href=\"https:\/\/etnyre.com\/es\/los-mejores-camiones-de-revestimiento\/\">camiones<\/a> y remolques para el sellado, nuestra empresa puede satisfacer las necesidades mec\u00e1nicas de cualquier contratista de asfalto de EE.UU. y del mundo. Aqu\u00ed tienes algunos ejemplos de la excepcional maquinaria de asfalto que vendemos:  <\/p>\n<ul class=\"col-3\">\n<li><a href=\"https:\/\/etnyre.com\/es\/esparcidores-de-chips\/\">Esparcidores de chips<\/a><\/li>\n<li><a href=\"https:\/\/etnyre.com\/es\/distribuidores-de-asfalto-nevada\/\">Distribuidores de asfalto<\/a><\/li>\n<li><a href=\"https:\/\/etnyre.com\/es\/caja-de-escobas-scrub-seal\/\">Caja de escobas Scrub Seal<\/a><\/li>\n<li><a href=\"https:\/\/etnyre.com\/lowboy-trailers\/\">Remolques Lowboy<\/a><\/li>\n<li><a href=\"https:\/\/etnyre.com\/es\/transportes-de-asfalto\/\">Transportes asf\u00e1lticos<\/a><\/li>\n<li><a href=\"https:\/\/etnyre.com\/sales\/live-bottom-trailers\/\">Remolques inferiores vivos<\/a><\/li>\n<li><a href=\"https:\/\/etnyre.com\/es\/selladoras-de-lodos\/\">Selladoras de lodos<\/a><\/li>\n<li><a href=\"https:\/\/etnyre.com\/es\/equipo-de-sellado-nevada\/\">Equipos de sellado<\/a><\/li>\n<li>Y m\u00e1s<\/li>\n<\/ul>\n<div class=\"left-img\"><img loading=\"lazy\" decoding=\"async\" class=\"alignnone\" src=\"https:\/\/etnyre.com\/wp-content\/uploads\/2024\/12\/Crack-Sealers-Nevada-seo2-500x350.jpg\" alt=\"Nuevos selladores de grietas de calentamiento r\u00e1pido en Nevada, vendidos por Etnyre\" width=\"500\" height=\"350\" title=\"\"><\/div>\n<h3>Llama hoy a Etnyre<\/h3>\n<p>Puedes estar seguro de que, cuando se trata de los mejores equipos de asfalto y selladoras de virutas para Nevada y los estados circundantes, los contratistas de asfalto conf\u00edan en E.D. Etnyre &amp; Co. para la maquinaria de mayor calidad y m\u00e1s asequible disponible. Para obtener m\u00e1s informaci\u00f3n sobre Etnyre y nuestras ofertas de equipos adicionales, ponte en contacto con nosotros hoy mismo en el <a href=\"tel:8157322116\">815-732-2116<\/a>. Estamos orgullosos de servir a clientes de <a href=\"https:\/\/etnyre.com\/es\/selladores-de-grietas-kansas\/\">Kansas<\/a>, Arizona, California, Texas, Illinois y de todo Estados Unidos.  <\/p>\n","protected":false},"excerpt":{"rendered":"<p>Allana el camino hacia un mejor cuidado de las carreteras con los mejores selladores de grietas de Nevada Como contratista de asfalto, siempre est\u00e1s buscando la mejor maquinaria de asfalto disponible. Sin embargo, puede ser dif\u00edcil encontrar maquinaria resistente, que funcione con rapidez, que sea f\u00e1cil de manejar para cualquiera y que tenga el precio &hellip; <a href=\"https:\/\/etnyre.com\/es\/selladores-de-grietas-nevada\/\" class=\"more-link\">Continue reading <span class=\"screen-reader-text\">Selladores de grietas Nevada<\/span><\/a><\/p>\n","protected":false},"author":1,"featured_media":13143,"parent":0,"menu_order":0,"comment_status":"closed","ping_status":"closed","template":"","meta":{"_acf_changed":false,"footnotes":""},"class_list":["post-13146","page","type-page","status-publish","has-post-thumbnail","hentry"],"acf":[],"_links":{"self":[{"href":"https:\/\/etnyre.com\/es\/wp-json\/wp\/v2\/pages\/13146","targetHints":{"allow":["GET"]}}],"collection":[{"href":"https:\/\/etnyre.com\/es\/wp-json\/wp\/v2\/pages"}],"about":[{"href":"https:\/\/etnyre.com\/es\/wp-json\/wp\/v2\/types\/page"}],"author":[{"embeddable":true,"href":"https:\/\/etnyre.com\/es\/wp-json\/wp\/v2\/users\/1"}],"replies":[{"embeddable":true,"href":"https:\/\/etnyre.com\/es\/wp-json\/wp\/v2\/comments?post=13146"}],"version-history":[{"count":3,"href":"https:\/\/etnyre.com\/es\/wp-json\/wp\/v2\/pages\/13146\/revisions"}],"predecessor-version":[{"id":14209,"href":"https:\/\/etnyre.com\/es\/wp-json\/wp\/v2\/pages\/13146\/revisions\/14209"}],"wp:featuredmedia":[{"embeddable":true,"href":"https:\/\/etnyre.com\/es\/wp-json\/wp\/v2\/media\/13143"}],"wp:attachment":[{"href":"https:\/\/etnyre.com\/es\/wp-json\/wp\/v2\/media?parent=13146"}],"curies":[{"name":"wp","href":"https:\/\/api.w.org\/{rel}","templated":true}]}}