{"id":13151,"date":"2024-12-17T10:46:35","date_gmt":"2024-12-17T10:46:35","guid":{"rendered":"https:\/\/etnyre.com\/distribuidores-de-asfalto-minnesota\/"},"modified":"2025-05-28T06:12:54","modified_gmt":"2025-05-28T06:12:54","slug":"distribuidores-de-asfalto-minnesota","status":"publish","type":"page","link":"https:\/\/etnyre.com\/es\/distribuidores-de-asfalto-minnesota\/","title":{"rendered":"Distribuidores de asfalto Minnesota"},"content":{"rendered":"<div class=\"right-img\"><iframe loading=\"lazy\" title=\"V\u00eddeo 360\u00ba del Distribuidor Etnyre\" src=\"https:\/\/www.youtube.com\/embed\/RH9u-KsGEvQ?rel=0\" width=\"500\" height=\"280\" frameborder=\"0\" allowfullscreen=\"allowfullscreen\"><\/iframe><\/div>\n<h3>\u00bfDeber\u00eda mi empresa comprar distribuidores de asfalto en Minnesota?<\/h3>\n<p>Si tu empresa se encarga de proyectos de construcci\u00f3n, mantenimiento y pavimentaci\u00f3n de carreteras, es recomendable invertir en nuevos distribuidores de asfalto en Minnesota. \u00c9stas son algunas de las ventajas m\u00e1s convincentes que puedes obtener de los equipos de E.D. Etnyre &amp; Company: <\/p>\n<ul class=\"clr\">\n<li><strong>Eficacia mejorada &#8211; <\/strong>Los distribuidores de asfalto Etnyre permiten una aplicaci\u00f3n precisa y r\u00e1pida del asfalto, lo que acelera significativamente el ritmo de finalizaci\u00f3n de los proyectos y reduce los gastos generales.<\/li>\n<li><strong>Mayor funcionalidad &#8211; <\/strong>Adem\u00e1s, nuestras m\u00e1quinas asfaltadoras pueden trabajar para diversas aplicaciones, como la pulverizaci\u00f3n de emulsiones, el sellado de virutas y el revestimiento de sellado.<\/li>\n<li><strong>Seguridad &#8211; <\/strong>El trabajo de calidad y precisi\u00f3n realizado por nuestras m\u00e1quinas crea pavimentos y calzadas que ofrecen una mayor resistencia al derrape y una mejor visibilidad de los carriles y otras marcas viales.<\/li>\n<li><strong>Personalizaci\u00f3n &#8211; <\/strong>Todos nuestros equipos vienen con funciones altamente personalizables que te permiten configurar la innovadora tecnolog\u00eda incluida para crear un flujo de trabajo m\u00e1s sencillo.<\/li>\n<\/ul>\n<p>Si tienes alguna pregunta sobre nuestros <a href=\"https:\/\/etnyre.com\/es\/distribuidores-de-asfalto-de-tennessee\/\">distribuidores de asfalto<\/a>, <a href=\"https:\/\/etnyre.com\/es\/esparcidores-de-virutas-tennessee\/\">esparcidores de gravilla<\/a>, <a href=\"https:\/\/etnyre.com\/es\/selladores-de-grietas-tennessee\/\">selladoras de grietas<\/a>, <a href=\"https:\/\/etnyre.com\/es\/equipos-de-revestimiento-tennessee\/\">equipos de sellado<\/a> u otros productos, podemos ayudarte. <a href=\"https:\/\/etnyre.com\/es\/contactenos\/\">Ponte en contacto con Etnyre<\/a> hoy mismo para solicitar un presupuesto gratuito, preguntar por las caracter\u00edsticas personalizadas u obtener m\u00e1s informaci\u00f3n sobre nuestras m\u00e1quinas.<\/p>\n<h3>\u00bfMerece la pena invertir en distribuidores de asfalto en Minnesota?<\/h3>\n<p>Como cualquier inversi\u00f3n, hay muchas consideraciones que revisar antes de que tu empresa decida si compra distribuidores de asfalto en Minnesota. He aqu\u00ed algunos de los principales factores que pueden afectar al proceso de toma de decisiones: <\/p>\n<ul>\n<li>Los <strong>ahorros a largo plazo compensan los costes iniciales &#8211; <\/strong>El coste inicial de los distribuidores de asfalto puede hacer que tu empresa se cuestione si comprar el equipo. Sin embargo, el ahorro en costes de mano de obra y materiales, as\u00ed como la mayor rapidez en la finalizaci\u00f3n de los proyectos, que te permiten gestionar m\u00e1s trabajo, ayudan a que las m\u00e1quinas se amorticen por s\u00ed solas. <\/li>\n<li><strong>Consideraciones sobre el mantenimiento &#8211; <\/strong>Dise\u00f1amos y fabricamos nuestros equipos para que ofrezcan un rendimiento superior con un mantenimiento m\u00ednimo. Por lo tanto, no debes preocuparte por los considerables costes de mantenimiento cuando inviertas en distribuidores de asfalto Etnyre. <\/li>\n<li><strong>Formaci\u00f3n del personal para utilizar las m\u00e1quinas &#8211; <\/strong>Otra ventaja de los equipos Etnyre es que dise\u00f1amos nuestras m\u00e1quinas con controles f\u00e1ciles de usar, lo que permite que incluso los operarios sin experiencia utilicen los distribuidores de asfalto con seguridad y eficacia. Por tanto, no tendr\u00e1s que preocuparte por un largo periodo de adaptaci\u00f3n de tu personal que pueda ralentizar tus operaciones y afectar al rendimiento. <\/li>\n<\/ul>\n<h3>\u00bfPor qu\u00e9 elegir a Etnyre Distribuidores de Asfalto?<\/h3>\n<p>Etnyre utiliza m\u00e1s de 100 a\u00f1os de experiencia en fabricaci\u00f3n y tecnolog\u00eda punta incorporada a nuestras m\u00e1quinas para ofrecer productos superiores. Nuestros distribuidores de asfalto Black-Topper\u00ae establecen la norma del sector en cuanto a precisi\u00f3n y calidad de aplicaci\u00f3n del asfalto. Cada m\u00e1quina ofrece un dise\u00f1o aerodin\u00e1mico que minimizar\u00e1 las exigencias de mantenimiento al tiempo que ofrece un rendimiento y una productividad de primera. Adem\u00e1s, puedes elegir entre una variedad de caracter\u00edsticas personalizadas para equipar las m\u00e1quinas y facilitar su integraci\u00f3n en tus operaciones. \u00c9stas son algunas de las caracter\u00edsticas m\u00e1s populares de nuestros distribuidores de asfalto Black-Topper\u00ae:    <\/p>\n<ul>\n<li>Controles de operaci\u00f3n para una sola persona cerca de la parte trasera del distribuidor o desde la cabina del cami\u00f3n<\/li>\n<li>Control de aplicaci\u00f3n de precisi\u00f3n con controles electr\u00f3nicos de velocidad de la bomba de asfalto<\/li>\n<li>Tama\u00f1os de dep\u00f3sito personalizados, con capacidades que oscilan entre 1.000 y 4.500 galones<\/li>\n<li>Una barra pulverizadora completa y circulante de 3,5 m que viene con alas plegables y cambio electrohidr\u00e1ulico<\/li>\n<li>Flujo de asfalto equilibrado y de doble alimentaci\u00f3n para una aplicaci\u00f3n uniforme en toda la barra<\/li>\n<li>M\u00e1quinas que cumplen todas las normativas federales para productos de asfalto caliente<\/li>\n<\/ul>\n<div class=\"left-img\"><img decoding=\"async\" src=\"https:\/\/etnyre.com\/wp-content\/uploads\/2023\/05\/S9129-500x350.png\" alt=\"Distribuidores de asfalto Minnesota\" title=\"\"><\/div>\n<h3>\u00bfTienes preguntas sobre los distribuidores de asfalto?<\/h3>\n<p>El personal de Etnyre est\u00e1 aqu\u00ed para ayudarte cuando necesites m\u00e1s informaci\u00f3n o respuestas a tus preguntas sobre nuestros distribuidores de asfalto en Minnesota. Para ponerte en contacto con nosotros, puedes escribirnos <a href=\"mailto:sales@etnyre.com\">a sales@etnyre.com<\/a> o enviarnos un mensaje a trav\u00e9s de nuestro <a href=\"https:\/\/etnyre.com\/es\/contactenos\/\">formulario de contacto<\/a>. Para respuestas por tel\u00e9fono, puedes llamar a nuestra oficina al <a href=\"tel:8157322116\">815-732-2116<\/a>.  <\/p>\n","protected":false},"excerpt":{"rendered":"<p>\u00bfDeber\u00eda mi empresa comprar distribuidores de asfalto en Minnesota? Si tu empresa se encarga de proyectos de construcci\u00f3n, mantenimiento y pavimentaci\u00f3n de carreteras, es recomendable invertir en nuevos distribuidores de asfalto en Minnesota. \u00c9stas son algunas de las ventajas m\u00e1s convincentes que puedes obtener de los equipos de E.D. Etnyre &amp; Company: Eficacia mejorada &#8211; &hellip; <a href=\"https:\/\/etnyre.com\/es\/distribuidores-de-asfalto-minnesota\/\" class=\"more-link\">Continue reading <span class=\"screen-reader-text\">Distribuidores de asfalto Minnesota<\/span><\/a><\/p>\n","protected":false},"author":1,"featured_media":0,"parent":0,"menu_order":0,"comment_status":"closed","ping_status":"closed","template":"","meta":{"_acf_changed":false,"footnotes":""},"class_list":["post-13151","page","type-page","status-publish","hentry"],"acf":[],"_links":{"self":[{"href":"https:\/\/etnyre.com\/es\/wp-json\/wp\/v2\/pages\/13151","targetHints":{"allow":["GET"]}}],"collection":[{"href":"https:\/\/etnyre.com\/es\/wp-json\/wp\/v2\/pages"}],"about":[{"href":"https:\/\/etnyre.com\/es\/wp-json\/wp\/v2\/types\/page"}],"author":[{"embeddable":true,"href":"https:\/\/etnyre.com\/es\/wp-json\/wp\/v2\/users\/1"}],"replies":[{"embeddable":true,"href":"https:\/\/etnyre.com\/es\/wp-json\/wp\/v2\/comments?post=13151"}],"version-history":[{"count":1,"href":"https:\/\/etnyre.com\/es\/wp-json\/wp\/v2\/pages\/13151\/revisions"}],"predecessor-version":[{"id":13818,"href":"https:\/\/etnyre.com\/es\/wp-json\/wp\/v2\/pages\/13151\/revisions\/13818"}],"wp:attachment":[{"href":"https:\/\/etnyre.com\/es\/wp-json\/wp\/v2\/media?parent=13151"}],"curies":[{"name":"wp","href":"https:\/\/api.w.org\/{rel}","templated":true}]}}