{"id":13152,"date":"2024-12-17T10:47:26","date_gmt":"2024-12-17T10:47:26","guid":{"rendered":"https:\/\/etnyre.com\/esparcidores-de-virutas-nevada\/"},"modified":"2025-05-28T06:12:53","modified_gmt":"2025-05-28T06:12:53","slug":"esparcidores-de-virutas-nevada","status":"publish","type":"page","link":"https:\/\/etnyre.com\/es\/esparcidores-de-virutas-nevada\/","title":{"rendered":"Esparcidores de virutas Nevada"},"content":{"rendered":"<h3>\u00bfDeber\u00eda mi empresa comprar esparcidores de gravilla asf\u00e1ltica en Nevada?<\/h3>\n<p>Si tu empresa mantiene o instala pavimento asf\u00e1ltico, puede completar m\u00e1s f\u00e1cilmente los proyectos y alcanzar objetivos a largo plazo invirtiendo en esparcidores de gravilla en Nevada. Aqu\u00ed tienes factores importantes que debes tener en cuenta al decidir si comprar <a href=\"https:\/\/etnyre.com\/es\/esparcidores-de-virutas-texas\/\">esparcidores de gravilla de as<\/a>falto: <\/p>\n<ul class=\"clr\">\n<li><strong>Tasas de finalizaci\u00f3n de proyectos m\u00e1s r\u00e1pidas &#8211; <\/strong>Si tu empresa realiza con frecuencia proyectos de <a href=\"https:\/\/etnyre.com\/es\/equipo-de-asfaltado-iowa\/\">sellado de<\/a> gravilla, la maquinaria de asfalto, como las esparcidoras de gravilla, es esencial para agilizar tus operaciones. Tus contratistas pueden aplicar con mayor rapidez y precisi\u00f3n \u00e1ridos y asfalto en grandes superficies con las <a href=\"https:\/\/etnyre.com\/es\/maquinas-de-asfaltado\/\">m\u00e1quinas de asfaltado de Etnyre<\/a>. <\/li>\n<li><strong>Mayor calidad y eficacia &#8211; <\/strong>Los esparcidores de gravilla asf\u00e1ltica garantizan una distribuci\u00f3n uniforme del \u00e1rido, una parte crucial para aumentar la longevidad y el rendimiento del pavimento.<\/li>\n<li><strong>Soluciones rentables &#8211; <\/strong>Adem\u00e1s, los esparcidores de gravilla asf\u00e1ltica reducen la mano de obra y agilizan el flujo de trabajo. Como resultado, tu empresa ahorra dinero a largo plazo en costes operativos y queda libre para gestionar m\u00e1s proyectos. <\/li>\n<li><strong>Captaci\u00f3n de clientes &#8211; <\/strong>Invertir en esparcidores de gravilla asf\u00e1ltica puede permitir a tu empresa acceder a una mayor variedad de clientes que si aplica \u00e1ridos y asfalto manualmente.<\/li>\n<\/ul>\n<p><a href=\"https:\/\/etnyre.com\/es\/contactenos\/\">Ponte en contacto con E.D. Etnyre &amp; Company<\/a> hoy mismo para saber m\u00e1s sobre los equipos innovadores y c\u00f3mo pueden beneficiarte.<\/p>\n<h3>\u00bfPor qu\u00e9 elegir esparcidores de virutas Etnyre en Nevada?<\/h3>\n<p>Nuestra empresa combina m\u00e1s de 100 a\u00f1os de experiencia con caracter\u00edsticas de dise\u00f1o innovadoras para crear los mejores esparcidores de gravilla de <a href=\"https:\/\/etnyre.com\/es\/equipos-de-mantenimiento-de-carreteras-nevada\/\">Nevada<\/a>. Todas nuestras m\u00e1quinas son altamente personalizables para satisfacer y superar las necesidades de las operaciones de tu empresa. Dise\u00f1amos nuestras m\u00e1quinas para aplicar con eficacia y precisi\u00f3n una cantidad controlada de \u00e1rido a la superficie del pavimento durante el proceso de sellado con virutas. Nuestros equipos consiguen resultados de alto rendimiento utilizando un sistema de transmisi\u00f3n hidrost\u00e1tica y una tolva de esparcimiento de anchura variable para aplicar m\u00faltiples tama\u00f1os de \u00e1ridos y velocidades de aplicaci\u00f3n. Adem\u00e1s, permiten una aplicaci\u00f3n fiable a trav\u00e9s de una gama completa de velocidades de desplazamiento y anchuras de esparcimiento. Algunas de las mejores caracter\u00edsticas de las esparcidoras de gravilla Etnyre son:     <\/p>\n<ul>\n<li>Tracci\u00f3n delantera o a las cuatro ruedas<\/li>\n<li>Motor diesel turboalimentado de 260 CV<\/li>\n<li>Control de velocidad y tasa de aplicaci\u00f3n por ordenador<\/li>\n<li>Cintas transportadoras de accionamiento hidrost\u00e1tico de 24 pulgadas de ancho<\/li>\n<li>Tolva de esparcido frontal de 12 a 24 pies con rodillo de esparcido de accionamiento hidrost\u00e1tico<\/li>\n<li>Tolva fija o variable<\/li>\n<li>Compuertas individuales para esquinas de radio sin esfuerzo<\/li>\n<li>Aletas plegables para un mejor uso del material<\/li>\n<li>Conjunto consola\/asiento deslizante manual<\/li>\n<\/ul>\n<div class=\"left-img\"><img decoding=\"async\" src=\"https:\/\/etnyre.com\/wp-content\/uploads\/2023\/05\/K7567-Var.-Width-Stock-500x350.png\" alt=\"Esparcidores de virutas Nevada\" title=\"\"><\/div>\n<h3>\u00bfTienes preguntas sobre los esparcidores de virutas Etnyre?<\/h3>\n<p>Nuestros representantes est\u00e1n a tu disposici\u00f3n, listos para ayudarte a encontrar respuestas a todas tus preguntas importantes sobre <a href=\"https:\/\/etnyre.com\/es\/esparcidores-de-virutas-minnesota\/\">esparcidores<\/a> de aglomerado asf\u00e1ltico en Nevada. No dejes de preguntar por las caracter\u00edsticas personalizables de todos nuestros equipos, incluidos <a href=\"https:\/\/etnyre.com\/es\/esparcidores-de-virutas-illinois\/\">esparcidores de gravilla<\/a>, <a href=\"https:\/\/etnyre.com\/es\/distribuidores-de-asfalto-illinois\/\">distribuidores de asfalto<\/a>, <a href=\"https:\/\/etnyre.com\/es\/caja-de-escobas-scrub-seal\/\">cajas de escoba de fregado<\/a>, <a href=\"https:\/\/etnyre.com\/es\/equipos-de-revestimiento-de-juntas-illinois\/\">equipos de sellado<\/a>, <a href=\"https:\/\/etnyre.com\/es\/selladores-de-grietas-illinois\/\">selladoras de grietas<\/a> y mucho m\u00e1s. <\/p>\n<p>Puedes ponerte en contacto con nuestro personal de ventas por correo electr\u00f3nico en cualquier momento enviando un mensaje a <a href=\"mailto:sales@etnyre.com\">sales@etnyre.com.<\/a> Adem\u00e1s, puedes ponerte en contacto con nosotros cuando te convenga a trav\u00e9s de nuestro <a href=\"https:\/\/etnyre.com\/es\/contactenos\/\">formulario de contacto en l\u00ednea<\/a>. Para hablar con alguien, puedes ponerte en contacto con nuestro personal llam\u00e1ndonos al <a href=\"tel:8157322116\">815-732-2116<\/a>. Podemos informarte de c\u00f3mo nuestros equipos pueden ayudarte a gestionar y completar de forma m\u00e1s eficaz y rentable los proyectos de reparaci\u00f3n e instalaci\u00f3n de pavimento asf\u00e1ltico, permitiendo que tu empresa obtenga una mayor rentabilidad.   <\/p>\n","protected":false},"excerpt":{"rendered":"<p>\u00bfDeber\u00eda mi empresa comprar esparcidores de gravilla asf\u00e1ltica en Nevada? Si tu empresa mantiene o instala pavimento asf\u00e1ltico, puede completar m\u00e1s f\u00e1cilmente los proyectos y alcanzar objetivos a largo plazo invirtiendo en esparcidores de gravilla en Nevada. Aqu\u00ed tienes factores importantes que debes tener en cuenta al decidir si comprar esparcidores de gravilla de asfalto: &hellip; <a href=\"https:\/\/etnyre.com\/es\/esparcidores-de-virutas-nevada\/\" class=\"more-link\">Continue reading <span class=\"screen-reader-text\">Esparcidores de virutas Nevada<\/span><\/a><\/p>\n","protected":false},"author":1,"featured_media":5383,"parent":0,"menu_order":0,"comment_status":"closed","ping_status":"closed","template":"","meta":{"_acf_changed":false,"footnotes":""},"class_list":["post-13152","page","type-page","status-publish","has-post-thumbnail","hentry"],"acf":[],"_links":{"self":[{"href":"https:\/\/etnyre.com\/es\/wp-json\/wp\/v2\/pages\/13152","targetHints":{"allow":["GET"]}}],"collection":[{"href":"https:\/\/etnyre.com\/es\/wp-json\/wp\/v2\/pages"}],"about":[{"href":"https:\/\/etnyre.com\/es\/wp-json\/wp\/v2\/types\/page"}],"author":[{"embeddable":true,"href":"https:\/\/etnyre.com\/es\/wp-json\/wp\/v2\/users\/1"}],"replies":[{"embeddable":true,"href":"https:\/\/etnyre.com\/es\/wp-json\/wp\/v2\/comments?post=13152"}],"version-history":[{"count":2,"href":"https:\/\/etnyre.com\/es\/wp-json\/wp\/v2\/pages\/13152\/revisions"}],"predecessor-version":[{"id":14212,"href":"https:\/\/etnyre.com\/es\/wp-json\/wp\/v2\/pages\/13152\/revisions\/14212"}],"wp:featuredmedia":[{"embeddable":true,"href":"https:\/\/etnyre.com\/es\/wp-json\/wp\/v2\/media\/5383"}],"wp:attachment":[{"href":"https:\/\/etnyre.com\/es\/wp-json\/wp\/v2\/media?parent=13152"}],"curies":[{"name":"wp","href":"https:\/\/api.w.org\/{rel}","templated":true}]}}