{"id":13153,"date":"2024-12-17T10:48:39","date_gmt":"2024-12-17T10:48:39","guid":{"rendered":"https:\/\/etnyre.com\/esparcidores-de-virutas-kansas\/"},"modified":"2025-05-28T06:12:51","modified_gmt":"2025-05-28T06:12:51","slug":"esparcidores-de-virutas-kansas","status":"publish","type":"page","link":"https:\/\/etnyre.com\/es\/esparcidores-de-virutas-kansas\/","title":{"rendered":"Esparcidores de virutas Kansas"},"content":{"rendered":"<h3>Protege las carreteras de Kansas con los mejores esparcidores de gravilla<\/h3>\n<p>Una de las mejores formas de evitar costosos proyectos de construcci\u00f3n de carreteras es ocuparse de su mantenimiento antes de que el desgaste normal pase factura. Por eso Etnyre se ha dedicado a dise\u00f1ar los <a href=\"https:\/\/etnyre.com\/es\/los-mejores-esparcidores-de-virutas\/\">esparcidores de gravilla<\/a> mejor valorados de Kansas. Nuestra avanzada tecnolog\u00eda ayuda a garantizar que tus carreteras permanezcan seguras, lisas y abiertas a largo plazo. En Etnyre, vamos m\u00e1s all\u00e1 de suministrar productos. Tambi\u00e9n prometemos calidad, innovaci\u00f3n y eficacia en todo lo que hacemos. Este compromiso con la excelencia es lo que denominamos la promesa \u00abcarretera Etnyre\u00bb, con la que ayudamos a allanar el camino hacia unas carreteras m\u00e1s seguras y duraderas.     <\/p>\n<h3>Por qu\u00e9 asfaltar las carreteras de Kansas<\/h3>\n<p>Pocas cosas son m\u00e1s cruciales que la seguridad de nuestras carreteras. Por eso las superficies selladas son una elecci\u00f3n inteligente. Los equipos de asfaltado de Etnyre garantizan superficies que ofrecen una protecci\u00f3n superior a los conductores, con caracter\u00edsticas antideslizantes y antideslumbrantes. Estas cualidades mejoran la seguridad en todas las condiciones -de d\u00eda o de noche, llueva o haga sol-, ayudando a los conductores a mantener el control y la visibilidad. Con la avanzada <a href=\"https:\/\/etnyre.com\/es\/asfaltado\/\">tecnolog\u00eda de asfaltado<\/a> de Etnyre, puedes estar seguro de que las carreteras que gestionas ser\u00e1n m\u00e1s seguras y fiables para todos los que las utilicen.    <\/p>\n<p>Aunque hay una inversi\u00f3n inicial en equipos de sellado de virutas, el coste total de materiales y mano de obra es sencillo y asequible. Las extendedoras de asfalto Etnyre est\u00e1n dise\u00f1adas pensando en la eficiencia, lo que te permite reducir los gastos operativos con el tiempo. Esto significa que puedes repercutir el ahorro a tus clientes manteniendo un servicio de m\u00e1xima calidad. Con menores costes de mantenimiento y menos reparaciones necesarias, invertir en las soluciones de sellado de virutas de Etnyre es un movimiento estrat\u00e9gico para ahorrar a largo plazo.   <\/p>\n<p>Adem\u00e1s, el sellado de gravilla no s\u00f3lo es rentable, sino tambi\u00e9n una forma excelente de prolongar la vida \u00fatil de tus carreteras. Con una aplicaci\u00f3n adecuada, el sellado de virutas puede a\u00f1adir hasta 12 a\u00f1os de vida a tu pavimento, retrasando significativamente los efectos del desgaste. Los equipos de \u00faltima generaci\u00f3n de Etnyre garantizan un sellado preciso y duradero que ayuda a mantener tus carreteras abiertas, operativas y seguras durante a\u00f1os. Al invertir en esparcidores de gravilla en <a href=\"https:\/\/etnyre.com\/es\/equipos-de-mantenimiento-de-carreteras-kansas\/\">Kansas<\/a>, est\u00e1s tomando una decisi\u00f3n proactiva que protege tu infraestructura y ahorra en futuros costes de reconstrucci\u00f3n. Y con el compromiso de Etnyre de proporcionar equipos de sellado de virutas de primer nivel, eliges seguridad, rentabilidad y durabilidad a largo plazo, garantizando el mejor rendimiento para tus carreteras.    <\/p>\n<h3>Sobre Etnyre<\/h3>\n<p>Para garantizar que tu equipo obtiene la soluci\u00f3n ideal para tu negocio, ofrecemos una variedad de personalizaciones que hacen que los esparcidores <a href=\"https:\/\/etnyre.com\/es\/esparcidores-de-virutas-nevada\/\">de<\/a> gravilla Etnyre se adapten perfectamente a tus necesidades espec\u00edficas. Nuestros esparcidores de gravilla vienen equipados con las siguientes caracter\u00edsticas: <\/p>\n<ul>\n<li>Opciones de tracci\u00f3n delantera o trasera para mejorar la maniobrabilidad<\/li>\n<li>Un potente motor diesel turboalimentado de 260 CV<\/li>\n<li>Tasa de aplicaci\u00f3n y control de velocidad controlados por ordenador para mayor precisi\u00f3n y eficacia<\/li>\n<li>Alas de murci\u00e9lago plegables para optimizar el uso del material<\/li>\n<li>Compuertas individuales para manipular sin esfuerzo las esquinas con radio<\/li>\n<li>Una consola deslizante manual y un conjunto de asiento dise\u00f1ados para la comodidad del operador<\/li>\n<\/ul>\n<p>Y eso es s\u00f3lo el principio. Nuestros <a href=\"https:\/\/etnyre.com\/es\/esparcidores-de-virutas\/\">esparcidores de gravilla<\/a> est\u00e1n dise\u00f1ados para ofrecer rendimiento y fiabilidad, a la medida de las exigencias de tu proyecto. <\/p>\n<div class=\"left-img\"><img loading=\"lazy\" decoding=\"async\" class=\"alignnone\" src=\"https:\/\/etnyre.com\/wp-content\/uploads\/2024\/10\/worker-levelling-fresh-asphalt-on-a-road-construction-site.jpg\" alt=\"Etnyre construye esparcidores de virutas de alta calidad para las empresas de asfalto de Kansas\" width=\"500\" height=\"350\" title=\"\"><\/div>\n<h3>Contacta con ED Etnyre &amp; Co. Hoy <\/h3>\n<p>Elige Etnyre, el proveedor l\u00edder de <a href=\"https:\/\/etnyre.com\/es\/esparcidores-de-virutas-minnesota\/\">esparcidores de gravilla<\/a> en <a href=\"https:\/\/etnyre.com\/es\/selladores-de-grietas-kansas\/\">Kansas<\/a>. Con nuestros equipos de primer nivel, podr\u00e1s ofrecer a tus clientes un servicio r\u00e1pido, eficaz y fiable en todo momento. <a href=\"https:\/\/etnyre.com\/es\/contactenos\/\">Ponte en contacto con nosotros<\/a> hoy mismo en el <a href=\"tel:8157322116\">815-732-2116<\/a> para saber c\u00f3mo podemos ayudarte en tu negocio de asfalto. <\/p>\n","protected":false},"excerpt":{"rendered":"<p>Protege las carreteras de Kansas con los mejores esparcidores de gravilla Una de las mejores formas de evitar costosos proyectos de construcci\u00f3n de carreteras es ocuparse de su mantenimiento antes de que el desgaste normal pase factura. Por eso Etnyre se ha dedicado a dise\u00f1ar los esparcidores de gravilla mejor valorados de Kansas. Nuestra avanzada &hellip; <a href=\"https:\/\/etnyre.com\/es\/esparcidores-de-virutas-kansas\/\" class=\"more-link\">Continue reading <span class=\"screen-reader-text\">Esparcidores de virutas Kansas<\/span><\/a><\/p>\n","protected":false},"author":1,"featured_media":8517,"parent":0,"menu_order":0,"comment_status":"closed","ping_status":"closed","template":"","meta":{"_acf_changed":false,"footnotes":""},"class_list":["post-13153","page","type-page","status-publish","has-post-thumbnail","hentry"],"acf":[],"_links":{"self":[{"href":"https:\/\/etnyre.com\/es\/wp-json\/wp\/v2\/pages\/13153","targetHints":{"allow":["GET"]}}],"collection":[{"href":"https:\/\/etnyre.com\/es\/wp-json\/wp\/v2\/pages"}],"about":[{"href":"https:\/\/etnyre.com\/es\/wp-json\/wp\/v2\/types\/page"}],"author":[{"embeddable":true,"href":"https:\/\/etnyre.com\/es\/wp-json\/wp\/v2\/users\/1"}],"replies":[{"embeddable":true,"href":"https:\/\/etnyre.com\/es\/wp-json\/wp\/v2\/comments?post=13153"}],"version-history":[{"count":2,"href":"https:\/\/etnyre.com\/es\/wp-json\/wp\/v2\/pages\/13153\/revisions"}],"predecessor-version":[{"id":14219,"href":"https:\/\/etnyre.com\/es\/wp-json\/wp\/v2\/pages\/13153\/revisions\/14219"}],"wp:featuredmedia":[{"embeddable":true,"href":"https:\/\/etnyre.com\/es\/wp-json\/wp\/v2\/media\/8517"}],"wp:attachment":[{"href":"https:\/\/etnyre.com\/es\/wp-json\/wp\/v2\/media?parent=13153"}],"curies":[{"name":"wp","href":"https:\/\/api.w.org\/{rel}","templated":true}]}}