{"id":13154,"date":"2024-12-17T10:48:58","date_gmt":"2024-12-17T10:48:58","guid":{"rendered":"https:\/\/etnyre.com\/distribuidores-de-asfalto-iowa\/"},"modified":"2026-01-06T17:18:29","modified_gmt":"2026-01-06T17:18:29","slug":"distribuidores-de-asfalto-iowa","status":"publish","type":"page","link":"https:\/\/etnyre.com\/es\/distribuidores-de-asfalto-iowa\/","title":{"rendered":"Distribuidores de asfalto Iowa"},"content":{"rendered":"<h3>Etnyre ofrece el equipo de asfalto que necesitan las cuadrillas de Iowa<\/h3>\n<p>La durabilidad del asfalto lo convierte en la mejor opci\u00f3n para muchos equipos de mantenimiento. Esto es especialmente cierto en Iowa, donde la maquinaria agr\u00edcola pesada y las fluctuantes temperaturas estacionales pasan factura a las carreteras. Para conseguir el mejor firme posible, es esencial contar con distribuidores de asfalto de alta calidad. Durante a\u00f1os, <a href=\"https:\/\/etnyre.com\/black-topper-computator\/\">los distribuidores de asfalto Black-Topper<\/a> de Etnyre han sido la soluci\u00f3n de confianza en todo Estados Unidos. Con nuestra reputaci\u00f3n de excelencia y fiabilidad, Etnyre proporciona el equipo que necesitas para soportar las condiciones m\u00e1s duras y ofrecer resultados duraderos. Cuando se trata de <a href=\"https:\/\/etnyre.com\/what-are-the-best-brands-for-asphalt-distributors\/\">distribuidores de asfalto<\/a> en Iowa, Etnyre es el nombre probado en el que puedes confiar.     <\/p>\n<h3>Acerca de Etnyre&#8217;s Asphalt Distributors<\/h3>\n<p>No hay dos cuadrillas que tengan exactamente las mismas necesidades de equipo, por eso Etnyre ofrece tama\u00f1os de dep\u00f3sito personalizados para nuestros <a href=\"https:\/\/etnyre.com\/asphalt-distributors-nevada\/\">distribuidores de asfalto<\/a> Black-Topper. Con capacidades que van de 1.000 a 4.500 galones, nuestro dise\u00f1o aerodin\u00e1mico minimiza los requisitos de mantenimiento al tiempo que maximiza la eficiencia. El Black-Topper permite el manejo por una sola persona con m\u00faltiples posiciones de control, ofreciendo la flexibilidad necesaria para adaptarse a las preferencias de tu cuadrilla. Con flujo de asfalto de doble alimentaci\u00f3n, garantiza una aplicaci\u00f3n equilibrada y uniforme en toda la barra, y los controles electr\u00f3nicos de velocidad del asfalto proporcionan una aplicaci\u00f3n precisa a trav\u00e9s de nuestra barra de pulverizaci\u00f3n de 12 pies totalmente circulante. Adem\u00e1s, todos los modelos Black-Topper cumplen la normativa federal para aplicaciones de material caliente, garantizando el cumplimiento de la normativa y la seguridad.    <\/p>\n<p>El asfalto es un material duradero, capaz de soportar el tr\u00e1fico pesado si se aplica correctamente. Puede soportar condiciones clim\u00e1ticas extremas y resistir derrames qu\u00edmicos, por lo que es ideal para diversos entornos. Las superficies de asfalto tambi\u00e9n permiten un mantenimiento peri\u00f3dico, alargando su vida \u00fatil de forma significativa. Con una alta resistencia al deslizamiento, el asfalto garantiza carreteras m\u00e1s seguras y con mejor visibilidad en condiciones meteorol\u00f3gicas adversas. Su r\u00e1pida aplicaci\u00f3n y tiempos de secado minimizan los cortes de carretera, y como el asfalto es f\u00e1cilmente reciclable, tu material viejo puede reutilizarse para futuros proyectos, lo que lo convierte en una opci\u00f3n respetuosa con el medio ambiente.    <\/p>\n<h3>Antecedentes de Etnyre<\/h3>\n<p><a href=\"https:\/\/etnyre.com\/about-us\/\">Etnyre<\/a> es l\u00edder en la industria estadounidense de pavimentaci\u00f3n desde 1898, cuando empezamos a fabricar equipos para la construcci\u00f3n de carreteras de asfalto. A lo largo de los a\u00f1os, hemos ampliado nuestra l\u00ednea de productos para incluir esparcidores de asfalto, <a href=\"https:\/\/etnyre.com\/best-chip-spreaders\/\">esparcidores de gravilla<\/a>, <a href=\"https:\/\/etnyre.com\/storage-tanks\/\">dep\u00f3sitos de almacenamiento<\/a> y <a href=\"https:\/\/etnyre.com\/asphalt-trailers\/\">remolques<\/a>. Todos nuestros productos son reconocidos por su rendimiento fiable. Nuestro \u00e9xito no se debe s\u00f3lo a la calidad de nuestros equipos. Nuestro \u00e9xito tambi\u00e9n se debe a nuestro compromiso de ofrecer una atenci\u00f3n al cliente inigualable y soluciones personalizadas. Durante m\u00e1s de un siglo, hemos ayudado a construir las carreteras del pa\u00eds ofreciendo innovaci\u00f3n, fiabilidad y flexibilidad para satisfacer las necesidades \u00fanicas de cada cliente.     <\/p>\n<div class=\"left-img\"><img loading=\"lazy\" decoding=\"async\" class=\"alignnone\" src=\"http:\/\/etnyre.com\/wp-content\/uploads\/2024\/10\/shovelling-hot-asphalt-on-a-road-repair-site.jpg\" alt=\"Etnyre fabrica los mejores distribuidores de asfalto de Iowa\" width=\"500\" height=\"350\" title=\"\"><\/div>\n<h3>Ponte en contacto con ED Etnyre &amp; Co. Hoy <\/h3>\n<p>Encuentra los mejores <a href=\"https:\/\/etnyre.com\/asphalt-distributors-minnesota\">distribuidores de asfalto<\/a> de <a href=\"https:\/\/etnyre.com\/road-maintenance-equipment-Iowa\">Iowa<\/a> en ED Etnyre &amp; Co. Nuestro equipo de alta calidad te ofrece las soluciones que necesitas para proyectos de reparaci\u00f3n de asfalto r\u00e1pidos y eficaces. <a href=\"https:\/\/etnyre.com\/contact-us\/\">Ponte en contacto con nosotros<\/a> hoy mismo en el <a href=\"tel:8157322116\">815-732-2116<\/a> para obtener informaci\u00f3n sobre nuestros equipos.<\/p>\n","protected":false},"excerpt":{"rendered":"<p>Etnyre ofrece el equipo de asfalto que necesitan las cuadrillas de Iowa La durabilidad del asfalto lo convierte en la mejor opci\u00f3n para muchos equipos de mantenimiento. Esto es especialmente cierto en Iowa, donde la maquinaria agr\u00edcola pesada y las fluctuantes temperaturas estacionales pasan factura a las carreteras. Para conseguir el mejor firme posible, es &hellip; <a href=\"https:\/\/etnyre.com\/es\/distribuidores-de-asfalto-iowa\/\" class=\"more-link\">Continue reading <span class=\"screen-reader-text\">Distribuidores de asfalto Iowa<\/span><\/a><\/p>\n","protected":false},"author":1,"featured_media":8523,"parent":0,"menu_order":0,"comment_status":"closed","ping_status":"closed","template":"","meta":{"_acf_changed":false,"footnotes":""},"class_list":["post-13154","page","type-page","status-publish","has-post-thumbnail","hentry"],"acf":[],"_links":{"self":[{"href":"https:\/\/etnyre.com\/es\/wp-json\/wp\/v2\/pages\/13154","targetHints":{"allow":["GET"]}}],"collection":[{"href":"https:\/\/etnyre.com\/es\/wp-json\/wp\/v2\/pages"}],"about":[{"href":"https:\/\/etnyre.com\/es\/wp-json\/wp\/v2\/types\/page"}],"author":[{"embeddable":true,"href":"https:\/\/etnyre.com\/es\/wp-json\/wp\/v2\/users\/1"}],"replies":[{"embeddable":true,"href":"https:\/\/etnyre.com\/es\/wp-json\/wp\/v2\/comments?post=13154"}],"version-history":[{"count":3,"href":"https:\/\/etnyre.com\/es\/wp-json\/wp\/v2\/pages\/13154\/revisions"}],"predecessor-version":[{"id":14951,"href":"https:\/\/etnyre.com\/es\/wp-json\/wp\/v2\/pages\/13154\/revisions\/14951"}],"wp:featuredmedia":[{"embeddable":true,"href":"https:\/\/etnyre.com\/es\/wp-json\/wp\/v2\/media\/8523"}],"wp:attachment":[{"href":"https:\/\/etnyre.com\/es\/wp-json\/wp\/v2\/media?parent=13154"}],"curies":[{"name":"wp","href":"https:\/\/api.w.org\/{rel}","templated":true}]}}