{"id":13155,"date":"2024-12-17T10:49:32","date_gmt":"2024-12-17T10:49:32","guid":{"rendered":"https:\/\/etnyre.com\/distribuidores-de-asfalto-kansas\/"},"modified":"2025-05-28T06:12:48","modified_gmt":"2025-05-28T06:12:48","slug":"distribuidores-de-asfalto-kansas","status":"publish","type":"page","link":"https:\/\/etnyre.com\/es\/distribuidores-de-asfalto-kansas\/","title":{"rendered":"Distribuidores de asfalto Kansas"},"content":{"rendered":"<h3>Elige el mejor nombre para tus necesidades de equipos de asfalto<\/h3>\n<p>La durabilidad del asfalto lo convierte en la mejor opci\u00f3n para muchos equipos de mantenimiento, sobre todo en Kansas. Esto se debe a que la maquinaria agr\u00edcola pesada y los cambios extremos de temperatura estacionales pueden da\u00f1ar las calzadas. Para mantener la m\u00e1xima calidad de las superficies, es imprescindible contar con distribuidores de asfalto fiables. Durante a\u00f1os, <a href=\"https:\/\/etnyre.com\/es\/computadora-black-topper\/\">los distribuidores de asfalto Black-Topper<\/a> de Etnyre han sido la soluci\u00f3n de confianza en todo Estados Unidos. Conocida por su excelencia y fiabilidad, Etnyre suministra el equipo que necesitas para soportar las condiciones m\u00e1s duras y garantizar un rendimiento duradero. Cuando se trata de distribuidores de asfalto en Kansas, <a href=\"https:\/\/etnyre.com\/es\/sobre-nosotros\/\">Etnyre<\/a> es el nombre en el que puedes confiar.<\/p>\n<h3>Elige al mejor distribuidor de asfalto<\/h3>\n<p>Cada tripulaci\u00f3n tiene unas necesidades de <a href=\"https:\/\/etnyre.com\/es\/equipos-de-mantenimiento-de-carreteras-kansas\/\">equipo<\/a> \u00fanicas. Por eso Etnyre ofrece tama\u00f1os de dep\u00f3sito personalizados para nuestros <a href=\"https:\/\/etnyre.com\/es\/cuales-son-las-mejores-marcas-para-los-distribuidores-de-asfalto\/\">distribuidores de asfalto<\/a> Black-Topper. Con capacidades de dep\u00f3sito que van de 1.000 a 4.500 galones, nuestro dise\u00f1o aerodin\u00e1mico reduce el mantenimiento a la vez que aumenta la eficiencia. El Black-Topper est\u00e1 dise\u00f1ado para que lo maneje una sola persona, con m\u00faltiples posiciones de control para adaptarse a las necesidades espec\u00edficas de tu tripulaci\u00f3n. Su flujo de asfalto de doble alimentaci\u00f3n garantiza una aplicaci\u00f3n equilibrada y uniforme en toda la barra. Mientras tanto, los controles electr\u00f3nicos de velocidad del asfalto garantizan una aplicaci\u00f3n precisa mediante la barra de pulverizaci\u00f3n de 12 pies de circulaci\u00f3n total. Adem\u00e1s, todos los modelos Black-Topper cumplen la normativa federal para aplicaciones de material caliente, lo que garantiza la seguridad y el cumplimiento de la normativa.<\/p>\n<p>El asfalto es un material muy duradero que, si se aplica correctamente, puede soportar el tr\u00e1fico intenso y las condiciones m\u00e1s duras. Es resistente al clima extremo y a los derrames qu\u00edmicos, por lo que es ideal para diversos entornos. Las superficies de asfalto tambi\u00e9n permiten un mantenimiento regular, que puede prolongar considerablemente su vida \u00fatil. Con una alta resistencia al deslizamiento, el asfalto proporciona carreteras m\u00e1s seguras y una mejor visibilidad, incluso en condiciones meteorol\u00f3gicas adversas. Su r\u00e1pida aplicaci\u00f3n y tiempo de secado minimizan la necesidad de largos cierres de carreteras. Y como el asfalto es f\u00e1cilmente reciclable, el material viejo puede reutilizarse en futuros proyectos, lo que lo convierte en una opci\u00f3n sostenible y rentable.<\/p>\n<h3>Sobre Etnyre<\/h3>\n<p>Fundada en 1898, <a href=\"https:\/\/etnyre.com\/es\/sobre-nosotros\/\">Etnyre<\/a> ha sido pionera en el sector de la construcci\u00f3n de carreteras de asfalto. Empezando con la producci\u00f3n de esparcidores de asfalto, <a href=\"https:\/\/etnyre.com\/es\/los-mejores-esparcidores-de-virutas\/\">esparcidores de gravilla<\/a>, <a href=\"https:\/\/etnyre.com\/es\/tanques-de-almacenamiento\/\">dep\u00f3sitos de almacenamiento<\/a> y <a href=\"https:\/\/etnyre.com\/es\/remolques-de-asfalto\/\">remolques<\/a>, r\u00e1pidamente establecimos el est\u00e1ndar de fiabilidad y rendimiento. En la actualidad, seguimos construyendo sobre ese legado, fabricando cada equipo a medida y ofreciendo una atenci\u00f3n al cliente inigualable. Desde nuestro primer d\u00eda hasta hoy, seguimos comprometidos con la excelencia en cada producto y servicio que ofrecemos.<\/p>\n<div class=\"left-img\"><img loading=\"lazy\" decoding=\"async\" class=\"alignnone\" src=\"https:\/\/etnyre.com\/wp-content\/uploads\/2024\/10\/asphalt-paving.jpg\" alt=\"Etnyre construye los mejores distribuidores de asfalto de Kansas\" width=\"500\" height=\"350\" title=\"\"><\/div>\n<h3>Contacta con ED Etnyre &amp; Co.<\/h3>\n<p>Para encontrar a los mejores <a href=\"https:\/\/etnyre.com\/es\/distribuidores-de-asfalto-nevada\/\">distribuidores de asfalto<\/a> de <a href=\"https:\/\/etnyre.com\/es\/selladores-de-grietas-kansas\/\">Kansas<\/a>, ponte en contacto con ED Etnyre &amp; Co. Nuestros equipos de alta calidad agilizar\u00e1n tus proyectos de <a href=\"https:\/\/etnyre.com\/es\/reparacion-del-asfalto\/\">reparaci\u00f3n de asfalto<\/a>, garantizando eficacia y fiabilidad. <a href=\"https:\/\/etnyre.com\/es\/contactenos\/\">Ponte en contacto con nosotros<\/a> hoy mismo en <a href=\"tel:8157322116\">el 815-732-2116<\/a> para obtener m\u00e1s informaci\u00f3n.<\/p>\n","protected":false},"excerpt":{"rendered":"<p>Elige el mejor nombre para tus necesidades de equipos de asfalto La durabilidad del asfalto lo convierte en la mejor opci\u00f3n para muchos equipos de mantenimiento, sobre todo en Kansas. Esto se debe a que la maquinaria agr\u00edcola pesada y los cambios extremos de temperatura estacionales pueden da\u00f1ar las calzadas. Para mantener la m\u00e1xima calidad &hellip; <a href=\"https:\/\/etnyre.com\/es\/distribuidores-de-asfalto-kansas\/\" class=\"more-link\">Continue reading <span class=\"screen-reader-text\">Distribuidores de asfalto Kansas<\/span><\/a><\/p>\n","protected":false},"author":1,"featured_media":9136,"parent":0,"menu_order":0,"comment_status":"closed","ping_status":"closed","template":"","meta":{"_acf_changed":false,"footnotes":""},"class_list":["post-13155","page","type-page","status-publish","has-post-thumbnail","hentry"],"acf":[],"_links":{"self":[{"href":"https:\/\/etnyre.com\/es\/wp-json\/wp\/v2\/pages\/13155","targetHints":{"allow":["GET"]}}],"collection":[{"href":"https:\/\/etnyre.com\/es\/wp-json\/wp\/v2\/pages"}],"about":[{"href":"https:\/\/etnyre.com\/es\/wp-json\/wp\/v2\/types\/page"}],"author":[{"embeddable":true,"href":"https:\/\/etnyre.com\/es\/wp-json\/wp\/v2\/users\/1"}],"replies":[{"embeddable":true,"href":"https:\/\/etnyre.com\/es\/wp-json\/wp\/v2\/comments?post=13155"}],"version-history":[{"count":2,"href":"https:\/\/etnyre.com\/es\/wp-json\/wp\/v2\/pages\/13155\/revisions"}],"predecessor-version":[{"id":14220,"href":"https:\/\/etnyre.com\/es\/wp-json\/wp\/v2\/pages\/13155\/revisions\/14220"}],"wp:featuredmedia":[{"embeddable":true,"href":"https:\/\/etnyre.com\/es\/wp-json\/wp\/v2\/media\/9136"}],"wp:attachment":[{"href":"https:\/\/etnyre.com\/es\/wp-json\/wp\/v2\/media?parent=13155"}],"curies":[{"name":"wp","href":"https:\/\/api.w.org\/{rel}","templated":true}]}}