{"id":13156,"date":"2024-12-17T10:49:55","date_gmt":"2024-12-17T10:49:55","guid":{"rendered":"https:\/\/etnyre.com\/esparcidores-de-virutas-iowa\/"},"modified":"2025-05-28T06:13:07","modified_gmt":"2025-05-28T06:13:07","slug":"esparcidores-de-virutas-iowa","status":"publish","type":"page","link":"https:\/\/etnyre.com\/es\/esparcidores-de-virutas-iowa\/","title":{"rendered":"Esparcidores de virutas Iowa"},"content":{"rendered":"<h3>Protege las carreteras de Iowa con los esparcidores de virutas de primera calidad de Etnyre<\/h3>\n<p>El mantenimiento proactivo de las carreteras es la clave para evitar costosos proyectos de reconstrucci\u00f3n. Si abordas el desgaste a tiempo, te aseguras unas carreteras m\u00e1s seguras, lisas y duraderas en los a\u00f1os venideros. En Etnyre nos hemos propuesto dise\u00f1ar y fabricar esparcidores de gravilla de primera calidad para las carreteras de Iowa, combinando tecnolog\u00eda avanzada con un compromiso con la calidad y la innovaci\u00f3n. Esta dedicaci\u00f3n a la excelencia es lo que llamamos la \u00abPromesa Etnyre para Carreteras\u00bb. Te ayudamos a allanar el camino hacia unas carreteras m\u00e1s seguras y duraderas.    <\/p>\n<h3>Por qu\u00e9 elegir opciones de asfaltado para las carreteras de Iowa<\/h3>\n<p>Cuando se trata de seguridad vial, el sellado de gravilla cambia las reglas del juego. La tecnolog\u00eda de sellado de gravilla de Etnyre crea superficies que ofrecen una protecci\u00f3n sin igual a los conductores, con caracter\u00edsticas como resistencia al deslizamiento y propiedades antideslumbrantes. Estas mejoras proporcionan una seguridad superior en todas las condiciones -de d\u00eda o de noche, llueva o haga sol- y ayudan a los conductores a mantener el control y la visibilidad.  <\/p>\n<p>Aunque el sellado de gravilla requiere una inversi\u00f3n inicial, el proceso es rentable y eficaz. Los esparcidores de gravilla Etnyre para carreteras de Iowa est\u00e1n dise\u00f1ados para minimizar los gastos operativos, reduciendo el desperdicio de material y los costes de mano de obra a lo largo del tiempo. Esto significa que puedes ofrecer resultados excepcionales a tus clientes manteniendo tu presupuesto bajo control. Adem\u00e1s, con menos reparaciones y necesidades de mantenimiento, el asfaltado ahorra costes significativos a largo plazo.   <\/p>\n<p>Adem\u00e1s de asequible, el sellado de aglomerado prolonga la vida \u00fatil de las carreteras hasta 12 a\u00f1os. Con el equipo de precisi\u00f3n de Etnyre, puedes garantizar una aplicaci\u00f3n duradera y sin fisuras que proteja tus carreteras contra los efectos del desgaste. Al elegir Etnyre, no s\u00f3lo est\u00e1s preservando tu infraestructura. Est\u00e1s invirtiendo en seguridad, eficacia y sostenibilidad.   <\/p>\n<h3>Etnyre: Innovando soluciones de asfaltado para Iowa<\/h3>\n<p>En Etnyre sabemos que cada proyecto es \u00fanico. Por eso ofrecemos soluciones personalizables para satisfacer tus necesidades espec\u00edficas de mantenimiento de carreteras. Nuestros esparcidores de gravilla de \u00faltima generaci\u00f3n est\u00e1n repletos de caracter\u00edsticas dise\u00f1adas para ofrecer un rendimiento superior y facilidad de uso, entre las que se incluyen:  <\/p>\n<p>&nbsp;<\/p>\n<ul>\n<li><strong>Opciones de tracci\u00f3n delantera o trasera<\/strong> para mejorar la maniobrabilidad.<\/li>\n<li><strong>Motores diesel turboalimentados de 260 CV<\/strong> para una potencia fiable.<\/li>\n<li><strong>Sistemas de velocidad y tasa de aplicaci\u00f3n controlados por ordenador<\/strong> para mayor precisi\u00f3n y eficacia.<\/li>\n<li><strong>Alas de murci\u00e9lago plegables<\/strong> para aprovechar al m\u00e1ximo el material.<\/li>\n<li><strong>Compuertas individuales<\/strong> para un manejo suave de las esquinas con radio.<\/li>\n<li><strong>Consola deslizante y<\/strong> asiento <strong>ergon\u00f3mico<\/strong> para mayor comodidad del operador.<\/li>\n<\/ul>\n<p>Nuestros equipos no s\u00f3lo est\u00e1n dise\u00f1ados para rendir, sino tambi\u00e9n para durar, garantizando que tu equipo disponga de las herramientas que necesita para triunfar.<\/p>\n<div class=\"left-img\"><img loading=\"lazy\" decoding=\"async\" class=\"alignnone\" src=\"https:\/\/etnyre.com\/wp-content\/uploads\/2023\/08\/Distr-Chips-in-Yard-1-500x350.jpg\" alt=\"Esparcidores de virutas Iowa\" width=\"500\" height=\"350\" title=\"\"><\/div>\n<h3>Contacta con ED Etnyre &amp; Co.<\/h3>\n<p>Etnyre se enorgullece de ser <a href=\"https:\/\/etnyre.com\/es\/equipos-de-mantenimiento-de-carreteras-iowa\/\">el proveedor de confianza de equipos de asfaltado de Iowa<\/a>, ofreciendo tecnolog\u00eda de vanguardia y una fiabilidad inigualable. Con nuestros <a href=\"https:\/\/etnyre.com\/es\/esparcidores-de-virutas-minnesota\/\">esparcidores de gravilla<\/a> de primera calidad para carreteras de Iowa, podr\u00e1s ofrecer resultados r\u00e1pidos, eficaces y fiables en todo momento. Ll\u00e1manos hoy al <a href=\"tel:8157322116\">815-732-2116<\/a> para saber c\u00f3mo Etnyre puede elevar tu negocio de asfalto y proteger las carreteras de Iowa para el futuro.  <\/p>\n","protected":false},"excerpt":{"rendered":"<p>Protege las carreteras de Iowa con los esparcidores de virutas de primera calidad de Etnyre El mantenimiento proactivo de las carreteras es la clave para evitar costosos proyectos de reconstrucci\u00f3n. Si abordas el desgaste a tiempo, te aseguras unas carreteras m\u00e1s seguras, lisas y duraderas en los a\u00f1os venideros. En Etnyre nos hemos propuesto dise\u00f1ar &hellip; <a href=\"https:\/\/etnyre.com\/es\/esparcidores-de-virutas-iowa\/\" class=\"more-link\">Continue reading <span class=\"screen-reader-text\">Esparcidores de virutas Iowa<\/span><\/a><\/p>\n","protected":false},"author":1,"featured_media":10029,"parent":0,"menu_order":0,"comment_status":"closed","ping_status":"closed","template":"","meta":{"_acf_changed":false,"footnotes":""},"class_list":["post-13156","page","type-page","status-publish","has-post-thumbnail","hentry"],"acf":[],"_links":{"self":[{"href":"https:\/\/etnyre.com\/es\/wp-json\/wp\/v2\/pages\/13156","targetHints":{"allow":["GET"]}}],"collection":[{"href":"https:\/\/etnyre.com\/es\/wp-json\/wp\/v2\/pages"}],"about":[{"href":"https:\/\/etnyre.com\/es\/wp-json\/wp\/v2\/types\/page"}],"author":[{"embeddable":true,"href":"https:\/\/etnyre.com\/es\/wp-json\/wp\/v2\/users\/1"}],"replies":[{"embeddable":true,"href":"https:\/\/etnyre.com\/es\/wp-json\/wp\/v2\/comments?post=13156"}],"version-history":[{"count":2,"href":"https:\/\/etnyre.com\/es\/wp-json\/wp\/v2\/pages\/13156\/revisions"}],"predecessor-version":[{"id":14224,"href":"https:\/\/etnyre.com\/es\/wp-json\/wp\/v2\/pages\/13156\/revisions\/14224"}],"wp:featuredmedia":[{"embeddable":true,"href":"https:\/\/etnyre.com\/es\/wp-json\/wp\/v2\/media\/10029"}],"wp:attachment":[{"href":"https:\/\/etnyre.com\/es\/wp-json\/wp\/v2\/media?parent=13156"}],"curies":[{"name":"wp","href":"https:\/\/api.w.org\/{rel}","templated":true}]}}