{"id":13157,"date":"2024-12-17T11:22:06","date_gmt":"2024-12-17T11:22:06","guid":{"rendered":"https:\/\/etnyre.com\/remolques-de-fondo-movil-nevada\/"},"modified":"2025-05-28T06:13:06","modified_gmt":"2025-05-28T06:13:06","slug":"remolques-de-fondo-movil-nevada","status":"publish","type":"page","link":"https:\/\/etnyre.com\/es\/remolques-de-fondo-movil-nevada\/","title":{"rendered":"Remolques de fondo m\u00f3vil Nevada"},"content":{"rendered":"<h3>No hacemos log\u00edstica. Facilitamos la log\u00edstica con remolques de fondo m\u00f3vil en Nevada. <\/h3>\n<p>E.D. Etnyre &amp; Company hace posible el transporte de materiales de forma m\u00e1s r\u00e1pida y eficaz que los volquetes con nuestros remolques de fondo vivo en Nevada. Te damos la opci\u00f3n de remolques independientes o montados directamente en el chasis de tu cami\u00f3n. Adem\u00e1s, nuestros remolques te proporcionan una descarga m\u00e1s r\u00e1pida y limpia de los recursos, reduciendo la demanda de mano de obra y eliminando el riesgo de contaminaci\u00f3n cruzada entre cargas. Adem\u00e1s, puedes elegir entre una gama de tama\u00f1os de remolque que se adaptan a tus necesidades. As\u00ed, no estar\u00e1s limitado por el espacio de las cajas de los volquetes tradicionales. <a href=\"https:\/\/etnyre.com\/es\/contactenos\/\">Ponte ahora en contacto con Etnyre<\/a> para solicitar m\u00e1s informaci\u00f3n sobre nuestros <a href=\"https:\/\/etnyre.com\/live-bottom-trailers\/\">remolques Falcon\u00ae de fondo m\u00f3vil<\/a> en Nevada.    <\/p>\n<h3>\u00bfQu\u00e9 hace que nuestros remolques de fondo m\u00f3vil sean la mejor opci\u00f3n?<\/h3>\n<p>Nuestros <a href=\"https:\/\/etnyre.com\/es\/remolques-de-fondo-movil-minnesota\/\">remolques de fondo vivo<\/a> en Nevada ofrecen grandes soluciones para cualquiera que se haya sentido frustrado alguna vez por la lentitud de los tiempos de transporte o por tener que hacer varios viajes para transportar recursos con un cami\u00f3n volquete. Adem\u00e1s, nuestros remolques permiten un control m\u00e1s preciso de d\u00f3nde se distribuye la carga \u00fatil que un volquete convencional. Nuestros productos log\u00edsticos funcionan para una amplia gama de clientes, desde contratistas de asfalto hasta agricultores y empresas industriales. De hecho, cualquiera que necesite transportar materias primas a granel con rapidez y eficacia puede beneficiarse de estos innovadores remolques. He aqu\u00ed algunas de las ventajas m\u00e1s atractivas que ofrecen frente a los volquetes:    <\/p>\n<ul>\n<li><strong>Aplicaciones variadas &#8211; <\/strong>Nuestros remolques de fondo vivo son capaces de transportar virutas de roca (\u00e1ridos) de distintos tama\u00f1os, piensos, granos, arena y mucho m\u00e1s.<\/li>\n<li>Centro de <strong>gravedad bajo &#8211; <\/strong>Los defectos de dise\u00f1o de los volquetes los hacen m\u00e1s susceptibles de derramar materiales en accidentes de vuelco, porque tienen un centro de gravedad alto. En cambio, nuestros remolques de fondo vivo eliminan ese riesgo con una base m\u00e1s baja respecto al suelo. <\/li>\n<li><strong>Soluciones ecol\u00f3gicas &#8211; <\/strong>Nuestros remolques tambi\u00e9n reducen las emisiones nocivas y el riesgo de vertidos, reduciendo el impacto en el medio ambiente cuando transportas materiales.<\/li>\n<li><strong>Descarga m\u00e1s limpia &#8211; <\/strong>Los volquetes son m\u00e1s dif\u00edciles de descargar completamente y de limpiar despu\u00e9s de su uso, lo que aumenta el riesgo de contaminaci\u00f3n cruzada entre cargas. En cambio, nuestros remolques de fondo vivo tienen componentes f\u00e1cilmente accesibles que son m\u00e1s f\u00e1ciles de limpiar y las cargas son m\u00e1s f\u00e1ciles de descargar por completo. <\/li>\n<li><strong>M\u00e1s control de la <\/strong>carga \u00fatil &#8211; Los volquetes tradicionales levantan la caja de almacenamiento y dejan que los materiales se deslicen hacia fuera sin un control preciso de ad\u00f3nde va la carga. Sin embargo, nuestros remolques de fondo ljve utilizan un sistema de cinta transportadora que proporciona m\u00e1s control sobre d\u00f3nde van los materiales para que el proceso de descarga sea m\u00e1s eficaz. <\/li>\n<\/ul>\n<h3>\u00bfCu\u00e1les son las caracter\u00edsticas principales de tus remolques de fondo m\u00f3vil?<\/h3>\n<p>Puedes elegir entre una gama de tama\u00f1os para encontrar el que mejor se adapte a tus necesidades log\u00edsticas con nuestros remolques de fondo m\u00f3vil en Nevada. Adem\u00e1s, el sistema de cinta transportadora de nuestros remolques garantiza que los recursos vayan a donde t\u00fa quieras durante el proceso de descarga. Tambi\u00e9n puedes elegir si quieres un remolque independiente o uno montado sobre cami\u00f3n. As\u00ed, puedes personalizar nuestros equipos para adaptarlos a las necesidades de tu negocio. \u00c9stas son algunas de las caracter\u00edsticas m\u00e1s populares de nuestros remolques Falcon\u00ae de fondo m\u00f3vil.    <\/p>\n<ul>\n<li>Limpieza y mantenimiento m\u00e1s f\u00e1ciles y menos tiempo de inactividad con un sistema de cinta transportadora que permite una descarga m\u00e1s limpia y eficaz.<\/li>\n<li>La ventaja de un menor puenteo del material con un sistema de cinta de 106 cm (42 pulgadas) de ancho.<\/li>\n<li>Reduce los costes de combustible con una carrocer\u00eda de remolque ligera que proporciona un excelente espacio de almacenamiento para los materiales que transportas.<\/li>\n<li>M\u00e1s control durante el proceso de descarga con una variedad de opciones de puertas traseras, incluidas las dobles, de hormig\u00f3n, de gran elevaci\u00f3n y plegables en dos.<\/li>\n<li>Paredes laterales empinadas que evitan la formaci\u00f3n de puentes y descargan m\u00e1s f\u00e1cilmente una amplia gama de recursos, como asfalto caliente, virutas de roca grandes o peque\u00f1as (\u00e1ridos), grava, arena, materiales de reciclaje u hormig\u00f3n de bajo asentamiento.<\/li>\n<\/ul>\n<div class=\"left-img\"><img loading=\"lazy\" decoding=\"async\" class=\"alignnone\" src=\"https:\/\/etnyre.com\/wp-content\/uploads\/2024\/07\/Top-Rated-Live-Bottom-Trailers-2.jpg\" alt=\"Remolques de fondo m\u00f3vil Nevada\" width=\"500\" height=\"350\" title=\"\"><\/div>\n<h3>Contacta con nosotros<\/h3>\n<p>Etnyre puede quitarte los dolores de cabeza del transporte de materiales con nuestros remolques Falcon\u00ae Live Bottom en Nevada. Adem\u00e1s, ofrecemos otros productos de transporte como nuestra variedad de <a href=\"https:\/\/etnyre.com\/lowboy-trailers\/\">remolques bajos<\/a>. Para m\u00e1s informaci\u00f3n sobre nuestros productos de remolque, ll\u00e1manos al <a href=\"tel:8157322116\">815-732-2116<\/a>. Tambi\u00e9n puedes ponerte en contacto con nosotros por correo electr\u00f3nico en <a href=\"mailto:sales@etnyre.com\">sales@etnyre.com<\/a> o por mensaje a trav\u00e9s de nuestro c\u00f3modo <a href=\"https:\/\/etnyre.com\/es\/contactenos\/\">formulario de contacto<\/a> en l\u00ednea.   <\/p>\n","protected":false},"excerpt":{"rendered":"<p>No hacemos log\u00edstica. Facilitamos la log\u00edstica con remolques de fondo m\u00f3vil en Nevada. E.D. Etnyre &amp; Company hace posible el transporte de materiales de forma m\u00e1s r\u00e1pida y eficaz que los volquetes con nuestros remolques de fondo vivo en Nevada. Te damos la opci\u00f3n de remolques independientes o montados directamente en el chasis de tu &hellip; <a href=\"https:\/\/etnyre.com\/es\/remolques-de-fondo-movil-nevada\/\" class=\"more-link\">Continue reading <span class=\"screen-reader-text\">Remolques de fondo m\u00f3vil Nevada<\/span><\/a><\/p>\n","protected":false},"author":1,"featured_media":10090,"parent":0,"menu_order":0,"comment_status":"closed","ping_status":"closed","template":"","meta":{"_acf_changed":false,"footnotes":""},"class_list":["post-13157","page","type-page","status-publish","has-post-thumbnail","hentry"],"acf":[],"_links":{"self":[{"href":"https:\/\/etnyre.com\/es\/wp-json\/wp\/v2\/pages\/13157","targetHints":{"allow":["GET"]}}],"collection":[{"href":"https:\/\/etnyre.com\/es\/wp-json\/wp\/v2\/pages"}],"about":[{"href":"https:\/\/etnyre.com\/es\/wp-json\/wp\/v2\/types\/page"}],"author":[{"embeddable":true,"href":"https:\/\/etnyre.com\/es\/wp-json\/wp\/v2\/users\/1"}],"replies":[{"embeddable":true,"href":"https:\/\/etnyre.com\/es\/wp-json\/wp\/v2\/comments?post=13157"}],"version-history":[{"count":1,"href":"https:\/\/etnyre.com\/es\/wp-json\/wp\/v2\/pages\/13157\/revisions"}],"predecessor-version":[{"id":13750,"href":"https:\/\/etnyre.com\/es\/wp-json\/wp\/v2\/pages\/13157\/revisions\/13750"}],"wp:featuredmedia":[{"embeddable":true,"href":"https:\/\/etnyre.com\/es\/wp-json\/wp\/v2\/media\/10090"}],"wp:attachment":[{"href":"https:\/\/etnyre.com\/es\/wp-json\/wp\/v2\/media?parent=13157"}],"curies":[{"name":"wp","href":"https:\/\/api.w.org\/{rel}","templated":true}]}}