{"id":13158,"date":"2024-12-17T11:22:06","date_gmt":"2024-12-17T11:22:06","guid":{"rendered":"https:\/\/etnyre.com\/remolques-de-fondo-movil-iowa\/"},"modified":"2025-05-28T06:13:06","modified_gmt":"2025-05-28T06:13:06","slug":"remolques-de-fondo-movil-iowa","status":"publish","type":"page","link":"https:\/\/etnyre.com\/es\/remolques-de-fondo-movil-iowa\/","title":{"rendered":"Remolques de fondo m\u00f3vil Iowa"},"content":{"rendered":"<h3>Remolques de fondo m\u00f3vil: La opci\u00f3n m\u00e1s inteligente para el transporte<\/h3>\n<p>Cuando se trata de transportar grandes cargas de materias primas, los remolques de fondo vivo est\u00e1n revolucionando el sector. Etnyre se enorgullece de ofrecer remolques Falcon de fondo vivo en Iowa, que proporcionan a los clientes una forma m\u00e1s segura y eficaz de transportar materiales. Conocidos por su velocidad, dise\u00f1o ligero y precisi\u00f3n, nuestros remolques de fondo m\u00f3vil marcan la pauta en el sector. Adem\u00e1s, sus fiables sistemas de transporte eliminan los riesgos asociados a los peligros a\u00e9reos. Etnyre muestra c\u00f3mo deben fabricarse los equipos de asfalto.    <\/p>\n<h3>\u00bfPor qu\u00e9 remolques con fondo m\u00f3vil?<\/h3>\n<p>Aunque los camiones volquete han sido durante mucho tiempo la opci\u00f3n preferida para el transporte de materiales, <a href=\"https:\/\/etnyre.com\/es\/remolques-de-fondo-movil-nevada\/\">los remolques de fondo m\u00f3vil<\/a> se est\u00e1n convirtiendo r\u00e1pidamente en la opci\u00f3n preferida debido a sus ventajas \u00fanicas. He aqu\u00ed por qu\u00e9:<\/p>\n<ul>\n<li><strong>Descarga precisa &#8211; <\/strong>Equipados con cintas transportadoras, los remolques de fondo vivo permiten una descarga suave y controlada. Esta precisi\u00f3n minimiza los residuos y reduce el riesgo de contaminaci\u00f3n cruzada. <\/li>\n<li><strong>Dise\u00f1o m\u00e1s seguro &#8211; <\/strong>Con un centro de gravedad m\u00e1s bajo que el de los volquetes tradicionales, los remolques de fondo vivo reducen significativamente el riesgo de vuelco durante la descarga.<\/li>\n<li><strong>Limpieza f\u00e1cil &#8211; <\/strong>El proceso de descarga controlada garantiza un entorno de trabajo m\u00e1s limpio, simplificando el mantenimiento y evitando la formaci\u00f3n de puentes de material.<\/li>\n<\/ul>\n<p>Nuestros remolques Falcon de fondo vivo son de los m\u00e1s r\u00e1pidos y ligeros del sector, e incorporan un sistema de cinta patentado. Con s\u00f3lo media revoluci\u00f3n de la cinta de 42 pulgadas de ancho, los materiales se descargan con eficacia. La ausencia de listones agiliza a\u00fan m\u00e1s las operaciones, y una variedad de opciones de puertas traseras garantiza la compatibilidad con pr\u00e1cticamente cualquier material. Los remolques de fondo m\u00f3vil para empresas de Iowa crean eficiencia cuando m\u00e1s la necesitas.   <\/p>\n<h3>Etnyre tiene un legado de excelencia<\/h3>\n<p>Desde 1898, Etnyre ha sido un nombre de confianza en el sector de la construcci\u00f3n de carreteras de asfalto. Desde nuestros primeros d\u00edas fabricando esparcidores de asfalto y dep\u00f3sitos de almacenamiento hasta nuestra actual gama de remolques y equipos de vanguardia, nos hemos forjado una reputaci\u00f3n de innovaci\u00f3n, rendimiento y fiabilidad. Cada unidad que producimos se fabrica por encargo, con el respaldo de una asistencia al cliente sin parang\u00f3n.  <\/p>\n<div class=\"left-img\"><img loading=\"lazy\" decoding=\"async\" class=\"alignnone\" src=\"https:\/\/etnyre.com\/wp-content\/uploads\/2024\/11\/Live-Bottom-Trailers-Iowa-seo.webp\" alt=\"Remolques de fondo m\u00f3vil Iowa\" width=\"500\" height=\"350\" title=\"\"><\/div>\n<h3>Ponte en contacto con Etnyre hoy mismo<\/h3>\n<p>\u00bfEst\u00e1s listo para mejorar tu forma de transportar y descargar materiales? <a href=\"https:\/\/etnyre.com\/es\/remolques-de-fondo-movil-minnesota\/\">Los remolques de fondo m\u00f3vil<\/a> Falcon de Etnyre son la soluci\u00f3n definitiva. Ponte en contacto con nosotros hoy mismo en<br \/>\n<a href=\"tel:8157322116\">815-732-2116<\/a> para obtener m\u00e1s informaci\u00f3n sobre los remolques bajos en <a href=\"https:\/\/etnyre.com\/es\/equipos-de-mantenimiento-de-carreteras-iowa\/\">Iowa<\/a>. No olvides preguntar por nuestra gama completa de equipos, que incluye remolques bajos, selladoras de grietas y esparcidores de gravilla. <\/p>\n","protected":false},"excerpt":{"rendered":"<p>Remolques de fondo m\u00f3vil: La opci\u00f3n m\u00e1s inteligente para el transporte Cuando se trata de transportar grandes cargas de materias primas, los remolques de fondo vivo est\u00e1n revolucionando el sector. Etnyre se enorgullece de ofrecer remolques Falcon de fondo vivo en Iowa, que proporcionan a los clientes una forma m\u00e1s segura y eficaz de transportar &hellip; <a href=\"https:\/\/etnyre.com\/es\/remolques-de-fondo-movil-iowa\/\" class=\"more-link\">Continue reading <span class=\"screen-reader-text\">Remolques de fondo m\u00f3vil Iowa<\/span><\/a><\/p>\n","protected":false},"author":1,"featured_media":8443,"parent":0,"menu_order":0,"comment_status":"closed","ping_status":"closed","template":"","meta":{"_acf_changed":false,"footnotes":""},"class_list":["post-13158","page","type-page","status-publish","has-post-thumbnail","hentry"],"acf":[],"_links":{"self":[{"href":"https:\/\/etnyre.com\/es\/wp-json\/wp\/v2\/pages\/13158","targetHints":{"allow":["GET"]}}],"collection":[{"href":"https:\/\/etnyre.com\/es\/wp-json\/wp\/v2\/pages"}],"about":[{"href":"https:\/\/etnyre.com\/es\/wp-json\/wp\/v2\/types\/page"}],"author":[{"embeddable":true,"href":"https:\/\/etnyre.com\/es\/wp-json\/wp\/v2\/users\/1"}],"replies":[{"embeddable":true,"href":"https:\/\/etnyre.com\/es\/wp-json\/wp\/v2\/comments?post=13158"}],"version-history":[{"count":2,"href":"https:\/\/etnyre.com\/es\/wp-json\/wp\/v2\/pages\/13158\/revisions"}],"predecessor-version":[{"id":14228,"href":"https:\/\/etnyre.com\/es\/wp-json\/wp\/v2\/pages\/13158\/revisions\/14228"}],"wp:featuredmedia":[{"embeddable":true,"href":"https:\/\/etnyre.com\/es\/wp-json\/wp\/v2\/media\/8443"}],"wp:attachment":[{"href":"https:\/\/etnyre.com\/es\/wp-json\/wp\/v2\/media?parent=13158"}],"curies":[{"name":"wp","href":"https:\/\/api.w.org\/{rel}","templated":true}]}}