{"id":13160,"date":"2024-12-17T11:22:08","date_gmt":"2024-12-17T11:22:08","guid":{"rendered":"https:\/\/etnyre.com\/distribuidores-de-asfalto-nevada\/"},"modified":"2025-05-28T06:13:09","modified_gmt":"2025-05-28T06:13:09","slug":"distribuidores-de-asfalto-nevada","status":"publish","type":"page","link":"https:\/\/etnyre.com\/es\/distribuidores-de-asfalto-nevada\/","title":{"rendered":"Distribuidores de asfalto Nevada"},"content":{"rendered":"<h3>No hacemos carreteras. Facilitamos la construcci\u00f3n de carreteras con distribuidores de asfalto en Nevada. <\/h3>\n<p>E.D. Etnyre &amp; Company fabrica <a href=\"https:\/\/etnyre.com\/es\/equipos-de-mantenimiento-de-carreteras-arizona\/\">equipos de construcci\u00f3n y mantenimiento de<\/a> carreteras de primera clase, como nuestros distribuidores de asfalto en Nevada. Estas m\u00e1quinas son una parte crucial del proceso de pavimentaci\u00f3n de carreteras para los contratistas de asfalto. Nuestros equipos de dise\u00f1o exclusivo roc\u00edan cuidadosamente entre 1.000 y 4.500 galones de mezcla asf\u00e1ltica sobre superficies de carreteras o aparcamientos. Nuestros clientes contratistas de asfalto utilizan con frecuencia estas m\u00e1quinas para realizar proyectos de <a href=\"https:\/\/etnyre.com\/es\/venta-de-equipos-de-revestimiento\/\">revestimiento de sellado<\/a>, <a href=\"https:\/\/etnyre.com\/es\/equipo-de-asfaltado-nevada\/\">asfaltado<\/a>, pulverizaci\u00f3n de emulsi\u00f3n y otras funciones. <a href=\"https:\/\/etnyre.com\/es\/contactenos\/\">Ponte en contacto con nosotros<\/a> hoy mismo para saber m\u00e1s sobre <a href=\"https:\/\/etnyre.com\/wp-content\/uploads\/2023\/05\/L-101-24.pdf\">los distribuidores de asfalto Black-Topper\u00ae<\/a> de Etnyre, unos de los <a href=\"https:\/\/etnyre.com\/asphalt-equipment-nevada\/\">mejores equipos de asfalto de Nevada<\/a>.   <\/p>\n<div class=\"right-img\"><iframe loading=\"lazy\" width=\"500\" height=\"350\" src=\"https:\/\/www.youtube.com\/embed\/RH9u-KsGEvQ?si=lcXUGROVxicdtMXu\" title=\"Reproductor de v\u00eddeo de YouTube\" frameborder=\"0\" allow=\"accelerometer; autoplay; clipboard-write; encrypted-media; gyroscope; picture-in-picture; web-share\" referrerpolicy=\"strict-origin-when-cross-origin\" allowfullscreen=\"\"><\/iframe><\/div>\n<h3>\u00bfPor qu\u00e9 elegir nuestros distribuidores de asfalto Black Topper\u00ae?<\/h3>\n<p>Etnyre puede fabricar equipos de construcci\u00f3n y mantenimiento de carreteras de alta calidad y a medida para tu empresa, como nuestros distribuidores de asfalto Black-Topper\u00ae en Nevada. Estas m\u00e1quinas establecen la norma del sector en cuanto a calidad y precisi\u00f3n de la aplicaci\u00f3n de asfalto. Construimos estos equipos con un dise\u00f1o aerodin\u00e1mico, minimizando el mantenimiento necesario de la m\u00e1quina y optimizando la productividad y el rendimiento. Adem\u00e1s, personalizamos todos nuestros equipos para cada pedido, ofreci\u00e9ndote un mont\u00f3n de opciones disponibles entre las que elegir. De este modo, puedes estar seguro de que tus m\u00e1quinas vienen con la capacidad y las caracter\u00edsticas que requiere tu negocio. Algunas de las caracter\u00edsticas m\u00e1s populares de nuestros distribuidores de asfalto son las siguientes:     <\/p>\n<ul>\n<li>Mandos sencillos para el operador, situados en la cabina del cami\u00f3n o cerca de la parte trasera de la m\u00e1quina<\/li>\n<li>Control de aplicaci\u00f3n de precisi\u00f3n con controles electr\u00f3nicos de velocidad de la bomba de asfalto<\/li>\n<li>Capacidades de dep\u00f3sito personalizadas de 1.000 a 4.500 galones<\/li>\n<li>Una barra de pulverizaci\u00f3n completa y circulante (12 pies) con alas plegables controladas por cambio electrohidr\u00e1ulico<\/li>\n<li>Aplicaci\u00f3n uniforme desde la barra de pulverizaci\u00f3n gracias al flujo de asfalto equilibrado de doble alimentaci\u00f3n<\/li>\n<li>Equipo que cumple todas las normas federales de seguridad para productos calientes<\/li>\n<\/ul>\n<h3>\u00bfCu\u00e1les son algunos de los elementos opcionales para tus distribuidores de asfalto?<\/h3>\n<p>Nuestra empresa se enorgullece de fabricar equipos a medida para sus clientes, incluidos nuestros distribuidores de asfalto Black-Topper\u00ae de Nevada. Con eso en mente, te ofrecemos un mont\u00f3n de equipamiento opcional para asegurarnos de que recibes la m\u00e1xima funcionalidad y productividad que deseas de tu inversi\u00f3n. \u00c9stos son algunos de los elementos opcionales disponibles en nuestros distribuidores de asfalto:  <\/p>\n<ul>\n<li><strong>Dep\u00f3sito y accesorios<\/strong>\n<ul>\n<li>Colador de alcantarilla de 6&#8243; (para el almacenamiento superior del dep\u00f3sito de llenado)<\/li>\n<li>Colador de boca de alcantarilla de 20&#8243; (para el almacenamiento superior del dep\u00f3sito de llenado)<\/li>\n<li>Term\u00f3metro de aguja de 2<\/li>\n<li>Term\u00f3metro de aguja de 4<\/li>\n<li>Palanca y esfera de doble escala (disponible con medidas inglesas y m\u00e9tricas)<\/li>\n<li>Colador adicional de tipo c\u00f3nico en la l\u00ednea de llenado delante del colador de la bomba de asfalto<\/li>\n<\/ul>\n<\/li>\n<li><strong>Sistema de circulaci\u00f3n<\/strong>\n<ul>\n<li>V\u00e1lvula de aspiraci\u00f3n delantera (adem\u00e1s de la trasera) V\u00e1lvula de control el\u00e9ctrica\/aire de la cabina y conducto que permite a la bomba de asfalto aspirar l\u00edquido de la parte delantera del dep\u00f3sito al ir cuesta abajo, etc.<\/li>\n<li>Sistema de lavado el\u00e9ctrico que incluye bomba de combustible el\u00e9ctrica, manguera de 15&#8242; con pistola.<\/li>\n<\/ul>\n<\/li>\n<li><strong>Barra pulverizadora est\u00e1ndar<\/strong>\n<ul>\n<li>Par extra de articulaciones de barra plegables (requiere una barra de pulverizaci\u00f3n de 16&#8242; como m\u00ednimo).<\/li>\n<li>Prolongaciones de barra est\u00e1ndar con encendido y apagado el\u00e9ctrico de 1&#8242;, hasta 24&#8242;, por pie.<\/li>\n<li>Pestillo de barra motorizado con mandos en la cabina y en la parte trasera.<\/li>\n<li>Boquillas adicionales, cada pie (3 boquillas).<\/li>\n<li>Caja de almacenamiento h\u00fameda con tap\u00f3n de vaciado y tapa abatible.<\/li>\n<li>Marcadores de final de barra, por juego. (S\u00f3lo barras est\u00e1ndar y grandes). <\/li>\n<li>Disposiciones para la adici\u00f3n posterior de extensiones de barra con controles de 1&#8242;, por pie.<\/li>\n<\/ul>\n<\/li>\n<li><strong>Sistema el\u00e9ctrico<\/strong>\n<ul>\n<li>Toma de fuerza fuera de la transmisi\u00f3n en lugar del accionamiento del cig\u00fce\u00f1al.<\/li>\n<li>Toma de fuerza del volante. (el chasis debe estar preparado para ello). <\/li>\n<\/ul>\n<\/li>\n<\/ul>\n<p>Para obtener una lista completa de las opciones disponibles, consulta <a href=\"https:\/\/etnyre.com\/wp-content\/uploads\/2021\/09\/Distributor-S-101_13.pdf\">nuestra hoja de especificaciones del producto<\/a>.<\/p>\n<div class=\"left-img\"><img loading=\"lazy\" decoding=\"async\" class=\"alignnone\" src=\"https:\/\/etnyre.com\/wp-content\/uploads\/2023\/05\/S9129-500x350.png\" alt=\"Distribuidores de asfalto Nevada\" width=\"500\" height=\"350\" title=\"\"><\/div>\n<h3>Contacta con nosotros<\/h3>\n<p>Etnyre es la marca de equipos en la que debes confiar cuando quieras obtener el m\u00e1ximo rendimiento de la inversi\u00f3n en distribuidores de asfalto en Nevada. Para saber m\u00e1s sobre nuestros productos, env\u00edanos tu pregunta a trav\u00e9s de nuestro <a href=\"https:\/\/etnyre.com\/es\/contactenos\/\">formulario de contacto en l\u00ednea<\/a> o por correo electr\u00f3nico <a href=\"mailto:sales@etnyre.com\">a sales@etnyre.com.<\/a> Tambi\u00e9n puedes ponerte en contacto con nosotros llamando a nuestro personal al <a href=\"tel:8157322116\">815-732-2116<\/a>.  <\/p>\n","protected":false},"excerpt":{"rendered":"<p>No hacemos carreteras. Facilitamos la construcci\u00f3n de carreteras con distribuidores de asfalto en Nevada. E.D. Etnyre &amp; Company fabrica equipos de construcci\u00f3n y mantenimiento de carreteras de primera clase, como nuestros distribuidores de asfalto en Nevada. Estas m\u00e1quinas son una parte crucial del proceso de pavimentaci\u00f3n de carreteras para los contratistas de asfalto. Nuestros equipos &hellip; <a href=\"https:\/\/etnyre.com\/es\/distribuidores-de-asfalto-nevada\/\" class=\"more-link\">Continue reading <span class=\"screen-reader-text\">Distribuidores de asfalto Nevada<\/span><\/a><\/p>\n","protected":false},"author":1,"featured_media":0,"parent":0,"menu_order":0,"comment_status":"closed","ping_status":"closed","template":"","meta":{"_acf_changed":false,"footnotes":""},"class_list":["post-13160","page","type-page","status-publish","hentry"],"acf":[],"_links":{"self":[{"href":"https:\/\/etnyre.com\/es\/wp-json\/wp\/v2\/pages\/13160","targetHints":{"allow":["GET"]}}],"collection":[{"href":"https:\/\/etnyre.com\/es\/wp-json\/wp\/v2\/pages"}],"about":[{"href":"https:\/\/etnyre.com\/es\/wp-json\/wp\/v2\/types\/page"}],"author":[{"embeddable":true,"href":"https:\/\/etnyre.com\/es\/wp-json\/wp\/v2\/users\/1"}],"replies":[{"embeddable":true,"href":"https:\/\/etnyre.com\/es\/wp-json\/wp\/v2\/comments?post=13160"}],"version-history":[{"count":2,"href":"https:\/\/etnyre.com\/es\/wp-json\/wp\/v2\/pages\/13160\/revisions"}],"predecessor-version":[{"id":13843,"href":"https:\/\/etnyre.com\/es\/wp-json\/wp\/v2\/pages\/13160\/revisions\/13843"}],"wp:attachment":[{"href":"https:\/\/etnyre.com\/es\/wp-json\/wp\/v2\/media?parent=13160"}],"curies":[{"name":"wp","href":"https:\/\/api.w.org\/{rel}","templated":true}]}}