{"id":13161,"date":"2024-12-17T11:22:09","date_gmt":"2024-12-17T11:22:09","guid":{"rendered":"https:\/\/etnyre.com\/esparcidores-de-virutas-minnesota\/"},"modified":"2025-05-28T06:13:08","modified_gmt":"2025-05-28T06:13:08","slug":"esparcidores-de-virutas-minnesota","status":"publish","type":"page","link":"https:\/\/etnyre.com\/es\/esparcidores-de-virutas-minnesota\/","title":{"rendered":"Esparcidores de virutas Minnesota"},"content":{"rendered":"<h3>No hacemos carreteras. Facilitamos la pavimentaci\u00f3n de carreteras con esparcidores de gravilla en Minnesota <\/h3>\n<p>E.D. Etnyre &amp; Company crea <a href=\"https:\/\/etnyre.com\/es\/los-mejores-equipos-de-asfaltado-en-venta\/\">equipos de<\/a> construcci\u00f3n y mantenimiento de carreteras de dise\u00f1o exclusivo y a medida, como nuestros esparcidores de gravilla en Minnesota. El extendido de gravilla combina una o m\u00e1s capas de asfalto l\u00edquido con una o m\u00e1s capas de \u00e1rido fino, tambi\u00e9n llamado gravilla. El resultado es una superficie de conducci\u00f3n m\u00e1s resistente al deslumbramiento y al derrape, que proporciona una mejor tracci\u00f3n. <a href=\"https:\/\/etnyre.com\/es\/esparcidores-de-chips\/\">Las ChipSpreaders<\/a> de Etnyre proporcionan a los proyectos de asfaltado y sellado una mayor eficacia y precisi\u00f3n en el esparcimiento de \u00e1ridos sobre capas base de asfalto. Si deseas m\u00e1s informaci\u00f3n sobre nuestras esparcidoras de gravilla, <a href=\"https:\/\/etnyre.com\/es\/contactenos\/\">ponte en contacto con Etnyre<\/a> hoy mismo para saber c\u00f3mo puedes personalizar una m\u00e1quina con equipos opcionales que se adapten mejor a las necesidades de tu empresa contratista de asfalto.    <\/p>\n<h3>\u00bfPor qu\u00e9 elegir nuestros esparcidores de virutas en Minnesota?<\/h3>\n<p>Nuestra empresa fabrica equipos de primera clase hechos a medida. Podemos crear una soluci\u00f3n perfecta para tu empresa con<a href=\"https:\/\/etnyre.com\/es\/los-mejores-esparcidores-de-virutas\/\"> nuestras esparcidoras de gravilla<\/a>. Las dise\u00f1amos para proporcionar mayor eficacia y precisi\u00f3n al aplicar una cantidad controlada de \u00e1rido a las superficies de las carreteras durante el proceso de asfaltado y sellado. Te proporcionan las siguientes ventajas:   <\/p>\n<ul>\n<li>La posibilidad de abordar proyectos de mayor envergadura con la capacidad de esparcir m\u00e1s \u00e1ridos de forma m\u00e1s r\u00e1pida y precisa.<\/li>\n<li>Reducci\u00f3n de los costes de material con nuestros esparcidores de virutas, que controlan la velocidad y el tama\u00f1o de las virutas de \u00e1ridos que se esparcen con precisi\u00f3n en las superficies de pavimentaci\u00f3n.<\/li>\n<li>Adem\u00e1s, nuestros ChipSpreaders tambi\u00e9n reducen los tiempos de finalizaci\u00f3n de los proyectos y la demanda de mano de obra, lo que te permite hacer un uso m\u00e1s eficaz de tu mano de obra y tus recursos.<\/li>\n<\/ul>\n<h3>\u00bfQu\u00e9 tipo de funciones incluyen los ChipSpreaders Etnyre?<\/h3>\n<p>Tu empresa de construcci\u00f3n y mantenimiento de carreteras puede conseguir resultados de pavimentaci\u00f3n superiores con nuestras esparcidoras de gravilla en Minnesota. Nuestras esparcidoras de gravilla utilizan un sistema de accionamiento hidrost\u00e1tico y una tolva de esparcido de anchura variable. Como resultado, tienes la capacidad de utilizar m\u00faltiples dosis de aplicaci\u00f3n y tama\u00f1os de \u00e1ridos. Adem\u00e1s, puedes ajustarte sobre la marcha a diferentes velocidades de desplazamiento y anchuras de esparcido seg\u00fan lo necesites para tu proyecto. \u00c9stas son algunas de las caracter\u00edsticas m\u00e1s populares de nuestras esparcidoras de gravilla:    <\/p>\n<ul>\n<li>Tolva de distribuci\u00f3n fija o variable<\/li>\n<li>Aletas abatibles para un mejor aprovechamiento del material<\/li>\n<li>Tracci\u00f3n a las cuatro ruedas o delantera<\/li>\n<li>Controles informatizados f\u00e1ciles de usar para los caudales de aplicaci\u00f3n y las velocidades de desplazamiento<\/li>\n<li>Tolva de esparcido frontal de 12 a 24 pies con rodillo de esparcido de accionamiento hidrost\u00e1tico<\/li>\n<li>Un motor diesel turboalimentado de 260 CV<\/li>\n<li>Cintas transportadoras hidrost\u00e1ticas de 24 pulgadas de ancho<\/li>\n<li>Compuertas individuales para facilitar las esquinas con radio<\/li>\n<li>Un conjunto manual de consola deslizante y asiento del operador<\/li>\n<\/ul>\n<h3>\u00bfCu\u00e1les son algunas de las opciones disponibles en tus ChipSpreaders?<\/h3>\n<p>En Etnyre, proporcionamos un mayor rendimiento a tu inversi\u00f3n construyendo m\u00e1quinas a medida para cada pedido. Por eso, te damos muchas opciones con nuestros esparcidores de gravilla en <a href=\"https:\/\/etnyre.com\/es\/equipo-de-revestimiento-sellador-minnesota\/\">Minnesota<\/a>. \u00c9stas son algunas de las caracter\u00edsticas de equipamiento opcional que puedes elegir al encargar uno de nuestros esparcidores de gravilla:  <\/p>\n<ul>\n<li><strong>Diferentes anchos de tolva &#8211; <\/strong>Puedes elegir anchos de tolva de 11&#8242;, 12&#8242;, 13&#8242; o 14&#8242; en lugar de nuestro ancho de tolva est\u00e1ndar de 10&#8242;.<\/li>\n<li><strong>Segundo agitador (s\u00f3lo para m\u00e1quinas de tolva frontal)<\/strong><\/li>\n<li><strong>Sistema de tracci\u00f3n hidrost\u00e1tica a las 4 ruedas &#8211; <\/strong>Eje de direcci\u00f3n de tracci\u00f3n mec\u00e1nica delantera, oscilante completo, v\u00eda de ruedas de 75&#8243;, relaci\u00f3n de transmisi\u00f3n de 20,37:1, nominal de 25.000#, diferencial de una velocidad. Eje trasero de tracci\u00f3n mec\u00e1nica, v\u00eda de ruedas de 95&#8243;, relaci\u00f3n de transmisi\u00f3n de 20,37:1, nominal de 25.000#, diferencial de una velocidad. Ambos ejes accionados por una bomba hidrost\u00e1tica de cilindrada variable de 125 cc y motores hidrost\u00e1ticos de cilindrada variable de 160 cc. Velocidad infinitamente variable de 0 a 19,5 MPH.  <\/li>\n<li><strong>Pedestal de asiento el\u00e9ctrico &#8211; <\/strong>Movimiento el\u00e9ctrico sobre hidr\u00e1ulico del asiento y el panel de control para un funcionamiento de doble mando.<\/li>\n<li><strong>Pintura personalizada &#8211; <\/strong>Color de pintura distinto del amarillo de autopista est\u00e1ndar<\/li>\n<li><strong>Cabina totalmente cerrada &#8211; <\/strong>Una cabina que dispone de aire acondicionado, calefacci\u00f3n y pedestal de asiento el\u00e9ctrico.<\/li>\n<\/ul>\n<p>Para obtener una lista completa de opciones de productos, consulta nuestra <a href=\"https:\/\/etnyre.com\/wp-content\/uploads\/2021\/08\/Chipspreader-SCH-202_13.pdf\">hoja de especificaciones de ChipSpreaders<\/a>.<\/p>\n<div class=\"left-img\"><img loading=\"lazy\" decoding=\"async\" class=\"alignnone\" src=\"https:\/\/etnyre.com\/wp-content\/uploads\/2023\/02\/Best-Chip-Spreaders-seo-500x350.jpg\" alt=\"Esparcidores de virutas Minnesota\" width=\"500\" height=\"350\" title=\"\"><\/div>\n<h3>Contacta con nosotros<\/h3>\n<p>Etnyre se enorgullece de fabricar algunos de los mejores equipos de construcci\u00f3n y mantenimiento de carreteras disponibles en la actualidad. Podemos apoyar tu negocio con los mejores esparcidores de gravilla de Minnesota. Por eso, <a href=\"https:\/\/etnyre.com\/es\/contactenos\/\">ponte en contacto con nosotros<\/a> hoy mismo para recibir m\u00e1s informaci\u00f3n o hacer un pedido. Adem\u00e1s, puedes ponerte en contacto con nosotros en l\u00ednea en cualquier momento enviando un mensaje a trav\u00e9s <a href=\"https:\/\/etnyre.com\/es\/contactenos\/\">del formulario de contacto de nuestro sitio web<\/a>.   <\/p>\n","protected":false},"excerpt":{"rendered":"<p>No hacemos carreteras. Facilitamos la pavimentaci\u00f3n de carreteras con esparcidores de gravilla en Minnesota E.D. Etnyre &amp; Company crea equipos de construcci\u00f3n y mantenimiento de carreteras de dise\u00f1o exclusivo y a medida, como nuestros esparcidores de gravilla en Minnesota. El extendido de gravilla combina una o m\u00e1s capas de asfalto l\u00edquido con una o m\u00e1s &hellip; <a href=\"https:\/\/etnyre.com\/es\/esparcidores-de-virutas-minnesota\/\" class=\"more-link\">Continue reading <span class=\"screen-reader-text\">Esparcidores de virutas Minnesota<\/span><\/a><\/p>\n","protected":false},"author":1,"featured_media":6820,"parent":0,"menu_order":0,"comment_status":"closed","ping_status":"closed","template":"","meta":{"_acf_changed":false,"footnotes":""},"class_list":["post-13161","page","type-page","status-publish","has-post-thumbnail","hentry"],"acf":[],"_links":{"self":[{"href":"https:\/\/etnyre.com\/es\/wp-json\/wp\/v2\/pages\/13161","targetHints":{"allow":["GET"]}}],"collection":[{"href":"https:\/\/etnyre.com\/es\/wp-json\/wp\/v2\/pages"}],"about":[{"href":"https:\/\/etnyre.com\/es\/wp-json\/wp\/v2\/types\/page"}],"author":[{"embeddable":true,"href":"https:\/\/etnyre.com\/es\/wp-json\/wp\/v2\/users\/1"}],"replies":[{"embeddable":true,"href":"https:\/\/etnyre.com\/es\/wp-json\/wp\/v2\/comments?post=13161"}],"version-history":[{"count":1,"href":"https:\/\/etnyre.com\/es\/wp-json\/wp\/v2\/pages\/13161\/revisions"}],"predecessor-version":[{"id":13747,"href":"https:\/\/etnyre.com\/es\/wp-json\/wp\/v2\/pages\/13161\/revisions\/13747"}],"wp:featuredmedia":[{"embeddable":true,"href":"https:\/\/etnyre.com\/es\/wp-json\/wp\/v2\/media\/6820"}],"wp:attachment":[{"href":"https:\/\/etnyre.com\/es\/wp-json\/wp\/v2\/media?parent=13161"}],"curies":[{"name":"wp","href":"https:\/\/api.w.org\/{rel}","templated":true}]}}