{"id":13162,"date":"2024-12-17T11:22:10","date_gmt":"2024-12-17T11:22:10","guid":{"rendered":"https:\/\/etnyre.com\/remolques-de-fondo-movil-minnesota\/"},"modified":"2025-05-28T06:13:07","modified_gmt":"2025-05-28T06:13:07","slug":"remolques-de-fondo-movil-minnesota","status":"publish","type":"page","link":"https:\/\/etnyre.com\/es\/remolques-de-fondo-movil-minnesota\/","title":{"rendered":"Remolques de fondo m\u00f3vil Minnesota"},"content":{"rendered":"<h3>No transportamos materiales. Facilitamos el transporte de materiales con remolques de fondo m\u00f3vil en Minnesota. <\/h3>\n<p>E.D. Etnyre &amp; Company te permite transportar recursos m\u00e1s r\u00e1pida y f\u00e1cilmente sin necesidad de un cami\u00f3n volquete con nuestros remolques de fondo vivo en Minnesota. Tanto si necesitas llevar materiales a una obra, una granja o un emplazamiento industrial, nuestros remolques de fondo vivo permiten una descarga m\u00e1s precisa y limpia. Adem\u00e1s, te permiten reducir la demanda de mano de obra y reducir el tiempo con una descarga precisa que elimina la necesidad de m\u00e9todos manuales. Y lo que es m\u00e1s importante, nuestros remolques vienen con componentes de f\u00e1cil acceso, lo que facilita su mantenimiento en comparaci\u00f3n con otros equipos de transporte. Ponte ahora <a href=\"https:\/\/etnyre.com\/es\/contactenos\/\">en contacto con Etnyre<\/a> para obtener m\u00e1s informaci\u00f3n sobre nuestros <a href=\"https:\/\/etnyre.com\/live-bottom-trailers\/\">remolques Falcon\u00ae de fondo m\u00f3vil<\/a> hechos a medida en Minnesota.   <\/p>\n<h3>\u00bfPor qu\u00e9 elegir nuestros remolques de fondo m\u00f3vil en Minnesota?<\/h3>\n<p>Durante d\u00e9cadas, los volquetes han sido el medio de transporte m\u00e1s fiable para las materias primas. Sin embargo, tienen el inconveniente de que su velocidad y capacidad de transporte son limitadas, lo que hace que el transporte sea m\u00e1s lento o que el n\u00famero de viajes para transportar los recursos que necesitas sea superior al ideal. Afortunadamente, Etnyre puede ofrecerte una alternativa eficaz con nuestros remolques de fondo vivo.  <\/p>\n<p>Nuestros remolques de fondo m\u00f3vil ofrecen varias ventajas respecto al uso de un cami\u00f3n volquete tradicional. \u00c9stas son algunas de las ventajas m\u00e1s atractivas de utilizar nuestros remolques <a href=\"https:\/\/etnyre.com\/es\/remolques-de-fondo-movil-nevada\/\">Falcon\u00ae de fondo<\/a> vivo: <\/p>\n<ul>\n<li><strong>Aplicaciones vers\u00e1tiles &#8211; <\/strong>Nuestros remolques son adecuados para transportar una amplia gama de materiales a granel, como virutas de roca (\u00e1ridos), grano, piensos, fertilizantes y mucho m\u00e1s.<\/li>\n<li><strong>Eliminaci\u00f3n de riesgos de vuelco &#8211; <\/strong>A diferencia de los volquetes, que tienen un centro de gravedad alto, los remolques con fondo vivo tienen muchas menos probabilidades de perder materiales en un accidente de vuelco, debido a su bajo centro de gravedad.<\/li>\n<li><strong>Soluciones respetuosas con el medio ambiente &#8211; <\/strong>Estos remolques reducen el riesgo de vertidos y la cantidad de emisiones nocivas, reduciendo tu huella al transportar materiales.<\/li>\n<li><strong>Evitar m\u00e1s f\u00e1cilmente la <\/strong>contaminaci\u00f3n cruzada &#8211; Nuestros remolques de fondo vivo son mucho m\u00e1s f\u00e1ciles de limpiar a fondo que una caja de volquete, lo que reduce el riesgo de contaminaci\u00f3n cruzada de materiales.<\/li>\n<li><strong>Mayor eficacia &#8211; <\/strong>Con una descarga r\u00e1pida y eficaz, nuestros remolques te permiten agilizar tus operaciones y minimizar los tiempos de respuesta log\u00edstica.<\/li>\n<li><strong>Descarga precisa &#8211; <\/strong>Los volquetes que permiten que los materiales se deslicen pueden derramar recursos fuera de los espacios deseados. Afortunadamente, puedes evitar ese problema con nuestros remolques que utilizan una cinta transportadora para proporcionar un mayor control de la descarga. <\/li>\n<\/ul>\n<h3>\u00bfCu\u00e1les son algunas de las caracter\u00edsticas de tus remolques de fondo m\u00f3vil?<\/h3>\n<p>Puedes hacer que el transporte de materiales sea pan comido con las innovadoras caracter\u00edsticas de nuestros remolques de fondo m\u00f3vil en Minnesota. Utilizan un fiable sistema transportador, en lugar de una caja volquete elevada, lo que permite una descarga precisa sin riesgos de seguridad por encima de la cabeza. Adem\u00e1s, te ofrecemos la opci\u00f3n de remolques independientes o montados sobre cami\u00f3n. En Etnyre, fabricamos todos nuestros equipos por encargo. De ese modo, puedes obtener soluciones que se ajusten a tus necesidades. Algunas de las otras caracter\u00edsticas populares de nuestros remolques Falcon\u00ae de fondo m\u00f3vil son:     <\/p>\n<ul>\n<li>Un sistema de transporte fiable que minimiza el mantenimiento necesario y los tiempos de inactividad improductivos<\/li>\n<li>Cinta de 106 cm (42 pulgadas) de ancho que minimiza los puentes de material<\/li>\n<li>Nuestros remolques ligeros permiten un ahorro m\u00e1ximo de combustible y una mayor carga \u00fatil<\/li>\n<li>Variedad de puertas traseras, incluidas las dobles, de hormig\u00f3n, de gran elevaci\u00f3n y plegables de gran elevaci\u00f3n, que proporcionan una descarga controlada de materias primas para cualquier aplicaci\u00f3n<\/li>\n<li>Paredes laterales empinadas que evitan la formaci\u00f3n de puentes y descargan m\u00e1s f\u00e1cilmente una amplia gama de recursos, como asfalto caliente, virutas de roca grandes o peque\u00f1as (\u00e1ridos), grava, arena, materiales de reciclaje u hormig\u00f3n de bajo asentamiento.<\/li>\n<li>Opci\u00f3n de colocar una cama montada en el chasis de un cami\u00f3n del cliente<\/li>\n<\/ul>\n<div class=\"left-img\"><img loading=\"lazy\" decoding=\"async\" class=\"alignnone\" src=\"https:\/\/etnyre.com\/wp-content\/uploads\/2024\/07\/Best-Live-Bottom-Trailers-Illinois-2.jpg\" alt=\"Remolques de fondo m\u00f3vil Minnesota\" width=\"500\" height=\"350\" title=\"\"><\/div>\n<h3>Contacta con nosotros<\/h3>\n<p>Etnyre puede ahorrarte tiempo y dinero cuando necesites transportar materias primas con nuestros remolques de fondo vivo en Minnesota. <a href=\"https:\/\/etnyre.com\/es\/contactenos\/\">Ponte en contacto con nosotros<\/a> en l\u00ednea o ll\u00e1manos al <a href=\"tel:8157322116\">815-732-2116<\/a> para obtener m\u00e1s informaci\u00f3n sobre nuestros remolques. Tambi\u00e9n ofrecemos una gran variedad de <a href=\"https:\/\/etnyre.com\/lowboy-trailers\/\">remolques bajos<\/a>. As\u00ed, podemos proporcionarte una soluci\u00f3n ideal sean cuales sean tus necesidades.   <\/p>\n","protected":false},"excerpt":{"rendered":"<p>No transportamos materiales. Facilitamos el transporte de materiales con remolques de fondo m\u00f3vil en Minnesota. E.D. Etnyre &amp; Company te permite transportar recursos m\u00e1s r\u00e1pida y f\u00e1cilmente sin necesidad de un cami\u00f3n volquete con nuestros remolques de fondo vivo en Minnesota. Tanto si necesitas llevar materiales a una obra, una granja o un emplazamiento industrial, &hellip; <a href=\"https:\/\/etnyre.com\/es\/remolques-de-fondo-movil-minnesota\/\" class=\"more-link\">Continue reading <span class=\"screen-reader-text\">Remolques de fondo m\u00f3vil Minnesota<\/span><\/a><\/p>\n","protected":false},"author":1,"featured_media":9489,"parent":0,"menu_order":0,"comment_status":"closed","ping_status":"closed","template":"","meta":{"_acf_changed":false,"footnotes":""},"class_list":["post-13162","page","type-page","status-publish","has-post-thumbnail","hentry"],"acf":[],"_links":{"self":[{"href":"https:\/\/etnyre.com\/es\/wp-json\/wp\/v2\/pages\/13162","targetHints":{"allow":["GET"]}}],"collection":[{"href":"https:\/\/etnyre.com\/es\/wp-json\/wp\/v2\/pages"}],"about":[{"href":"https:\/\/etnyre.com\/es\/wp-json\/wp\/v2\/types\/page"}],"author":[{"embeddable":true,"href":"https:\/\/etnyre.com\/es\/wp-json\/wp\/v2\/users\/1"}],"replies":[{"embeddable":true,"href":"https:\/\/etnyre.com\/es\/wp-json\/wp\/v2\/comments?post=13162"}],"version-history":[{"count":1,"href":"https:\/\/etnyre.com\/es\/wp-json\/wp\/v2\/pages\/13162\/revisions"}],"predecessor-version":[{"id":13748,"href":"https:\/\/etnyre.com\/es\/wp-json\/wp\/v2\/pages\/13162\/revisions\/13748"}],"wp:featuredmedia":[{"embeddable":true,"href":"https:\/\/etnyre.com\/es\/wp-json\/wp\/v2\/media\/9489"}],"wp:attachment":[{"href":"https:\/\/etnyre.com\/es\/wp-json\/wp\/v2\/media?parent=13162"}],"curies":[{"name":"wp","href":"https:\/\/api.w.org\/{rel}","templated":true}]}}