{"id":13167,"date":"2024-12-17T11:25:37","date_gmt":"2024-12-17T11:25:37","guid":{"rendered":"https:\/\/etnyre.com\/equipo-de-asfaltado-nevada\/"},"modified":"2025-05-28T06:12:34","modified_gmt":"2025-05-28T06:12:34","slug":"equipo-de-asfaltado-nevada","status":"publish","type":"page","link":"https:\/\/etnyre.com\/es\/equipo-de-asfaltado-nevada\/","title":{"rendered":"Equipo de asfaltado Nevada"},"content":{"rendered":"<h3>\u00bfBuscas el mejor equipo de asfaltado de Nevada?<\/h3>\n<p>E.D. Etnyre &amp; Company ofrece los mejores <a href=\"https:\/\/etnyre.com\/es\/distribuidores-de-asfalto\/\">distribuidores de asfalto<\/a>, <a href=\"https:\/\/etnyre.com\/es\/esparcidores-de-chips\/\">esparcidores de gravilla<\/a> y el mejor equipo de asfaltado de Nevada. Somos l\u00edderes en la construcci\u00f3n de equipos para las industrias de construcci\u00f3n y mantenimiento de carreteras de asfalto. Nuestra l\u00ednea completa de m\u00e1quinas de asfalto incluye <a href=\"https:\/\/etnyre.com\/es\/caja-de-escobas-scrub-seal\/\">cajas de fregado<\/a>, <a href=\"https:\/\/etnyre.com\/lowboy-trailers\/\">remolques de plataforma baja<\/a>, <a href=\"https:\/\/etnyre.com\/es\/transportes-de-asfalto\/\">transporte de asfalto<\/a>, <a href=\"https:\/\/etnyre.com\/es\/selladores-de-grietas\/\">selladoras de grietas<\/a>, <a href=\"https:\/\/etnyre.com\/es\/equipos-de-sellado\/\">m\u00e1quinas de revestimiento de sellado<\/a> y <a href=\"https:\/\/etnyre.com\/es\/selladoras-de-lodos\/\">equipos de sellado de lechada<\/a>. Adem\u00e1s, podemos personalizar los equipos con diferentes opciones disponibles para crear un ajuste perfecto basado en las necesidades de tu negocio de contrataci\u00f3n de asfalto. <a href=\"https:\/\/etnyre.com\/es\/manuales\/\">Ponemos a tu disposici\u00f3n pr\u00e1cticos manuales de producto en l\u00ednea<\/a>. As\u00ed que <a href=\"https:\/\/etnyre.com\/es\/contactenos\/\">ponte en contacto con Etnyre<\/a> hoy mismo para solicitar un presupuesto gratuito o m\u00e1s informaci\u00f3n sobre equipos de asfaltado en Nevada.     <\/p>\n<h3>\u00bfIntentas encontrar distribuidores de asfalto mejor valorados?<\/h3>\n<p>Etnyre puede suministrar a tu empresa de mantenimiento de asfalto o de construcci\u00f3n de carreteras los mejores distribuidores de asfalto Black Topper y otros equipos de asfaltado en Nevada. Nuestras m\u00e1quinas establecen el est\u00e1ndar del sector en cuanto a calidad y precisi\u00f3n de la aplicaci\u00f3n de asfalto. Adem\u00e1s, el dise\u00f1o aerodin\u00e1mico de nuestras m\u00e1quinas minimiza el mantenimiento necesario para su conservaci\u00f3n, al tiempo que mejora la productividad y el rendimiento. Algunas de las caracter\u00edsticas m\u00e1s populares de nuestros distribuidores de asfalto Black Topper son las siguientes:   <\/p>\n<ul>\n<li>Manejo por una sola persona con los mandos situados en la cabina del cami\u00f3n o cerca de la parte trasera de la m\u00e1quina<\/li>\n<li>Controles electr\u00f3nicos de la velocidad de la bomba de asfalto que proporcionan un mayor control sobre las velocidades de aplicaci\u00f3n del asfalto<\/li>\n<li>Tama\u00f1os de dep\u00f3sito personalizables, con capacidad de 1.000 a 4.500 galones<\/li>\n<li>Una barra pulverizadora completa y circulante de 3,5 m que viene con alas plegables controladas por cambio electrohidr\u00e1ulico<\/li>\n<li>Flujo de asfalto equilibrado de doble alimentaci\u00f3n que proporciona una aplicaci\u00f3n uniforme en toda la barra<\/li>\n<\/ul>\n<h3>\u00bfBuscas los mejores esparcidores de virutas?<\/h3>\n<p>Los esparcidores de gravilla Etnyre permiten una aplicaci\u00f3n precisa y eficaz de una cantidad controlada de \u00e1rido a la carretera durante el proceso de sellado de gravilla. En consecuencia, puedes conseguir los mejores resultados con nuestros equipos de asfaltado en Nevada. Nuestras m\u00e1quinas logran su gran rendimiento utilizando un sistema de transmisi\u00f3n hidrost\u00e1tica y una tolva de esparcido de anchura variable para aplicar m\u00faltiples tama\u00f1os de \u00e1rido y tasas de aplicaci\u00f3n. Adem\u00e1s, la aplicaci\u00f3n se mantiene constante incluso a velocidades y anchuras de esparcimiento de virutas variables. Algunas de las caracter\u00edsticas m\u00e1s populares de las esparcidoras de gravilla Etnyre son:    <\/p>\n<ul>\n<li>Tracci\u00f3n a las cuatro ruedas o sistemas de tracci\u00f3n delantera<\/li>\n<li>Un motor diesel turboalimentado para proporcionar 260 CV.<\/li>\n<li>Cintas transportadoras de accionamiento hidrost\u00e1tico de 24 pulgadas de ancho<\/li>\n<li>Controles inform\u00e1ticos para el control de la tasa y la velocidad de aplicaci\u00f3n<\/li>\n<li>Una tolva fija o variable<\/li>\n<li>Tu elecci\u00f3n de tolvas de esparcimiento frontal de 12 a 24 pies con un rodillo de esparcimiento de accionamiento hidrost\u00e1tico<\/li>\n<li>Cintas transportadoras de accionamiento hidrost\u00e1tico de 24 pulgadas de ancho<\/li>\n<li>Aletas plegables para un mejor uso del material<\/li>\n<li>Compuertas individuales para esquinas de radio sin esfuerzo<\/li>\n<li>Conjunto consola\/asiento deslizante manual<\/li>\n<\/ul>\n<h3>Mejora tus operaciones de asfaltado con una caja escoba de fregado<\/h3>\n<p>Para proporcionar un sellado de alquitr\u00e1n y gravilla sin igual en proyectos de asfalto, considera la posibilidad de invertir en una Caja Escoba Etnyre Scrub Seal. Se trata de una innovadora maquinaria dise\u00f1ada para aplicar con precisi\u00f3n los sellos de fregado, eliminando la escorrent\u00eda contra los bordes de la carretera y los bordillos. Adem\u00e1s, puede ajustarse a las condiciones variables de la superficie del pavimento con tres tipos variables de escoba. Es una inversi\u00f3n inteligente si tu empresa est\u00e1 pensando en comprar maquinaria de sellado de virutas en Nevada. Algunas de las mejores caracter\u00edsticas de la Scrub Seal Broom Box son:    <\/p>\n<ul>\n<li>Son aut\u00f3nomos y pueden montarse en cualquier distribuidor con peque\u00f1as modificaciones.<\/li>\n<li>Recibir\u00e1s una m\u00e1quina ajustable hidr\u00e1ulicamente, capaz de cambiar de anchura de 2,5 a 4,5 m sobre la marcha mediante un sistema inal\u00e1mbrico de control remoto.<\/li>\n<li>Adem\u00e1s, hay cabezales de escoba de desenganche r\u00e1pido que permiten cambiarlos f\u00e1cilmente.<\/li>\n<li>Adem\u00e1s, hay un accesorio de gran elevaci\u00f3n para facilitar la autocarga en un remolque.<\/li>\n<li>Adem\u00e1s, est\u00e1 articulado para autoflexionarse en carreteras coronadas, creando menos desorden al final de las tomas.<\/li>\n<\/ul>\n<div class=\"left-img\"><img decoding=\"async\" src=\"https:\/\/etnyre.com\/wp-content\/uploads\/2024\/09\/Chip-Seal-Equipment-Nevada-2-500x350.jpg\" alt=\"Equipo de asfaltado Nevada\" title=\"\"><\/div>\n<h3>Contacta con nosotros para el equipo de asfaltado en Nevada<\/h3>\n<p>E.D. Etnyre &amp; Company es l\u00edder del sector en la fabricaci\u00f3n y venta de los mejores equipos de asfaltado de Nevada. Si quieres sustituir o actualizar un equipo, <a href=\"https:\/\/etnyre.com\/es\/contactenos\/\">ponte en contacto con nosotros<\/a> para recibir m\u00e1s informaci\u00f3n sobre nuestros distribuidores de asfalto, esparcidores de gravilla y m\u00e1quinas de caja de escoba de sello de fregado. Para otras preguntas, tambi\u00e9n puedes llamarnos al <a href=\"tel:8157322116\">815-732-2116<\/a>. Entonces, dinos c\u00f3mo podemos personalizar algunos de los mejores equipos de asfaltado disponibles en el mundo para que se adapten a las necesidades de tus operaciones de asfaltado.   <\/p>\n","protected":false},"excerpt":{"rendered":"<p>\u00bfBuscas el mejor equipo de asfaltado de Nevada? E.D. Etnyre &amp; Company ofrece los mejores distribuidores de asfalto, esparcidores de gravilla y el mejor equipo de asfaltado de Nevada. Somos l\u00edderes en la construcci\u00f3n de equipos para las industrias de construcci\u00f3n y mantenimiento de carreteras de asfalto. Nuestra l\u00ednea completa de m\u00e1quinas de asfalto incluye &hellip; <a href=\"https:\/\/etnyre.com\/es\/equipo-de-asfaltado-nevada\/\" class=\"more-link\">Continue reading <span class=\"screen-reader-text\">Equipo de asfaltado Nevada<\/span><\/a><\/p>\n","protected":false},"author":1,"featured_media":12570,"parent":0,"menu_order":0,"comment_status":"closed","ping_status":"closed","template":"","meta":{"_acf_changed":false,"footnotes":""},"class_list":["post-13167","page","type-page","status-publish","has-post-thumbnail","hentry"],"acf":[],"_links":{"self":[{"href":"https:\/\/etnyre.com\/es\/wp-json\/wp\/v2\/pages\/13167","targetHints":{"allow":["GET"]}}],"collection":[{"href":"https:\/\/etnyre.com\/es\/wp-json\/wp\/v2\/pages"}],"about":[{"href":"https:\/\/etnyre.com\/es\/wp-json\/wp\/v2\/types\/page"}],"author":[{"embeddable":true,"href":"https:\/\/etnyre.com\/es\/wp-json\/wp\/v2\/users\/1"}],"replies":[{"embeddable":true,"href":"https:\/\/etnyre.com\/es\/wp-json\/wp\/v2\/comments?post=13167"}],"version-history":[{"count":1,"href":"https:\/\/etnyre.com\/es\/wp-json\/wp\/v2\/pages\/13167\/revisions"}],"predecessor-version":[{"id":13817,"href":"https:\/\/etnyre.com\/es\/wp-json\/wp\/v2\/pages\/13167\/revisions\/13817"}],"wp:featuredmedia":[{"embeddable":true,"href":"https:\/\/etnyre.com\/es\/wp-json\/wp\/v2\/media\/12570"}],"wp:attachment":[{"href":"https:\/\/etnyre.com\/es\/wp-json\/wp\/v2\/media?parent=13167"}],"curies":[{"name":"wp","href":"https:\/\/api.w.org\/{rel}","templated":true}]}}