{"id":13169,"date":"2024-12-17T11:28:28","date_gmt":"2024-12-17T11:28:28","guid":{"rendered":"https:\/\/etnyre.com\/camiones-de-revestimiento-de-juntas-texas\/"},"modified":"2025-05-28T06:12:15","modified_gmt":"2025-05-28T06:12:15","slug":"camiones-de-revestimiento-de-juntas-texas","status":"publish","type":"page","link":"https:\/\/etnyre.com\/es\/camiones-de-revestimiento-de-juntas-texas\/","title":{"rendered":"Camiones de revestimiento de juntas Texas"},"content":{"rendered":"<h3>\u00bfPor qu\u00e9 deber\u00eda comprar camiones de revestimiento de sellado en Texas?<\/h3>\n<p>Hay muchas razones por las que es una inversi\u00f3n inteligente que los contratistas de asfalto compren camiones de recubrimiento en Texas. \u00c9stas son algunas de las razones m\u00e1s convincentes por las que el <a href=\"https:\/\/etnyre.com\/es\/camiones-sealcoat\/\">cami\u00f3n de recubrimiento BC502SC<\/a> de E.D. Etnyre &amp; Company tiene sentido para tu negocio de mantenimiento de carreteras: <\/p>\n<ul class=\"clr\">\n<li><strong>Distancia de cobertura superior &#8211; <\/strong>Los BC502SC pueden transportar de 1.000 a 4.000 galones de mezcla de sellado. Tienen capacidad para mantener la mezcla caliente y lista para usar durante distancias mucho mayores que <a href=\"https:\/\/etnyre.com\/es\/buggies-sealcoat\/\">los buggies de recubrimiento<\/a>. Como resultado, nuestros camiones de recubrimiento te permiten utilizar menos equipos, camiones y remolques en cada proyecto.  <\/li>\n<li><strong>Mayor comodidad &#8211; <\/strong>El BC502SC presenta un dise\u00f1o que incluye el cami\u00f3n y el dep\u00f3sito de almacenamiento en un solo equipo. En consecuencia, puedes controlar la salida del dep\u00f3sito de pintura de sellado y la barra de pulverizaci\u00f3n desde la cabina del cami\u00f3n, una ventaja que no obtienes con los remolques separados. <\/li>\n<li><strong>Afronta m\u00e1s proyectos de gran envergadura &#8211; <\/strong>La BC502SC de Etnyre permite a tu empresa gestionar mejor proyectos de gran envergadura para carreteras y aparcamientos amplios. El gran volumen de mezcla de sellado que transportan nuestros camiones de sellado los convierte en los equipos m\u00e1s eficientes para esos trabajos. <\/li>\n<\/ul>\n<h3>\u00bfC\u00f3mo benefician a mi negocio los camiones de revestimiento?<\/h3>\n<p>Los contratistas de asfalto que quieren que su negocio sea m\u00e1s eficaz y rentable se benefician de varias maneras de los camiones de revestimiento de Etnyre en Texas. \u00c9stos son algunos de los principales beneficios que obtienes con nuestro cami\u00f3n de recubrimiento de juntas BC502SC de primera clase, que sustituye al RaynMaker: <\/p>\n<ul>\n<li><strong>Mayor eficacia &#8211; <\/strong>Nuestros camiones de revestimiento de juntas permiten a tu equipo cubrir m\u00e1s r\u00e1pidamente zonas m\u00e1s amplias de pavimento. Como resultado, aumentas la productividad general al poder completar m\u00e1s trabajos m\u00e1s r\u00e1pidamente que sin nuestro equipo. <\/li>\n<li><strong>M\u00e1s uniformidad &#8211; <\/strong>Los camiones Etnyre tambi\u00e9n proporcionan una aplicaci\u00f3n m\u00e1s uniforme de los materiales de sellado. As\u00ed, proporcionas mejores resultados a tus clientes, mejorando la satisfacci\u00f3n con el trabajo realizado por tu empresa. <\/li>\n<li><strong>Ahorra m\u00e1s dinero &#8211; <\/strong>El uso eficiente del material, el menor tiempo de inactividad del proyecto y el menor n\u00famero de reparaciones del equipo que ofrecen nuestros camiones de revestimiento de juntas te permiten experimentar un ahorro significativo a largo plazo. Como resultado, nuestra BC502SC se amortiza sola y algo m\u00e1s. <\/li>\n<li><strong>Ampl\u00eda tu oferta de servicios &#8211; <\/strong>Actualizar tu negocio con nuestros camiones de recubrimiento de juntas te permite asumir proyectos de mayor envergadura en menos tiempo. Por tanto, puedes atraer a m\u00e1s clientes y diferentes tipos de proyectos que en el pasado, aumentando tus beneficios. <\/li>\n<li><strong>Mejora la imagen de marca &#8211; <\/strong>La coherencia y eficacia que nuestros camiones de revestimiento de sellado aportan a tus operaciones demuestra m\u00e1s fiabilidad y profesionalidad a tus clientes. Como resultado, puedes separar tus operaciones de la multitud de competidores creando una mejor imagen de marca y fidelidad a la marca. <\/li>\n<\/ul>\n<h3>\u00bfCu\u00e1les son las especificaciones del producto?<\/h3>\n<p>Etnyre te ofrece un mayor retorno de la inversi\u00f3n con varias caracter\u00edsticas atractivas en nuestros camiones de sellado en Texas. \u00c9stas son algunas de las innovadoras caracter\u00edsticas de dise\u00f1o que ayudan a nuestra BC502SC a destacar sobre otras ofertas: <\/p>\n<ul class=\"col-2\">\n<li>Capacidades de los dep\u00f3sitos de mezcla de sellado de 1.000 a 4.000 galones<\/li>\n<li>Todas las funciones de distribuci\u00f3n, circulaci\u00f3n y carga se seleccionan desde la cabina o el mando lateral<\/li>\n<li>Bomba hidrost\u00e1tica de pistones Sauer-Danfoss de 75 cc (4,75 pies c\u00fabicos) para trabajo pesado <\/li>\n<li>Control en cabina del GSY, v\u00e1lvulas de asfalto de la barra de pulverizaci\u00f3n, diagn\u00f3sticos, subida, bajada, desplazamiento lateral y lavado de la barra de pulverizaci\u00f3n<\/li>\n<li>Alas separables para evitar da\u00f1os si se golpea un objeto mientras se esparce el producto; pasador de cizalla sustituible en menos de un minuto<\/li>\n<li>Diagn\u00f3stico a bordo<\/li>\n<\/ul>\n<div class=\"left-img\"><img decoding=\"async\" src=\"https:\/\/etnyre.com\/wp-content\/uploads\/2024\/07\/large-outdoor-parking-lot.jpg\" alt=\"Camiones de revestimiento de juntas Texas\" title=\"\"><\/div>\n<h3>Contacta con nosotros<\/h3>\n<p>E.D. Etnyre dise\u00f1a y construye equipos de primera clase para contratistas de asfalto. Ofrecemos de todo, desde <a href=\"https:\/\/etnyre.com\/es\/transportes-de-asfalto\/\">remolques de transporte de asfalto<\/a> hasta <a href=\"https:\/\/etnyre.com\/es\/distribuidores-de-asfalto-de-texas\/\">distribuidores de asfalto<\/a>, <a href=\"https:\/\/etnyre.com\/es\/esparcidores-de-virutas-texas\/\">esparcidores de gravilla<\/a> y <a href=\"https:\/\/etnyre.com\/es\/sealcoating-trucks-illinois\/\">camiones de sellado<\/a> en Texas. Adem\u00e1s, vendemos <a href=\"https:\/\/etnyre.com\/es\/tratamiento-de-pavimentos-scrub-seal\/\">cajas escoba para sellado por frotamiento<\/a>, <a href=\"https:\/\/etnyre.com\/lowboy-trailers\/\">remolques bajos<\/a>, <a href=\"https:\/\/etnyre.com\/live-bottom-trailers\/\">remolques de fondo vivo<\/a>, <a href=\"https:\/\/etnyre.com\/es\/selladores-de-grietas-texas\/\">selladoras de grietas<\/a> y <a href=\"https:\/\/etnyre.com\/es\/selladoras-de-lodos\/\">m\u00e1quinas de sellado de lechada<\/a>. Env\u00edanos un mensaje a trav\u00e9s de nuestro <a href=\"https:\/\/etnyre.com\/es\/contactenos\/\">formulario de contacto en l\u00ednea<\/a> o env\u00edanos un correo electr\u00f3nico a <a href=\"mailto:sales@etnyre.com\">sales@etnyre.com<\/a> para obtener m\u00e1s informaci\u00f3n. Tambi\u00e9n puedes hablar por tel\u00e9fono con nuestro amable personal de ventas llamando <a href=\"tel:8157322116\">al 815-732-2116<\/a>.    <\/p>\n","protected":false},"excerpt":{"rendered":"<p>\u00bfPor qu\u00e9 deber\u00eda comprar camiones de revestimiento de sellado en Texas? Hay muchas razones por las que es una inversi\u00f3n inteligente que los contratistas de asfalto compren camiones de recubrimiento en Texas. \u00c9stas son algunas de las razones m\u00e1s convincentes por las que el cami\u00f3n de recubrimiento BC502SC de E.D. Etnyre &amp; Company tiene sentido &hellip; <a href=\"https:\/\/etnyre.com\/es\/camiones-de-revestimiento-de-juntas-texas\/\" class=\"more-link\">Continue reading <span class=\"screen-reader-text\">Camiones de revestimiento de juntas Texas<\/span><\/a><\/p>\n","protected":false},"author":1,"featured_media":12440,"parent":0,"menu_order":0,"comment_status":"closed","ping_status":"closed","template":"","meta":{"_acf_changed":false,"footnotes":""},"class_list":["post-13169","page","type-page","status-publish","has-post-thumbnail","hentry"],"acf":[],"_links":{"self":[{"href":"https:\/\/etnyre.com\/es\/wp-json\/wp\/v2\/pages\/13169","targetHints":{"allow":["GET"]}}],"collection":[{"href":"https:\/\/etnyre.com\/es\/wp-json\/wp\/v2\/pages"}],"about":[{"href":"https:\/\/etnyre.com\/es\/wp-json\/wp\/v2\/types\/page"}],"author":[{"embeddable":true,"href":"https:\/\/etnyre.com\/es\/wp-json\/wp\/v2\/users\/1"}],"replies":[{"embeddable":true,"href":"https:\/\/etnyre.com\/es\/wp-json\/wp\/v2\/comments?post=13169"}],"version-history":[{"count":1,"href":"https:\/\/etnyre.com\/es\/wp-json\/wp\/v2\/pages\/13169\/revisions"}],"predecessor-version":[{"id":13830,"href":"https:\/\/etnyre.com\/es\/wp-json\/wp\/v2\/pages\/13169\/revisions\/13830"}],"wp:featuredmedia":[{"embeddable":true,"href":"https:\/\/etnyre.com\/es\/wp-json\/wp\/v2\/media\/12440"}],"wp:attachment":[{"href":"https:\/\/etnyre.com\/es\/wp-json\/wp\/v2\/media?parent=13169"}],"curies":[{"name":"wp","href":"https:\/\/api.w.org\/{rel}","templated":true}]}}