{"id":13170,"date":"2024-12-17T11:28:29","date_gmt":"2024-12-17T11:28:29","guid":{"rendered":"https:\/\/etnyre.com\/equipo-sealcoat-arizona\/"},"modified":"2025-07-16T12:27:42","modified_gmt":"2025-07-16T12:27:42","slug":"equipo-sealcoat-arizona","status":"publish","type":"page","link":"https:\/\/etnyre.com\/es\/equipo-sealcoat-arizona\/","title":{"rendered":"Equipo Sealcoat Arizona"},"content":{"rendered":"<h3>Todo lo que necesitas saber sobre el equipo de revestimiento sellador en Arizona<\/h3>\n<p>E.D. Etnyre &amp; Company puede suministrar a los contratistas de mantenimiento de carreteras nuevos y existentes algunos de los mejores equipos de revestimiento de sellado de Arizona. Desde 1898, nuestra empresa ha creado equipos que marcan la pauta en fiabilidad y rendimiento para los profesionales de la pavimentaci\u00f3n asf\u00e1ltica. \u00c9stas son algunas de las mejores opciones de <a href=\"https:\/\/etnyre.com\/es\/equipos-de-mantenimiento-de-carreteras-arizona\/\">equipos de recubrimiento de sell<\/a> ado en Arizona:  <\/p>\n<ul class=\"clr\">\n<li><strong><a href=\"https:\/\/etnyre.com\/es\/sealcoat-camiones-arizona\/\">Carretillas de sellado &#8211; <\/a><\/strong>Nuestros camiones de recubrimiento BC502SC incorporan tecnolog\u00eda de vanguardia. Su sistema de barra de pulverizaci\u00f3n es una innovadora barra de 8&#8243; de di\u00e1metro con dos extensiones de pulverizaci\u00f3n encajables y dos filtros de acabado. El sistema de elevaci\u00f3n hidr\u00e1ulica retr\u00e1ctil ofrece un alcance de pulverizaci\u00f3n de hasta 14&#8242; de anchura. Adem\u00e1s, proporciona un caudal de pulverizaci\u00f3n constante, incluso en movimiento hacia delante.   <\/li>\n<li><strong><a href=\"https:\/\/etnyre.com\/es\/sealcoat-buggies-arizona\/\">Camiones de revestimiento<\/a><\/strong> &#8211; Nuestros buggies de revestimiento de pavimentos Pavement Saver II y III son perfectos para peque\u00f1os aparcamientos o proyectos de calzadas. Ofrecen opciones de capacidad de dep\u00f3sito de 400 a 500 galones, una barra de pulverizaci\u00f3n de 8&#8242; con una extensi\u00f3n de 12&#8242; y controles de joystick f\u00e1ciles de manejar. <\/li>\n<li><strong>M\u00e1quinas Sealcoat<\/strong> &#8211; <a href=\"https:\/\/etnyre.com\/es\/raynpro-serie-t\/\">Nuestros modelos RaynPro Serie T de m\u00e1quinas sealcoating<\/a> te permiten equipar veh\u00edculos y camiones m\u00e1s antiguos con los mismos sistemas que ofrecen nuestros camiones y buggies, con tama\u00f1os de dep\u00f3sito que van de 200 a 12.000 galones.<\/li>\n<\/ul>\n<h3>\u00bfCu\u00e1l es el mejor equipo de revestimiento para grandes proyectos?<\/h3>\n<p>Nuestros camiones BC502SC son la mejor opci\u00f3n para grandes proyectos de pavimentaci\u00f3n de asfalto que requieren equipos de capa de sellado en Arizona. Los camiones de recubrimiento BC502SC vienen con un agitador de barrido completo. Como resultado, puedes modificar f\u00e1cilmente los materiales de sellado utilizados. Por tanto, tanto si aplicas SBR, SBS, productos de l\u00e1tex, \u00e1ridos finos o compuestos de neum\u00e1ticos de caucho, es una soluci\u00f3n eficaz. Adem\u00e1s, puedes manipular el sistema de pulverizaci\u00f3n desde un sistema de control ARC de hasta 1.500 pies con un mando a distancia inal\u00e1mbrico. Y lo que es m\u00e1s importante, puedes personalizar nuestros camiones de recubrimiento de juntas BC502SC con opciones de dep\u00f3sitos de almacenamiento, dep\u00f3sitos agitadores, accesorios electr\u00f3nicos y bombas dobles.     <\/p>\n<h3>\u00bfCu\u00e1l es el mejor equipo de revestimiento para proyectos peque\u00f1os?<\/h3>\n<p>Si tu empresa necesita sellar peque\u00f1os aparcamientos, parcelas privadas o entradas de veh\u00edculos, nuestros buggies de sellado son m\u00e1s peque\u00f1os que los camiones, lo que facilita su uso en proyectos a peque\u00f1a escala. Los buggies Pavement Saver II y III vienen con un potente motor turboalimentado Kubota de 42 CV, componentes de calidad y un sistema de pulverizaci\u00f3n opcional. Estas son algunas de las caracter\u00edsticas m\u00e1s atractivas de nuestros innovadores equipos de recubrimiento de fachadas en Arizona:  <\/p>\n<p><strong>Potente motor diesel<\/strong><\/p>\n<ul>\n<li>Las m\u00e1quinas Pavement Savers incorporan un turbodi\u00e9sel con potencia suficiente para funcionar continuamente, ya sea en condiciones extremas, a gran altitud o con pendientes de hasta el 15%. Adem\u00e1s, proporciona velocidad de producci\u00f3n y tracci\u00f3n total a las tres ruedas, lo que se traduce en un control y un rendimiento inigualables de un buggy de recubrimiento de juntas. <\/li>\n<\/ul>\n<p><strong>Componentes de calidad<\/strong><\/p>\n<ul>\n<li>Mangueras, racores y componentes hidr\u00e1ulicos de \u00faltima generaci\u00f3n.<\/li>\n<li>Dep\u00f3sitos di\u00e9sel, dep\u00f3sitos hidr\u00e1ulicos y dep\u00f3sitos mezcladores de acero T1 de alto rendimiento.<\/li>\n<li>Recorridos de cables protegidos estructuralmente.<\/li>\n<li>Motores de accionamiento sobredimensionados.<\/li>\n<li>Grandes v\u00e1lvulas de cuchilla de acero inoxidable para un suministro positivo de materiales.<\/li>\n<li>Potente control direccional hidr\u00e1ulico del material con un conjunto de escobilla de goma de alta resistencia.<\/li>\n<\/ul>\n<p><strong>Sistema de pulverizaci\u00f3n opcional<\/strong><\/p>\n<ul>\n<li>Barras de rociado a partir de 8 pies con opciones de hasta 13 pies o m\u00e1s.<\/li>\n<li>Controles inform\u00e1ticos que mantienen un caudal de aplicaci\u00f3n uniforme a velocidades variables.<\/li>\n<li>Todos los mandos est\u00e1n situados en el panel de control del operador con controles de joystick.<\/li>\n<li>Varios patrones de pulverizaci\u00f3n, configuraciones de boquilla y tama\u00f1os de punta.<\/li>\n<\/ul>\n<h3>\u00bfTienes equipo de sellado para veh\u00edculos existentes?<\/h3>\n<p>Nuestra serie RaynPro T de equipos de recubrimiento de sellado en Arizona ofrece opciones para equipar veh\u00edculos y camiones existentes para tu negocio de contrataci\u00f3n de asfalto. Estas son algunas de las especificaciones de estas atractivas m\u00e1quinas de recubrimiento de sellado: <\/p>\n<ul>\n<li><strong>Tama\u00f1os de dep\u00f3sito<\/strong>\n<ul>\n<li>Los dep\u00f3sitos RaynPro pueden construirse montados sobre un pat\u00edn o sobre un remolque.<\/li>\n<li>El tama\u00f1o de los dep\u00f3sitos var\u00eda entre 200 y 12.000 litros.<\/li>\n<\/ul>\n<\/li>\n<li><strong>Soluciones personalizables<\/strong>\n<ul>\n<li>Podemos ajustar la longitud en funci\u00f3n del tama\u00f1o de los dep\u00f3sitos que necesites. Adem\u00e1s, estas m\u00e1quinas pueden ampliarse para alojar otros equipos y sopladores. <\/li>\n<li>Puedes elegir entre m\u00e1quinas de 1, 2 \u00f3 3 ejes, que ofrecen soluciones de entre 6.000 y 7.000 libras.<\/li>\n<li>Los sistemas de freno el\u00e9ctrico son est\u00e1ndar. Sin embargo, puedes elegir un sistema de freno de sobrecarga. <\/li>\n<\/ul>\n<\/li>\n<li><strong>Motor potente<\/strong>\n<ul>\n<li>El motor Kohler de 14 caballos est\u00e1 dise\u00f1ado para bombear material de sellado de gran carga de \u00e1ridos con una salida de alto amperaje.<\/li>\n<\/ul>\n<\/li>\n<\/ul>\n<div class=\"left-img\"><img decoding=\"async\" src=\"https:\/\/etnyre.com\/wp-content\/uploads\/2024\/02\/raynprot600-500x350.jpg\" alt=\"Equipo Sealcoat Arizona\" title=\"\"><\/div>\n<h3>Hablemos del equipo de revestimiento sellador en Arizona<\/h3>\n<p>\u00bfTienes m\u00e1s preguntas sobre nuestros equipos de sellado en Arizona? A los representantes de E.D. Etnyre &amp; Company les encantar\u00eda hablar contigo m\u00e1s sobre c\u00f3mo nuestros innovadores equipos pueden apoyar tu negocio de mantenimiento de carreteras. Somos un socio ideal tanto para las nuevas empresas de pavimentaci\u00f3n como para las ya existentes. Rellena <a href=\"https:\/\/etnyre.com\/es\/contactenos\/\">ahora nuestro formulario de contacto en l\u00ednea<\/a> o env\u00edanos un correo electr\u00f3nico a <a href=\"mailto:sales@etnyre.com\">sales@etnyre.com.<\/a> Adem\u00e1s, puedes ponerte en contacto con nosotros llamando <a href=\"tel:8157322116\">al 815-732-2116<\/a> durante el horario laboral habitual, los d\u00edas laborables de 8 a 17 h.    <\/p>\n","protected":false},"excerpt":{"rendered":"<p>Todo lo que necesitas saber sobre el equipo de revestimiento sellador en Arizona E.D. Etnyre &amp; Company puede suministrar a los contratistas de mantenimiento de carreteras nuevos y existentes algunos de los mejores equipos de revestimiento de sellado de Arizona. Desde 1898, nuestra empresa ha creado equipos que marcan la pauta en fiabilidad y rendimiento &hellip; <a href=\"https:\/\/etnyre.com\/es\/equipo-sealcoat-arizona\/\" class=\"more-link\">Continue reading <span class=\"screen-reader-text\">Equipo Sealcoat Arizona<\/span><\/a><\/p>\n","protected":false},"author":1,"featured_media":10513,"parent":0,"menu_order":0,"comment_status":"closed","ping_status":"closed","template":"","meta":{"_acf_changed":false,"footnotes":""},"class_list":["post-13170","page","type-page","status-publish","has-post-thumbnail","hentry"],"acf":[],"_links":{"self":[{"href":"https:\/\/etnyre.com\/es\/wp-json\/wp\/v2\/pages\/13170","targetHints":{"allow":["GET"]}}],"collection":[{"href":"https:\/\/etnyre.com\/es\/wp-json\/wp\/v2\/pages"}],"about":[{"href":"https:\/\/etnyre.com\/es\/wp-json\/wp\/v2\/types\/page"}],"author":[{"embeddable":true,"href":"https:\/\/etnyre.com\/es\/wp-json\/wp\/v2\/users\/1"}],"replies":[{"embeddable":true,"href":"https:\/\/etnyre.com\/es\/wp-json\/wp\/v2\/comments?post=13170"}],"version-history":[{"count":1,"href":"https:\/\/etnyre.com\/es\/wp-json\/wp\/v2\/pages\/13170\/revisions"}],"predecessor-version":[{"id":13828,"href":"https:\/\/etnyre.com\/es\/wp-json\/wp\/v2\/pages\/13170\/revisions\/13828"}],"wp:featuredmedia":[{"embeddable":true,"href":"https:\/\/etnyre.com\/es\/wp-json\/wp\/v2\/media\/10513"}],"wp:attachment":[{"href":"https:\/\/etnyre.com\/es\/wp-json\/wp\/v2\/media?parent=13170"}],"curies":[{"name":"wp","href":"https:\/\/api.w.org\/{rel}","templated":true}]}}