{"id":13171,"date":"2024-12-17T11:28:38","date_gmt":"2024-12-17T11:28:38","guid":{"rendered":"https:\/\/etnyre.com\/como-se-transporta-el-asfalto-liquido\/"},"modified":"2025-07-16T12:30:06","modified_gmt":"2025-07-16T12:30:06","slug":"como-se-transporta-el-asfalto-liquido","status":"publish","type":"page","link":"https:\/\/etnyre.com\/es\/como-se-transporta-el-asfalto-liquido\/","title":{"rendered":"\u00bfC\u00f3mo se transporta el asfalto l\u00edquido?"},"content":{"rendered":"<h3>\u00bfD\u00f3nde puedes encontrar equipos para mover asfalto l\u00edquido caliente?<\/h3>\n<p>Como se utiliza mucho asfalto para pavimentar calles, solares y carreteras en todo Estados Unidos, los contratistas necesitan el <a href=\"https:\/\/etnyre.com\/es\/transportes-de-asfalto\/\">equipo adecuado para almacenar y transportar ese asfalto<\/a>. Al fin y al cabo, el asfalto l\u00edquido debe conservarse en condiciones precisas para preservar su eficacia en la pavimentaci\u00f3n comercial, industrial y residencial. Entonces, \u00bfc\u00f3mo se transporta el asfalto l\u00edquido y qu\u00e9 se necesita para hacerlo? Cuando se trata de cargar, descargar y almacenar asfalto l\u00edquido caliente, E.D. Etnyre &amp; Co. tiene los dep\u00f3sitos que necesitas para hacerlo sin esfuerzo. Ponte en contacto con Etnyre hoy mismo para hablar de nuestras opciones de almacenamiento y transporte de asfalto.    <\/p>\n<h3>Consideraciones importantes para conservar el asfalto l\u00edquido<\/h3>\n<p><a href=\"https:\/\/etnyre.com\/es\/asfaltado\/\">Los contratistas de pavimentaci\u00f3n<\/a> que est\u00e9n empezando se dar\u00e1n cuenta de que la demanda de trabajos de pavimentaci\u00f3n puede superar r\u00e1pidamente su capacidad de producci\u00f3n y almacenamiento de asfalto. Sin embargo, con las <a href=\"https:\/\/etnyre.com\/es\/cisternas-y-camiones-cisterna\/\">cisternas y los camiones cisterna<\/a> adecuados, est\u00e1 totalmente dentro de lo posible seguir el ritmo de las demandas de pavimentaci\u00f3n con asfalto de cualquier comunidad. Mientras puedas gestionar el calentamiento, el volumen y el movimiento del pavimento l\u00edquido, podr\u00e1s afrontar los retos de cualquier proyecto de pavimentaci\u00f3n comercial o residencial.  <\/p>\n<ul>\n<li><strong>Calefacci\u00f3n<\/strong>\n<ul>\n<li>Garantizar que tu asfalto est\u00e9 siempre listo para usar requiere un calentamiento constante. Las emulsiones asf\u00e1lticas t\u00edpicas se componen de un 55% y un 75% de asfalto, y el resto es agua y un producto qu\u00edmico estabilizador. Esto significa que las temperaturas de una mezcla asf\u00e1ltica deben mantenerse constantemente por encima del punto de congelaci\u00f3n pero por debajo del punto de ebullici\u00f3n. Los dep\u00f3sitos y camiones cisterna de Etnyre est\u00e1n especialmente dise\u00f1ados con capacidades de calentamiento que permiten calentar continuamente el asfalto l\u00edquido.   <\/li>\n<\/ul>\n<\/li>\n<li><strong>Volumen<\/strong>\n<ul>\n<li>Como ya se ha dicho, la demanda de pavimentaci\u00f3n con asfalto en cualquier lugar de EE.UU. es alta. El pavimento de asfalto debe mantenerse siempre, y las comunidades crecen y se expanden continuamente, lo que requiere acceso a trav\u00e9s de carreteras pavimentadas. Por ello, tener acceso a un gran volumen de asfalto resulta ventajoso cuando se acometen numerosos proyectos de pavimentaci\u00f3n. Gracias al amplio equipo de almacenamiento de asfalto de Etnyre, los contratistas pueden almacenar hasta 7.000 galones de asfalto l\u00edquido por dep\u00f3sito.   <\/li>\n<\/ul>\n<\/li>\n<li><strong>Transporte<\/strong>\n<ul>\n<li>De poco servir\u00e1 tu asfalto l\u00edquido si no puedes llevarlo eficazmente a la obra. Ah\u00ed es donde entran en juego los camiones cisterna y los distribuidores de asfalto de Etnyre. Nuestros camiones cisterna est\u00e1ndar est\u00e1n equipados con componentes calefactores especializados y bombas que hacen que transportar, cargar y descargar asfalto l\u00edquido sea pan comido. Adem\u00e1s, si necesitas equipos para rociar asfalto l\u00edquido uniformemente sobre superficies de pavimento, \u00a1nuestros distribuidores pueden hacerlo todo!   <\/li>\n<\/ul>\n<\/li>\n<\/ul>\n<h3>Todo lo que necesitan los contratistas de asfalto<\/h3>\n<p>No s\u00f3lo puedes almacenar y transportar asfalto l\u00edquido con las cisternas y camiones cisterna de Etnyre, sino que tambi\u00e9n ofrecemos maquinaria especializada para agilizar pasos cruciales del proceso de pavimentaci\u00f3n. Nuestros veh\u00edculos y equipos son de primera l\u00ednea, y ayudan a los contratistas a conseguir lotes y calzadas perfectamente pavimentados de forma r\u00e1pida y precisa. Si te interesa la l\u00ednea de <a href=\"https:\/\/etnyre.com\/es\/los-mejores-equipos-de-asfalto\/\">equipos de construcci\u00f3n de asfalto<\/a> de Etnyre, consulta nuestra:  <\/p>\n<ul class=\"col-3\">\n<li><a href=\"https:\/\/etnyre.com\/es\/esparcidores-de-virutas\/\">Esparcidores de virutas<\/a><\/li>\n<li><a href=\"https:\/\/etnyre.com\/es\/distribuidores-de-asfalto\/\">Distribuidores de asfalto<\/a><\/li>\n<li><a href=\"https:\/\/etnyre.com\/es\/caja-de-escobas-scrub-seal\/\">Caja de escobas Scrub Seal<\/a><\/li>\n<li><a href=\"https:\/\/etnyre.com\/lowboy-trailers\/\">Remolques Lowboy<\/a><\/li>\n<li><a href=\"https:\/\/etnyre.com\/live-bottom-trailers\/\">Remolques inferiores vivos<\/a><\/li>\n<li><a href=\"https:\/\/etnyre.com\/es\/selladores-de-grietas\/\">Selladores de grietas<\/a><\/li>\n<li><a href=\"https:\/\/etnyre.com\/es\/selladoras-de-lodos\/\">Selladoras de lodos<\/a><\/li>\n<li><a href=\"https:\/\/etnyre.com\/es\/equipos-de-sellado\/\">Equipos de sellado<\/a><\/li>\n<\/ul>\n<div class=\"left-img\"><img loading=\"lazy\" decoding=\"async\" class=\"alignnone\" src=\"https:\/\/etnyre.com\/wp-content\/uploads\/2024\/07\/How-is-Liquid-Asphalt-Transported-2.jpg\" alt=\"Una gran cisterna y un cami\u00f3n utilizados para transportar asfalto l\u00edquido\" width=\"500\" height=\"350\" title=\"\"><\/div>\n<h3>\u00a1Invierte en Etnyre!<\/h3>\n<p>La clave para transportar asfalto l\u00edquido: adquirir cisternas y camiones cisterna especializados de E.D. Etnyre &amp; Co. Suministramos cisternas, camiones y distribuidores especializados para almacenar y transportar asfalto l\u00edquido por todo el pa\u00eds. Si est\u00e1s interesado en nuestros transportes de asfalto y cisternas o necesitas m\u00e1s equipos de pavimentaci\u00f3n, llama a Etnyre al <a href=\"tel:8157322166\">815-732-2166<\/a>. La oficina principal de Etnyre se encuentra en 1333 Daysville Rd, Oregon, IL 61061, y atiende a clientes de Illinois, Arizona, Tennessee, Texas y Estados Unidos.<\/p>\n","protected":false},"excerpt":{"rendered":"<p>\u00bfD\u00f3nde puedes encontrar equipos para mover asfalto l\u00edquido caliente? Como se utiliza mucho asfalto para pavimentar calles, solares y carreteras en todo Estados Unidos, los contratistas necesitan el equipo adecuado para almacenar y transportar ese asfalto. Al fin y al cabo, el asfalto l\u00edquido debe conservarse en condiciones precisas para preservar su eficacia en la &hellip; <a href=\"https:\/\/etnyre.com\/es\/como-se-transporta-el-asfalto-liquido\/\" class=\"more-link\">Continue reading <span class=\"screen-reader-text\">\u00bfC\u00f3mo se transporta el asfalto l\u00edquido?<\/span><\/a><\/p>\n","protected":false},"author":1,"featured_media":12385,"parent":0,"menu_order":0,"comment_status":"closed","ping_status":"closed","template":"","meta":{"_acf_changed":false,"footnotes":""},"class_list":["post-13171","page","type-page","status-publish","has-post-thumbnail","hentry"],"acf":[],"_links":{"self":[{"href":"https:\/\/etnyre.com\/es\/wp-json\/wp\/v2\/pages\/13171","targetHints":{"allow":["GET"]}}],"collection":[{"href":"https:\/\/etnyre.com\/es\/wp-json\/wp\/v2\/pages"}],"about":[{"href":"https:\/\/etnyre.com\/es\/wp-json\/wp\/v2\/types\/page"}],"author":[{"embeddable":true,"href":"https:\/\/etnyre.com\/es\/wp-json\/wp\/v2\/users\/1"}],"replies":[{"embeddable":true,"href":"https:\/\/etnyre.com\/es\/wp-json\/wp\/v2\/comments?post=13171"}],"version-history":[{"count":2,"href":"https:\/\/etnyre.com\/es\/wp-json\/wp\/v2\/pages\/13171\/revisions"}],"predecessor-version":[{"id":14437,"href":"https:\/\/etnyre.com\/es\/wp-json\/wp\/v2\/pages\/13171\/revisions\/14437"}],"wp:featuredmedia":[{"embeddable":true,"href":"https:\/\/etnyre.com\/es\/wp-json\/wp\/v2\/media\/12385"}],"wp:attachment":[{"href":"https:\/\/etnyre.com\/es\/wp-json\/wp\/v2\/media?parent=13171"}],"curies":[{"name":"wp","href":"https:\/\/api.w.org\/{rel}","templated":true}]}}