{"id":13172,"date":"2024-12-17T11:29:14","date_gmt":"2024-12-17T11:29:14","guid":{"rendered":"https:\/\/etnyre.com\/sealcoat-camiones-arizona\/"},"modified":"2025-05-28T06:12:19","modified_gmt":"2025-05-28T06:12:19","slug":"sealcoat-camiones-arizona","status":"publish","type":"page","link":"https:\/\/etnyre.com\/es\/sealcoat-camiones-arizona\/","title":{"rendered":"Sealcoat Camiones Arizona"},"content":{"rendered":"<h3>Protege y sella el pavimento con camiones especializados en sellado en Arizona<\/h3>\n<p>Si eres contratista de la industria de <a href=\"https:\/\/etnyre.com\/es\/equipo-de-construccion-de-carreteras\/\">la construcci\u00f3n de carreteras<\/a> y el asfalto, entiendes la necesidad de proteger el pavimento. Cuando el asfalto sufre tensiones constantes, las condiciones meteorol\u00f3gicas y los cambios de temperatura, tiende a estropearse. Por eso, los contratistas saben que <a href=\"https:\/\/etnyre.com\/es\/venta-de-equipos-de-revestimiento-de-asfalto\/\">la impermeabilizaci\u00f3n es absolutamente necesaria<\/a>. Sin embargo, aplicar una capa de sellado a un solar o una calzada requiere tiempo y mucha mano de obra sin el equipo adecuado. Por eso E.D. Etnyre &amp; Co. ofrece tanques de recubrimiento y equipos para camiones especializados en recubrimiento en Arizona. Obt\u00e9n m\u00e1s informaci\u00f3n sobre nuestras ofertas de sellado llamando hoy mismo.    <\/p>\n<h3>\u00bfPor qu\u00e9 confiar en los equipos de impermeabilizaci\u00f3n de Etnyre?<\/h3>\n<p>Dado que el sellado es un requisito esencial para cualquier superficie asf\u00e1ltica, los contratistas deben poder ofrecer servicios de sellado r\u00e1pidos y eficaces en cualquier momento y lugar. Esto significa tener acceso al mejor <a href=\"https:\/\/etnyre.com\/es\/equipos-de-revestimiento-de-asfalto-2\/\">equipo de sellado suministrado por Etnyre<\/a>. Con camiones equipados con nuestros dep\u00f3sitos, bombas y pulverizadores de sellado, puedes esperar.  <\/p>\n<ul>\n<li><strong>Aumento de la capacidad del proyecto<\/strong>\n<ul>\n<li>Sin <a href=\"https:\/\/etnyre.com\/es\/camiones-sealcoat\/\">camiones<\/a> o <a href=\"https:\/\/etnyre.com\/es\/sealcoat-buggies-arizona\/\">carros<\/a> para aplicar la capa de impermeabilizaci\u00f3n, hacerlo puede llevar un tiempo considerable. Por no mencionar que la mano de obra necesaria para aplicar manualmente la capa de sellado ocupar\u00e1 a la mayor parte de tu equipo en un solo proyecto. Afortunadamente, con la introducci\u00f3n de los equipos de sellado, un proyecto puede completarse m\u00e1s r\u00e1pidamente y con menos mano de obra. A su vez, esto libera a tus contratistas para que se encarguen de m\u00e1s proyectos de revestimiento y pavimentaci\u00f3n asf\u00e1ltica.   <\/li>\n<\/ul>\n<\/li>\n<li><strong>Trabajo de alta calidad<\/strong>\n<ul>\n<li>Por muy experimentado que sea tu equipo, aplicar manualmente la capa de sellado, por no hablar de cualquier asfalto o aglutinante, a una superficie de pavimento, puede resultar todo un reto. Como resultado, las capas de sellador pueden no ser tan uniformes como t\u00fa o tus clientes prefer\u00eds. Por el contrario, los equipos de sellado permiten a los pavimentadores rociar siempre capas uniformes de sellado. Gracias a los camiones de revestimiento, puedes prometer una calidad excepcional en cada trabajo.   <\/li>\n<\/ul>\n<\/li>\n<li><strong>Completamente personalizable<\/strong>\n<ul>\n<li>Adem\u00e1s de la <a href=\"https:\/\/etnyre.com\/es\/maquinas-de-revestimiento\/\">maquinaria aut\u00f3noma de recubrimiento de juntas<\/a> que produce Etnyre, tambi\u00e9n ofrecemos sistemas individuales de cisternas, bombas y pulverizadores que pueden acoplarse a otras cisternas o camiones. Ofrecemos a nuestros clientes las m\u00e1ximas opciones de personalizaci\u00f3n, con distintos tama\u00f1os de dep\u00f3sito, diferentes modos de calentamiento, adici\u00f3n de barras y varillas de pulverizaci\u00f3n, etc. Sea cual sea el tama\u00f1o de tus operaciones de extendido de asfalto, podemos ofrecerte el equipo que mejor se adapte a tus necesidades.  <\/li>\n<\/ul>\n<\/li>\n<\/ul>\n<h3>Ver nuestros incre\u00edbles productos<\/h3>\n<p>Adem\u00e1s de nuestros camiones de recubrimiento en Arizona, como el <a href=\"https:\/\/etnyre.com\/bc502sc\/\">BC502SC (que sustituy\u00f3 al RaynMaker)<\/a>, suministramos buggies de recubrimiento como nuestros PavementSavers y dep\u00f3sitos y sistemas individuales de recubrimiento con nuestra <a href=\"https:\/\/etnyre.com\/es\/raynpro-serie-t\/\">Serie T Rayn-Pro<\/a>. Por lo dem\u00e1s, si tu empresa de pavimentaci\u00f3n de asfalto busca algo m\u00e1s que equipos de recubrimiento, \u00a1nosotros podemos complacerte! Etnyre es el fabricante n\u00famero uno de <a href=\"https:\/\/etnyre.com\/es\/las-mejores-maquinas-de-asfalto\/\">maquinaria de asfalto<\/a> para contratistas de todo Estados Unidos. Dise\u00f1amos equipos que agilizan los procesos m\u00e1s exigentes de la pavimentaci\u00f3n asf\u00e1ltica. Algunos de nuestros productos adicionales son:    <\/p>\n<ul class=\"col-3\">\n<li><a href=\"https:\/\/etnyre.com\/es\/esparcidores-de-virutas\/\">Esparcidores de virutas<\/a><\/li>\n<li><a href=\"https:\/\/etnyre.com\/es\/distribuidores-de-asfalto\/\">Distribuidores de asfalto<\/a><\/li>\n<li><a href=\"https:\/\/etnyre.com\/es\/caja-de-escobas-scrub-seal\/\">Caja de escobas Scrub Seal<\/a><\/li>\n<li><a href=\"https:\/\/etnyre.com\/lowboy-trailers\/\">Remolques Lowboy<\/a><\/li>\n<li><a href=\"https:\/\/etnyre.com\/es\/transportes-de-asfalto\/\">Transportes asf\u00e1lticos<\/a><\/li>\n<li><a href=\"https:\/\/etnyre.com\/live-bottom-trailers\/\">Remolques inferiores vivos<\/a><\/li>\n<li><a href=\"https:\/\/etnyre.com\/es\/selladores-de-grietas\/\">Selladores de grietas<\/a><\/li>\n<li><a href=\"https:\/\/etnyre.com\/es\/selladoras-de-lodos\/\">Selladoras de lodos<\/a><\/li>\n<\/ul>\n<div class=\"left-img\"><img loading=\"lazy\" decoding=\"async\" class=\"alignnone\" src=\"https:\/\/etnyre.com\/wp-content\/uploads\/2024\/07\/Sealcoat-Trucks-Arizona-2.jpg\" alt=\"Camiones de sealcoat en Arizona cubriendo una calzada con sealcoat\" width=\"500\" height=\"351\" title=\"\"><\/div>\n<h3>Habla con el equipo Etnyre<\/h3>\n<p>Con la ayuda de E.D. Etnyre &amp; Co. y el acceso a nuestros sistemas de sellado de alta calidad, puedes confiar en los excepcionales camiones de sellado de Arizona para una protecci\u00f3n completa de tus superficies de asfalto. Si quieres saber m\u00e1s sobre nuestra maquinaria de recubrimiento o invertir en equipos de asfalto adicionales, llama <a href=\"tel:8157322166\">al 815-732-2166<\/a>.  La oficina principal de Etnyre se encuentra en 1333 Daysville Rd, Oregon, IL 61061, y atiende a clientes de <a href=\"https:\/\/etnyre.com\/es\/sealcoating-trucks-illinois\/\">Illinois<\/a>, <a href=\"https:\/\/etnyre.com\/es\/sealcoat-camiones-arizona\/\">Arizona<\/a>, <a href=\"https:\/\/etnyre.com\/es\/sellado-de-buggies-tennessee\/\">Tennessee<\/a>, <a href=\"https:\/\/etnyre.com\/es\/sealcoat-camiones-texas\/\">Texas<\/a> y Estados Unidos.<\/p>\n","protected":false},"excerpt":{"rendered":"<p>Protege y sella el pavimento con camiones especializados en sellado en Arizona Si eres contratista de la industria de la construcci\u00f3n de carreteras y el asfalto, entiendes la necesidad de proteger el pavimento. Cuando el asfalto sufre tensiones constantes, las condiciones meteorol\u00f3gicas y los cambios de temperatura, tiende a estropearse. Por eso, los contratistas saben &hellip; <a href=\"https:\/\/etnyre.com\/es\/sealcoat-camiones-arizona\/\" class=\"more-link\">Continue reading <span class=\"screen-reader-text\">Sealcoat Camiones Arizona<\/span><\/a><\/p>\n","protected":false},"author":1,"featured_media":12395,"parent":0,"menu_order":0,"comment_status":"closed","ping_status":"closed","template":"","meta":{"_acf_changed":false,"footnotes":""},"class_list":["post-13172","page","type-page","status-publish","has-post-thumbnail","hentry"],"acf":[],"_links":{"self":[{"href":"https:\/\/etnyre.com\/es\/wp-json\/wp\/v2\/pages\/13172","targetHints":{"allow":["GET"]}}],"collection":[{"href":"https:\/\/etnyre.com\/es\/wp-json\/wp\/v2\/pages"}],"about":[{"href":"https:\/\/etnyre.com\/es\/wp-json\/wp\/v2\/types\/page"}],"author":[{"embeddable":true,"href":"https:\/\/etnyre.com\/es\/wp-json\/wp\/v2\/users\/1"}],"replies":[{"embeddable":true,"href":"https:\/\/etnyre.com\/es\/wp-json\/wp\/v2\/comments?post=13172"}],"version-history":[{"count":1,"href":"https:\/\/etnyre.com\/es\/wp-json\/wp\/v2\/pages\/13172\/revisions"}],"predecessor-version":[{"id":13835,"href":"https:\/\/etnyre.com\/es\/wp-json\/wp\/v2\/pages\/13172\/revisions\/13835"}],"wp:featuredmedia":[{"embeddable":true,"href":"https:\/\/etnyre.com\/es\/wp-json\/wp\/v2\/media\/12395"}],"wp:attachment":[{"href":"https:\/\/etnyre.com\/es\/wp-json\/wp\/v2\/media?parent=13172"}],"curies":[{"name":"wp","href":"https:\/\/api.w.org\/{rel}","templated":true}]}}