{"id":13173,"date":"2024-12-17T11:29:52","date_gmt":"2024-12-17T11:29:52","guid":{"rendered":"https:\/\/etnyre.com\/sealcoat-camiones-tennessee\/"},"modified":"2025-05-28T06:12:17","modified_gmt":"2025-05-28T06:12:17","slug":"sealcoat-camiones-tennessee","status":"publish","type":"page","link":"https:\/\/etnyre.com\/es\/sealcoat-camiones-tennessee\/","title":{"rendered":"Sealcoat Camiones Tennessee"},"content":{"rendered":"<h3>A\u00f1ade Camiones de Recubrimiento Asf\u00e1ltico en Tennessee a tu Negocio de Pavimentaci\u00f3n Asf\u00e1ltica<\/h3>\n<p>\u00bfOfrece tu empresa de pavimentaci\u00f3n asf\u00e1ltica <a href=\"https:\/\/etnyre.com\/es\/sellado-de-asfalto\/\">servicios de sellado<\/a> a tus clientes? Si no lo haces, \u00a1deber\u00edas! El sellado es esencial para el cuidado del asfalto y un servicio que tu equipo puede ofrecer f\u00e1cilmente. Sin embargo, si no dispones de los <a href=\"https:\/\/etnyre.com\/es\/camiones-sealcoat\/\">camiones<\/a> y <a href=\"https:\/\/etnyre.com\/es\/venta-de-equipos-de-revestimiento-de-asfalto\/\">equipos adecuados para el sellado<\/a>, realizar servicios de sellado r\u00e1pidos y de alta calidad resulta mucho m\u00e1s dif\u00edcil. Afortunadamente, cuando se trata de dep\u00f3sitos, bombas y barras de pulverizaci\u00f3n asequibles para camiones de revestimiento de sellado en Tennessee, \u00a1E.D. Etnyre &amp; Co. te tiene cubierto! Ponte en contacto con nosotros hoy mismo para obtener m\u00e1s informaci\u00f3n sobre nuestros sistemas de recubrimiento.     <\/p>\n<h3>\u00bfPor qu\u00e9 deber\u00edas invertir en equipos de revestimiento?<\/h3>\n<p>El sellado permite que los lotes de asfalto y las calzadas se mantengan en mejores condiciones durante mucho m\u00e1s tiempo. Por desgracia, el estr\u00e9s y las inclemencias del tiempo pueden pasar factura al pavimento, provocando el deterioro de la superficie. Sin embargo, aplicando una capa de sellado sobre el pavimento, puedes protegerlo de las influencias externas, ralentizar el deterioro y renovar el aspecto est\u00e9tico del asfalto. Y gracias a <a href=\"https:\/\/etnyre.com\/es\/equipos-de-revestimiento-de-asfalto-2\/\">los equipos de sellado<\/a> de Etnyre, ofrecer servicios de sellado nunca ha sido tan f\u00e1cil. Con los productos de impermeabilizaci\u00f3n de Etnyre, puedes esperar:    <\/p>\n<ul>\n<li><strong>Plazos de entrega m\u00e1s r\u00e1pidos<\/strong>\n<ul>\n<li>Aunque el sellado es esencial para conservar el pavimento asf\u00e1ltico, aplicarlo manualmente puede ser un proceso complicado y lento. Si no utilizas equipos especializados, \u00a1est\u00e1s ocupando a una parte importante de tu equipo en un solo proyecto! Por el contrario, si utilizas camiones, carros y remolques de revestimiento, agilizar\u00e1s gran parte del proceso.  <\/li>\n<\/ul>\n<\/li>\n<li><strong>Mejora de la calidad de los proyectos de revestimiento<\/strong>\n<ul>\n<li>Incluso con el tiempo y la mano de obra que exige la aplicaci\u00f3n manual de la pintura de sellado, el proceso corre el riesgo de producir resultados por debajo de lo esperado. Desgraciadamente, la aplicaci\u00f3n manual no se puede comparar con el proceso automatizado que emplean las m\u00e1quinas selladoras. Los camiones y carros Sealcoat garantizan una aplicaci\u00f3n uniforme y de alta calidad de la capa de sellado en lotes de asfalto o carreteras de cualquier tama\u00f1o o longitud.  <\/li>\n<\/ul>\n<\/li>\n<li><strong>Menor necesidad de mano de obra<\/strong>\n<ul>\n<li>Ya hemos mencionado c\u00f3mo la aplicaci\u00f3n manual de la capa de sellado puede requerir una mayor parte de tu cuadrilla para completarla a tiempo. Sin embargo, si tu equipo est\u00e1 ocupado con un trabajo, \u00a1otros trabajos de sellado se quedan en el camino! Para aumentar tu capacidad de realizar m\u00e1s trabajos de sellado y reducir al mismo tiempo la necesidad de mano de obra adicional, la soluci\u00f3n es invertir en equipos de sellado.  <\/li>\n<\/ul>\n<\/li>\n<\/ul>\n<h3>Encuentra la mejor maquinaria para asfalto con Etnyre<\/h3>\n<p><a href=\"https:\/\/etnyre.com\/bc502sc\/\">El BC502SC de Etnyre<\/a> es uno de los mejores camiones calefactores del mercado, de mayor capacidad y rapidez, y sustituye a la l\u00ednea de camiones RaynMaker. Adem\u00e1s de nuestros camiones sealcoat para Tennessee, fabricamos <a href=\"https:\/\/etnyre.com\/es\/sellado-de-buggies-tennessee\/\">buggies<\/a> y <a href=\"https:\/\/etnyre.com\/es\/remolques-de-revestimiento\/\">remolques<\/a> sealcoating. Adem\u00e1s, ofrecemos piezas y productos para sistemas de recubrimiento de sellado, \u00a1para transformar cualquier cami\u00f3n o cami\u00f3n cisterna en una potencia de recubrimiento de sellado Etnyre! Por otra parte, si tu negocio de pavimentaci\u00f3n asf\u00e1ltica est\u00e1 m\u00e1s interesado en otros productos asf\u00e1lticos, Etnyre te tiene cubierto. Producimos equipos excepcionales utilizados por contratistas de todo Estados Unidos, entre los que se incluyen:    <\/p>\n<ul class=\"col-3\">\n<li><a href=\"https:\/\/etnyre.com\/es\/esparcidores-de-virutas\/\">Esparcidores de virutas<\/a><\/li>\n<li><a href=\"https:\/\/etnyre.com\/es\/distribuidores-de-asfalto\/\">Distribuidores de asfalto<\/a><\/li>\n<li><a href=\"https:\/\/etnyre.com\/es\/caja-de-escobas-scrub-seal\/\">Caja de escobas Scrub Seal<\/a><\/li>\n<li><a href=\"https:\/\/etnyre.com\/lowboy-trailers\/\">Remolques Lowboy<\/a><\/li>\n<li><a href=\"https:\/\/etnyre.com\/es\/transportes-de-asfalto\/\">Transportes asf\u00e1lticos<\/a><\/li>\n<li><a href=\"https:\/\/etnyre.com\/live-bottom-trailers\/\">Remolques inferiores vivos<\/a><\/li>\n<li><a href=\"https:\/\/etnyre.com\/es\/selladores-de-grietas\/\">Selladores de grietas<\/a><\/li>\n<li><a href=\"https:\/\/etnyre.com\/es\/selladoras-de-lodos\/\">Selladoras de lodos<\/a><\/li>\n<\/ul>\n<div class=\"left-img\"><img loading=\"lazy\" decoding=\"async\" class=\"alignnone\" src=\"https:\/\/etnyre.com\/wp-content\/uploads\/2024\/07\/Sealcoat-Trucks-Tennessee-2.jpg\" alt=\"Camiones Sealcoat en Tennessee alineados y listos para la venta por Etnyre\" width=\"500\" height=\"350\" title=\"\"><\/div>\n<h3>\u00a1Cuenta con Etnyre!<\/h3>\n<p>Si tu empresa de asfalto carece del equipo necesario para los servicios de <a href=\"https:\/\/etnyre.com\/es\/sellado-de-buggies-illinois\/\">sellado<\/a>, \u00a1ahora es el momento de actuar! Encuentra camiones de revestimiento asequibles y de alta calidad en Tennessee a trav\u00e9s del mejor proveedor de equipos de asfalto del pa\u00eds: E.D. Etnyre &amp; Co. Para saber m\u00e1s sobre nuestros equipos de recubrimiento de juntas, como nuestros buggies y remolques, o si est\u00e1s interesado en nuestra <a href=\"https:\/\/etnyre.com\/es\/las-mejores-maquinas-de-asfalto\/\">maquinaria de asfalto adicional<\/a>, llama <a href=\"tel:8157322166\">al 815-732-2166<\/a>. La oficina principal de Etnyre se encuentra en 1333 Daysville Rd, Oregon, IL 61061, y atiende a clientes de todo <a href=\"https:\/\/etnyre.com\/es\/sealcoating-trucks-illinois\/\">Illinois<\/a>, <a href=\"https:\/\/etnyre.com\/es\/sealcoat-camiones-arizona\/\">Arizona<\/a>, <a href=\"https:\/\/etnyre.com\/es\/sealcoat-buggies-tennessee\/\">Tennessee<\/a>, <a href=\"https:\/\/etnyre.com\/es\/camiones-de-revestimiento-de-juntas-texas\/\">Texas<\/a> y EE.UU.   <\/p>\n","protected":false},"excerpt":{"rendered":"<p>A\u00f1ade Camiones de Recubrimiento Asf\u00e1ltico en Tennessee a tu Negocio de Pavimentaci\u00f3n Asf\u00e1ltica \u00bfOfrece tu empresa de pavimentaci\u00f3n asf\u00e1ltica servicios de sellado a tus clientes? Si no lo haces, \u00a1deber\u00edas! El sellado es esencial para el cuidado del asfalto y un servicio que tu equipo puede ofrecer f\u00e1cilmente. Sin embargo, si no dispones de los &hellip; <a href=\"https:\/\/etnyre.com\/es\/sealcoat-camiones-tennessee\/\" class=\"more-link\">Continue reading <span class=\"screen-reader-text\">Sealcoat Camiones Tennessee<\/span><\/a><\/p>\n","protected":false},"author":1,"featured_media":12401,"parent":0,"menu_order":0,"comment_status":"closed","ping_status":"closed","template":"","meta":{"_acf_changed":false,"footnotes":""},"class_list":["post-13173","page","type-page","status-publish","has-post-thumbnail","hentry"],"acf":[],"_links":{"self":[{"href":"https:\/\/etnyre.com\/es\/wp-json\/wp\/v2\/pages\/13173","targetHints":{"allow":["GET"]}}],"collection":[{"href":"https:\/\/etnyre.com\/es\/wp-json\/wp\/v2\/pages"}],"about":[{"href":"https:\/\/etnyre.com\/es\/wp-json\/wp\/v2\/types\/page"}],"author":[{"embeddable":true,"href":"https:\/\/etnyre.com\/es\/wp-json\/wp\/v2\/users\/1"}],"replies":[{"embeddable":true,"href":"https:\/\/etnyre.com\/es\/wp-json\/wp\/v2\/comments?post=13173"}],"version-history":[{"count":1,"href":"https:\/\/etnyre.com\/es\/wp-json\/wp\/v2\/pages\/13173\/revisions"}],"predecessor-version":[{"id":13833,"href":"https:\/\/etnyre.com\/es\/wp-json\/wp\/v2\/pages\/13173\/revisions\/13833"}],"wp:featuredmedia":[{"embeddable":true,"href":"https:\/\/etnyre.com\/es\/wp-json\/wp\/v2\/media\/12401"}],"wp:attachment":[{"href":"https:\/\/etnyre.com\/es\/wp-json\/wp\/v2\/media?parent=13173"}],"curies":[{"name":"wp","href":"https:\/\/api.w.org\/{rel}","templated":true}]}}