{"id":13174,"date":"2024-12-17T11:29:54","date_gmt":"2024-12-17T11:29:54","guid":{"rendered":"https:\/\/etnyre.com\/sealcoat-buggies-arizona\/"},"modified":"2025-05-28T06:12:15","modified_gmt":"2025-05-28T06:12:15","slug":"sealcoat-buggies-arizona","status":"publish","type":"page","link":"https:\/\/etnyre.com\/es\/sealcoat-buggies-arizona\/","title":{"rendered":"Sealcoat Buggies Arizona"},"content":{"rendered":"<h3>Realiza en poco tiempo cualquier trabajo de revestimiento con Sealcoat Buggies en Arizona<\/h3>\n<p>Para maximizar el \u00e9xito de tu negocio de pavimentaci\u00f3n de asfalto, necesitas maquinaria a la altura de las circunstancias. Afortunadamente, E.D. Etnyre &amp; Co. tiene el equipo necesario para garantizar trabajos de pavimentaci\u00f3n r\u00e1pidos y de alta calidad. Entre nuestra mejor maquinaria, nuestras <a href=\"https:\/\/etnyre.com\/es\/pavimentadoras-arizona\/\">PavementSavers<\/a> son la mejor opci\u00f3n para los contratistas. Estos <a href=\"https:\/\/etnyre.com\/es\/buggies-sealcoat\/\">buggies especializados en capas de sellado<\/a> son de calentamiento r\u00e1pido, f\u00e1cilmente maniobrables y el complemento perfecto para tu creciente flota de veh\u00edculos de asfalto. Si quieres invertir en veh\u00edculos de recubrimiento en Arizona o en cualquier otro lugar, ponte en contacto con el equipo Etnyre hoy mismo.    <\/p>\n<h3>\u00bfPara qu\u00e9 sirve un Buggy Sealcoat?<\/h3>\n<p>\u00bfQu\u00e9 opci\u00f3n de <a href=\"https:\/\/etnyre.com\/es\/equipos-de-revestimiento-de-asfalto-2\/\">equipamiento de sellado<\/a>, como <a href=\"https:\/\/etnyre.com\/es\/sealcoat-camiones-arizona\/\">camiones<\/a>, <a href=\"https:\/\/etnyre.com\/es\/remolques-de-revestimiento\/\">remolques<\/a>, <a href=\"https:\/\/etnyre.com\/es\/tanques-sealcoat\/\">cisternas<\/a> y <a href=\"https:\/\/etnyre.com\/es\/buggies-sealcoat\/\">buggies<\/a>, es la adecuada para tu negocio? En \u00faltima instancia, \u00a1t\u00fa decides! Sin embargo, Etnyre puede facilitarte la decisi\u00f3n explic\u00e1ndote algunos de los mejores usos de equipos como los buggies para sealcoat. Los buggies aprovechan su tama\u00f1o y maniobrabilidad para realizar:    <\/p>\n<ul>\n<li><strong>Peque\u00f1os trabajos de sellado<\/strong>\n<ul>\n<li>Los camiones y remolques Sealcoat se utilizan mejor para trabajos comerciales de mayor envergadura, como aparcamientos y carreteras. Sin embargo, no todos los trabajos de sellado son tan grandes como sugieren estos ejemplos. Algunas parcelas o calzadas m\u00e1s peque\u00f1as requieren equipos m\u00e1s peque\u00f1os para proporcionar capas uniformes y uniformes de pintura de sellado. Los buggies de recubrimiento de sellado cumplen esta funci\u00f3n, ya que pueden pulverizar una cantidad moderada de recubrimiento de sellado para trabajos de recubrimiento de sellado m\u00e1s peque\u00f1os.   <\/li>\n<\/ul>\n<\/li>\n<li><strong>Trabajo m\u00e1s preciso<\/strong>\n<ul>\n<li>Ya hemos mencionado varias veces la maniobrabilidad de nuestros buggies para capas de sellado, ya que este factor de nuestra maquinaria la hace esencial para tus operaciones de pavimentaci\u00f3n. Nuestras m\u00e1quinas de recubrimiento autopropulsadas pueden tomar curvas cerradas y cubrir superficies de pavimento con formas m\u00e1s \u00absingulares\u00bb. Puedes seguir garantizando la consistencia y la uniformidad del recubrimiento utilizando los controles precisos y exactos de nuestros buggies con barras de pulverizaci\u00f3n ajustables.  <\/li>\n<\/ul>\n<\/li>\n<li><strong>Finalizaci\u00f3n r\u00e1pida del trabajo<\/strong>\n<ul>\n<li>La aplicaci\u00f3n manual de la capa de sellado es, con diferencia, la forma m\u00e1s laboriosa y lenta de realizar los servicios de sellado. Por tanto, \u00a1no esperes terminar un trabajo y pasar al siguiente r\u00e1pidamente! Afortunadamente, los buggies de Etnyre son de calentamiento r\u00e1pido y pueden aplicar la pintura de sellado con rapidez y precisi\u00f3n. Como resultado, los trabajos de sealcoat se completan m\u00e1s r\u00e1pido y requieren mucha menos mano de obra.   <\/li>\n<\/ul>\n<\/li>\n<\/ul>\n<h3>\u00a1Echa un vistazo al PavementSaver!<\/h3>\n<p>A la hora de elegir las m\u00e1quinas para el sellado del asfalto en Arizona, los clientes de Etnyre pueden elegir entre nuestras <a href=\"https:\/\/etnyre.com\/es\/pavementsaver\/\">PavementSaver II y III<\/a>, las m\u00e1quinas para el sellado del asfalto m\u00e1s duraderas y fiables del sector. Al darse cuenta de los rigores diarios del sellado del asfalto, Etnyre dise\u00f1\u00f3 una m\u00e1quina que funciona bien bajo una presi\u00f3n extrema, superando a m\u00e1quinas similares de nuestros competidores. Nuestros clientes pueden elegir entre distintos tama\u00f1os de dep\u00f3sito, colores de carro y otras caracter\u00edsticas personalizadas:  <\/p>\n<ul class=\"col-2\">\n<li>Controles del operador con joystick<\/li>\n<li>Potentes componentes de accionamiento hidr\u00e1ulico<\/li>\n<li>Acero T-1 de alto rendimiento para mezcladoras y dep\u00f3sitos de gas\u00f3leo<\/li>\n<li>Agitador hidr\u00e1ulico de velocidad variable y accionamiento directo<\/li>\n<li>Barra pulverizadora de 8&#8242; con extensi\u00f3n de 12<\/li>\n<li>Opciones de capacidad del dep\u00f3sito entre 400 y 500+ galones<\/li>\n<\/ul>\n<div class=\"left-img\"><img loading=\"lazy\" decoding=\"async\" class=\"alignnone\" src=\"https:\/\/etnyre.com\/wp-content\/uploads\/2024\/07\/Sealcoat-Buggies-Arizona-2.jpg\" alt=\"Buggies Sealcoat amarillos en Arizona, fabricados por Etnyre\" width=\"500\" height=\"350\" title=\"\"><\/div>\n<h3>Contacta con Etnyre<\/h3>\n<p>\u00bfSon los buggies sealcoat de Arizona lo mejor para tu negocio? Si los dise\u00f1a y fabrica E.D. Etnyre &amp; Co., \u00a1seguro que s\u00ed! Para saber m\u00e1s sobre nuestros buggies y otros camiones y remolques sealcoat, o si te interesa nuestra l\u00ednea adicional de <a href=\"https:\/\/etnyre.com\/es\/los-mejores-equipos-de-asfalto\/\">equipos para la construcci\u00f3n de asfalto<\/a>, llama al <a href=\"tel:8157322166\">815-732-2166<\/a>.   La oficina principal de Etnyre se encuentra en 1333 Daysville Rd, Oregon, IL 61061, y atiende a clientes de <a href=\"https:\/\/etnyre.com\/es\/sellado-de-buggies-illinois\/\">Illinois<\/a>, <a href=\"https:\/\/etnyre.com\/es\/sealcoat-camiones-arizona\/\">Arizona<\/a>, <a href=\"https:\/\/etnyre.com\/es\/sellado-de-buggies-tennessee\/\">Tennessee<\/a>, <a href=\"https:\/\/etnyre.com\/es\/camiones-de-revestimiento-de-juntas-texas\/\">Texas<\/a> y Estados Unidos.<\/p>\n","protected":false},"excerpt":{"rendered":"<p>Realiza en poco tiempo cualquier trabajo de revestimiento con Sealcoat Buggies en Arizona Para maximizar el \u00e9xito de tu negocio de pavimentaci\u00f3n de asfalto, necesitas maquinaria a la altura de las circunstancias. Afortunadamente, E.D. Etnyre &amp; Co. tiene el equipo necesario para garantizar trabajos de pavimentaci\u00f3n r\u00e1pidos y de alta calidad. Entre nuestra mejor maquinaria, &hellip; <a href=\"https:\/\/etnyre.com\/es\/sealcoat-buggies-arizona\/\" class=\"more-link\">Continue reading <span class=\"screen-reader-text\">Sealcoat Buggies Arizona<\/span><\/a><\/p>\n","protected":false},"author":1,"featured_media":12408,"parent":0,"menu_order":0,"comment_status":"closed","ping_status":"closed","template":"","meta":{"_acf_changed":false,"footnotes":""},"class_list":["post-13174","page","type-page","status-publish","has-post-thumbnail","hentry"],"acf":[],"_links":{"self":[{"href":"https:\/\/etnyre.com\/es\/wp-json\/wp\/v2\/pages\/13174","targetHints":{"allow":["GET"]}}],"collection":[{"href":"https:\/\/etnyre.com\/es\/wp-json\/wp\/v2\/pages"}],"about":[{"href":"https:\/\/etnyre.com\/es\/wp-json\/wp\/v2\/types\/page"}],"author":[{"embeddable":true,"href":"https:\/\/etnyre.com\/es\/wp-json\/wp\/v2\/users\/1"}],"replies":[{"embeddable":true,"href":"https:\/\/etnyre.com\/es\/wp-json\/wp\/v2\/comments?post=13174"}],"version-history":[{"count":1,"href":"https:\/\/etnyre.com\/es\/wp-json\/wp\/v2\/pages\/13174\/revisions"}],"predecessor-version":[{"id":13831,"href":"https:\/\/etnyre.com\/es\/wp-json\/wp\/v2\/pages\/13174\/revisions\/13831"}],"wp:featuredmedia":[{"embeddable":true,"href":"https:\/\/etnyre.com\/es\/wp-json\/wp\/v2\/media\/12408"}],"wp:attachment":[{"href":"https:\/\/etnyre.com\/es\/wp-json\/wp\/v2\/media?parent=13174"}],"curies":[{"name":"wp","href":"https:\/\/api.w.org\/{rel}","templated":true}]}}