{"id":13178,"date":"2024-12-17T11:39:24","date_gmt":"2024-12-17T11:39:24","guid":{"rendered":"https:\/\/etnyre.com\/sealcoat-buggies-tennessee\/"},"modified":"2025-05-28T06:12:21","modified_gmt":"2025-05-28T06:12:21","slug":"sealcoat-buggies-tennessee","status":"publish","type":"page","link":"https:\/\/etnyre.com\/es\/sealcoat-buggies-tennessee\/","title":{"rendered":"Sealcoat Buggies Tennessee"},"content":{"rendered":"<h3>Consigue un revestimiento de sellado de alta calidad con los carros para revestimiento de sellado de Etnyre en Tennessee<\/h3>\n<p>Desde la pavimentaci\u00f3n con sellado de virutas hasta la reparaci\u00f3n de grietas, los contratistas de asfalto ofrecen una serie de servicios que mantienen y renuevan el asfalto. De esos servicios, uno de los m\u00e1s importantes y solicitados es el sellado. Sin embargo, sin el <a href=\"https:\/\/etnyre.com\/es\/equipos-de-revestimiento-de-asfalto\/\">equipo de recubrimiento<\/a> adecuado, los servicios de recubrimiento pueden convertirse en una tarea lenta y laboriosa. Sin embargo, en lugar de confiar en la aplicaci\u00f3n manual de la capa de sellado, los contratistas cuentan con E.D. Etnyre &amp; Co. para acceder a los <a href=\"https:\/\/etnyre.com\/es\/los-mejores-buggies-de-sellado\/\">mejores carros de sellado<\/a> de Tennessee. Si est\u00e1s interesado en nuestra selecci\u00f3n de maquinaria para sealcoat, \u00a1llama hoy mismo a Etnyre!    <\/p>\n<h3>\u00bfPor qu\u00e9 Sealcoat Buggies?<\/h3>\n<p>\u00bfQu\u00e9 tipo de trabajos de sellado realiza tu empresa? \u00bfNecesitas maquinaria para trabajos precisos y detallados? \u00bfUna parte importante de tus proyectos de sellado son para clientes residenciales? Parece que podr\u00edas beneficiarte de las carretillas sealcoat. En lugar de depender de <a href=\"https:\/\/etnyre.com\/es\/sealcoat-camiones-tennessee\/\">camiones<\/a> y <a href=\"https:\/\/etnyre.com\/es\/remolques-de-revestimiento\/\">remolques<\/a> de recubrimiento, los buggies de recubrimiento son m\u00e1s para trabajos que requieren:    <\/p>\n<ul>\n<li><strong>Precisi\u00f3n excepcional<\/strong>\n<ul>\n<li>Aunque los camiones y remolques de sealcoat cubren grandes \u00e1reas r\u00e1pidamente, son los mejores para gestionar solares desnudos y largas calzadas. Sin embargo, cuando se trata de proyectos m\u00e1s detallados, los equipos de sellado m\u00e1s grandes no son suficientes. En esos casos, los buggies de sealcoat ofrecen la precisi\u00f3n y maniobrabilidad que necesitas. Nuestros buggies pueden meterse en lugares estrechos y esquinas mediante controles de joystick y barras de pulverizaci\u00f3n ajustables.   <\/li>\n<\/ul>\n<\/li>\n<li><strong>Trabajo r\u00e1pido<\/strong>\n<ul>\n<li>Aplicar manualmente una capa de sellado no es un \u00abpaseo por el parque\u00bb. Por desgracia, puede llevar mucho m\u00e1s tiempo completar un trabajo de sellado sin el equipo adecuado. Y aunque los camiones y remolques de recubrimiento reducen el tiempo a la mitad, los proyectos de recubrimiento de mayor envergadura requieren tiempo y preparaci\u00f3n. Por el contrario, los buggies de recubrimiento son r\u00e1pidos de arrancar y calentar, y pueden extender uniformemente el recubrimiento m\u00e1s r\u00e1pido que la mayor\u00eda de los equipos de recubrimiento.   <\/li>\n<\/ul>\n<\/li>\n<li><strong>Funcionamiento sencillo<\/strong>\n<ul>\n<li>Los buggies de revestimiento de Etnyre ayudan a simplificar gran parte del proceso de revestimiento. Cuando un operario utiliza un buggy, el dep\u00f3sito se calienta mediante quemadores internos, y las barras de pulverizaci\u00f3n distribuyen la capa de sellado de forma uniforme y consistente. Cualquier ajuste de la superficie o la velocidad de pulverizaci\u00f3n puede hacerse f\u00e1cilmente con los controles y ajustes del buggy. \u00a1Lo mejor de todo es que controlar un buggy es tan sencillo como jugar a un juego con un joystick!   <\/li>\n<\/ul>\n<\/li>\n<\/ul>\n<h3>\u00bfQu\u00e9 ofrecen los Buggies Sealcoat de Etnyre?<\/h3>\n<p>En Tennessee no hay mejores camiones para impermeabilizar que <a href=\"https:\/\/etnyre.com\/es\/pavementsaver\/\">los PavementSavers II y<\/a> III de Etnyre. La fiabilidad y durabilidad de nuestros veh\u00edculos no tienen parang\u00f3n con los de la competencia. Nuestras m\u00e1quinas se calientan r\u00e1pidamente y tienen m\u00faltiples opciones de personalizaci\u00f3n, como el tama\u00f1o del dep\u00f3sito, el color, etc. Cuando consideres PavementSavers para tu flota de <a href=\"https:\/\/etnyre.com\/es\/las-mejores-maquinas-de-asfalto\/\">maquinaria de asfalto<\/a>, algunas de las mejores caracter\u00edsticas de nuestras m\u00e1quinas incluyen:   <\/p>\n<ul class=\"col-2\">\n<li>Controles del operador con joystick<\/li>\n<li>Potentes componentes de accionamiento hidr\u00e1ulico<\/li>\n<li>Acero T-1 de alto rendimiento para mezcladoras y dep\u00f3sitos de gas\u00f3leo<\/li>\n<li>Agitador hidr\u00e1ulico de velocidad variable y accionamiento directo<\/li>\n<li>Barra pulverizadora de 8&#8242; con extensi\u00f3n de 12<\/li>\n<li>Opciones de capacidad del dep\u00f3sito entre 400 y 500+ galones<\/li>\n<\/ul>\n<div class=\"left-img\"><img loading=\"lazy\" decoding=\"async\" class=\"alignnone\" src=\"https:\/\/etnyre.com\/wp-content\/uploads\/2024\/07\/Sealcoat-Buggies-Tennessee-2.jpg\" alt=\"Contratistas que operan con buggies sealcoat en Tennessee\" width=\"500\" height=\"350\" title=\"\"><\/div>\n<h3>Ponte en contacto con Etnyre hoy mismo<\/h3>\n<p>Como contratista de asfalto, quieres ofrecer los mejores servicios de pavimentaci\u00f3n utilizando equipos de asfalto de primera categor\u00eda. Empieza a construir tu flota de maquinaria con los mejores <a href=\"https:\/\/etnyre.com\/es\/sellado-de-buggies-tennessee\/\">buggies para capas de sellado de Tennessee<\/a>, dise\u00f1ados y fabricados por E.D. Etnyre &amp; Co. Para obtener m\u00e1s informaci\u00f3n sobre nuestros otros productos de recubrimiento de sellado, o si est\u00e1s interesado en m\u00e1s maquinaria de asfalto, llama <a href=\"tel:8157322166\">al 815-732-2166<\/a>.   La oficina principal de Etnyre se encuentra en 1333 Daysville Rd, Oregon, IL 61061, y atiende a clientes de <a href=\"https:\/\/etnyre.com\/es\/sellado-de-buggies-illinois\/\">Illinois<\/a>, <a href=\"https:\/\/etnyre.com\/es\/sealcoat-buggies-arizona\/\">Arizona<\/a>, <a href=\"https:\/\/etnyre.com\/es\/sealcoat-camiones-tennessee\/\">Tennessee<\/a>, <a href=\"https:\/\/etnyre.com\/es\/camiones-de-revestimiento-de-juntas-texas\/\">Texas<\/a> y Estados Unidos.<\/p>\n","protected":false},"excerpt":{"rendered":"<p>Consigue un revestimiento de sellado de alta calidad con los carros para revestimiento de sellado de Etnyre en Tennessee Desde la pavimentaci\u00f3n con sellado de virutas hasta la reparaci\u00f3n de grietas, los contratistas de asfalto ofrecen una serie de servicios que mantienen y renuevan el asfalto. De esos servicios, uno de los m\u00e1s importantes y &hellip; <a href=\"https:\/\/etnyre.com\/es\/sealcoat-buggies-tennessee\/\" class=\"more-link\">Continue reading <span class=\"screen-reader-text\">Sealcoat Buggies Tennessee<\/span><\/a><\/p>\n","protected":false},"author":1,"featured_media":12414,"parent":0,"menu_order":0,"comment_status":"closed","ping_status":"closed","template":"","meta":{"_acf_changed":false,"footnotes":""},"class_list":["post-13178","page","type-page","status-publish","has-post-thumbnail","hentry"],"acf":[],"_links":{"self":[{"href":"https:\/\/etnyre.com\/es\/wp-json\/wp\/v2\/pages\/13178","targetHints":{"allow":["GET"]}}],"collection":[{"href":"https:\/\/etnyre.com\/es\/wp-json\/wp\/v2\/pages"}],"about":[{"href":"https:\/\/etnyre.com\/es\/wp-json\/wp\/v2\/types\/page"}],"author":[{"embeddable":true,"href":"https:\/\/etnyre.com\/es\/wp-json\/wp\/v2\/users\/1"}],"replies":[{"embeddable":true,"href":"https:\/\/etnyre.com\/es\/wp-json\/wp\/v2\/comments?post=13178"}],"version-history":[{"count":1,"href":"https:\/\/etnyre.com\/es\/wp-json\/wp\/v2\/pages\/13178\/revisions"}],"predecessor-version":[{"id":13829,"href":"https:\/\/etnyre.com\/es\/wp-json\/wp\/v2\/pages\/13178\/revisions\/13829"}],"wp:featuredmedia":[{"embeddable":true,"href":"https:\/\/etnyre.com\/es\/wp-json\/wp\/v2\/media\/12414"}],"wp:attachment":[{"href":"https:\/\/etnyre.com\/es\/wp-json\/wp\/v2\/media?parent=13178"}],"curies":[{"name":"wp","href":"https:\/\/api.w.org\/{rel}","templated":true}]}}