{"id":13179,"date":"2024-12-17T11:39:25","date_gmt":"2024-12-17T11:39:25","guid":{"rendered":"https:\/\/etnyre.com\/sellado-de-buggies-illinois\/"},"modified":"2025-05-28T06:12:20","modified_gmt":"2025-05-28T06:12:20","slug":"sellado-de-buggies-illinois","status":"publish","type":"page","link":"https:\/\/etnyre.com\/es\/sellado-de-buggies-illinois\/","title":{"rendered":"Sellado de Buggies Illinois"},"content":{"rendered":"<h3>\u00bfQu\u00e9 son los Buggies de Recubrimiento en Illinois?<\/h3>\n<p>Los buggies de impermeabilizaci\u00f3n de E.D. Etnyre &amp; Company en Illinois son m\u00e1quinas especializadas que permiten a los contratistas de asfalto aplicar materiales de impermeabilizaci\u00f3n de forma eficaz y precisa. Nuestros equipos permiten a tu equipo completar los proyectos de mantenimiento del asfalto m\u00e1s r\u00e1pidamente y con menos costes que las aplicaciones manuales de la capa de sellado o los remolques de arrastre. Nuestra innovadora maquinaria permite una aplicaci\u00f3n uniforme de los materiales de sellado en una mayor \u00e1rea de cobertura y en menos tiempo. Estas son algunas de las caracter\u00edsticas m\u00e1s populares incluidas en nuestros <a href=\"https:\/\/etnyre.com\/es\/pavementsaver\/\"> buggies de recubrimiento de pavimento Pavement Saver II y III<\/a>:   <\/p>\n<ul>\n<li>Motores turboalimentados Kubota de 42 CV<\/li>\n<li>Sistemas de tracci\u00f3n hidrost\u00e1tica directa a las 3 ruedas<\/li>\n<li>Capacidades de material de revestimiento que van de 420 a 510 galones<\/li>\n<li>Opciones de control con joystick f\u00e1ciles de usar, incluyendo apertura y cierre del flujo de material, caja esparcidora<\/li>\n<li>Componentes hidr\u00e1ulicos, mangueras y racores de alta gama<\/li>\n<li>arriba, abajo, izquierda y derecha, y adelante, punto muerto y marcha atr\u00e1s<\/li>\n<li>Barras de rociado que empiezan a 8&#8242; y se extienden 13&#8242; o m\u00e1s<\/li>\n<li>Paneles de control del operador con interruptores basculantes de f\u00e1cil manejo<\/li>\n<li>Controles inform\u00e1ticos que mantienen la aplicaci\u00f3n uniforme a pesar de las variaciones de velocidad<\/li>\n<\/ul>\n<p>Apoyamos a las empresas de construcci\u00f3n y mantenimiento de asfalto con una l\u00ednea completa de <a href=\"https:\/\/etnyre.com\/es\/equipos-de-sellado\/\">equipos de sellado<\/a>. Junto con nuestros buggies de recubrimiento de pavimento Pavement Saver, tambi\u00e9n ofrecemos camiones de recubrimiento <a href=\"https:\/\/etnyre.com\/bc502sc\/\">BC502SC<\/a> y nuestras <a href=\"https:\/\/etnyre.com\/es\/raynpro-serie-t\/\">m\u00e1quinas de recubrimiento RaynPro Serie T<\/a>. Descubre m\u00e1s sobre nuestras m\u00e1quinas y sus ventajas envi\u00e1ndonos un mensaje a trav\u00e9s de nuestro <a href=\"https:\/\/etnyre.com\/es\/contactenos\/\">formulario de contacto en l\u00ednea<\/a> ahora.  <\/p>\n<h3>\u00bfC\u00f3mo benefician a mi negocio los buggies de sellado?<\/h3>\n<p>Hay muchos factores que hacen que sea una decisi\u00f3n inteligente para los contratistas de asfalto invertir en los buggies de sellado de Etnyre en Illinois. \u00c9stas son algunas de las grandes ventajas que tus servicios de mantenimiento del asfalto pueden recibir de nuestros equipos Pavement Saver: <\/p>\n<ul>\n<li><strong>M\u00e1s precisi\u00f3n &#8211; <\/strong>Si tu equipo ha tenido alguna vez problemas para aplicar eficazmente materiales de revestimiento de juntas en zonas irregulares, nuestros buggies de revestimiento de juntas pueden ayudarte. Permiten aplicaciones precisas en lugares estrechos y otras zonas de dif\u00edcil acceso. <\/li>\n<li><strong>Plazos de entrega m\u00e1s r\u00e1pidos &#8211; <\/strong>Tu empresa tambi\u00e9n puede terminar los proyectos con mayor rapidez, lo que te permite aceptar m\u00e1s negocios con nuestros buggies de sellado. Aplican la pintura de sellado con m\u00e1s eficacia que los m\u00e9todos de aplicaci\u00f3n manuales o con remolque. <\/li>\n<li><strong>Mayor consistencia &#8211; <\/strong>Nuestros buggies de sellado tambi\u00e9n aplican los materiales de sellado de forma m\u00e1s uniforme por toda la superficie. Como resultado, evitas sobrecostes debidos al uso excesivo de materiales y problemas con la superficie del pavimento. <\/li>\n<li><strong>Ahorro de costes &#8211; <\/strong>La mayor eficacia y precisi\u00f3n de nuestros equipos tambi\u00e9n reduce el desperdicio de material y los costes de mano de obra, ahorr\u00e1ndote dinero en gastos de explotaci\u00f3n.<\/li>\n<li><strong>Mayor rentabilidad &#8211; <\/strong>Adem\u00e1s del ahorro de costes, la mayor eficacia y el uso m\u00e1s econ\u00f3mico de los materiales te permiten gestionar m\u00e1s proyectos, mejorando tu flujo de ingresos.<\/li>\n<\/ul>\n<h3>\u00bfPueden los Buggies de Recubrimiento Ayudar a Evitar Errores de Aplicaci\u00f3n?<\/h3>\n<p>Una de las formas m\u00e1s f\u00e1ciles de evitar errores problem\u00e1ticos en la aplicaci\u00f3n del material de sellado es utilizar nuestros buggies de sellado en Illinois. As\u00ed, puedes evitar gastar m\u00e1s en materiales de lo necesario e inmovilizar a los miembros del equipo en proyectos que tardan m\u00e1s de lo debido en terminarse. Estas son algunas de las importantes diferencias que pueden aportar nuestros equipos y que dan a tu empresa de mantenimiento del asfalto una ventaja competitiva:  <\/p>\n<ul>\n<li><strong>Flujo de trabajo m\u00e1s r\u00e1pido &#8211; <\/strong>En lugar de apresurarte a intentar terminar un trabajo a mano, puedes centrarte en realizar un trabajo de calidad con nuestros buggies de recubrimiento de juntas. Aceleran el proceso de aplicaci\u00f3n, eliminando la posibilidad de un trabajo desordenado o apresurado que afecte a la calidad. <\/li>\n<li><strong>Mejor control de los materiales &#8211; <\/strong>En lugar de sufrir problemas por un recubrimiento excesivo, puedes distribuir los materiales de sellado de forma m\u00e1s uniforme con nuestros equipos. Con un mayor control sobre el proceso de aplicaci\u00f3n, evitas costes excesivos en materiales. <\/li>\n<li><strong>Mejor trabajo en los bordes &#8211; <\/strong>Muchos procesos de aplicaci\u00f3n manual experimentan problemas con la pulverizaci\u00f3n excesiva de materiales de sellado sobre el paisaje, las aceras y los bordillos adyacentes. Sin embargo, nuestros buggies de recubrimiento proporcionan un trabajo preciso de los bordes, eliminando el desperdicio de material. <\/li>\n<li><strong>Mayor consistencia general &#8211; <\/strong>Si tu equipo ha tenido alguna vez problemas para terminar los proyectos a tiempo debido a puntos omitidos o a una cobertura desigual, nuestras m\u00e1quinas pueden poner fin a esos problemas. Nuestros buggies de sellado ofrecen una mayor consistencia de cobertura global, proporcionando una mejor protecci\u00f3n de las superficies pavimentadas. <\/li>\n<\/ul>\n<div class=\"left-img\"><img decoding=\"async\" src=\"https:\/\/etnyre.com\/wp-content\/uploads\/2024\/07\/empty-highway.jpg\" alt=\"Sellado de Buggies Illinois\" title=\"\"><\/div>\n<h3>Contacta con nosotros<\/h3>\n<p>\u00c9sta es tu oportunidad de hacer crecer tu negocio de contrataci\u00f3n de asfalto con la ayuda de E.D. Etnyre &amp; Company. <a href=\"https:\/\/etnyre.com\/es\/contactenos\/\">Ponte en contacto con nosotros<\/a> hoy mismo para recibir m\u00e1s informaci\u00f3n o solicitar un presupuesto gratuito sobre nuestros <a href=\"https:\/\/etnyre.com\/es\/sellado-de-buggies-tennessee\/\">buggies de sellado<\/a> en <a href=\"https:\/\/etnyre.com\/es\/sealcoating-trucks-illinois\/\">Illinois<\/a>. Tambi\u00e9n podemos informarte sobre nuestros otros productos, incluidos nuestros <a href=\"https:\/\/etnyre.com\/es\/esparcidores-de-virutas-illinois\/\">esparcidores de gravilla<\/a>, <a href=\"https:\/\/etnyre.com\/es\/distribuidores-de-asfalto-illinois\/\">distribuidores de asfalto<\/a>, <a href=\"https:\/\/etnyre.com\/es\/selladores-de-grietas-illinois\/\">selladoras de grietas<\/a>, <a href=\"https:\/\/etnyre.com\/lowboy-trailers\/\">remolques bajos<\/a>, <a href=\"https:\/\/etnyre.com\/live-bottom-trailers\/\">remolques de fondo vivo<\/a>, <a href=\"https:\/\/etnyre.com\/es\/transportes-de-asfalto\/\">remolques de transporte de bituminosos<\/a>, <a href=\"https:\/\/etnyre.com\/es\/selladoras-de-lodos\/\">m\u00e1quinas de sellado de lechada<\/a> y <a href=\"https:\/\/etnyre.com\/es\/tratamiento-de-pavimentos-scrub-seal\/\">cajas escoba de sellado de fregado<\/a>. Llama ahora a nuestro amable personal de ventas al <a href=\"tel:8157322116\">815-732-2116<\/a> o env\u00edanos un correo electr\u00f3nico a <a href=\"mailto:sales@etnyre.com\">sales@etnyre.com<\/a> hoy mismo.   <\/p>\n","protected":false},"excerpt":{"rendered":"<p>\u00bfQu\u00e9 son los Buggies de Recubrimiento en Illinois? Los buggies de impermeabilizaci\u00f3n de E.D. Etnyre &amp; Company en Illinois son m\u00e1quinas especializadas que permiten a los contratistas de asfalto aplicar materiales de impermeabilizaci\u00f3n de forma eficaz y precisa. Nuestros equipos permiten a tu equipo completar los proyectos de mantenimiento del asfalto m\u00e1s r\u00e1pidamente y con &hellip; <a href=\"https:\/\/etnyre.com\/es\/sellado-de-buggies-illinois\/\" class=\"more-link\">Continue reading <span class=\"screen-reader-text\">Sellado de Buggies Illinois<\/span><\/a><\/p>\n","protected":false},"author":1,"featured_media":10513,"parent":0,"menu_order":0,"comment_status":"closed","ping_status":"closed","template":"","meta":{"_acf_changed":false,"footnotes":""},"class_list":["post-13179","page","type-page","status-publish","has-post-thumbnail","hentry"],"acf":[],"_links":{"self":[{"href":"https:\/\/etnyre.com\/es\/wp-json\/wp\/v2\/pages\/13179","targetHints":{"allow":["GET"]}}],"collection":[{"href":"https:\/\/etnyre.com\/es\/wp-json\/wp\/v2\/pages"}],"about":[{"href":"https:\/\/etnyre.com\/es\/wp-json\/wp\/v2\/types\/page"}],"author":[{"embeddable":true,"href":"https:\/\/etnyre.com\/es\/wp-json\/wp\/v2\/users\/1"}],"replies":[{"embeddable":true,"href":"https:\/\/etnyre.com\/es\/wp-json\/wp\/v2\/comments?post=13179"}],"version-history":[{"count":1,"href":"https:\/\/etnyre.com\/es\/wp-json\/wp\/v2\/pages\/13179\/revisions"}],"predecessor-version":[{"id":13826,"href":"https:\/\/etnyre.com\/es\/wp-json\/wp\/v2\/pages\/13179\/revisions\/13826"}],"wp:featuredmedia":[{"embeddable":true,"href":"https:\/\/etnyre.com\/es\/wp-json\/wp\/v2\/media\/10513"}],"wp:attachment":[{"href":"https:\/\/etnyre.com\/es\/wp-json\/wp\/v2\/media?parent=13179"}],"curies":[{"name":"wp","href":"https:\/\/api.w.org\/{rel}","templated":true}]}}