{"id":13182,"date":"2024-12-17T11:40:56","date_gmt":"2024-12-17T11:40:56","guid":{"rendered":"https:\/\/etnyre.com\/sellado-de-buggies-tennessee\/"},"modified":"2025-05-28T06:12:19","modified_gmt":"2025-05-28T06:12:19","slug":"sellado-de-buggies-tennessee","status":"publish","type":"page","link":"https:\/\/etnyre.com\/es\/sellado-de-buggies-tennessee\/","title":{"rendered":"Sellado de Buggies Tennessee"},"content":{"rendered":"<h3>\u00bfQu\u00e9 son los Buggies de Sellado en Tennessee?<\/h3>\n<p>Los contratistas de asfalto que busquen mejorar la eficacia y terminar m\u00e1s r\u00e1pidamente los proyectos de mantenimiento del asfalto pueden beneficiarse de los buggies de sellado en Tennessee. Son m\u00e1quinas especializadas que permiten a los contratistas aplicar eficazmente materiales de sellado a zonas m\u00e1s grandes de carreteras, entradas de veh\u00edculos, aparcamientos y otros pavimentos m\u00e1s r\u00e1pidamente que haci\u00e9ndolo a mano. \u00c9stas son algunas de las caracter\u00edsticas innovadoras de <a href=\"https:\/\/etnyre.com\/es\/pavementsaver\/\">los veh\u00edculos de revestimiento de pavimentos Pavement Saver II y III de E.D. Etnyre &amp; Company<\/a>:  <\/p>\n<ul class=\"clr\">\n<li>Motores turboalimentados Kubota de 42 CV<\/li>\n<li>Capacidades de material de revestimiento que van de 420 a 510 galones<\/li>\n<li>Sistemas de tracci\u00f3n hidrost\u00e1tica directa a las 3 ruedas<\/li>\n<li>Componentes hidr\u00e1ulicos, mangueras y racores de alta gama<\/li>\n<li>Opciones de control con joystick f\u00e1ciles de usar, incluyendo apertura y cierre del flujo de material, subida, bajada, izquierda y derecha de la caja esparcidora, y marcha adelante, punto muerto y marcha atr\u00e1s<\/li>\n<li>Paneles de control del operador con interruptores basculantes de f\u00e1cil manejo<\/li>\n<li>Barras de rociado que empiezan a 8&#8242; y se extienden 13&#8242; o m\u00e1s<\/li>\n<li>Controles inform\u00e1ticos que mantienen la aplicaci\u00f3n uniforme a pesar de las variaciones de velocidad<\/li>\n<\/ul>\n<p>E.D. Etnyre ha apoyado con orgullo a los contratistas de asfalto con ofertas de equipos innovadores desde 1898. Adem\u00e1s de los buggies de sellado, ofrecemos otros <a href=\"https:\/\/etnyre.com\/es\/equipos-de-sellado\/\">equipos de sellado<\/a>, incluidos nuestros <a href=\"https:\/\/etnyre.com\/es\/sealcoat-camiones-tennessee\/\">camiones de sellado BC502SC<\/a>. Env\u00eda ahora un correo electr\u00f3nico al amable personal de ventas de E.D. Etnyre a <a href=\"mailto:sales@etynre.com\">sales@etynre.com<\/a> para solicitar m\u00e1s informaci\u00f3n o un presupuesto gratuito.  <\/p>\n<h3>\u00bfCu\u00e1les son las ventajas de sellar los buggies?<\/h3>\n<p>Hay muchas razones por las que es una inversi\u00f3n inteligente para los contratistas de asfalto comprar los buggies de sellado de Etnyre en Tennessee. \u00c9stos son algunos de los beneficios significativos que obtienes con nuestros camiones de revestimiento de pavimento Pavement Saver: <\/p>\n<ul>\n<li><strong>Tasas de finalizaci\u00f3n de proyectos m\u00e1s r\u00e1pidas &#8211; <\/strong>Los buggies de recubrimiento de juntas permiten aplicar el material de recubrimiento de forma m\u00e1s r\u00e1pida y precisa que a mano o con remolques separados. Como resultado, la mejora de la eficiencia permite a tu empresa completar los proyectos con plazos de entrega m\u00e1s cortos. <\/li>\n<li><strong>Rendimiento mejorado &#8211; <\/strong>En comparaci\u00f3n con las aplicaciones manuales o los remolques de arrastre, nuestros buggies de recubrimiento de juntas ofrecen una distribuci\u00f3n m\u00e1s uniforme de los materiales de recubrimiento. Como resultado, consigues resultados de mejor calidad que ayudan a tus clientes a recibir soluciones m\u00e1s duraderas. <\/li>\n<li><strong>Ahorra mucho dinero &#8211; <\/strong>Nuestros buggies de sellado tambi\u00e9n reducen el desperdicio de material y las horas de mano de obra, recortando en gran medida tus gastos de explotaci\u00f3n.<\/li>\n<li><strong>Mayor generaci\u00f3n de ingresos &#8211; <\/strong>Una mayor eficacia y un mejor rendimiento impulsar\u00e1n tu marca, con lo que conseguir\u00e1s m\u00e1s referencias y nuevos clientes comerciales.<\/li>\n<li><strong>Mayor precisi\u00f3n &#8211; <\/strong>Nuestros buggies tambi\u00e9n proporcionan una aplicaci\u00f3n precisa de los materiales de sellado, incluso en espacios irregulares o estrechos. De ese modo, puedes obtener resultados de gran aspecto incluso en zonas de dif\u00edcil acceso. <\/li>\n<\/ul>\n<h3>\u00bfC\u00f3mo te ayudan los Buggies de Sellado a evitar errores de aplicaci\u00f3n?<\/h3>\n<p>Los contratistas de asfalto saben lo costosos que pueden ser los errores en la aplicaci\u00f3n de los materiales de sellado. Son uno de los factores que m\u00e1s contribuyen al aumento de los costes y a los retrasos en los proyectos de mantenimiento del asfalto. Sin embargo, tu empresa puede evitar algunos de esos errores comunes con los buggies de impermeabilizaci\u00f3n de Etnyre&#8217;s Pavement Saver en Tennessee. He aqu\u00ed c\u00f3mo nuestro equipo te ayuda a evitar errores de aplicaci\u00f3n:   <\/p>\n<ul>\n<li><strong>Consistencia de la cobertura &#8211; <\/strong>Nuestros buggies resuelven los problemas de cobertura desigual o de puntos omitidos, proporcionando una aplicaci\u00f3n uniforme. Como resultado, el pavimento recibe una mejor protecci\u00f3n. <\/li>\n<li>Trabajo preciso de los bordes <strong>&#8211; <\/strong>Tambi\u00e9n puedes evitar problemas de exceso de pulverizaci\u00f3n sobre superficies adyacentes como aceras, bordillos y jardines con el trabajo preciso de los bordes que proporcionan nuestros buggies.<\/li>\n<li><strong>Mayor control de los materiales &#8211; <\/strong>Nuestros buggies regulan mejor el control de los materiales de sellado, evitando un recubrimiento excesivo. As\u00ed evitas el coste de una aplicaci\u00f3n excesiva que conlleva un aumento de los costes de material y problemas con la superficie del pavimento. <\/li>\n<li><strong>Flujo de trabajo m\u00e1s r\u00e1pido &#8211; <\/strong>Puedes centrarte en realizar un trabajo de calidad en lugar de apresurarte para terminar un proyecto con la ayuda de nuestros buggies de sellado. Aceleran el proceso, eliminando las aplicaciones manuales fortuitas o apresuradas. <\/li>\n<\/ul>\n<div class=\"left-img\"><img decoding=\"async\" src=\"https:\/\/etnyre.com\/wp-content\/uploads\/2024\/07\/right-lane-of-a-freshly-paved-asphalt-road-diminishing-perspective.jpg\" alt=\"Sellado de Buggies Tennessee\" title=\"\"><\/div>\n<h3>Contacta con nosotros<\/h3>\n<p>E.D. Etnyre &amp; Company se enorgullece de ayudar a hacer crecer el negocio de nuestros socios contratistas de asfalto. Dise\u00f1amos y construimos m\u00e1quinas de primera clase para aplicaciones y mantenimiento del asfalto, incluidos nuestros buggies de sellado en Tennessee. Adem\u00e1s de <a href=\"https:\/\/etnyre.com\/es\/sellado-de-buggies-illinois\/\">los buggies de revestimiento<\/a>, tambi\u00e9n vendemos <a href=\"https:\/\/etnyre.com\/es\/selladores-de-grietas-tennessee\/\">selladoras de grietas<\/a>, <a href=\"https:\/\/etnyre.com\/es\/distribuidores-de-asfalto-de-tennessee\/\">distribuidores de asfalto<\/a>, <a href=\"https:\/\/etnyre.com\/es\/esparcidores-de-virutas-tennessee\/\">esparcidores de gravilla<\/a>, <a href=\"https:\/\/etnyre.com\/es\/selladoras-de-lodos\/\">m\u00e1quinas de sellado de lechada<\/a>, <a href=\"https:\/\/etnyre.com\/es\/transportes-de-asfalto\/\">remolques de transporte bituminoso<\/a>, <a href=\"https:\/\/etnyre.com\/live-bottom-trailers\/\">remolques de fondo vivo<\/a>, <a href=\"https:\/\/etnyre.com\/lowboy-trailers\/\">remolques de plataforma baja<\/a> y <a href=\"https:\/\/etnyre.com\/es\/tratamiento-de-pavimentos-scrub-seal\/\">cajas de escoba de sellado de fregado<\/a>. Inf\u00f3rmate ahora sobre nuestros equipos llamando <a href=\"tel:8157322116\">al 815-732-2116<\/a>. Tambi\u00e9n puedes ponerte en contacto con nosotros en l\u00ednea cuando te convenga, enviando un correo electr\u00f3nico <a href=\"mailto:sales@etnyre.com\">a sales@etnyre.com<\/a> o a trav\u00e9s de nuestro <a href=\"https:\/\/etnyre.com\/es\/contactenos\/\">formulario de contacto<\/a>.    <\/p>\n","protected":false},"excerpt":{"rendered":"<p>\u00bfQu\u00e9 son los Buggies de Sellado en Tennessee? Los contratistas de asfalto que busquen mejorar la eficacia y terminar m\u00e1s r\u00e1pidamente los proyectos de mantenimiento del asfalto pueden beneficiarse de los buggies de sellado en Tennessee. Son m\u00e1quinas especializadas que permiten a los contratistas aplicar eficazmente materiales de sellado a zonas m\u00e1s grandes de carreteras, &hellip; <a href=\"https:\/\/etnyre.com\/es\/sellado-de-buggies-tennessee\/\" class=\"more-link\">Continue reading <span class=\"screen-reader-text\">Sellado de Buggies Tennessee<\/span><\/a><\/p>\n","protected":false},"author":1,"featured_media":10513,"parent":0,"menu_order":0,"comment_status":"closed","ping_status":"closed","template":"","meta":{"_acf_changed":false,"footnotes":""},"class_list":["post-13182","page","type-page","status-publish","has-post-thumbnail","hentry"],"acf":[],"_links":{"self":[{"href":"https:\/\/etnyre.com\/es\/wp-json\/wp\/v2\/pages\/13182","targetHints":{"allow":["GET"]}}],"collection":[{"href":"https:\/\/etnyre.com\/es\/wp-json\/wp\/v2\/pages"}],"about":[{"href":"https:\/\/etnyre.com\/es\/wp-json\/wp\/v2\/types\/page"}],"author":[{"embeddable":true,"href":"https:\/\/etnyre.com\/es\/wp-json\/wp\/v2\/users\/1"}],"replies":[{"embeddable":true,"href":"https:\/\/etnyre.com\/es\/wp-json\/wp\/v2\/comments?post=13182"}],"version-history":[{"count":2,"href":"https:\/\/etnyre.com\/es\/wp-json\/wp\/v2\/pages\/13182\/revisions"}],"predecessor-version":[{"id":14303,"href":"https:\/\/etnyre.com\/es\/wp-json\/wp\/v2\/pages\/13182\/revisions\/14303"}],"wp:featuredmedia":[{"embeddable":true,"href":"https:\/\/etnyre.com\/es\/wp-json\/wp\/v2\/media\/10513"}],"wp:attachment":[{"href":"https:\/\/etnyre.com\/es\/wp-json\/wp\/v2\/media?parent=13182"}],"curies":[{"name":"wp","href":"https:\/\/api.w.org\/{rel}","templated":true}]}}