{"id":13183,"date":"2024-12-17T11:40:57","date_gmt":"2024-12-17T11:40:57","guid":{"rendered":"https:\/\/etnyre.com\/sealcoating-trucks-illinois\/"},"modified":"2025-05-28T06:12:17","modified_gmt":"2025-05-28T06:12:17","slug":"sealcoating-trucks-illinois","status":"publish","type":"page","link":"https:\/\/etnyre.com\/es\/sealcoating-trucks-illinois\/","title":{"rendered":"Sealcoating Trucks Illinois"},"content":{"rendered":"<h3>\u00bfBuscas los mejores camiones de revestimiento de Illinois?<\/h3>\n<p>E.D. Etnyre fabrica equipos de primera clase para contratistas de asfalto, incluidos algunos de los mejores camiones de recubrimiento de Illinois. <a href=\"https:\/\/etnyre.com\/es\/camiones-sealcoat\/\">Nuestros camiones de sellado BC502SC<\/a>, que sustituyen al RaynMaker, vienen con caracter\u00edsticas innovadoras que permiten a tu empresa realizar m\u00e1s proyectos a gran escala con menos equipo. Adem\u00e1s, puedes controlar c\u00f3modamente la salida del dep\u00f3sito de mezcla de sellado y la barra de pulverizaci\u00f3n desde la cabina del cami\u00f3n. Estas son algunas de las caracter\u00edsticas m\u00e1s atractivas de nuestros camiones de recubrimiento de juntas:   <\/p>\n<ul class=\"col-2 clr\">\n<li>Dep\u00f3sitos de mezcla Sealcoat con capacidad de 1.000 a 4.000 galones<\/li>\n<li>Todas las funciones de distribuci\u00f3n, circulaci\u00f3n y carga se seleccionan desde la cabina o el mando lateral<\/li>\n<li>Bomba hidrost\u00e1tica de pistones Sauer-Danfoss de 75 cc (4,75 pies c\u00fabicos) para trabajo pesado <\/li>\n<li>Control en cabina del GSY, v\u00e1lvulas de asfalto de la barra de pulverizaci\u00f3n, diagn\u00f3sticos, subida, bajada, desplazamiento lateral y lavado de la barra de pulverizaci\u00f3n<\/li>\n<li>Alas separables para evitar da\u00f1os si se golpea un objeto mientras se esparce el producto; pasador de cizalla sustituible en menos de un minuto<\/li>\n<li>Diagn\u00f3stico a bordo<\/li>\n<\/ul>\n<p>Ofrecemos una gama completa de <a href=\"https:\/\/etnyre.com\/es\/equipos-de-sellado\/\">equipos de sellado<\/a>, incluidos <a href=\"https:\/\/etnyre.com\/es\/buggies-sealcoat\/\">los buggies de sellado<\/a> y nuestras <a href=\"https:\/\/etnyre.com\/es\/raynpro-serie-t\/\">m\u00e1quinas de sellado RaynPro Serie T<\/a>. Conf\u00eda en el equipo m\u00e1s fiable de uno de los l\u00edderes del sector desde 1898. Ponte ahora <a href=\"https:\/\/etnyre.com\/es\/contactenos\/\">en contacto con E.D. Etnyre<\/a> para solicitar m\u00e1s informaci\u00f3n sobre nuestros camiones de recubrimiento BC502SC en Illinois. <\/p>\n<h3>\u00bfCu\u00e1les son las mejores ventajas de sellar camiones?<\/h3>\n<p>Hay muchas razones por las que es una inversi\u00f3n inteligente que los contratistas de asfalto mejoren su negocio con camiones de sellado Etnyre en Illinois. Aqu\u00ed tienes algunas de las razones m\u00e1s convincentes por las que deber\u00edas comprar nuestros camiones BC502SC: <\/p>\n<ul>\n<li><strong>Retorno de la inversi\u00f3n &#8211; <\/strong>El coste inicial de nuestros equipos se recupera r\u00e1pidamente y algo m\u00e1s. Nuestras carretillas te permiten reducir costes utilizando el material de forma m\u00e1s eficiente, experimentando menos retrasos en los proyectos y reduciendo la cantidad de reparaciones del equipo. <\/li>\n<li><strong>Mejor rendimiento &#8211; <\/strong>Nuestras carretillas BC502SC proporcionan un suministro m\u00e1s uniforme de materiales de revestimiento de juntas, proporcionando a tus clientes mejores resultados generales.<\/li>\n<li><strong>Mayor eficacia &#8211; <\/strong>Tu equipo puede cubrir superficies de pavimento m\u00e1s grandes m\u00e1s r\u00e1pidamente con la ayuda de nuestros camiones de revestimiento de juntas. Como resultado, tu empresa aumenta la productividad y obtiene m\u00e1s ingresos al abordar m\u00e1s proyectos. <\/li>\n<li><strong>Diversifica tus proyectos &#8211; <\/strong>Con una mayor capacidad, tu empresa tiene libertad para buscar nuevos clientes con proyectos de mayor envergadura. En consecuencia, puedes generar m\u00e1s ingresos atrayendo a m\u00e1s clientes empresariales nuevos. <\/li>\n<li><strong>Construye tu marca &#8211; <\/strong>La mayor eficacia y capacidad que proporcionan nuestros camiones de revestimiento de juntas mejora la imagen de tu marca con una mayor profesionalidad y fiabilidad.<\/li>\n<\/ul>\n<h3>\u00bfC\u00f3mo mejoran mi negocio los camiones de revestimiento?<\/h3>\n<p>Hay muchas formas de mejorar tu negocio de contrataci\u00f3n de asfalto con <a href=\"https:\/\/etnyre.com\/es\/camiones-de-revestimiento-de-juntas-texas\/\">los camiones selladores<\/a> Etnyre en Illinois. \u00c9stas son algunas de las mejores razones para invertir en nuestros equipos: <\/p>\n<ul>\n<li><strong>Menos problemas log\u00edsticos &#8211; <\/strong>Nuestros camiones BC502SC te permiten utilizar menos equipos, camiones y remolques por proyecto. Nuestros camiones transportan de 1.000 a 4.000 galones de material de sellado, por lo que te ahorran muchos quebraderos de cabeza a la hora de transportar varios equipos al lugar de trabajo. <\/li>\n<li><strong>M\u00e1s control &#8211; <\/strong>A diferencia de lo que ocurre con los remolques de material asf\u00e1ltico independientes, recibes un control preciso de la salida de los materiales de sellado con los controles instalados en la cabina de nuestros camiones. Te permiten dirigir la salida desde el dep\u00f3sito de almacenamiento y la barra de pulverizaci\u00f3n de forma r\u00e1pida y sencilla. <\/li>\n<li><strong>Mayor capacidad &#8211; <\/strong>Otra gran ventaja que ofrecen nuestros camiones de revestimiento es la capacidad de abordar proyectos a gran escala y completarlos con eficacia. Nuestro equipo te permite sellar superficies de pavimento m\u00e1s grandes en menos tiempo que a mano o con otra maquinaria. <\/li>\n<\/ul>\n<div class=\"left-img\"><img decoding=\"async\" src=\"https:\/\/etnyre.com\/wp-content\/uploads\/2024\/07\/empty-car-parking-lots-outdoor-public-parking.jpg\" alt=\"Sealcoating Trucks Illinois\" title=\"\"><\/div>\n<h3>Contacta con nosotros<\/h3>\n<p>E.D. Etnyre se enorgullece de apoyar a los contratistas de asfalto con algunos de los mejores equipos, incluidos nuestros camiones de sellado de <a href=\"https:\/\/etnyre.com\/es\/sellado-de-buggies-illinois\/\">Illinois<\/a>. Adem\u00e1s de nuestros camiones, tambi\u00e9n vendemos <a href=\"https:\/\/etnyre.com\/es\/distribuidores-de-asfalto-illinois\/\">distribuidores de asfalto<\/a>, <a href=\"https:\/\/etnyre.com\/es\/selladores-de-grietas-illinois\/\">selladoras de grietas<\/a>, <a href=\"https:\/\/etnyre.com\/es\/tratamiento-de-pavimentos-scrub-seal\/\">cajas de fregado<\/a>, <a href=\"https:\/\/etnyre.com\/live-bottom-trailers\/\">remolques de fondo m\u00f3vil<\/a>, <a href=\"https:\/\/etnyre.com\/lowboy-trailers\/\">remolques bajos<\/a>, <a href=\"https:\/\/etnyre.com\/es\/esparcidores-de-virutas-illinois\/\">esparcidores de gravilla<\/a> y <a href=\"https:\/\/etnyre.com\/es\/selladoras-de-lodos\/\">m\u00e1quinas de sellado de lechada<\/a>. Llama a nuestro amable personal de ventas al <a href=\"tel:8157322116\">815-732-2116<\/a> para solicitar m\u00e1s informaci\u00f3n sobre nuestras m\u00e1quinas. Tambi\u00e9n puedes ponerte en contacto con nosotros en l\u00ednea en cualquier momento envi\u00e1ndonos un correo electr\u00f3nico a <a href=\"mailto:sales@etnyre.com\">sales@etnyre.com<\/a> o utilizando nuestro <a href=\"https:\/\/etnyre.com\/es\/contactenos\/\">formulario de contacto<\/a>.   <\/p>\n","protected":false},"excerpt":{"rendered":"<p>\u00bfBuscas los mejores camiones de revestimiento de Illinois? E.D. Etnyre fabrica equipos de primera clase para contratistas de asfalto, incluidos algunos de los mejores camiones de recubrimiento de Illinois. Nuestros camiones de sellado BC502SC, que sustituyen al RaynMaker, vienen con caracter\u00edsticas innovadoras que permiten a tu empresa realizar m\u00e1s proyectos a gran escala con menos &hellip; <a href=\"https:\/\/etnyre.com\/es\/sealcoating-trucks-illinois\/\" class=\"more-link\">Continue reading <span class=\"screen-reader-text\">Sealcoating Trucks Illinois<\/span><\/a><\/p>\n","protected":false},"author":1,"featured_media":12428,"parent":0,"menu_order":0,"comment_status":"closed","ping_status":"closed","template":"","meta":{"_acf_changed":false,"footnotes":""},"class_list":["post-13183","page","type-page","status-publish","has-post-thumbnail","hentry"],"acf":[],"_links":{"self":[{"href":"https:\/\/etnyre.com\/es\/wp-json\/wp\/v2\/pages\/13183","targetHints":{"allow":["GET"]}}],"collection":[{"href":"https:\/\/etnyre.com\/es\/wp-json\/wp\/v2\/pages"}],"about":[{"href":"https:\/\/etnyre.com\/es\/wp-json\/wp\/v2\/types\/page"}],"author":[{"embeddable":true,"href":"https:\/\/etnyre.com\/es\/wp-json\/wp\/v2\/users\/1"}],"replies":[{"embeddable":true,"href":"https:\/\/etnyre.com\/es\/wp-json\/wp\/v2\/comments?post=13183"}],"version-history":[{"count":1,"href":"https:\/\/etnyre.com\/es\/wp-json\/wp\/v2\/pages\/13183\/revisions"}],"predecessor-version":[{"id":13832,"href":"https:\/\/etnyre.com\/es\/wp-json\/wp\/v2\/pages\/13183\/revisions\/13832"}],"wp:featuredmedia":[{"embeddable":true,"href":"https:\/\/etnyre.com\/es\/wp-json\/wp\/v2\/media\/12428"}],"wp:attachment":[{"href":"https:\/\/etnyre.com\/es\/wp-json\/wp\/v2\/media?parent=13183"}],"curies":[{"name":"wp","href":"https:\/\/api.w.org\/{rel}","templated":true}]}}