{"id":13221,"date":"2025-01-03T05:07:27","date_gmt":"2025-01-03T05:07:27","guid":{"rendered":"https:\/\/etnyre.com\/equipo-de-sellado-nevada\/"},"modified":"2026-05-06T19:31:05","modified_gmt":"2026-05-06T19:31:05","slug":"equipo-de-sellado-nevada","status":"publish","type":"page","link":"https:\/\/etnyre.com\/es\/equipo-de-sellado-nevada\/","title":{"rendered":"Equipo de sellado Nevada"},"content":{"rendered":"<h3>Transforma tu negocio de mantenimiento de carreteras con los equipos de impermeabilizaci\u00f3n Etnyre en Nevada<\/h3>\n<p>El <a href=\"https:\/\/etnyre.com\/es\/venta-de-equipos-de-revestimiento\/\">equipo Sealcoat<\/a> &#8211; Nevada desempe\u00f1a un papel fundamental en la conservaci\u00f3n de las superficies asfaltadas. Las carreteras de asfalto se enfrentan a un desgaste constante debido a las condiciones meteorol\u00f3gicas, la edad y el uso habitual, lo que crea peligros potenciales para los viajeros. Como contratista de mantenimiento de carreteras, conoces la importancia de conservar las calzadas para tus clientes. Con las soluciones de alta calidad de E.D. Etnyre &amp; Co., puedes ampliar tus servicios y prolongar la vida \u00fatil de cada trabajo. Descubre c\u00f3mo los equipos fiables e innovadores de Etnyre pueden mejorar tu negocio y mantener las carreteras en excelentes condiciones.    <\/p>\n<h3>A\u00f1ade la impermeabilizaci\u00f3n a tu oferta de mantenimiento de carreteras<\/h3>\n<p>A\u00f1adir la impermeabilizaci\u00f3n a tu oferta de <a href=\"https:\/\/etnyre.com\/es\/equipos-de-mantenimiento-de-carreteras\/\">mantenimiento de carreteras<\/a> es una inversi\u00f3n inteligente tanto para ti como para tus clientes. Este proceso r\u00e1pido, eficaz y repetible ofrece numerosas ventajas: <\/p>\n<ul>\n<li><strong>Prolonga la vida \u00fatil de la calzada &#8211; <\/strong>El sellado rellena las grietas y a\u00f1ade una capa protectora para proteger el asfalto de los rayos UV, los l\u00edquidos de los veh\u00edculos y las inclemencias del tiempo, ralentizando considerablemente el deterioro.<\/li>\n<li><strong>Mejora la est\u00e9tica &#8211; <\/strong>Con el tiempo, el asfalto puede decolorarse y estropearse. El sellado le devuelve su intenso color y crea una superficie fresca para nuevas l\u00edneas y l\u00edneas centrales. <\/li>\n<li><strong>Reduce costes &#8211; <\/strong>La impermeabilizaci\u00f3n regular ahorra dinero a tus clientes al evitar costosas reparaciones o sustituciones causadas por la negligencia.<\/li>\n<\/ul>\n<p>Al ofrecer recubrimiento de sellado, prestas un valioso servicio que garantiza el cuidado continuo del asfalto y mantiene las propiedades de tus clientes con un aspecto y un funcionamiento \u00f3ptimos.<\/p>\n<p>Adem\u00e1s, <a href=\"https:\/\/etnyre.com\/es\/equipos-de-revestimiento-de-asfalto-2\/\">los equipos de impermeabilizaci\u00f3n<\/a> de Etnyre &#8211; Nevada destacan por su rendimiento y versatilidad. Tanto si abordas proyectos peque\u00f1os y precisos como si cubres grandes calzadas, nuestras m\u00e1quinas est\u00e1n dise\u00f1adas para satisfacer tus necesidades: <\/p>\n<ul>\n<li><strong><a href=\"https:\/\/etnyre.com\/es\/pavementsaver\/\">Ahorradores de pavimento<\/a> &#8211; <\/strong>Ideales para trabajos m\u00e1s peque\u00f1os y orientados al detalle, estos buggies personalizables ofrecen una precisi\u00f3n y eficacia inigualables.<\/li>\n<li><strong><a href=\"https:\/\/etnyre.com\/bc502sc\/\">BC502SC<\/a> &#8211; <\/strong>Perfecta para grandes proyectos, esta m\u00e1quina cubre con facilidad largos tramos de carretera y extensas parcelas.<\/li>\n<li><strong><a href=\"https:\/\/etnyre.com\/es\/raynpro-serie-t\/\">RaynPro<\/a> &#8211; <\/strong>Al ofrecer las mismas prestaciones que el BC502SC en un c\u00f3modo remolque, el RaynPro es una opci\u00f3n vers\u00e1til para los contratistas que se desplazan.<\/li>\n<\/ul>\n<p>Con los fiables equipos de Etnyre, puedes garantizar un servicio r\u00e1pido y eficaz, dando a tu negocio de mantenimiento del asfalto una ventaja competitiva.<\/p>\n<h3>Un legado de excelencia<\/h3>\n<p>Desde 1898, ED Etnyre &amp; Co. es un nombre de confianza en la industria del asfalto de EE.UU.. Nuestra misi\u00f3n siempre ha sido crear equipos de fabricaci\u00f3n de la m\u00e1s alta calidad para los equipos de construcci\u00f3n de asfalto. Con una larga historia de innovaci\u00f3n, fiabilidad y atenci\u00f3n al cliente, Etnyre se ha ganado su reputaci\u00f3n como l\u00edder del mercado. Desde nuestros productos superiores hasta nuestras soluciones a medida, nos comprometemos a ayudar a que tu negocio tenga \u00e9xito.   <\/p>\n<div class=\"left-img\"><img loading=\"lazy\" decoding=\"async\" class=\"alignnone\" src=\"http:\/\/etnyre.com\/wp-content\/uploads\/2025\/01\/asphalt-paving.webp\" alt=\"Trabajadores alisando el pavimento durante la reparaci\u00f3n y el mantenimiento del asfalto utilizando equipos de sellado - Nevada.\" width=\"500\" height=\"350\" title=\"\"><\/div>\n<h3>Ponte en contacto con ED Etnyre &amp; Co. Hoy <\/h3>\n<p>\u00bfListo para elevar tu oferta de mantenimiento de carreteras? ED Etnyre &amp; Co. proporciona <a href=\"https:\/\/etnyre.com\/es\/equipo-de-revestimiento-sellador-minnesota\/\">equipos de sellado de<\/a> alto rendimiento, en <a href=\"https:\/\/etnyre.com\/es\/equipos-de-mantenimiento-de-carreteras-nevada\/\">Nevada<\/a> y m\u00e1s all\u00e1. Desde la reparaci\u00f3n de grietas en el asfalto hasta la conservaci\u00f3n integral de carreteras, nuestras m\u00e1quinas est\u00e1n dise\u00f1adas para ayudarte a obtener resultados excepcionales. Ponte en contacto con nosotros hoy mismo en el <a href=\"tel:8157322116\">815-732-2116<\/a> para saber m\u00e1s sobre nuestros equipos y c\u00f3mo podemos apoyar el crecimiento de tu negocio. Deja que Etnyre sea tu socio en la creaci\u00f3n de carreteras m\u00e1s seguras y duraderas para tus clientes.    <\/p>\n","protected":false},"excerpt":{"rendered":"<p>Transforma tu negocio de mantenimiento de carreteras con los equipos de impermeabilizaci\u00f3n Etnyre en Nevada El equipo Sealcoat &#8211; Nevada desempe\u00f1a un papel fundamental en la conservaci\u00f3n de las superficies asfaltadas. Las carreteras de asfalto se enfrentan a un desgaste constante debido a las condiciones meteorol\u00f3gicas, la edad y el uso habitual, lo que crea &hellip; <a href=\"https:\/\/etnyre.com\/es\/equipo-de-sellado-nevada\/\" class=\"more-link\">Continue reading <span class=\"screen-reader-text\">Equipo de sellado Nevada<\/span><\/a><\/p>\n","protected":false},"author":1,"featured_media":13217,"parent":0,"menu_order":0,"comment_status":"closed","ping_status":"closed","template":"","meta":{"_acf_changed":false,"footnotes":""},"class_list":["post-13221","page","type-page","status-publish","has-post-thumbnail","hentry"],"acf":[],"_links":{"self":[{"href":"https:\/\/etnyre.com\/es\/wp-json\/wp\/v2\/pages\/13221","targetHints":{"allow":["GET"]}}],"collection":[{"href":"https:\/\/etnyre.com\/es\/wp-json\/wp\/v2\/pages"}],"about":[{"href":"https:\/\/etnyre.com\/es\/wp-json\/wp\/v2\/types\/page"}],"author":[{"embeddable":true,"href":"https:\/\/etnyre.com\/es\/wp-json\/wp\/v2\/users\/1"}],"replies":[{"embeddable":true,"href":"https:\/\/etnyre.com\/es\/wp-json\/wp\/v2\/comments?post=13221"}],"version-history":[{"count":4,"href":"https:\/\/etnyre.com\/es\/wp-json\/wp\/v2\/pages\/13221\/revisions"}],"predecessor-version":[{"id":15397,"href":"https:\/\/etnyre.com\/es\/wp-json\/wp\/v2\/pages\/13221\/revisions\/15397"}],"wp:featuredmedia":[{"embeddable":true,"href":"https:\/\/etnyre.com\/es\/wp-json\/wp\/v2\/media\/13217"}],"wp:attachment":[{"href":"https:\/\/etnyre.com\/es\/wp-json\/wp\/v2\/media?parent=13221"}],"curies":[{"name":"wp","href":"https:\/\/api.w.org\/{rel}","templated":true}]}}