{"id":13278,"date":"2025-01-24T05:12:46","date_gmt":"2025-01-24T05:12:46","guid":{"rendered":"https:\/\/etnyre.com\/equipo-de-revestimiento-sellador-minnesota\/"},"modified":"2025-05-28T06:13:19","modified_gmt":"2025-05-28T06:13:19","slug":"equipo-de-revestimiento-sellador-minnesota","status":"publish","type":"page","link":"https:\/\/etnyre.com\/es\/equipo-de-revestimiento-sellador-minnesota\/","title":{"rendered":"Equipo de revestimiento sellador Minnesota"},"content":{"rendered":"<h3>\u00bfBuscas equipos de revestimiento de sellado personalizables en Minnesota?<\/h3>\n<p>Etnyre ofrece tanto m\u00e1quinas aut\u00f3nomas como otras que pueden utilizarse con camiones ya existentes cuando se trata de equipos de revestimiento de sellado en Minnesota. Nuestros <a href=\"https:\/\/etnyre.com\/es\/pavementsaver\/\">buggies de recubrimiento PavementSaver<\/a> y <a href=\"https:\/\/etnyre.com\/bc502sc\/\">el esparcidor de recubrimiento BC502-SC<\/a> son m\u00e1quinas aut\u00f3nomas f\u00e1ciles de manejar y eficientes. Mientras tanto, nuestras <a href=\"https:\/\/etnyre.com\/es\/raynpro-serie-t\/\">m\u00e1quinas de la serie RaynPro T<\/a> te permiten aprovechar la misma tecnolog\u00eda de recubrimiento de juntas y utilizarla en t\u00e1ndem con los camiones que ya posees. Y lo que es m\u00e1s importante, todas nuestras m\u00e1quinas vienen con un mont\u00f3n de atractivas caracter\u00edsticas opcionales que te permiten personalizar el equipo seg\u00fan las necesidades espec\u00edficas de tu negocio.   <\/p>\n<p>En Etnyre, hemos establecido el est\u00e1ndar de fiabilidad y rendimiento con nuestros equipos de mantenimiento de carreteras desde 1898. Fabricamos cada equipo bajo pedido, lo que te permite encontrar el que mejor se adapte a tus necesidades. Adem\u00e1s, respaldamos todos nuestros equipos con una asistencia al cliente inigualable, que incluye selecci\u00f3n de productos, piezas de repuesto y servicio t\u00e9cnico de los equipos. <a href=\"https:\/\/etnyre.com\/es\/contactenos\/\">Ponte en contacto con Etnyre<\/a> ahora para obtener m\u00e1s informaci\u00f3n sobre nuestros innovadores <a href=\"https:\/\/etnyre.com\/es\/equipos-de-revestimiento-de-juntas-illinois\/\">equipos de sellado<\/a> en Minnesota.  <\/p>\n<h3>\u00bfTe interesan nuestros Buggies de Recubrimiento?<\/h3>\n<p>Los buggies de recubrimiento de Etnyre Pavement Saver II y Pavement Saver III son algunos de los equipos de recubrimiento m\u00e1s r\u00e1pidos y precisos de Minnesota. \u00c9stas son algunas de las ventajas m\u00e1s atractivas que te ofrecen estos <a href=\"https:\/\/etnyre.com\/es\/equipos-de-revestimiento-tennessee\/\">equipos de recubrimiento de<\/a> vanguardia: <\/p>\n<ul>\n<li><strong>Componentes construidos para durar &#8211; <\/strong>Utilizamos acero T1 de alto rendimiento para construir el dep\u00f3sito di\u00e9sel, el dep\u00f3sito hidr\u00e1ulico y el dep\u00f3sito mezclador, lo que lo hace m\u00e1s fuerte, resistente y duradero que las alternativas.<\/li>\n<li><strong>Controles f\u00e1ciles de usar &#8211; <\/strong>Construimos nuestros buggies de recubrimiento de juntas con controles de joystick simplificados. Esto te permite abrir y cerrar f\u00e1cilmente el flujo de material, mover la caja del esparcidor hacia arriba, abajo, derecha o izquierda, y poner la m\u00e1quina en marcha adelante, punto muerto o marcha atr\u00e1s. <\/li>\n<li><strong>Mucha capacidad de material: <\/strong>puedes elegir entre m\u00e1quinas con dep\u00f3sitos de sellante de 420 a 510 galones de capacidad.<\/li>\n<li><strong>Un motor de gran potencia &#8211; <\/strong>Este turbodi\u00e9sel de 42 CV tiene potencia m\u00e1s que suficiente para funcionar continuamente en condiciones extremas, incluyendo grandes altitudes y pendientes de hasta el 15%.<\/li>\n<\/ul>\n<h3>\u00bfBuscas m\u00e1s informaci\u00f3n sobre el esparcidor BC502-SC?<\/h3>\n<p>Nuestros camiones esparcidores de capa <a href=\"https:\/\/etnyre.com\/es\/equipo-sealcoat-arizona\/\">de sellado son conocidos como el est\u00e1ndar del sector en lo que se refiere a equipos de capa de sellado<\/a> en Minnesota. Han subido el list\u00f3n en el sector del mantenimiento de carreteras en cuanto a velocidad, calidad y precisi\u00f3n. Como resultado, se han ganado la reputaci\u00f3n de proporcionar un sellado impecable. Pueden manejar todos los tama\u00f1os y tipos de carreteras de asfalto, aparcamientos u otras superficies de pavimento. Algunas de las caracter\u00edsticas m\u00e1s populares de los camiones esparcidores de capa de sellado Etnyre BC502-SC son:    <\/p>\n<ul>\n<li>Control en cabina del GSY, v\u00e1lvulas de asfalto de la barra de pulverizaci\u00f3n, diagn\u00f3sticos, subida, bajada, desplazamiento lateral y lavado de la barra de pulverizaci\u00f3n<\/li>\n<li>Todas las funciones de distribuci\u00f3n, circulaci\u00f3n y carga se seleccionan desde la cabina o el mando lateral<\/li>\n<li>Diagn\u00f3stico a bordo<\/li>\n<li>Alas separables para evitar da\u00f1os si se golpea un objeto mientras se esparce el producto; pasador de cizalla sustituible en menos de un minuto<\/li>\n<\/ul>\n<h3>\u00bfQuieres saber m\u00e1s sobre las m\u00e1quinas Etnyre RaynPro Serie T?<\/h3>\n<p>Estos equipos te permiten elegir una opci\u00f3n que puede montarse sobre patines o incorporarse a un remolque para utilizarla en t\u00e1ndem con camiones que ya poseas. Puedes elegir tama\u00f1os que van de 200 a 12.000 galones de capacidad de dep\u00f3sito de sellante con nuestra Serie T RaynPro. Dependiendo del tama\u00f1o de tu dep\u00f3sito, ajustamos la longitud y podemos ampliar las m\u00e1quinas para adaptarlas a sopladoras u otros equipos. Adem\u00e1s, se utiliza un potente motor Kohler de 14 CV para aplicar material de sellado de alta carga de \u00e1ridos. Adem\u00e1s, la Serie T de RaynPro puede construirse con un sistema de varilla de pulverizaci\u00f3n para la aplicaci\u00f3n del material. Para m\u00e1s informaci\u00f3n, <a href=\"https:\/\/etnyre.com\/es\/contactenos\/\">ponte en contacto con Etnyre<\/a> sobre nuestros equipos de recubrimiento de sellado en Minnesota.     <\/p>\n<div class=\"left-img\"><img loading=\"lazy\" decoding=\"async\" class=\"alignnone\" src=\"https:\/\/etnyre.com\/wp-content\/uploads\/2024\/02\/raynprot600-500x350.jpg\" alt=\"Equipo de revestimiento sellador Minnesota\" width=\"500\" height=\"350\" title=\"\"><\/div>\n<h3>Contacta con nosotros<\/h3>\n<p>Sean cuales sean tus necesidades, Etnyre puede fabricar para tu empresa algunos de los mejores equipos de sellado de Minnesota. Adem\u00e1s, tenemos opciones para ti, tanto si quieres m\u00e1quinas aut\u00f3nomas como montadas sobre patines o en un remolque. As\u00ed que ll\u00e1manos al<a href=\"tel:8157322116\"> 815-732-2116.<\/a> Podemos empezar a personalizar un equipo para tu negocio. Para m\u00e1s informaci\u00f3n, env\u00edanos un correo electr\u00f3nico a trav\u00e9s de nuestro r\u00e1pido y c\u00f3modo <a href=\"https:\/\/etnyre.com\/es\/contactenos\/\">formulario de contacto en l\u00ednea<\/a>.   <\/p>\n","protected":false},"excerpt":{"rendered":"<p>\u00bfBuscas equipos de revestimiento de sellado personalizables en Minnesota? Etnyre ofrece tanto m\u00e1quinas aut\u00f3nomas como otras que pueden utilizarse con camiones ya existentes cuando se trata de equipos de revestimiento de sellado en Minnesota. Nuestros buggies de recubrimiento PavementSaver y el esparcidor de recubrimiento BC502-SC son m\u00e1quinas aut\u00f3nomas f\u00e1ciles de manejar y eficientes. Mientras tanto, &hellip; <a href=\"https:\/\/etnyre.com\/es\/equipo-de-revestimiento-sellador-minnesota\/\" class=\"more-link\">Continue reading <span class=\"screen-reader-text\">Equipo de revestimiento sellador Minnesota<\/span><\/a><\/p>\n","protected":false},"author":1,"featured_media":13275,"parent":0,"menu_order":0,"comment_status":"closed","ping_status":"closed","template":"","meta":{"_acf_changed":false,"footnotes":""},"class_list":["post-13278","page","type-page","status-publish","has-post-thumbnail","hentry"],"acf":[],"_links":{"self":[{"href":"https:\/\/etnyre.com\/es\/wp-json\/wp\/v2\/pages\/13278","targetHints":{"allow":["GET"]}}],"collection":[{"href":"https:\/\/etnyre.com\/es\/wp-json\/wp\/v2\/pages"}],"about":[{"href":"https:\/\/etnyre.com\/es\/wp-json\/wp\/v2\/types\/page"}],"author":[{"embeddable":true,"href":"https:\/\/etnyre.com\/es\/wp-json\/wp\/v2\/users\/1"}],"replies":[{"embeddable":true,"href":"https:\/\/etnyre.com\/es\/wp-json\/wp\/v2\/comments?post=13278"}],"version-history":[{"count":1,"href":"https:\/\/etnyre.com\/es\/wp-json\/wp\/v2\/pages\/13278\/revisions"}],"predecessor-version":[{"id":13753,"href":"https:\/\/etnyre.com\/es\/wp-json\/wp\/v2\/pages\/13278\/revisions\/13753"}],"wp:featuredmedia":[{"embeddable":true,"href":"https:\/\/etnyre.com\/es\/wp-json\/wp\/v2\/media\/13275"}],"wp:attachment":[{"href":"https:\/\/etnyre.com\/es\/wp-json\/wp\/v2\/media?parent=13278"}],"curies":[{"name":"wp","href":"https:\/\/api.w.org\/{rel}","templated":true}]}}