{"id":13279,"date":"2025-01-24T05:12:47","date_gmt":"2025-01-24T05:12:47","guid":{"rendered":"https:\/\/etnyre.com\/selladores-de-grietas-kansas\/"},"modified":"2025-05-28T06:13:18","modified_gmt":"2025-05-28T06:13:18","slug":"selladores-de-grietas-kansas","status":"publish","type":"page","link":"https:\/\/etnyre.com\/es\/selladores-de-grietas-kansas\/","title":{"rendered":"Selladores de grietas Kansas"},"content":{"rendered":"<h3>\u00bfBuscas los Selladores de Grietas m\u00e1s Eficaces de Kansas?<\/h3>\n<p>Etnyre fabrica algunas de las m\u00e1quinas de mantenimiento de carreteras m\u00e1s eficientes de la actualidad, como nuestras selladoras de grietas en Kansas. La inigualable velocidad del sistema de calentamiento y circulaci\u00f3n de nuestros equipos se traduce en las siguientes ventajas para tu negocio de contrataci\u00f3n de asfalto: <\/p>\n<ul>\n<li>Menos tiempo muerto para tu tripulaci\u00f3n<\/li>\n<li>Mayor productividad<\/li>\n<li>Reducci\u00f3n de los costes por turno en cada <a href=\"https:\/\/etnyre.com\/es\/reparacion-del-asfalto\/\">trabajo de sellado de grietas de asfalto<\/a><\/li>\n<\/ul>\n<p>Con nuestras selladoras de grietas, tienes la ventaja de disponer de m\u00e1quinas equipadas con mandos de funcionamiento tanto manual como autom\u00e1tico. As\u00ed, nuestros equipos permiten a tu empresa abordar cualquier trabajo, independientemente de la experiencia del operador de la m\u00e1quina. En modo autom\u00e1tico, el operario s\u00f3lo tiene que utilizar los mandos de los botones para arrancar, parar y limpiar la m\u00e1quina. Mientras tanto, los operadores m\u00e1s experimentados pueden utilizar un mayor control y funciones personalizadas en modo manual.   <\/p>\n<p>Adem\u00e1s, nuestras selladoras de grietas te ofrecen la opci\u00f3n de un dep\u00f3sito de sellador de 250 \u00f3 400 galones de capacidad. <a href=\"https:\/\/etnyre.com\/es\/contactenos\/\">Ponte en contacto con Etnyre<\/a> para obtener m\u00e1s informaci\u00f3n sobre nuestras selladoras de <a href=\"https:\/\/etnyre.com\/es\/selladores-de-grietas-iowa\/\">grietas<\/a> en Kansas.<\/p>\n<h3>\u00bfCu\u00e1les son algunas de las caracter\u00edsticas est\u00e1ndar de las selladoras de grietas Etnyre?<\/h3>\n<p>Dise\u00f1amos y fabricamos equipos pensando en los usuarios, con multitud de funciones \u00fatiles en nuestras <a href=\"https:\/\/etnyre.com\/es\/selladores-de-grietas-minnesota\/\">selladoras de grietas<\/a> en Kansas. Algunas de las caracter\u00edsticas m\u00e1s populares son las siguientes: <\/p>\n<ul>\n<li><strong>F\u00e1cil limpieza sin disolventes &#8211; <\/strong>Nuestras m\u00e1quinas no requieren el uso de disolventes para limpiarlas al final del turno o del proyecto.<\/li>\n<li><strong>Controles de funcionamiento sencillos &#8211; <\/strong>Equipamos nuestras selladoras de grietas con modos de funcionamiento manual y autom\u00e1tico. As\u00ed, tu personal puede manejar f\u00e1cilmente nuestro equipo, tanto si tiene experiencia en su uso como si no. <\/li>\n<li><strong>Sistemas de calefacci\u00f3n eficientes &#8211; <\/strong>Nuestras selladoras de grietas vienen con un quemador di\u00e9sel de alta presi\u00f3n que utiliza un sistema de aceite caliente de circuito cerrado y flujo controlado. Como resultado, se tarda menos en calentar los materiales, lo que reduce el tiempo de inactividad en el lugar de trabajo. <\/li>\n<li><strong>Protecci\u00f3n de operarios y equipos<\/strong><\/li>\n<li>Nuestro sistema est\u00e1ndar de brazo y r\u00f3tula para manguera protege el equipo manteniendo la manguera separada del suelo. Esto la protege del desgaste por fricci\u00f3n de la superficie de la carretera. Adem\u00e1s, esta caracter\u00edstica tambi\u00e9n protege a los operadores de la fatiga durante el uso.  <\/li>\n<\/ul>\n<h3>\u00bfC\u00f3mo de r\u00e1pido es el sistema de calefacci\u00f3n de las Selladoras de Grietas Etnyre?<\/h3>\n<p>Nuestro sistema de calefacci\u00f3n contribuye a que nuestras m\u00e1quinas sean unas de las <a href=\"https:\/\/etnyre.com\/es\/selladores-de-grietas-nevada\/\">selladoras de grietas<\/a> m\u00e1s eficientes de Kansas. Este sistema de circuito cerrado y flujo controlado se calienta mediante un quemador di\u00e9sel de alta presi\u00f3n. El aceite caliente circula por una bomba de aceite caliente a trav\u00e9s de los serpentines de calentamiento. Este dise\u00f1o ayuda a calentar el sellador a temperaturas de aplicaci\u00f3n \u00f3ptimas en tan s\u00f3lo una hora para la mayor\u00eda de los materiales. En consecuencia, tu equipo puede reducir bastante el tiempo de inactividad durante los proyectos de mantenimiento de carreteras.    <\/p>\n<h3>\u00bfCu\u00e1l es la caracter\u00edstica opcional m\u00e1s popular?<\/h3>\n<p>Etnyre ofrece un mont\u00f3n de atractivas caracter\u00edsticas opcionales, que te permiten crear una mayor personalizaci\u00f3n de tus <a href=\"https:\/\/etnyre.com\/es\/selladores-de-grietas-texas\/\">selladoras de grietas<\/a> en Kansas. Nuestra caja de manguera calefactada es una de las caracter\u00edsticas opcionales m\u00e1s populares de nuestros equipos. Cuando la manguera no est\u00e1 en uso, se guarda en un armario calefactado. As\u00ed se reduce el tiempo de inactividad esperando a que se caliente el sellador congelado. Aqu\u00ed tienes algunos detalles m\u00e1s espec\u00edficos sobre el sistema opcional de manguera calefactada:    <\/p>\n<ul>\n<li>Tiene seis elementos calefactores que mantienen el sellador a la misma temperatura en la manguera que en el dep\u00f3sito.<\/li>\n<li>Esto alarga la vida de la manguera porque evita que se obstruya con frecuencia.<\/li>\n<li>Adem\u00e1s, la manguera se guarda siempre en el brazo, lo que prolonga a\u00fan m\u00e1s su vida \u00fatil.<\/li>\n<\/ul>\n<div class=\"left-img\"><img loading=\"lazy\" decoding=\"async\" class=\"alignnone\" src=\"https:\/\/etnyre.com\/wp-content\/uploads\/2024\/12\/Crack-Sealers-Nevada-seo-500x350.jpg\" alt=\"Selladores de grietas Kansas\" width=\"500\" height=\"350\" title=\"\"><\/div>\n<h3>Contacta con nosotros<\/h3>\n<p>Etnyre fabrica algunas de las selladoras de grietas m\u00e1s eficaces y f\u00e1ciles de usar de Kansas. Nuestros equipos son f\u00e1ciles de usar tanto para operadores principiantes como experimentados. Adem\u00e1s, dise\u00f1amos todos nuestros equipos con caracter\u00edsticas que reducen el tiempo de inactividad en los proyectos de mantenimiento de carreteras. Y lo que es m\u00e1s importante, te permitimos personalizar los equipos con un mont\u00f3n de opciones atractivas para una mayor funcionalidad. Ll\u00e1manos al <a href=\"tel:8157322116\">815-732-2116<\/a> o utiliza nuestro <a href=\"https:\/\/etnyre.com\/es\/contactenos\/\">formulario de contacto en l\u00ednea<\/a> para obtener m\u00e1s informaci\u00f3n sobre nuestros productos.    <\/p>\n","protected":false},"excerpt":{"rendered":"<p>\u00bfBuscas los Selladores de Grietas m\u00e1s Eficaces de Kansas? Etnyre fabrica algunas de las m\u00e1quinas de mantenimiento de carreteras m\u00e1s eficientes de la actualidad, como nuestras selladoras de grietas en Kansas. La inigualable velocidad del sistema de calentamiento y circulaci\u00f3n de nuestros equipos se traduce en las siguientes ventajas para tu negocio de contrataci\u00f3n de &hellip; <a href=\"https:\/\/etnyre.com\/es\/selladores-de-grietas-kansas\/\" class=\"more-link\">Continue reading <span class=\"screen-reader-text\">Selladores de grietas Kansas<\/span><\/a><\/p>\n","protected":false},"author":1,"featured_media":7451,"parent":0,"menu_order":0,"comment_status":"closed","ping_status":"closed","template":"","meta":{"_acf_changed":false,"footnotes":""},"class_list":["post-13279","page","type-page","status-publish","has-post-thumbnail","hentry"],"acf":[],"_links":{"self":[{"href":"https:\/\/etnyre.com\/es\/wp-json\/wp\/v2\/pages\/13279","targetHints":{"allow":["GET"]}}],"collection":[{"href":"https:\/\/etnyre.com\/es\/wp-json\/wp\/v2\/pages"}],"about":[{"href":"https:\/\/etnyre.com\/es\/wp-json\/wp\/v2\/types\/page"}],"author":[{"embeddable":true,"href":"https:\/\/etnyre.com\/es\/wp-json\/wp\/v2\/users\/1"}],"replies":[{"embeddable":true,"href":"https:\/\/etnyre.com\/es\/wp-json\/wp\/v2\/comments?post=13279"}],"version-history":[{"count":1,"href":"https:\/\/etnyre.com\/es\/wp-json\/wp\/v2\/pages\/13279\/revisions"}],"predecessor-version":[{"id":13755,"href":"https:\/\/etnyre.com\/es\/wp-json\/wp\/v2\/pages\/13279\/revisions\/13755"}],"wp:featuredmedia":[{"embeddable":true,"href":"https:\/\/etnyre.com\/es\/wp-json\/wp\/v2\/media\/7451"}],"wp:attachment":[{"href":"https:\/\/etnyre.com\/es\/wp-json\/wp\/v2\/media?parent=13279"}],"curies":[{"name":"wp","href":"https:\/\/api.w.org\/{rel}","templated":true}]}}