{"id":13769,"date":"2025-02-25T08:33:45","date_gmt":"2025-02-25T08:33:45","guid":{"rendered":"https:\/\/etnyre.com\/remolques-lowboy\/"},"modified":"2025-07-22T18:49:25","modified_gmt":"2025-07-22T18:49:25","slug":"remolques-lowboy","status":"publish","type":"page","link":"https:\/\/etnyre.com\/es\/remolques-lowboy\/","title":{"rendered":"Remolques Lowboy"},"content":{"rendered":"<h3>Transporta veh\u00edculos, equipos y mucho m\u00e1s con los remolques bajos Etnyre<\/h3>\n<p>La industria del transporte de mercanc\u00edas mueve equipos, productos y materiales de todo tipo. Incluso los contratistas locales necesitan grandes remolques para transportar maquinaria y equipos adicionales. Por ello, los remolques bajos se han convertido en la norma para las industrias del transporte de mercanc\u00edas y la construcci\u00f3n. Sin embargo, tener el remolque de plataforma baja adecuado es esencial, dependiendo de lo que pienses transportar. Afortunadamente, Etnyre tiene el remolque que se ajusta a tus necesidades. Ofrecemos remolques bajos personalizados de alta calidad de todos los tipos y tama\u00f1os.     <\/p>\n<h3>Nada como los Lowboys<\/h3>\n<p>Los Lowboys son remolques \u00fanicos porque se sit\u00faan incre\u00edblemente bajos respecto al suelo. Esta orientaci\u00f3n m\u00e1s baja permite una mayor estabilidad, un mayor manejo del peso y flexibilidad de lo que se puede y no se puede transportar. Algunas de las ventajas de un remolque lowboy son:  <\/p>\n<ul>\n<li><strong>Estabilidad<\/strong> &#8211; Los remolques bajos s\u00f3lo pueden transportar las cargas que pueden gracias a su centro de gravedad m\u00e1s bajo.<\/li>\n<li><strong>Capacidad de peso<\/strong> &#8211; El bajo centro de gravedad de los Lowboys tambi\u00e9n permite a este tipo de remolque transportar mercanc\u00edas m\u00e1s pesadas que otros remolques no pueden trasladar con seguridad.<\/li>\n<li><strong>Flexibilidad<\/strong> &#8211; Muchos productos industriales, veh\u00edculos y equipos no pueden transportarse con remolques est\u00e1ndar debido a las restricciones de altura de las autopistas y los pasos subterr\u00e1neos. De nuevo, la proximidad al suelo de una plataforma baja garantiza que los equipos m\u00e1s grandes est\u00e9n a una altura razonable. <\/li>\n<li><strong>Personalizables<\/strong> &#8211; Los remolques bajos pueden personalizarse para adaptarse a las necesidades de su propietario. Caracter\u00edsticas como los cuellos de cisne hidr\u00e1ulicos, los ejes extendidos y otras aumentan la versatilidad general de los remolques bajos. <\/li>\n<li><strong>Seguros<\/strong> &#8211; Todos los remolques de plataforma baja se construyen para ser duraderos y resistentes. La seguridad del equipo, los pasajeros y otros conductores es crucial en el dise\u00f1o de los lowboys. Por eso, los remolques de plataforma baja son de los m\u00e1s seguros y eficientes que existen.  <\/li>\n<\/ul>\n<h3>Remolques bajos Blackhawk<\/h3>\n<p>Puedes remolcar una gran variedad de equipos comerciales y de construcci\u00f3n con facilidad utilizando los remolques bajos Blackhawk\u00ae de Etnyre. Nuestras plataformas bajas est\u00e1n disponibles en varios tama\u00f1os y tipos, cada uno de los cuales ofrece ventajas al transportar determinados tipos de equipos. Por ejemplo, nuestros remolques bajos incluyen:  <\/p>\n<ul>\n<li><a href=\"https:\/\/etnyre.com\/lowboy-trailers\/mechanical-removable-gooseneck\/\"><strong>Cuello de cisne desmontable mec\u00e1nicamente<\/strong><\/a> &#8211; Estos remolques disponen de un cuello de cisne f\u00e1cilmente desmontable que puede desconectarse manualmente. Los remolques de cuello de cisne mec\u00e1nico suelen ser m\u00e1s ligeros que los hidr\u00e1ulicos, lo que les permite recorrer largas distancias y ayuda a los conductores a ahorrar combustible. <\/li>\n<li><a href=\"https:\/\/etnyre.com\/lowboy-trailers\/hydraulic-removable-gooseneck\/\"><strong>Cuello de cisne desmontable hidr\u00e1ulico<\/strong><\/a> &#8211; Similares a los remolques de cuello de cisne mec\u00e1nicos, se pueden controlar, ajustar y desmontar mediante mandos hidr\u00e1ulicos. Estos remolques son incre\u00edblemente vers\u00e1tiles, con extensiones opcionales disponibles. <\/li>\n<li><a href=\"https:\/\/etnyre.com\/lowboy-trailers\/paver-special\/\"><strong>Especial para extendedoras<\/strong><\/a> &#8211; Un remolque de cuello de cisne est\u00e1ndar con mayor flexibilidad para cargar y descargar equipos como extendedoras, fresadoras y rodillos.<\/li>\n<li><a href=\"https:\/\/etnyre.com\/lowboy-trailers\/jeep-dollies\/\"><strong>Jeep Dolly<\/strong><\/a> &#8211; Un remolque de plataforma baja m\u00e1s corto. Este remolque est\u00e1 dise\u00f1ado como unidad intermedia para dividir la carga del pivote del remolque y del tractor. Adem\u00e1s, este tipo de remolque de plataforma baja proporciona una longitud adecuada entre los grupos de ejes para cumplir la normativa sobre puentes del Departamento de Transportes.  <\/li>\n<li><a href=\"https:\/\/etnyre.com\/lowboy-trailers\/specialty-trailers\/\"><strong>Remolque especial<\/strong><\/a> &#8211; Todos los remolques bajos Blackhawk\u00ae pueden dise\u00f1arse especialmente a petici\u00f3n del cliente. Caracter\u00edsticas como cuellos de cisne fijos, remolques de eje extendido, sistemas hidr\u00e1ulicos y mucho m\u00e1s est\u00e1n disponibles con nuestros pedidos de remolques personalizados. <\/li>\n<\/ul>\n<div class=\"left-img\"><img loading=\"lazy\" decoding=\"async\" class=\"alignnone\" src=\"https:\/\/etnyre.com\/wp-content\/uploads\/2022\/07\/lowboy-trailers-image.jpg\" alt=\"T\u00e9cnico instalando un neum\u00e1tico nuevo en un remolque lowboy de reciente construcci\u00f3n\" width=\"500\" height=\"350\" title=\"\"><\/div>\n<h3>Contacta con nosotros<\/h3>\n<p>Transporta equipos y veh\u00edculos comerciales de gran tama\u00f1o de forma segura y eficaz con los remolques bajos Blackhawk\u00ae de Etnyre. Para obtener m\u00e1s informaci\u00f3n sobre nuestros diferentes remolques o equipos de mantenimiento\/reparaci\u00f3n de carreteras, ponte en contacto con Etnyre hoy mismo en<br \/>\n<a href=\"tel:8157322116\">815-732-2116<\/a>. Adem\u00e1s, estamos ubicados en 1333 South Daysville Rd, Oregon, IL 61061. Etnyre tiene su sede en Illinois y atiende a clientes de todo Estados Unidos.<\/p>\n","protected":false},"excerpt":{"rendered":"<p>Transporta veh\u00edculos, equipos y mucho m\u00e1s con los remolques bajos Etnyre La industria del transporte de mercanc\u00edas mueve equipos, productos y materiales de todo tipo. Incluso los contratistas locales necesitan grandes remolques para transportar maquinaria y equipos adicionales. Por ello, los remolques bajos se han convertido en la norma para las industrias del transporte de &hellip; <a href=\"https:\/\/etnyre.com\/es\/remolques-lowboy\/\" class=\"more-link\">Continue reading <span class=\"screen-reader-text\">Remolques Lowboy<\/span><\/a><\/p>\n","protected":false},"author":1,"featured_media":1362,"parent":0,"menu_order":0,"comment_status":"closed","ping_status":"closed","template":"","meta":{"_acf_changed":false,"footnotes":""},"class_list":["post-13769","page","type-page","status-publish","has-post-thumbnail","hentry"],"acf":[],"_links":{"self":[{"href":"https:\/\/etnyre.com\/es\/wp-json\/wp\/v2\/pages\/13769","targetHints":{"allow":["GET"]}}],"collection":[{"href":"https:\/\/etnyre.com\/es\/wp-json\/wp\/v2\/pages"}],"about":[{"href":"https:\/\/etnyre.com\/es\/wp-json\/wp\/v2\/types\/page"}],"author":[{"embeddable":true,"href":"https:\/\/etnyre.com\/es\/wp-json\/wp\/v2\/users\/1"}],"replies":[{"embeddable":true,"href":"https:\/\/etnyre.com\/es\/wp-json\/wp\/v2\/comments?post=13769"}],"version-history":[{"count":2,"href":"https:\/\/etnyre.com\/es\/wp-json\/wp\/v2\/pages\/13769\/revisions"}],"predecessor-version":[{"id":14445,"href":"https:\/\/etnyre.com\/es\/wp-json\/wp\/v2\/pages\/13769\/revisions\/14445"}],"wp:featuredmedia":[{"embeddable":true,"href":"https:\/\/etnyre.com\/es\/wp-json\/wp\/v2\/media\/1362"}],"wp:attachment":[{"href":"https:\/\/etnyre.com\/es\/wp-json\/wp\/v2\/media?parent=13769"}],"curies":[{"name":"wp","href":"https:\/\/api.w.org\/{rel}","templated":true}]}}