{"id":13891,"date":"2025-03-19T07:25:08","date_gmt":"2025-03-19T07:25:08","guid":{"rendered":"https:\/\/etnyre.com\/equipos-de-asfalto-california\/"},"modified":"2025-05-28T06:13:33","modified_gmt":"2025-05-28T06:13:33","slug":"equipos-de-asfalto-california","status":"publish","type":"page","link":"https:\/\/etnyre.com\/es\/equipos-de-asfalto-california\/","title":{"rendered":"Equipos de asfalto California"},"content":{"rendered":"<h3>La mejor elecci\u00f3n para maquinaria de asfaltado en California<\/h3>\n<p>ED Etnyre &amp; Company proporciona en California los equipos de asfaltado de alta calidad en los que conf\u00edan los contratistas de mantenimiento de carreteras. Dise\u00f1amos, proyectamos y fabricamos equipos que establecen la norma del sector para los proveedores de servicios de pavimentaci\u00f3n con asfalto. Fabricamos cada equipo por encargo. De ese modo, recibes una soluci\u00f3n especialmente dise\u00f1ada para adaptarse a las necesidades \u00fanicas de tu negocio. Por tanto, cuenta con nosotros cuando busques cualquiera de los siguientes elementos:    <\/p>\n<ul class=\"clr col-3\">\n<li><a href=\"https:\/\/etnyre.com\/es\/distribuidores-de-asfalto\/\">Distribuidores de asfalto<\/a><\/li>\n<li><a href=\"https:\/\/etnyre.com\/es\/esparcidores-de-chips\/\">Esparcidores de virutas Chip and Seal<\/a><\/li>\n<li><a href=\"https:\/\/etnyre.com\/es\/selladores-de-grietas\/\">Selladores de grietas asf\u00e1lticas<\/a><\/li>\n<li><a href=\"https:\/\/etnyre.com\/es\/caja-de-escobas-scrub-seal\/\">Cajas para escobas Scrub Seal<\/a><\/li>\n<li><a href=\"https:\/\/etnyre.com\/lowboy-trailers\/\">Remolques Lowboy<\/a><\/li>\n<li><a href=\"https:\/\/etnyre.com\/es\/transportes-de-asfalto\/\">Cisternas de transporte de asfalto<\/a><\/li>\n<li><a href=\"https:\/\/etnyre.com\/live-bottom-trailers\/\">Remolques inferiores vivos<\/a><\/li>\n<li><a href=\"https:\/\/etnyre.com\/es\/selladoras-de-lodos\/\">Selladoras de lodos<\/a><\/li>\n<li><a href=\"https:\/\/etnyre.com\/es\/equipos-de-sellado\/\">Equipos de sellado<\/a><\/li>\n<li><a href=\"https:\/\/etnyre.com\/es\/concesionarios-de-mantenimiento\/\">Distribuidores de mantenimiento<\/a><\/li>\n<li><a href=\"https:\/\/etnyre.com\/es\/cisternas-y-camiones-cisterna\/\">Cisternas de asfalto<\/a><\/li>\n<li><a href=\"https:\/\/etnyre.com\/es\/tanques-de-almacenamiento\/\">Tanques de almacenamiento<\/a><\/li>\n<\/ul>\n<p>Desde 1898, ED Etnyre ha fabricado equipos fiables y asequibles en los que ha confiado la industria del pavimento. Asumimos un compromiso profundo y personal, junto con una profunda implicaci\u00f3n con el cliente, con todos nuestros productos. Y lo que es m\u00e1s importante, nos enorgullecemos de fabricar equipos que contribuyen a la calidad de las carreteras de todo el mundo, beneficiando a todos los que circulan por ellas. Por eso, <a href=\"https:\/\/etnyre.com\/es\/contactenos\/\">ponte en contacto ahora con ED Etnyre<\/a> para saber m\u00e1s sobre nuestros innovadores equipos de asfalto en California.   <\/p>\n<h3>Los mejores distribuidores de maquinaria para asfalto en California<\/h3>\n<p>ED Etnyre puede suministrar a tu empresa una amplia gama de equipos de reparaci\u00f3n y mantenimiento del asfalto en el Estado Dorado. Nuestras m\u00e1quinas pueden encargarse de cualquier proyecto, desde el mantenimiento de carreteras locales hasta la repavimentaci\u00f3n o reparaci\u00f3n de pavimentos de autopistas a gran escala. Adem\u00e1s, te proporcionamos toda la informaci\u00f3n que necesitas en nuestro sitio web, con \u00fatiles <a href=\"https:\/\/etnyre.com\/es\/folletos\/\">folletos<\/a>, <a href=\"https:\/\/etnyre.com\/es\/manuales\/\">manuales de productos<\/a> y <a href=\"https:\/\/etnyre.com\/wp-content\/uploads\/2024\/02\/2024-Etnyre-Intl-Warranty-Policy.pdf\">pol\u00edticas de garant\u00eda<\/a>.  <\/p>\n<p>Adem\u00e1s, ofrecemos herramientas \u00fatiles, como <a href=\"https:\/\/etnyreinternational.com\/find-a-dealer\/\" rel=\"nofollow noopener\" target=\"_blank\">d\u00f3nde encontrar tu distribuidor ED Etnyre m\u00e1s cercano<\/a>. Tambi\u00e9n respaldamos todos nuestros productos con un <a href=\"https:\/\/store.etnyre.com\/ecommerce\/default.aspx?appname=Store&amp;tabname=Login&amp;RequestTab=Products\">departamento de piezas y servicio<\/a> para ayudarte a mantener tu equipo en buenas condiciones de funcionamiento. Si necesitas<a href=\"https:\/\/ridgestonecap.com\/apply-now\/etnyre\/\" rel=\"nofollow noopener\" target=\"_blank\"> financiaci\u00f3n<\/a>, ponemos a tu disposici\u00f3n opciones que se ajustan a tu presupuesto. Y lo que es m\u00e1s importante, proporcionamos <a href=\"https:\/\/etnyre.com\/es\/capacitacion\/\">formaci\u00f3n al cliente<\/a> para asegurarnos de que t\u00fa y tu equipo os sent\u00eds c\u00f3modos manejando nuestros equipos.   <\/p>\n<h3>C\u00f3mo elegir la maquinaria para asfalto adecuada<\/h3>\n<p>Hay muchas consideraciones a tener en cuenta a la hora de elegir el <a href=\"https:\/\/etnyre.com\/asphalt-equipment-rhode-island\/\">equipo de asfaltado<\/a> adecuado en California. Por eso, ED Etnyre fabrica todos nuestros equipos por encargo. As\u00ed te aseguras de recibir una soluci\u00f3n construida espec\u00edficamente para tus necesidades. Aqu\u00ed tienes algunas cosas que debes tener en cuenta antes de elegir comprar maquinaria para asfalto:   <\/p>\n<ul>\n<li><strong>Alcance y tama\u00f1o de tu proyecto &#8211; <\/strong>Determina el tama\u00f1o y el alcance de los proyectos en los que trabajar\u00e1 tu empresa. Cuanto mayor sea el proyecto, mayor y m\u00e1s preciso ser\u00e1 el equipo que necesites. ED Etnyre puede construir tu equipo de asfaltado directamente seg\u00fan las especificaciones que desees.  <\/li>\n<li><strong>Tipo de superficie &#8211; <\/strong>Tu preferencia por la maquinaria para asfalto puede cambiar seg\u00fan si vas a pavimentar con m\u00e1s frecuencia carreteras, aparcamientos, calzadas u otras superficies de pavimento. Si necesitas ayuda para elegir la m\u00e1quina que mejor se adapte a tus necesidades, <a href=\"https:\/\/etnyre.com\/es\/contactenos\/\">consulta con los representantes de ED Etnyre<\/a>. <\/li>\n<li><strong>Manipulaci\u00f3n de materiales &#8211; <\/strong>ED Etnyre fabrica varios productos de primera calidad para la manipulaci\u00f3n y el transporte de materiales. Podemos proporcionarte soluciones para el transporte de asfalto que incluyen equipos independientes o m\u00e1quinas que pueden montarse en uno de los camiones existentes de tu empresa. <\/li>\n<\/ul>\n<div class=\"left-img\"><img loading=\"lazy\" decoding=\"async\" class=\"alignnone\" src=\"https:\/\/etnyre.com\/wp-content\/uploads\/2023\/05\/S9129-500x350.png\" alt=\"Equipos de asfalto California\" width=\"500\" height=\"350\" title=\"\"><\/div>\n<h3>Contacta con expertos en equipos de asfalto<\/h3>\n<p>Los representantes de ED Etnyre est\u00e1n aqu\u00ed, listos para ayudarte a encontrar el mejor equipo de asfalto que se adapte a tus necesidades. As\u00ed que ll\u00e1manos al <a href=\"tel:8157322116\">815-732-2116<\/a> para hablar con nuestro equipo sobre c\u00f3mo podemos crear una soluci\u00f3n personalizada para tu empresa. Para m\u00e1s informaci\u00f3n, tambi\u00e9n puedes ponerte en contacto con nosotros envi\u00e1ndonos un mensaje en l\u00ednea a trav\u00e9s de <a href=\"https:\/\/etnyre.com\/es\/contactenos\/\">la p\u00e1gina de contacto de nuestro sitio web<\/a>.  <\/p>\n","protected":false},"excerpt":{"rendered":"<p>La mejor elecci\u00f3n para maquinaria de asfaltado en California ED Etnyre &amp; Company proporciona en California los equipos de asfaltado de alta calidad en los que conf\u00edan los contratistas de mantenimiento de carreteras. Dise\u00f1amos, proyectamos y fabricamos equipos que establecen la norma del sector para los proveedores de servicios de pavimentaci\u00f3n con asfalto. Fabricamos cada &hellip; <a href=\"https:\/\/etnyre.com\/es\/equipos-de-asfalto-california\/\" class=\"more-link\">Continue reading <span class=\"screen-reader-text\">Equipos de asfalto California<\/span><\/a><\/p>\n","protected":false},"author":1,"featured_media":10794,"parent":0,"menu_order":0,"comment_status":"closed","ping_status":"closed","template":"","meta":{"_acf_changed":false,"footnotes":""},"class_list":["post-13891","page","type-page","status-publish","has-post-thumbnail","hentry"],"acf":[],"_links":{"self":[{"href":"https:\/\/etnyre.com\/es\/wp-json\/wp\/v2\/pages\/13891","targetHints":{"allow":["GET"]}}],"collection":[{"href":"https:\/\/etnyre.com\/es\/wp-json\/wp\/v2\/pages"}],"about":[{"href":"https:\/\/etnyre.com\/es\/wp-json\/wp\/v2\/types\/page"}],"author":[{"embeddable":true,"href":"https:\/\/etnyre.com\/es\/wp-json\/wp\/v2\/users\/1"}],"replies":[{"embeddable":true,"href":"https:\/\/etnyre.com\/es\/wp-json\/wp\/v2\/comments?post=13891"}],"version-history":[{"count":4,"href":"https:\/\/etnyre.com\/es\/wp-json\/wp\/v2\/pages\/13891\/revisions"}],"predecessor-version":[{"id":13923,"href":"https:\/\/etnyre.com\/es\/wp-json\/wp\/v2\/pages\/13891\/revisions\/13923"}],"wp:featuredmedia":[{"embeddable":true,"href":"https:\/\/etnyre.com\/es\/wp-json\/wp\/v2\/media\/10794"}],"wp:attachment":[{"href":"https:\/\/etnyre.com\/es\/wp-json\/wp\/v2\/media?parent=13891"}],"curies":[{"name":"wp","href":"https:\/\/api.w.org\/{rel}","templated":true}]}}