{"id":1390,"date":"2021-10-18T08:48:25","date_gmt":"2021-10-18T08:48:25","guid":{"rendered":"https:\/\/etnyre.com\/equipo-usado\/"},"modified":"2025-10-02T14:01:50","modified_gmt":"2025-10-02T14:01:50","slug":"equipo-usado","status":"publish","type":"page","link":"https:\/\/etnyre.com\/es\/equipo-usado\/","title":{"rendered":"Equipos usados"},"content":{"rendered":"<p>\u00bfBusca equipos Etnyre de segunda mano? Consulte nuestra lista de equipos usados disponibles.<\/p>\n<p>Para obtener m\u00e1s informaci\u00f3n, incluidos los detalles del producto o los precios, comun\u00edquese con su<a href=\"https:\/\/etnyre.com\/find-a-dealer\/\"> Distribuidor Etnyre<\/a> o nuestro departamento de equipos usados: 800-995-2116 o<a href=\"mailto:sales@etnyre.com\"> sales@etnyre.com<\/a> .<\/p>\n","protected":false},"excerpt":{"rendered":"<p>\u00bfBusca equipos Etnyre de segunda mano? Consulte nuestra lista de equipos usados disponibles. Para obtener m\u00e1s informaci\u00f3n, incluidos los detalles del producto o los precios, comun\u00edquese con su Distribuidor Etnyre o nuestro departamento de equipos usados: 800-995-2116 o sales@etnyre.com .<\/p>\n","protected":false},"author":1,"featured_media":0,"parent":0,"menu_order":0,"comment_status":"closed","ping_status":"closed","template":"template\/used-equipment.php","meta":{"_acf_changed":false,"footnotes":""},"class_list":["post-1390","page","type-page","status-publish","hentry"],"acf":[],"_links":{"self":[{"href":"https:\/\/etnyre.com\/es\/wp-json\/wp\/v2\/pages\/1390","targetHints":{"allow":["GET"]}}],"collection":[{"href":"https:\/\/etnyre.com\/es\/wp-json\/wp\/v2\/pages"}],"about":[{"href":"https:\/\/etnyre.com\/es\/wp-json\/wp\/v2\/types\/page"}],"author":[{"embeddable":true,"href":"https:\/\/etnyre.com\/es\/wp-json\/wp\/v2\/users\/1"}],"replies":[{"embeddable":true,"href":"https:\/\/etnyre.com\/es\/wp-json\/wp\/v2\/comments?post=1390"}],"version-history":[{"count":4,"href":"https:\/\/etnyre.com\/es\/wp-json\/wp\/v2\/pages\/1390\/revisions"}],"predecessor-version":[{"id":13333,"href":"https:\/\/etnyre.com\/es\/wp-json\/wp\/v2\/pages\/1390\/revisions\/13333"}],"wp:attachment":[{"href":"https:\/\/etnyre.com\/es\/wp-json\/wp\/v2\/media?parent=1390"}],"curies":[{"name":"wp","href":"https:\/\/api.w.org\/{rel}","templated":true}]}}