{"id":13900,"date":"2025-03-19T08:38:52","date_gmt":"2025-03-19T08:38:52","guid":{"rendered":"https:\/\/etnyre.com\/equipos-de-asfalto-rhode-island\/"},"modified":"2025-05-28T06:13:39","modified_gmt":"2025-05-28T06:13:39","slug":"equipos-de-asfalto-rhode-island","status":"publish","type":"page","link":"https:\/\/etnyre.com\/es\/equipos-de-asfalto-rhode-island\/","title":{"rendered":"Equipos de asfalto Rhode Island"},"content":{"rendered":"<h3>Elige ED Etnyre &amp; Co. para el mejor equipo de asfalto de Rhode Island<\/h3>\n<p>Los contratistas de mantenimiento de carreteras necesitan equipos de asfalto fiables en Rhode Island para mantener las carreteras en buen estado. El tr\u00e1fico diario en las carreteras de asfalto acaba provocando da\u00f1os como baches y grietas. Eso hace que el mantenimiento de las carreteras sea esencial para proporcionar unas condiciones de conducci\u00f3n seguras y proteger a los conductores de Rhode Island.  <\/p>\n<p>ED Etnyre &amp; Company se especializa en dise\u00f1ar, fabricar y vender algunos de los mejores <a href=\"https:\/\/etnyre.com\/es\/distribuidores-de-asfalto\/\">equipos de asfalto<\/a> de Rhode Island. No importa qu\u00e9 equipo necesite tu negocio, ED Etnyre puede proporcionarte una l\u00ednea completa de m\u00e1quinas para ayudarte a mantener las carreteras aqu\u00ed en Rhode Island. Desde 1898, hemos establecido el est\u00e1ndar de la industria para soluciones de pavimentaci\u00f3n. Fabricamos cada m\u00e1quina por encargo bas\u00e1ndonos en las especificaciones que desees. <a href=\"https:\/\/etnyre.com\/es\/contactenos\/\">Ponte en contacto con nosotros<\/a> ahora para obtener m\u00e1s informaci\u00f3n sobre nuestra l\u00ednea completa de productos de equipos de asfalto.   <\/p>\n<h3>\u00bfQu\u00e9 tipo de equipos de asfalto ofrec\u00e9is?<\/h3>\n<p>ED Etnyre puede proporcionar a los contratistas de asfalto m\u00e1quinas capaces de manejar todas las fases del proceso de mantenimiento de carreteras. Con los mejores equipos de asfaltado de Rhode Island, nuestra empresa proporciona equipos eficaces de reparaci\u00f3n del asfalto para evitar da\u00f1os como la rotura del pavimento, garantizando unas condiciones de conducci\u00f3n seguras para los conductores de Rhode Island. <\/p>\n<p>El mantenimiento regular de las carreteras es imprescindible para prolongar la vida \u00fatil del pavimento. Las inclemencias del tiempo, el tr\u00e1fico intenso, las temperaturas extremas y la exposici\u00f3n a productos qu\u00edmicos provocan el deterioro prematuro de las carreteras de asfalto, aparcamientos, entradas de veh\u00edculos y otras superficies de pavimento. Por eso, conf\u00eda en ED Etnyre para ayudar a tu empresa de asfalto a adquirir equipos asf\u00e1lticos asequibles y fiables para mantener las carreteras en buen estado, ayudando a los clientes a evitar la costosa sustituci\u00f3n del pavimento.  <\/p>\n<p>Tu empresa puede garantizar unas condiciones de conducci\u00f3n \u00f3ptimas con carreteras mantenidas por nuestros equipos de asfalto en Rhode Island. Equipos como nuestros <a href=\"https:\/\/etnyre.com\/lowboy-trailers\/\">remolques bajos<\/a> o <a href=\"https:\/\/etnyre.com\/live-bottom-trailers\/\">remolques de fondo vivo proporcionan<\/a> un transporte de materiales m\u00e1s eficaz que los camiones volquete. Despu\u00e9s de conseguir que el asfalto se transporte a los lugares de trabajo con eficacia, nuestros <a href=\"https:\/\/etnyre.com\/es\/distribuidores-de-asfalto-kansas\/\">distribuidores de asfalto<\/a>, <a href=\"https:\/\/etnyre.com\/es\/esparcidores-de-chips\/\">esparcidores de gravilla<\/a> y <a href=\"https:\/\/etnyre.com\/es\/selladores-de-grietas\/\">selladores de grietas<\/a> pueden ayudar a tu empresa a abordar cualquier proyecto de <a href=\"https:\/\/etnyre.com\/es\/equipos-de-mantenimiento-de-carreteras-rhode-island\/\">mantenimiento de carreteras<\/a>.  <\/p>\n<h3>\u00bfPor qu\u00e9 elegir los productos de ED Etnyre &amp; Co. \u00bfpor qu\u00e9? <\/h3>\n<p>Nuestra empresa ha sido innovadora y l\u00edder del sector al proporcionar <a href=\"https:\/\/etnyre.com\/asphalt-equipment-california\/\">equipos de asfalto<\/a> revolucionarios y otras soluciones de pavimentaci\u00f3n durante m\u00e1s de un siglo. Hay una raz\u00f3n por la que nuestros productos gozan de gran prestigio por marcar la pauta en equipos de mantenimiento de carreteras. Cuando eliges ED Etnyre, recibes productos que te ayudan a reducir el desperdicio de material, ahorrar dinero en mano de obra y evitar tener que comprar equipos nuevos cada pocos a\u00f1os. Adem\u00e1s, respaldamos todos nuestros equipos con un servicio de atenci\u00f3n al cliente y servicios de asistencia que te proporcionan un rendimiento superior de la inversi\u00f3n. Adem\u00e1s de los productos mencionados, tambi\u00e9n ofrecemos <a href=\"https:\/\/etnyre.com\/es\/caja-de-escobas-scrub-seal\/\">cajas escoba de fregado<\/a>, <a href=\"https:\/\/etnyre.com\/es\/equipos-de-sellado\/\">equipos de sellado<\/a>, <a href=\"https:\/\/etnyre.com\/es\/selladoras-de-lodos\/\">m\u00e1quinas de sellado de lodos<\/a>, <a href=\"https:\/\/etnyre.com\/es\/concesionarios-de-mantenimiento\/\">distribuidores de mantenimiento<\/a>, <a href=\"https:\/\/etnyre.com\/es\/tanques-de-almacenamiento\/\">dep\u00f3sitos de almacenamiento<\/a> y <a href=\"https:\/\/etnyre.com\/es\/cisternas-y-camiones-cisterna\/\">cisternas y camiones cisterna<\/a>.    <\/p>\n<div class=\"left-img\"><img loading=\"lazy\" decoding=\"async\" class=\"alignnone\" src=\"https:\/\/etnyre.com\/wp-content\/uploads\/2022\/07\/ChipSpreaders_img.jpg\" alt=\"Equipos de asfalto Rhode Island\" width=\"500\" height=\"350\" title=\"\"><\/div>\n<h3>Contacta con nosotros para equipos de asfalto en Rhode Island<\/h3>\n<p>Cuando eliges a ED Etnyre &amp; Co., recibes el mejor equipo de asfalto. Podemos suministrar a tu empresa de mantenimiento de carreteras soluciones construidas para durar. <a href=\"https:\/\/etnyre.com\/es\/contactenos\/\">Ponte en contacto con nosotros<\/a> hoy mismo llamando al <a href=\"tel:8157322116\">815-732-2116<\/a> para obtener m\u00e1s informaci\u00f3n sobre nuestros equipos de asfalto. Nuestra empresa est\u00e1 deseando ayudar a que tu negocio tenga \u00e9xito con algunos de los equipos de asfalto m\u00e1s innovadores de la actualidad.  <\/p>\n","protected":false},"excerpt":{"rendered":"<p>Elige ED Etnyre &amp; Co. para el mejor equipo de asfalto de Rhode Island Los contratistas de mantenimiento de carreteras necesitan equipos de asfalto fiables en Rhode Island para mantener las carreteras en buen estado. El tr\u00e1fico diario en las carreteras de asfalto acaba provocando da\u00f1os como baches y grietas. Eso hace que el mantenimiento &hellip; <a href=\"https:\/\/etnyre.com\/es\/equipos-de-asfalto-rhode-island\/\" class=\"more-link\">Continue reading <span class=\"screen-reader-text\">Equipos de asfalto Rhode Island<\/span><\/a><\/p>\n","protected":false},"author":1,"featured_media":7371,"parent":0,"menu_order":0,"comment_status":"closed","ping_status":"closed","template":"","meta":{"_acf_changed":false,"footnotes":""},"class_list":["post-13900","page","type-page","status-publish","has-post-thumbnail","hentry"],"acf":[],"_links":{"self":[{"href":"https:\/\/etnyre.com\/es\/wp-json\/wp\/v2\/pages\/13900","targetHints":{"allow":["GET"]}}],"collection":[{"href":"https:\/\/etnyre.com\/es\/wp-json\/wp\/v2\/pages"}],"about":[{"href":"https:\/\/etnyre.com\/es\/wp-json\/wp\/v2\/types\/page"}],"author":[{"embeddable":true,"href":"https:\/\/etnyre.com\/es\/wp-json\/wp\/v2\/users\/1"}],"replies":[{"embeddable":true,"href":"https:\/\/etnyre.com\/es\/wp-json\/wp\/v2\/comments?post=13900"}],"version-history":[{"count":2,"href":"https:\/\/etnyre.com\/es\/wp-json\/wp\/v2\/pages\/13900\/revisions"}],"predecessor-version":[{"id":13925,"href":"https:\/\/etnyre.com\/es\/wp-json\/wp\/v2\/pages\/13900\/revisions\/13925"}],"wp:featuredmedia":[{"embeddable":true,"href":"https:\/\/etnyre.com\/es\/wp-json\/wp\/v2\/media\/7371"}],"wp:attachment":[{"href":"https:\/\/etnyre.com\/es\/wp-json\/wp\/v2\/media?parent=13900"}],"curies":[{"name":"wp","href":"https:\/\/api.w.org\/{rel}","templated":true}]}}