{"id":13905,"date":"2025-03-19T08:49:45","date_gmt":"2025-03-19T08:49:45","guid":{"rendered":"https:\/\/etnyre.com\/equipos-de-mantenimiento-de-carreteras-rhode-island\/"},"modified":"2025-05-28T06:13:37","modified_gmt":"2025-05-28T06:13:37","slug":"equipos-de-mantenimiento-de-carreteras-rhode-island","status":"publish","type":"page","link":"https:\/\/etnyre.com\/es\/equipos-de-mantenimiento-de-carreteras-rhode-island\/","title":{"rendered":"Equipos de mantenimiento de carreteras Rhode Island"},"content":{"rendered":"<h3>Etnyre fabrica los mejores equipos de mantenimiento de carreteras en Rhode Island<\/h3>\n<p>ED Etnyre &amp; Company marca la pauta del sector con algunos de los mejores equipos de mantenimiento de carreteras de Rhode Island. Desde 1898, nuestra empresa ha asumido un compromiso profundo y personal, unido a una gran implicaci\u00f3n del cliente con las m\u00e1quinas que dise\u00f1amos. Como resultado, fabricamos cada producto por encargo, ofreciendo una soluci\u00f3n construida espec\u00edficamente para nuestros clientes. Respaldamos cada m\u00e1quina con <a href=\"https:\/\/store.etnyre.com\/ecommerce\/default.aspx?appname=Store&amp;tabname=Login&amp;RequestTab=Products\">piezas de recambio y un departamento de servicio<\/a>, <a href=\"https:\/\/etnyre.com\/es\/capacitacion\/\">formaci\u00f3n<\/a> y con una <a href=\"https:\/\/etnyre.com\/wp-content\/uploads\/2024\/02\/2024-Etnyre-Intl-Warranty-Policy.pdf\">garant\u00eda<\/a>. Por tanto, conf\u00eda en nuestra empresa cuando necesites cualquiera de los siguientes innovadores equipos de asfalto:    <\/p>\n<ul class=\"col-3\">\n<li><a href=\"https:\/\/etnyre.com\/es\/distribuidores-de-asfalto\/\">Distribuidores de asfalto<\/a><\/li>\n<li><a href=\"https:\/\/etnyre.com\/es\/tanques-de-almacenamiento\/\">Tanques de almacenamiento<\/a><\/li>\n<li><a href=\"https:\/\/etnyre.com\/es\/esparcidores-de-chips\/\">Esparcidores de virutas Chip and Seal<\/a><\/li>\n<li><a href=\"https:\/\/etnyre.com\/es\/selladores-de-grietas\/\">Selladores de grietas asf\u00e1lticas<\/a><\/li>\n<li><a href=\"https:\/\/etnyre.com\/es\/caja-de-escobas-scrub-seal\/\">Cajas para escobas Scrub Seal<\/a><\/li>\n<li><a href=\"https:\/\/etnyre.com\/es\/cisternas-y-camiones-cisterna\/\">Cisternas de asfalto<\/a><\/li>\n<li><a href=\"https:\/\/etnyre.com\/lowboy-trailers\/\">Remolques Lowboy<\/a><\/li>\n<li><a href=\"https:\/\/etnyre.com\/live-bottom-trailers\/\">Remolques inferiores vivos<\/a><\/li>\n<li><a href=\"https:\/\/etnyre.com\/es\/equipos-de-sellado\/\">Equipos de sellado<\/a><\/li>\n<li><a href=\"https:\/\/etnyre.com\/es\/concesionarios-de-mantenimiento\/\">Distribuidores de mantenimiento<\/a><\/li>\n<li><a href=\"https:\/\/etnyre.com\/es\/selladoras-de-lodos\/\">Selladoras de lodos<\/a><\/li>\n<li><a href=\"https:\/\/etnyre.com\/es\/transportes-de-asfalto\/\">Cisternas de transporte de asfalto<\/a><\/li>\n<\/ul>\n<p>Durante m\u00e1s de un siglo, ED Etnyre ha sido uno de los fabricantes de equipos de mantenimiento de carreteras m\u00e1s fiables de Estados Unidos. No importa el tama\u00f1o o el alcance de las operaciones de tu empresa, podemos fabricarte equipos que te proporcionar\u00e1n soluciones fiables y asequibles. As\u00ed que <a href=\"https:\/\/etnyre.com\/es\/contactenos\/\">ponte en contacto con nosotros<\/a> ahora para solicitar m\u00e1s informaci\u00f3n sobre nuestros productos disponibles para tu negocio de construcci\u00f3n y mantenimiento de carreteras.  <\/p>\n<h3>\u00bfEst\u00e1s buscando distribuidores de asfalto?<\/h3>\n<p>Los distribuidores de asfalto ED Etnyre Black-Topper ofrecen uno de los mejores rendimientos de todos los equipos de mantenimiento de carreteras de California. Estos productos ofrecen un manejo sencillo por una sola persona, ya sea desde la cabina del cami\u00f3n o desde la parte trasera del distribuidor. Proporcionan un control preciso con controles electr\u00f3nicos de la bomba de velocidad del asfalto. Adem\u00e1s, puedes elegir entre dep\u00f3sitos de asfalto de 1.000 y 4.500 galones de capacidad. Son soluciones perfectas cuando se trata de    <\/p>\n<ul class=\"col-2\">\n<li>Distribuidores de asfalto en venta<\/li>\n<li>Alquiler de distribuidores de asfalto<\/li>\n<li>Distribuidores de asfalto usados<\/li>\n<li>Venta de camiones distribuidores de asfalto en Rhode Island<\/li>\n<li>Mejores marcas de camiones distribuidores de asfalto<\/li>\n<\/ul>\n<h3>\u00bfBuscas m\u00e1quinas selladoras de grietas de asfalto?<\/h3>\n<p>Nuestra empresa tambi\u00e9n ofrece algunos de los mejores equipos de reparaci\u00f3n de carreteras junto con nuestra l\u00ednea de equipos de mantenimiento de carreteras en Rhode Island. Nuestras selladoras de grietas de <a href=\"https:\/\/etnyre.com\/asphalt-equipment-rhode-island\/\">asfalto<\/a> ofrecen controles vers\u00e1tiles con capacidad de funcionamiento manual o autom\u00e1tico. Vienen con dos puertas de carga de sellador para permitir una c\u00f3moda carga y descarga. Adem\u00e1s, puedes elegir entre capacidades de dep\u00f3sito de sellante que van de 250 a 400 galones. Por tanto, conf\u00eda en nosotros cuando busques cualquiera de los siguientes productos:    <\/p>\n<ul class=\"col-2\">\n<li>Venta de selladores de grietas de asfalto<\/li>\n<li>Alquiler de selladoras de grietas de asfalto<\/li>\n<li>Selladoras de grietas de asfalto usadas<\/li>\n<li>Venta de equipos selladores de grietas de asfalto en Rhode Island<\/li>\n<li>Mejores marcas de sellador de grietas de asfalto en Rhode Island<\/li>\n<\/ul>\n<h3>\u00bfBuscas maquinaria para asfaltado y sellado?<\/h3>\n<p>ED Etnyre tambi\u00e9n ofrece esparcidores de virutas, una soluci\u00f3n ideal para las empresas que buscan equipos de mantenimiento de carreteras de astillado y sellado en Rhode Island. Puedes solicitar tracci\u00f3n delantera o a las cuatro ruedas en nuestros productos. Todos nuestros ChipSpreaders vienen con un potente motor diesel turboalimentado de 260 CV. Adem\u00e1s, puedes elegir entre tolvas de esparcido frontal de 12 a 24 pies con un rodillo de esparcido de accionamiento hidrost\u00e1tico. Las m\u00e1quinas tambi\u00e9n incorporan batwings plegables para un mejor aprovechamiento del material. Por tanto, debes asegurarte de elegir ED Etnyre cuando busques lo siguiente:     <\/p>\n<ul class=\"col-2\">\n<li>Venta de esparcidores de gravilla asf\u00e1ltica<\/li>\n<li>Alquiler de esparcidores de gravilla asf\u00e1ltica<\/li>\n<li>Esparcidoras de gravilla asf\u00e1ltica usadas<\/li>\n<li>Venta de equipos esparcidores de virutas de asfalto en Rhode Island<\/li>\n<li>Mejores marcas de esparcidoras de gravilla asf\u00e1ltica en Rhode Island<\/li>\n<\/ul>\n<div class=\"left-img\"><img loading=\"lazy\" decoding=\"async\" class=\"alignnone\" src=\"https:\/\/etnyre.com\/wp-content\/uploads\/2022\/10\/Chip-Seal-Equipment-1.jpg\" alt=\"Equipos de mantenimiento de carreteras Rhode Island\" width=\"500\" height=\"350\" title=\"\"><\/div>\n<h3>Contacta con nosotros para equipos de mantenimiento de carreteras en Rhode Island<\/h3>\n<p>ED Etnyre es la marca que marca la pauta en cuanto a equipos de mantenimiento de carreteras en Rhode Island. Dise\u00f1amos y vendemos equipos de asfalto superiores respaldados por un servicio de atenci\u00f3n al cliente sin parang\u00f3n. Dinos c\u00f3mo podemos fabricar un producto para ti ahora llamando al <a href=\"tel:8157322116\">815-732-2116<\/a>. Adem\u00e1s, puedes solicitar m\u00e1s informaci\u00f3n enviando un mensaje en l\u00ednea a trav\u00e9s de nuestro <a href=\"https:\/\/etnyre.com\/es\/contactenos\/\">c\u00f3modo formulario de contacto<\/a>.   <\/p>\n","protected":false},"excerpt":{"rendered":"<p>Etnyre fabrica los mejores equipos de mantenimiento de carreteras en Rhode Island ED Etnyre &amp; Company marca la pauta del sector con algunos de los mejores equipos de mantenimiento de carreteras de Rhode Island. Desde 1898, nuestra empresa ha asumido un compromiso profundo y personal, unido a una gran implicaci\u00f3n del cliente con las m\u00e1quinas &hellip; <a href=\"https:\/\/etnyre.com\/es\/equipos-de-mantenimiento-de-carreteras-rhode-island\/\" class=\"more-link\">Continue reading <span class=\"screen-reader-text\">Equipos de mantenimiento de carreteras Rhode Island<\/span><\/a><\/p>\n","protected":false},"author":1,"featured_media":13903,"parent":0,"menu_order":0,"comment_status":"closed","ping_status":"closed","template":"","meta":{"_acf_changed":false,"footnotes":""},"class_list":["post-13905","page","type-page","status-publish","has-post-thumbnail","hentry"],"acf":[],"_links":{"self":[{"href":"https:\/\/etnyre.com\/es\/wp-json\/wp\/v2\/pages\/13905","targetHints":{"allow":["GET"]}}],"collection":[{"href":"https:\/\/etnyre.com\/es\/wp-json\/wp\/v2\/pages"}],"about":[{"href":"https:\/\/etnyre.com\/es\/wp-json\/wp\/v2\/types\/page"}],"author":[{"embeddable":true,"href":"https:\/\/etnyre.com\/es\/wp-json\/wp\/v2\/users\/1"}],"replies":[{"embeddable":true,"href":"https:\/\/etnyre.com\/es\/wp-json\/wp\/v2\/comments?post=13905"}],"version-history":[{"count":3,"href":"https:\/\/etnyre.com\/es\/wp-json\/wp\/v2\/pages\/13905\/revisions"}],"predecessor-version":[{"id":13921,"href":"https:\/\/etnyre.com\/es\/wp-json\/wp\/v2\/pages\/13905\/revisions\/13921"}],"wp:featuredmedia":[{"embeddable":true,"href":"https:\/\/etnyre.com\/es\/wp-json\/wp\/v2\/media\/13903"}],"wp:attachment":[{"href":"https:\/\/etnyre.com\/es\/wp-json\/wp\/v2\/media?parent=13905"}],"curies":[{"name":"wp","href":"https:\/\/api.w.org\/{rel}","templated":true}]}}