{"id":1391,"date":"2021-10-18T08:48:25","date_gmt":"2021-10-18T08:48:25","guid":{"rendered":"https:\/\/etnyre.com\/cuello-de-cisne-desmontable-hidraulico\/"},"modified":"2025-07-22T19:06:17","modified_gmt":"2025-07-22T19:06:17","slug":"cuello-de-cisne-desmontable-hidraulico","status":"publish","type":"page","link":"https:\/\/etnyre.com\/es\/cuello-de-cisne-desmontable-hidraulico\/","title":{"rendered":"Cuello de cisne desmontable hidr\u00e1ulico"},"content":{"rendered":"<h3>Continuar un legado<\/h3>\n<p>Desde el inicio de la l\u00ednea de remolques Lowboy Blackhawk en 1989, seguimos destacando por la calidad y durabilidad de cada remolque que fabricamos. Desde remolques b\u00e1sicos con rampa trasera de 25 toneladas hasta monstruos de 110 toneladas, Etnyre estar\u00e1 aqu\u00ed en cada paso del camino, ayud\u00e1ndole a dise\u00f1ar el remolque que mejor se adapte a sus necesidades. <strong><br \/>\n  <em>usted<\/em><br \/>\n<\/strong>. Con m\u00e1s de 15 marcas y modelos diferentes para elegir, encontrar el remolque Blackhawk perfecto ser\u00e1 muy f\u00e1cil.<\/p>\n<h3>Contacta con nosotros<\/h3>\n<p>Transporte una amplia gama de equipos de construcci\u00f3n con los remolques de cuello de cisne desmontables hidr\u00e1ulicos Blackhawk\u00ae de Etnyre. Desde ejes extendidos hasta guardabarros de perno ancho, personalizamos cada unidad para satisfacer sus requisitos espec\u00edficos para un transporte seguro y eficaz. Para hablar de las opciones de los remolques hidr\u00e1ulicos desmontables con cuello de cisne, ponte en contacto con Etnyre hoy mismo en <a href=\"tel:8157322116\">el 815-732-2116<\/a>. Adem\u00e1s, estamos ubicados en 1333 South Daysville Rd, Oregon, IL 61061. Etnyre tiene su sede en Illinois y atiende a clientes de todo Estados Unidos.<\/p>\n","protected":false},"excerpt":{"rendered":"<p>Continuar un legado Desde el inicio de la l\u00ednea de remolques Lowboy Blackhawk en 1989, seguimos destacando por la calidad y durabilidad de cada remolque que fabricamos. Desde remolques b\u00e1sicos con rampa trasera de 25 toneladas hasta monstruos de 110 toneladas, Etnyre estar\u00e1 aqu\u00ed en cada paso del camino, ayud\u00e1ndole a dise\u00f1ar el remolque que &hellip; <a href=\"https:\/\/etnyre.com\/es\/cuello-de-cisne-desmontable-hidraulico\/\" class=\"more-link\">Continue reading <span class=\"screen-reader-text\">Cuello de cisne desmontable hidr\u00e1ulico<\/span><\/a><\/p>\n","protected":false},"author":1,"featured_media":7390,"parent":0,"menu_order":0,"comment_status":"closed","ping_status":"closed","template":"template\/product-sub-page.php","meta":{"_acf_changed":false,"footnotes":""},"class_list":["post-1391","page","type-page","status-publish","has-post-thumbnail","hentry"],"acf":[],"_links":{"self":[{"href":"https:\/\/etnyre.com\/es\/wp-json\/wp\/v2\/pages\/1391","targetHints":{"allow":["GET"]}}],"collection":[{"href":"https:\/\/etnyre.com\/es\/wp-json\/wp\/v2\/pages"}],"about":[{"href":"https:\/\/etnyre.com\/es\/wp-json\/wp\/v2\/types\/page"}],"author":[{"embeddable":true,"href":"https:\/\/etnyre.com\/es\/wp-json\/wp\/v2\/users\/1"}],"replies":[{"embeddable":true,"href":"https:\/\/etnyre.com\/es\/wp-json\/wp\/v2\/comments?post=1391"}],"version-history":[{"count":4,"href":"https:\/\/etnyre.com\/es\/wp-json\/wp\/v2\/pages\/1391\/revisions"}],"predecessor-version":[{"id":13332,"href":"https:\/\/etnyre.com\/es\/wp-json\/wp\/v2\/pages\/1391\/revisions\/13332"}],"wp:featuredmedia":[{"embeddable":true,"href":"https:\/\/etnyre.com\/es\/wp-json\/wp\/v2\/media\/7390"}],"wp:attachment":[{"href":"https:\/\/etnyre.com\/es\/wp-json\/wp\/v2\/media?parent=1391"}],"curies":[{"name":"wp","href":"https:\/\/api.w.org\/{rel}","templated":true}]}}