{"id":1392,"date":"2021-10-18T08:48:26","date_gmt":"2021-10-18T08:48:26","guid":{"rendered":"https:\/\/etnyre.com\/esparcidores-de-chips\/"},"modified":"2025-07-22T19:53:19","modified_gmt":"2025-07-22T19:53:19","slug":"esparcidores-de-chips","status":"publish","type":"page","link":"https:\/\/etnyre.com\/es\/esparcidores-de-chips\/","title":{"rendered":"Esparcidores de chips"},"content":{"rendered":"<h3>Sellado de virutas r\u00e1pido y eficaz con los ChipSpreaders de Etnyre<\/h3>\n<p>Muchas de las carreteras de Estados Unidos est\u00e1n pavimentadas y selladas mediante el m\u00e9todo conocido como chip seal (astillado y sellado). Este tratamiento de la superficie del pavimento combina una o m\u00e1s capas de asfalto con varias capas de agregado fino. Aunque muchos contratistas consideran que este m\u00e9todo de pavimentaci\u00f3n ofrece ventajas \u00fanicas respecto a otras normas de pavimentaci\u00f3n, el sellado con virutas requiere equipos y maquinaria especializados. Afortunadamente, con los ChipSpreaders de Etnyre, el proceso de astillado y sellado nunca ha sido tan f\u00e1cil.<\/p>\n<h3>\u00bfPor qu\u00e9 elegir el sellado de virutas?<\/h3>\n<p>El sellado de virutas tiene muchas ventajas que los contratistas, propietarios de terrenos, empresas y municipios quieren aprovechar. El sellado de virutas no s\u00f3lo es eficaz para proteger y reparar las calzadas, sino que su aplicaci\u00f3n es m\u00e1s asequible.<\/p>\n<ul>\n<li><strong>Longevidad &#8211; <\/strong>Los veh\u00edculos, el clima y los productos qu\u00edmicos pasan r\u00e1pidamente factura a las carreteras que atraviesas. Afortunadamente, los m\u00e9todos de tratamiento del pavimento, como el astillado y el sellado, pueden aumentar significativamente la vida \u00fatil de cualquier carretera o terreno. A veces, el sellado de gravilla puede prolongar la vida del pavimento hasta 12 a\u00f1os.<\/li>\n<li><strong>Asequibilidad &#8211; <\/strong>Como contratista que busca ofrecer servicios de sellado de virutas, puede establecer precios m\u00e1s bajos en comparaci\u00f3n con otros competidores de pavimentaci\u00f3n. Aunque merece la pena considerar la inversi\u00f3n inicial en equipos de sellado de virutas, el material y la mano de obra utilizados en el proceso son m\u00ednimos y sencillos. A largo plazo, tus clientes y tu empresa ahorrar\u00e1n mucho con el sellado.<\/li>\n<li><strong>Seguridad &#8211; <\/strong>Las cualidades de una superficie asfaltada ofrecen una protecci\u00f3n extra para los conductores frente a otras opciones de pavimento. Por ejemplo, el pavimento asfaltado es antideslizante, lo que significa que puede reducir los accidentes en diversas condiciones meteorol\u00f3gicas. Adem\u00e1s, las superficies de aglomerado son antideslumbrantes, lo que reduce la fatiga visual de los conductores en d\u00edas luminosos o soleados.<\/li>\n<\/ul>\n<h3>Etnyre ChipSpreaders<\/h3>\n<p>Cuando se trata de fabricar equipos de primera calidad y altamente personalizables para servicios de pavimentaci\u00f3n, asfalto y mantenimiento de carreteras, Etnyre es uno de los mejores. Dise\u00f1amos los ChipSpreaders de Etnyre para aplicar de forma precisa y eficiente una cantidad controlada de agregado a la carretera en el proceso de sellado de virutas. Los ChipSpreaders de Etnyre logran estos resultados utilizando un sistema de accionamiento hidrost\u00e1tico y una tolva de esparcimiento de anchura variable para aplicar m\u00faltiples tama\u00f1os de \u00e1ridos y tasas de aplicaci\u00f3n a trav\u00e9s de una gama completa de velocidades de desplazamiento y anchuras de esparcimiento. Algunas de las mejores caracter\u00edsticas de Etnyre ChipSpreaders incluyen:<\/p>\n<ul class=\"col-2\">\n<li>Tracci\u00f3n delantera o a las cuatro ruedas<\/li>\n<li>Motor diesel turboalimentado de 280 CV<\/li>\n<li>Control de velocidad y tasa de aplicaci\u00f3n por ordenador<\/li>\n<li>Cintas transportadoras de accionamiento hidrost\u00e1tico de 24 pulgadas de ancho<\/li>\n<li>Tolva fija o variable<\/li>\n<li>Compuertas individuales para esquinas de radio sin esfuerzo<\/li>\n<li>Aletas plegables para un mejor uso del material<\/li>\n<li>Conjunto consola\/asiento deslizante manual<\/li>\n<\/ul>\n<div class=\"about_left\"><img loading=\"lazy\" decoding=\"async\" class=\"alignnone\" src=\"https:\/\/etnyre.com\/wp-content\/uploads\/2022\/07\/ChipSpreaders_img.jpg\" alt=\"El frente de uno de los ChipSpreaders de Etnyre\" width=\"500\" height=\"350\" title=\"\"><\/div>\n<h3>Llama hoy<\/h3>\n<p>Aseg\u00farese de que est\u00e1 equipado para proporcionar servicios de sellado de virutas incre\u00edblemente eficientes y precisos con Etnyre ChipSpreaders y nuestros productos y maquinaria adicionales de sellado de virutas. Para saber m\u00e1s sobre nuestros equipos de mantenimiento\/reparaci\u00f3n de carreteras, p\u00f3ngase en contacto con Etnyre hoy mismo en <a href=\"tel:8157322116\">el 815-732-2116<\/a>. Adem\u00e1s, estamos ubicados en 1333 South Daysville Rd, Oregon, IL 61061. Etnyre tiene su sede en Illinois y atiende a clientes de todo Estados Unidos.<\/p>\n","protected":false},"excerpt":{"rendered":"<p>Sellado de virutas r\u00e1pido y eficaz con los ChipSpreaders de Etnyre Muchas de las carreteras de Estados Unidos est\u00e1n pavimentadas y selladas mediante el m\u00e9todo conocido como chip seal (astillado y sellado). Este tratamiento de la superficie del pavimento combina una o m\u00e1s capas de asfalto con varias capas de agregado fino. Aunque muchos contratistas &hellip; <a href=\"https:\/\/etnyre.com\/es\/esparcidores-de-chips\/\" class=\"more-link\">Continue reading <span class=\"screen-reader-text\">Esparcidores de chips<\/span><\/a><\/p>\n","protected":false},"author":1,"featured_media":7369,"parent":0,"menu_order":0,"comment_status":"closed","ping_status":"closed","template":"template\/product-sub-page.php","meta":{"_acf_changed":false,"footnotes":""},"class_list":["post-1392","page","type-page","status-publish","has-post-thumbnail","hentry"],"acf":[],"_links":{"self":[{"href":"https:\/\/etnyre.com\/es\/wp-json\/wp\/v2\/pages\/1392","targetHints":{"allow":["GET"]}}],"collection":[{"href":"https:\/\/etnyre.com\/es\/wp-json\/wp\/v2\/pages"}],"about":[{"href":"https:\/\/etnyre.com\/es\/wp-json\/wp\/v2\/types\/page"}],"author":[{"embeddable":true,"href":"https:\/\/etnyre.com\/es\/wp-json\/wp\/v2\/users\/1"}],"replies":[{"embeddable":true,"href":"https:\/\/etnyre.com\/es\/wp-json\/wp\/v2\/comments?post=1392"}],"version-history":[{"count":14,"href":"https:\/\/etnyre.com\/es\/wp-json\/wp\/v2\/pages\/1392\/revisions"}],"predecessor-version":[{"id":14462,"href":"https:\/\/etnyre.com\/es\/wp-json\/wp\/v2\/pages\/1392\/revisions\/14462"}],"wp:featuredmedia":[{"embeddable":true,"href":"https:\/\/etnyre.com\/es\/wp-json\/wp\/v2\/media\/7369"}],"wp:attachment":[{"href":"https:\/\/etnyre.com\/es\/wp-json\/wp\/v2\/media?parent=1392"}],"curies":[{"name":"wp","href":"https:\/\/api.w.org\/{rel}","templated":true}]}}