{"id":1393,"date":"2021-10-18T08:48:26","date_gmt":"2021-10-18T08:48:26","guid":{"rendered":"https:\/\/etnyre.com\/politica-de-privacidad\/"},"modified":"2025-07-16T12:33:51","modified_gmt":"2025-07-16T12:33:51","slug":"politica-de-privacidad","status":"publish","type":"page","link":"https:\/\/etnyre.com\/es\/politica-de-privacidad\/","title":{"rendered":"Pol\u00edtica de privacidad"},"content":{"rendered":"<p>Esta Pol\u00edtica de privacidad se public\u00f3 y entr\u00f3 en vigor el 15 de octubre de 2016.<\/p>\n<p>Su privacidad es importante para nosotros. Nuestra Pol\u00edtica de privacidad est\u00e1 dise\u00f1ada para ayudar a comprender c\u00f3mo recopilamos y usamos la informaci\u00f3n personal que nos proporciona. No usaremos ni compartiremos su informaci\u00f3n con nadie excepto como se describe en esta Pol\u00edtica de Privacidad. Esta Pol\u00edtica de privacidad solo se aplica a la informaci\u00f3n recopilada de este sitio web y no se aplica a la informaci\u00f3n que recopilamos por otros medios o fuentes, incluso fuera de l\u00ednea.<\/p>\n<h3>\u00bfQu\u00e9 informaci\u00f3n se recopila?<\/h3>\n<p>Cuando visita nuestro sitio web, puede proporcionarnos dos tipos b\u00e1sicos de informaci\u00f3n:<\/p>\n<ol>\n<li>La informaci\u00f3n personal que elige divulgar que se recopila de forma individual y<\/li>\n<li>El sitio web utiliza la informaci\u00f3n recopilada mientras usted y otros navegan por nuestro sitio.<\/li>\n<\/ol>\n<h3>Informaci\u00f3n personal que decide divulgar<\/h3>\n<p>Informaci\u00f3n de correo electr\u00f3nico: si elige comunicarse con nosotros a trav\u00e9s del correo electr\u00f3nico, podemos retener el contenido de sus mensajes de correo electr\u00f3nico junto con su direcci\u00f3n de correo electr\u00f3nico y cualquier respuesta que hayamos dado.<\/p>\n<h3>Informaci\u00f3n de uso del sitio web<\/h3>\n<p>El servidor web de etnyre.com reconoce autom\u00e1ticamente, pero no recopila \/ utiliza su nombre de dominio (direcci\u00f3n IP). Al igual que otros sitios web, el nuestro utiliza una tecnolog\u00eda web est\u00e1ndar llamada \u00abcookies\u00bb (explicaci\u00f3n a continuaci\u00f3n, \u00ab\u00bfQu\u00e9 son las cookies?\u00bb) Y registros del servidor web para recopilar informaci\u00f3n sobre c\u00f3mo se utiliza nuestro sitio web. La informaci\u00f3n recopilada a trav\u00e9s de cookies y registros del servidor web puede incluir la fecha y hora de las visitas, las p\u00e1ginas visitadas, el tiempo que pas\u00f3 en nuestro sitio web y los sitios web visitados justo antes y despu\u00e9s de nuestro sitio web.<\/p>\n<h3>\u00bfQu\u00e9 son las cookies?<\/h3>\n<p>Una cookie es un documento de texto muy peque\u00f1o, que generalmente incluye un identificador \u00fanico y an\u00f3nimo. Cuando visita un sitio web, la computadora de ese sitio le pide permiso a su computadora para almacenar este archivo en una parte de su disco duro designado para cookies. Cada sitio web puede enviar su propia cookie a su navegador si las preferencias de su navegador est\u00e1n configuradas para permitirlo, pero (para proteger su privacidad) su navegador solo permitir\u00e1 que un sitio web acceda a las cookies que ya le ha enviado, no a las cookies que fueron enviado a usted por otros sitios.<\/p>\n<h3>\u00bfC\u00f3mo utilizamos la informaci\u00f3n que recopilamos de las cookies?<\/h3>\n<p>A medida que visita las p\u00e1ginas de nuestro sitio web, el sitio utilizar\u00e1 sus cookies para diferenciarlo de otros visitantes. En algunos casos, las cookies se utilizan para reconocerlo como visitante recurrente. Las cookies, junto con los archivos de registro, nos permiten calcular el n\u00famero colectivo de personas que visitan nuestro sitio web y qu\u00e9 partes del sitio son m\u00e1s populares. Esto nos ayuda a recopilar comentarios para mejorar constantemente el sitio. Las cookies no nos permiten recopilar ninguna informaci\u00f3n personal sobre usted y no almacenamos ninguna informaci\u00f3n personal que nos proporcione a trav\u00e9s de sus cookies.<\/p>\n<h3>\u00bfC\u00f3mo utilizamos la informaci\u00f3n que nos proporciona?<\/h3>\n<p>No rastreamos ni registramos informaci\u00f3n sobre personas espec\u00edficas o sus visitas. Si elige proporcionarnos cualquier informaci\u00f3n personal enviando un correo electr\u00f3nico a uno de nuestros empleados, usaremos esa informaci\u00f3n \u00fanicamente para responder a su mensaje.<\/p>\n<h3>Compartir informaci\u00f3n con terceros<\/h3>\n<p>etnyre.com no vender\u00e1, intercambiar\u00e1 ni transferir\u00e1 su informaci\u00f3n personal a terceros de ninguna manera. No es necesario que proporcione ninguna informaci\u00f3n personal en nuestro sitio web.<\/p>\n<h3>Ciertas divulgaciones<\/h3>\n<p>Podemos divulgar su informaci\u00f3n personal si as\u00ed lo requiere la ley, una citaci\u00f3n o si creemos que se justifica la acci\u00f3n para (a) cumplir con la ley o cumplir con el proceso legal que se nos notifica a nosotros oa las Partes Afiliadas; (b) proteger y defender nuestros derechos y propiedad, el sitio, los usuarios del sitio y \/ o nuestras Partes afiliadas; (c) actuar bajo circunstancias para proteger la seguridad de los usuarios del sitio, nosotros o terceros.<\/p>\n<h3>\u00bfQu\u00e9 pasa con otros sitios web que nos enlazan?<\/h3>\n<p>No somos responsables de las pr\u00e1cticas empleadas, la informaci\u00f3n o el contenido presentado por los sitios web vinculados hacia o desde nuestro sitio web. Generalmente, los enlaces a otros sitios web se proporcionan \u00fanicamente como indicadores de informaci\u00f3n sobre temas que pueden ser \u00fatiles para los usuarios de nuestro sitio.<\/p>\n<p>Recuerde que cuando utiliza un enlace para ir de nuestro sitio a otro sitio web, nuestra Pol\u00edtica de privacidad deja de estar en vigor. Su navegaci\u00f3n e interacci\u00f3n con cualquier otro sitio web, incluidos los sitios que tienen un enlace en nuestro sitio web, est\u00e1n sujetos a las propias reglas, pol\u00edticas y pautas de ese sitio web. Lea esas reglas y pol\u00edticas a su llegada al sitio.<\/p>\n<h3>Tu consentimiento<\/h3>\n<p>Al utilizar nuestro sitio web, usted da su consentimiento para que recopilemos y usemos su informaci\u00f3n personal como se describe en esta Pol\u00edtica de privacidad. Si cambiamos nuestras pol\u00edticas y \/ o procedimientos de privacidad, publicaremos esos cambios dentro de esta Pol\u00edtica de privacidad para mantenerlo al tanto de la informaci\u00f3n que recopilamos, c\u00f3mo la usamos y las circunstancias bajo las cuales podemos divulgarla.<\/p>\n<h3>Privacidad de los ni\u00f1os<\/h3>\n<p>Proteger la privacidad de los ni\u00f1os peque\u00f1os es especialmente importante para nosotros. De conformidad con los requisitos de COPPA (Ley de protecci\u00f3n de la privacidad en l\u00ednea de los ni\u00f1os), no recopilamos ni recopilaremos ninguna informaci\u00f3n de menores de 13 a\u00f1os. Nuestro sitio web, productos y servicios est\u00e1n dirigidos a personas de al menos 13 a\u00f1os o m\u00e1s. No recopilamos ni solicitamos a sabiendas informaci\u00f3n personal de ninguna persona menor de 13 a\u00f1os ni permitimos a sabiendas que dichas personas se registren en cualquier parte de nuestro sitio.<\/p>\n","protected":false},"excerpt":{"rendered":"<p>Esta Pol\u00edtica de privacidad se public\u00f3 y entr\u00f3 en vigor el 15 de octubre de 2016. Su privacidad es importante para nosotros. Nuestra Pol\u00edtica de privacidad est\u00e1 dise\u00f1ada para ayudar a comprender c\u00f3mo recopilamos y usamos la informaci\u00f3n personal que nos proporciona. No usaremos ni compartiremos su informaci\u00f3n con nadie excepto como se describe en &hellip; <a href=\"https:\/\/etnyre.com\/es\/politica-de-privacidad\/\" class=\"more-link\">Continue reading <span class=\"screen-reader-text\">Pol\u00edtica de privacidad<\/span><\/a><\/p>\n","protected":false},"author":1,"featured_media":0,"parent":0,"menu_order":0,"comment_status":"closed","ping_status":"closed","template":"","meta":{"_acf_changed":false,"footnotes":""},"class_list":["post-1393","page","type-page","status-publish","hentry"],"acf":[],"_links":{"self":[{"href":"https:\/\/etnyre.com\/es\/wp-json\/wp\/v2\/pages\/1393","targetHints":{"allow":["GET"]}}],"collection":[{"href":"https:\/\/etnyre.com\/es\/wp-json\/wp\/v2\/pages"}],"about":[{"href":"https:\/\/etnyre.com\/es\/wp-json\/wp\/v2\/types\/page"}],"author":[{"embeddable":true,"href":"https:\/\/etnyre.com\/es\/wp-json\/wp\/v2\/users\/1"}],"replies":[{"embeddable":true,"href":"https:\/\/etnyre.com\/es\/wp-json\/wp\/v2\/comments?post=1393"}],"version-history":[{"count":3,"href":"https:\/\/etnyre.com\/es\/wp-json\/wp\/v2\/pages\/1393\/revisions"}],"predecessor-version":[{"id":11422,"href":"https:\/\/etnyre.com\/es\/wp-json\/wp\/v2\/pages\/1393\/revisions\/11422"}],"wp:attachment":[{"href":"https:\/\/etnyre.com\/es\/wp-json\/wp\/v2\/media?parent=1393"}],"curies":[{"name":"wp","href":"https:\/\/api.w.org\/{rel}","templated":true}]}}