{"id":1394,"date":"2021-10-18T08:48:26","date_gmt":"2021-10-18T08:48:26","guid":{"rendered":"https:\/\/etnyre.com\/tanques-de-almacenamiento\/"},"modified":"2025-05-28T06:10:36","modified_gmt":"2025-05-28T06:10:36","slug":"tanques-de-almacenamiento","status":"publish","type":"page","link":"https:\/\/etnyre.com\/es\/tanques-de-almacenamiento\/","title":{"rendered":"Tanques de almacenamiento"},"content":{"rendered":"<h3>Almacene con seguridad el asfalto l\u00edquido con los tanques de almacenamiento vertical de Etnyre<\/h3>\n<p>Como contratista de pavimentaci\u00f3n de asfalto, tener una forma de almacenar asfalto l\u00edquido de forma segura y eficiente es esencial para el \u00e9xito de su negocio. Sin embargo, la selecci\u00f3n de tanques de almacenamiento adecuados para el trabajo puede ser un reto si no est\u00e1 seguro de d\u00f3nde buscar. Afortunadamente, adem\u00e1s de nuestra selecci\u00f3n de equipos de pavimentaci\u00f3n de asfalto y mantenimiento de carreteras, Etnyre fabrica tanques de almacenamiento vertical duraderos y de f\u00e1cil acceso para el asfalto l\u00edquido y otros materiales diversos. Cuando se trata de satisfacer las necesidades de los contratistas de pavimentaci\u00f3n, los municipios y los equipos de mantenimiento de carreteras, Etnyre le tiene cubierto.<\/p>\n<h3>Las ventajas de los dep\u00f3sitos verticales<\/h3>\n<p>Si se trata de mover asfalto l\u00edquido a trav\u00e9s de distancias significativas, los camiones cisterna y los tanques de almacenamiento horizontal son su mejor opci\u00f3n (y algo que Etnyre puede suministrar). Sin embargo, para el almacenamiento de asfalto in situ, los tanques verticales ofrecen varias ventajas sobre los horizontales, como por ejemplo<\/p>\n<ul>\n<li><strong>Maximizar el espacio<\/strong> &#8211; Para cualquier negocio, el espacio es siempre un bien escaso. Por lo tanto, es esencial maximizar el \u00e1rea que tienes disponible. Y los tanques horizontales ocupan grandes extensiones de terreno, seg\u00fan la capacidad del tanque. Por el contrario, varios dep\u00f3sitos verticales pueden ocupar la misma superficie que un dep\u00f3sito horizontal. Aunque el uso de la tierra es limitado, el aire libre no lo es.<\/li>\n<li><strong>Mantiene el asfalto fresco<\/strong> &#8211; Cuando se almacena asfalto l\u00edquido en un tanque de almacenamiento vertical, el \u00e1rea de asfalto expuesta al aire es significativamente menor que cuando se almacena en un tanque horizontal. Adem\u00e1s, para conservar el asfalto, es fundamental limitar la exposici\u00f3n al aire. Al tener menos contacto con el aire, la oxidaci\u00f3n del asfalto es limitada, lo que garantiza que se mantenga fresco durante mucho m\u00e1s tiempo.<\/li>\n<li><strong>No se requieren bombas<\/strong> &#8211; Aunque Etnyre puede equipar su tanque de almacenamiento con un sistema de bombeo el\u00e9ctrico para una carga y descarga m\u00e1s f\u00e1cil, las bombas no son necesarias. Debido a la configuraci\u00f3n de los tanques de almacenamiento verticales, la descarga de asfalto se gestiona por la ocurrencia natural de la gravedad.<\/li>\n<\/ul>\n<h3>Caracter\u00edsticas del tanque de almacenamiento Etnyre<\/h3>\n<p>Garantice la calidad de su asfalto caliente y sus emulsiones con los dep\u00f3sitos Etnyre. Los sistemas el\u00e9ctricos de calentamiento y agitaci\u00f3n mantienen el material estable y suspendido durante per\u00edodos prolongados. Y con las opciones de sistemas de bombas el\u00e9ctricas, la descarga de asfalto l\u00edquido nunca ha sido tan f\u00e1cil. Las caracter\u00edsticas del tanque de almacenamiento vertical de Etnyre incluyen:<\/p>\n<ul class=\"col-2\">\n<li>Capacidad de 7.000 galones<\/li>\n<li>Cumple la norma API 650<\/li>\n<li>Acero al carbono de \u00bc de pulgada y aislado con fibra de vidrio de 3 pulgadas y revestimiento de aluminio<\/li>\n<li>Controles de calor el\u00e9ctrico totalmente autom\u00e1ticos<\/li>\n<li>Sistema de agitaci\u00f3n de emulsi\u00f3n de accionamiento el\u00e9ctrico<\/li>\n<li>Escalera de acceso de seguridad y plataforma superior<\/li>\n<li>Sistema de bombeo el\u00e9ctrico opcional para la carga y descarga<\/li>\n<\/ul>\n<h3>Contacte con nosotros hoy mismo<\/h3>\n<p>Cuando busque el mejor m\u00e9todo para el almacenamiento de asfalto l\u00edquido, conf\u00ede en Etnyre para obtener tanques de almacenamiento vertical grandes, duraderos y asequibles. O, si est\u00e1 interesado en otros equipos de mantenimiento de carreteras, tanques y maquinaria, <a href=\"https:\/\/etnyre.com\/es\/contactenos\/\">p\u00f3ngase en contacto con nosotros<\/a> hoy mismo en <a href=\"tel:8157322116\">el 815-732-2116<\/a>. Estamos en 1333 South Daysville Rd, Oregon, IL 61061. Etnyre tiene su sede en Illinois y atiende a clientes de todo Estados Unidos.<\/p>\n","protected":false},"excerpt":{"rendered":"<p>Almacene con seguridad el asfalto l\u00edquido con los tanques de almacenamiento vertical de Etnyre Como contratista de pavimentaci\u00f3n de asfalto, tener una forma de almacenar asfalto l\u00edquido de forma segura y eficiente es esencial para el \u00e9xito de su negocio. Sin embargo, la selecci\u00f3n de tanques de almacenamiento adecuados para el trabajo puede ser un &hellip; <a href=\"https:\/\/etnyre.com\/es\/tanques-de-almacenamiento\/\" class=\"more-link\">Continue reading <span class=\"screen-reader-text\">Tanques de almacenamiento<\/span><\/a><\/p>\n","protected":false},"author":1,"featured_media":1037,"parent":0,"menu_order":0,"comment_status":"closed","ping_status":"closed","template":"template\/product-sub-page.php","meta":{"_acf_changed":false,"footnotes":""},"class_list":["post-1394","page","type-page","status-publish","has-post-thumbnail","hentry"],"acf":[],"_links":{"self":[{"href":"https:\/\/etnyre.com\/es\/wp-json\/wp\/v2\/pages\/1394","targetHints":{"allow":["GET"]}}],"collection":[{"href":"https:\/\/etnyre.com\/es\/wp-json\/wp\/v2\/pages"}],"about":[{"href":"https:\/\/etnyre.com\/es\/wp-json\/wp\/v2\/types\/page"}],"author":[{"embeddable":true,"href":"https:\/\/etnyre.com\/es\/wp-json\/wp\/v2\/users\/1"}],"replies":[{"embeddable":true,"href":"https:\/\/etnyre.com\/es\/wp-json\/wp\/v2\/comments?post=1394"}],"version-history":[{"count":7,"href":"https:\/\/etnyre.com\/es\/wp-json\/wp\/v2\/pages\/1394\/revisions"}],"predecessor-version":[{"id":14274,"href":"https:\/\/etnyre.com\/es\/wp-json\/wp\/v2\/pages\/1394\/revisions\/14274"}],"wp:featuredmedia":[{"embeddable":true,"href":"https:\/\/etnyre.com\/es\/wp-json\/wp\/v2\/media\/1037"}],"wp:attachment":[{"href":"https:\/\/etnyre.com\/es\/wp-json\/wp\/v2\/media?parent=1394"}],"curies":[{"name":"wp","href":"https:\/\/api.w.org\/{rel}","templated":true}]}}