{"id":1395,"date":"2021-10-18T08:48:26","date_gmt":"2021-10-18T08:48:26","guid":{"rendered":"https:\/\/etnyre.com\/pavimentadora-especial\/"},"modified":"2025-10-07T16:47:18","modified_gmt":"2025-10-07T16:47:18","slug":"pavimentadora-especial","status":"publish","type":"page","link":"https:\/\/etnyre.com\/es\/pavimentadora-especial\/","title":{"rendered":"Especiales para adoquines"},"content":{"rendered":"<h3>Continuar un legado<\/h3>\n<p>Desde el inicio de la l\u00ednea de remolques Blackhawk Lowboy en 1989, nos hemos encargado de seguir sobresaliendo en calidad y durabilidad en cada remolque que fabricamos. Desde remolques b\u00e1sicos con rampa trasera de 25 toneladas hasta monstruos de 110 toneladas, Etnyre le ayudar\u00e1 a dise\u00f1ar el remolque que mejor se adapte a sus necesidades. <strong><br \/>\n  <em>usted<\/em><br \/>\n<\/strong>. Con m\u00e1s de 15 marcas y modelos diferentes para elegir, encontrar el remolque Blackhawk perfecto ser\u00e1 muy f\u00e1cil.<\/p>\n<h3>Encuentre el modelo adecuado para usted<\/h3>\n<p>Transporte su rodillo, pavimentadora y escoba en una sola carga con los remolques de la serie Blackhawk\u00ae Paver de Etnyre. Ofrecen 24 pies de espacio en la plataforma y un \u00e1ngulo de carga bajo de solo 18 grados para una carga y descarga r\u00e1pida y f\u00e1cil de equipos. Los remolques especiales del pavimentador de Etnyre vienen en dos modelos &#8211; sus remolques desprendibles hidr\u00e1ulicos del Gooseneck, y sus remolques Rear-Loading. Cada modelo se dise\u00f1a teniendo en cuenta criterios espec\u00edficos.<\/p>\n<h4>Remolques Cuello de Cisne Hidr\u00e1ulicos Desmontables &#8211;<\/h4>\n<ul>\n<li>Capacidad de 55 toneladas distribuidas por toda la cubierta (50 toneladas en cualquier 16&#8242; de cubierta)<\/li>\n<li>Capacidad de 35 toneladas en cualquier cubierta de 16&#8242;-0&#8243;.<\/li>\n<li>Pendiente de 18 grados desde la cubierta hasta la secci\u00f3n trasera<\/li>\n<li>Rampas delanteras de 41&#8243; (inclinaci\u00f3n de 7,2 grados)<\/li>\n<\/ul>\n<h4>Remolques de carga trasera &#8211;<\/h4>\n<ul>\n<li>Capacidad de 35 y 50 toneladas en cualquier cubierta de 16&#8242;-0&#8243;.<\/li>\n<li>Dos rampas traseras inclinadas de 12,2 grados<\/li>\n<li>Rampas opcionales de 12&#8242; x 36&#8243; para permitir una pendiente de 8 grados<\/li>\n<li>Pendiente de rampa delantera de 18 grados con cabrestante opcional<\/li>\n<\/ul>\n<h3>Contacta con nosotros<\/h3>\n<p>Transporta una amplia gama de equipos de pavimentaci\u00f3n y carreteras con los remolques bajos especiales para pavimentadoras Blackhawk\u00ae de Etnyre. Desde remolques de carga trasera de 35 toneladas hasta remolques bajos especiales para extendedoras de 55 toneladas, personalizamos cada unidad para adaptarla a tus requisitos espec\u00edficos de transporte seguro y eficaz. Para hablar de las opciones de remolques Paver Special Lowboy, ponte en contacto con Etnyre hoy mismo en <a href=\"tel:8157322116\">el 815-732-2116<\/a>.   Adem\u00e1s, estamos ubicados en 1333 South Daysville Rd, Oregon, IL 61061. Etnyre tiene su sede en Illinois y atiende a clientes de todo Estados Unidos.<\/p>\n","protected":false},"excerpt":{"rendered":"<p>Continuar un legado Desde el inicio de la l\u00ednea de remolques Blackhawk Lowboy en 1989, nos hemos encargado de seguir sobresaliendo en calidad y durabilidad en cada remolque que fabricamos. Desde remolques b\u00e1sicos con rampa trasera de 25 toneladas hasta monstruos de 110 toneladas, Etnyre le ayudar\u00e1 a dise\u00f1ar el remolque que mejor se adapte &hellip; <a href=\"https:\/\/etnyre.com\/es\/pavimentadora-especial\/\" class=\"more-link\">Continue reading <span class=\"screen-reader-text\">Especiales para adoquines<\/span><\/a><\/p>\n","protected":false},"author":1,"featured_media":1030,"parent":0,"menu_order":0,"comment_status":"closed","ping_status":"closed","template":"template\/product-sub-page.php","meta":{"_acf_changed":false,"footnotes":""},"class_list":["post-1395","page","type-page","status-publish","has-post-thumbnail","hentry"],"acf":[],"_links":{"self":[{"href":"https:\/\/etnyre.com\/es\/wp-json\/wp\/v2\/pages\/1395","targetHints":{"allow":["GET"]}}],"collection":[{"href":"https:\/\/etnyre.com\/es\/wp-json\/wp\/v2\/pages"}],"about":[{"href":"https:\/\/etnyre.com\/es\/wp-json\/wp\/v2\/types\/page"}],"author":[{"embeddable":true,"href":"https:\/\/etnyre.com\/es\/wp-json\/wp\/v2\/users\/1"}],"replies":[{"embeddable":true,"href":"https:\/\/etnyre.com\/es\/wp-json\/wp\/v2\/comments?post=1395"}],"version-history":[{"count":6,"href":"https:\/\/etnyre.com\/es\/wp-json\/wp\/v2\/pages\/1395\/revisions"}],"predecessor-version":[{"id":14449,"href":"https:\/\/etnyre.com\/es\/wp-json\/wp\/v2\/pages\/1395\/revisions\/14449"}],"wp:featuredmedia":[{"embeddable":true,"href":"https:\/\/etnyre.com\/es\/wp-json\/wp\/v2\/media\/1030"}],"wp:attachment":[{"href":"https:\/\/etnyre.com\/es\/wp-json\/wp\/v2\/media?parent=1395"}],"curies":[{"name":"wp","href":"https:\/\/api.w.org\/{rel}","templated":true}]}}