{"id":1396,"date":"2021-10-18T08:48:26","date_gmt":"2021-10-18T08:48:26","guid":{"rendered":"https:\/\/etnyre.com\/encontrar-un-distribuidor\/"},"modified":"2025-07-16T12:20:55","modified_gmt":"2025-07-16T12:20:55","slug":"encontrar-un-distribuidor","status":"publish","type":"page","link":"https:\/\/etnyre.com\/es\/encontrar-un-distribuidor\/","title":{"rendered":"Encontrar un distribuidor"},"content":{"rendered":"<p>Encuentre aqu\u00ed su distribuidor Etnyre local y prep\u00e1rese para llevar equipos confiables y de alto rendimiento a su flota.<\/p>\n<p><strong>Haga clic en el mapa<\/strong> a continuaci\u00f3n para hacer zoom en su \u00e1rea.<\/p>\n<p>\u00bfNo ve un distribuidor en su \u00e1rea? Llama<a href=\"tel:8009952116\"> 800-995-2116<\/a><\/p>\n<p><iframe loading=\"lazy\" src=\"https:\/\/www.google.com\/maps\/d\/u\/0\/embed?mid=1ooYxhv-fxSQuZFIsg8HmVbPLLsQ\" width=\"640\" height=\"480\"><\/iframe><\/p>\n","protected":false},"excerpt":{"rendered":"<p>Encuentre aqu\u00ed su distribuidor Etnyre local y prep\u00e1rese para llevar equipos confiables y de alto rendimiento a su flota. Haga clic en el mapa a continuaci\u00f3n para hacer zoom en su \u00e1rea. \u00bfNo ve un distribuidor en su \u00e1rea? Llama 800-995-2116<\/p>\n","protected":false},"author":1,"featured_media":0,"parent":0,"menu_order":0,"comment_status":"closed","ping_status":"closed","template":"","meta":{"_acf_changed":false,"footnotes":""},"class_list":["post-1396","page","type-page","status-publish","hentry"],"acf":[],"_links":{"self":[{"href":"https:\/\/etnyre.com\/es\/wp-json\/wp\/v2\/pages\/1396","targetHints":{"allow":["GET"]}}],"collection":[{"href":"https:\/\/etnyre.com\/es\/wp-json\/wp\/v2\/pages"}],"about":[{"href":"https:\/\/etnyre.com\/es\/wp-json\/wp\/v2\/types\/page"}],"author":[{"embeddable":true,"href":"https:\/\/etnyre.com\/es\/wp-json\/wp\/v2\/users\/1"}],"replies":[{"embeddable":true,"href":"https:\/\/etnyre.com\/es\/wp-json\/wp\/v2\/comments?post=1396"}],"version-history":[{"count":2,"href":"https:\/\/etnyre.com\/es\/wp-json\/wp\/v2\/pages\/1396\/revisions"}],"predecessor-version":[{"id":2365,"href":"https:\/\/etnyre.com\/es\/wp-json\/wp\/v2\/pages\/1396\/revisions\/2365"}],"wp:attachment":[{"href":"https:\/\/etnyre.com\/es\/wp-json\/wp\/v2\/media?parent=1396"}],"curies":[{"name":"wp","href":"https:\/\/api.w.org\/{rel}","templated":true}]}}